{"id":650,"date":"2016-10-02T20:06:30","date_gmt":"2016-10-02T20:06:30","guid":{"rendered":"http:\/\/scholbach.de\/?page_id=650"},"modified":"2019-11-26T20:26:12","modified_gmt":"2019-11-26T20:26:12","slug":"english-wo-und-wie-ultraschall-roentgenuntersuchungen-ersetzen-kann","status":"publish","type":"page","link":"https:\/\/scholbach.de\/es\/wissenschaft\/deutsch-ultraschalldiagnostik\/english-wo-und-wie-ultraschall-roentgenuntersuchungen-ersetzen-kann","title":{"rendered":"Ultrasonido en vez de radiaci\u00f3n"},"content":{"rendered":"<p><span id=\"result_box\" class=\"\" lang=\"es\" tabindex=\"-1\">Este sitio web actualmente solo est\u00e1 disponible en alem\u00e1n o ingl\u00e9s<\/span><\/p>","protected":false},"excerpt":{"rendered":"<p>Este sitio web actualmente solo est\u00e1 disponible en alem\u00e1n o ingl\u00e9s<\/p>\n","protected":false},"author":5,"featured_media":0,"parent":93,"menu_order":1,"comment_status":"closed","ping_status":"closed","template":"","meta":{"om_disable_all_campaigns":false,"footnotes":""},"class_list":["post-650","page","type-page","status-publish","hentry"],"_links":{"self":[{"href":"https:\/\/scholbach.de\/es\/wp-json\/wp\/v2\/pages\/650","targetHints":{"allow":["GET"]}}],"collection":[{"href":"https:\/\/scholbach.de\/es\/wp-json\/wp\/v2\/pages"}],"about":[{"href":"https:\/\/scholbach.de\/es\/wp-json\/wp\/v2\/types\/page"}],"author":[{"embeddable":true,"href":"https:\/\/scholbach.de\/es\/wp-json\/wp\/v2\/users\/5"}],"replies":[{"embeddable":true,"href":"https:\/\/scholbach.de\/es\/wp-json\/wp\/v2\/comments?post=650"}],"version-history":[{"count":17,"href":"https:\/\/scholbach.de\/es\/wp-json\/wp\/v2\/pages\/650\/revisions"}],"predecessor-version":[{"id":3672,"href":"https:\/\/scholbach.de\/es\/wp-json\/wp\/v2\/pages\/650\/revisions\/3672"}],"up":[{"embeddable":true,"href":"https:\/\/scholbach.de\/es\/wp-json\/wp\/v2\/pages\/93"}],"wp:attachment":[{"href":"https:\/\/scholbach.de\/es\/wp-json\/wp\/v2\/media?parent=650"}],"curies":[{"name":"wp","href":"https:\/\/api.w.org\/{rel}","templated":true}]}}