{"id":62,"date":"2015-12-26T18:30:34","date_gmt":"2015-12-26T18:30:34","guid":{"rendered":"http:\/\/wp12612379.server-he.de\/?page_id=62"},"modified":"2020-04-05T14:15:44","modified_gmt":"2020-04-05T14:15:44","slug":"deutsch-chronische-krankheiten-diabetes-rheuma-malignome","status":"publish","type":"page","link":"https:\/\/scholbach.de\/es\/wissenschaft\/deutsch-ultraschalldiagnostik\/deutsch-durchblutungsmessung\/deutsch-chronische-krankheiten-diabetes-rheuma-malignome","title":{"rendered":"Enfermedades cr\u00f3nicas"},"content":{"rendered":"<p>Enfermedades cr\u00f3nicas<\/p>\n<p>Algunas enfermedades cr\u00f3nicas provocan da\u00f1os en los \u00f3rganos a largo plazo. Generalmente se produce una disminuci\u00f3n de la circulaci\u00f3n sangu\u00ednea. Con la medici\u00f3n de la misma se puede realizar por tanto una valoraci\u00f3n muy precisa sobre el estado actual de la enfermedad. Los siguientes ejemplos evidencian las posibilidades de la medici\u00f3n de la circulaci\u00f3n sangu\u00ednea en este campo.<\/p>\n<p><strong>Enfermedades renales cr\u00f3nicas<\/strong><\/p>\n<p>La siguiente imagen muestra un ri\u00f1\u00f3n con incapacidad funcional cr\u00f3nica (izquierda). Esta se refleja en un inferior riego sangu\u00edneo que puede reconocerse a trav\u00e9s de la coloraci\u00f3n claramente inferior de la imagen ecogr\u00e1fica doppler a color. Por el contrario, en la imagen derecha se puede observar un ri\u00f1\u00f3n con plena funcionalidad y con una coloraci\u00f3n correspondientemente m\u00e1s intensa. Gracias a los valores comparativos de individuos sanos se puede valorar la dimensi\u00f3n del da\u00f1o renal con la medici\u00f3n de la circulaci\u00f3n sangu\u00ednea \u2013 lo cual constituye un importante hito en el tratamiento.<\/p>\n<p><img decoding=\"async\" class=\"alignnone size-large wp-image-335\" src=\"http:\/\/wp12612379.server-he.de\/wp-content\/uploads\/2015\/12\/Nierenentzuendung-1024x383.jpg\" alt=\"\" width=\"100%\" height=\"auto\" srcset=\"https:\/\/scholbach.de\/wp-content\/uploads\/2015\/12\/Nierenentzuendung-1024x383.jpg 1024w, https:\/\/scholbach.de\/wp-content\/uploads\/2015\/12\/Nierenentzuendung-300x112.jpg 300w, https:\/\/scholbach.de\/wp-content\/uploads\/2015\/12\/Nierenentzuendung.jpg 1075w\" sizes=\"(max-width: 1024px) 100vw, 1024px\" \/><\/p>\n<p>La medici\u00f3n de la circulaci\u00f3n sangu\u00ednea evidencia la dimensi\u00f3n de la insuficiencia renal en la imagen superior izquierda:<\/p>\n<p><img decoding=\"async\" class=\"alignnone size-large wp-image-433\" src=\"http:\/\/wp12612379.server-he.de\/wp-content\/uploads\/2015\/12\/NI-Diagramm-1024x576.jpg\" alt=\"NI Diagramm\" width=\"100%\" height=\"auto\" srcset=\"https:\/\/scholbach.de\/wp-content\/uploads\/2015\/12\/NI-Diagramm-1024x576.jpg 1024w, https:\/\/scholbach.de\/wp-content\/uploads\/2015\/12\/NI-Diagramm-300x169.jpg 300w, https:\/\/scholbach.de\/wp-content\/uploads\/2015\/12\/NI-Diagramm.jpg 1280w\" sizes=\"(max-width: 1024px) 100vw, 1024px\" \/><\/p>\n<p>&nbsp;<\/p>\n<p><strong>Diagn\u00f3stico de la gl\u00e1ndula tiroides<\/strong><\/p>\n<p>En la imagen izquierda se aprecia un n\u00f3dulo de la gl\u00e1ndula tiroides (imagen ecogr\u00e1fica \u201csimple\u201d), en la imagen derecha una gl\u00e1ndula tiroides sana. Debajo se puede observar la imagen ecogr\u00e1fica d\u00faplex a color correspondiente. El n\u00f3dulo muestra una arquitectura alterada de los vasos y un riego sangu\u00edneo extremo. En la imagen derecha se observa un riego sangu\u00edneo normal:<\/p>\n<p><img decoding=\"async\" class=\"alignnone size-full wp-image-306\" src=\"http:\/\/wp12612379.server-he.de\/wp-content\/uploads\/2016\/06\/thyr-diagn.jpg\" alt=\"Schilddr\u00fcsendiagnostik\" width=\"100%\" height=\"auto\" srcset=\"https:\/\/scholbach.de\/wp-content\/uploads\/2016\/06\/thyr-diagn.jpg 882w, https:\/\/scholbach.de\/wp-content\/uploads\/2016\/06\/thyr-diagn-300x188.jpg 300w\" sizes=\"(max-width: 882px) 100vw, 882px\" \/><\/p>\n<p><strong>C\u00e1ncer de la gl\u00e1ndula tiroides<\/strong><\/p>\n<p>El carcinoma de la gl\u00e1ndula tiroides muestra una perfusi\u00f3n sangu\u00ednea 20 veces superior a la correspondiente a un tejido tiroideo normal.<\/p>\n<p><strong>Riego sangu\u00edneo del tumor<\/strong><\/p>\n<p>Con ayuda de la medici\u00f3n de la perfusi\u00f3n de \u00f3rganos se puede valorar el efecto de la quimioterapia sobre el tumor y el tejido sano circundante. El siguiente gr\u00e1fico muestra cu\u00e1l es el efecto de la quimioterapia sobre el riego sangu\u00edneo de un tumor en el h\u00edgado. La irrigaci\u00f3n sangu\u00ednea del tejido del tumor retrocede completamente, la del tejido sano del h\u00edgado solo se ve escasamente reducida.<\/p>\n<p><img decoding=\"async\" class=\"alignnone size-large wp-image-437\" src=\"http:\/\/wp12612379.server-he.de\/wp-content\/uploads\/2015\/12\/Folie23-1024x576.jpg\" alt=\"Durchblutungsmessung eines Lebertumors unter Chemotherapie\" width=\"100%\" height=\"auto\" srcset=\"https:\/\/scholbach.de\/wp-content\/uploads\/2015\/12\/Folie23-1024x576.jpg 1024w, https:\/\/scholbach.de\/wp-content\/uploads\/2015\/12\/Folie23-300x169.jpg 300w, https:\/\/scholbach.de\/wp-content\/uploads\/2015\/12\/Folie23.jpg 1280w\" sizes=\"(max-width: 1024px) 100vw, 1024px\" \/><\/p>\n<p>&nbsp;<\/p>\n<p><strong>Diabetes mellitus<\/strong><\/p>\n<p>Los diab\u00e9ticos padecen la amenaza de sufrir un lento deterioro renal progresivo. Por ello es importante realizar ex\u00e1menes peri\u00f3dicos de los vasos renales para detectar posibles da\u00f1os de forma precoz. Con la medici\u00f3n de la circulaci\u00f3n sangu\u00ednea a trav\u00e9s de ecograf\u00edas dichos da\u00f1os son observables y medibles. Sin medici\u00f3n de la circulaci\u00f3n sangu\u00ednea del ri\u00f1\u00f3n se puede reconocer el estado de \u00e9ste sobre todo observando su funci\u00f3n de filtrado. Constituye un indicio la secreci\u00f3n de la prote\u00edna llamada alb\u00famina, que se puede detectar en la orina. Si el cuerpo secreta mayores cantidades de alb\u00famina, se habla de microalbuminuria. Con la medici\u00f3n de la circulaci\u00f3n sangu\u00ednea de los ri\u00f1ones se puede optimizar la terapia antes de que el deterioro de los ri\u00f1ones se refleje en una microalbuminuria.<\/p>\n<p><img decoding=\"async\" class=\"alignnone size-large wp-image-439\" src=\"http:\/\/wp12612379.server-he.de\/wp-content\/uploads\/2015\/12\/Diabetes-mellitus-Gef\u00e4\u00dfsch\u00e4digung-der-Niere-1024x576.jpg\" alt=\"Diabetes mellitus Gef\u00e4\u00dfsch\u00e4digung der Niere\" width=\"100%\" height=\"auto\" srcset=\"https:\/\/scholbach.de\/wp-content\/uploads\/2015\/12\/Diabetes-mellitus-Gef\u00e4\u00dfsch\u00e4digung-der-Niere-1024x576.jpg 1024w, https:\/\/scholbach.de\/wp-content\/uploads\/2015\/12\/Diabetes-mellitus-Gef\u00e4\u00dfsch\u00e4digung-der-Niere-300x169.jpg 300w, https:\/\/scholbach.de\/wp-content\/uploads\/2015\/12\/Diabetes-mellitus-Gef\u00e4\u00dfsch\u00e4digung-der-Niere.jpg 1280w\" sizes=\"(max-width: 1024px) 100vw, 1024px\" \/><\/p>\n<p><strong>Reuma<\/strong><\/p>\n<p>Los reum\u00e1ticos sufren de dolor recurrente en las articulaciones. Para valorar la magnitud de la inflamaci\u00f3n en curso y su respuesta al tratamiento resulta \u00fatil medir la inflamaci\u00f3n mediante una ecograf\u00eda. De esta forma la terapia puede ser orientada de forma \u00f3ptima.<\/p>\n<p>&nbsp;<\/p>\n<p>&nbsp;<\/p>\n<p>&nbsp;<\/p>","protected":false},"excerpt":{"rendered":"<p>Enfermedades cr\u00f3nicas Algunas enfermedades cr\u00f3nicas provocan da\u00f1os en los \u00f3rganos a largo plazo. Generalmente se produce una disminuci\u00f3n de la circulaci\u00f3n sangu\u00ednea. Con la medici\u00f3n de la misma se puede realizar por tanto una valoraci\u00f3n muy precisa sobre el estado actual de la enfermedad. Los siguientes ejemplos evidencian las posibilidades de la medici\u00f3n de la [&hellip;]<\/p>\n","protected":false},"author":4,"featured_media":0,"parent":74,"menu_order":1,"comment_status":"closed","ping_status":"closed","template":"","meta":{"om_disable_all_campaigns":false,"footnotes":""},"class_list":["post-62","page","type-page","status-publish","hentry"],"_links":{"self":[{"href":"https:\/\/scholbach.de\/es\/wp-json\/wp\/v2\/pages\/62","targetHints":{"allow":["GET"]}}],"collection":[{"href":"https:\/\/scholbach.de\/es\/wp-json\/wp\/v2\/pages"}],"about":[{"href":"https:\/\/scholbach.de\/es\/wp-json\/wp\/v2\/types\/page"}],"author":[{"embeddable":true,"href":"https:\/\/scholbach.de\/es\/wp-json\/wp\/v2\/users\/4"}],"replies":[{"embeddable":true,"href":"https:\/\/scholbach.de\/es\/wp-json\/wp\/v2\/comments?post=62"}],"version-history":[{"count":25,"href":"https:\/\/scholbach.de\/es\/wp-json\/wp\/v2\/pages\/62\/revisions"}],"predecessor-version":[{"id":4431,"href":"https:\/\/scholbach.de\/es\/wp-json\/wp\/v2\/pages\/62\/revisions\/4431"}],"up":[{"embeddable":true,"href":"https:\/\/scholbach.de\/es\/wp-json\/wp\/v2\/pages\/74"}],"wp:attachment":[{"href":"https:\/\/scholbach.de\/es\/wp-json\/wp\/v2\/media?parent=62"}],"curies":[{"name":"wp","href":"https:\/\/api.w.org\/{rel}","templated":true}]}}