{"id":58,"date":"2015-12-26T18:29:36","date_gmt":"2015-12-26T18:29:36","guid":{"rendered":"http:\/\/wp12612379.server-he.de\/?page_id=58"},"modified":"2024-11-11T21:16:25","modified_gmt":"2024-11-11T20:16:25","slug":"deutsch-bornavirusinfektion","status":"publish","type":"page","link":"https:\/\/scholbach.de\/es\/deutsch-bornavirusinfektion","title":{"rendered":"Infecci\u00f3n por virus Borna"},"content":{"rendered":"<p><span id=\"result_box\" class=\"\" lang=\"es\" tabindex=\"-1\">Este sitio web actualmente solo est\u00e1 disponible en alem\u00e1n o ingl\u00e9s<\/span><\/p>","protected":false},"excerpt":{"rendered":"<p>Este sitio web actualmente solo est\u00e1 disponible en alem\u00e1n o ingl\u00e9s<\/p>\n","protected":false},"author":4,"featured_media":0,"parent":0,"menu_order":4,"comment_status":"closed","ping_status":"closed","template":"","meta":{"om_disable_all_campaigns":false,"footnotes":""},"class_list":["post-58","page","type-page","status-publish","hentry"],"_links":{"self":[{"href":"https:\/\/scholbach.de\/es\/wp-json\/wp\/v2\/pages\/58","targetHints":{"allow":["GET"]}}],"collection":[{"href":"https:\/\/scholbach.de\/es\/wp-json\/wp\/v2\/pages"}],"about":[{"href":"https:\/\/scholbach.de\/es\/wp-json\/wp\/v2\/types\/page"}],"author":[{"embeddable":true,"href":"https:\/\/scholbach.de\/es\/wp-json\/wp\/v2\/users\/4"}],"replies":[{"embeddable":true,"href":"https:\/\/scholbach.de\/es\/wp-json\/wp\/v2\/comments?post=58"}],"version-history":[{"count":69,"href":"https:\/\/scholbach.de\/es\/wp-json\/wp\/v2\/pages\/58\/revisions"}],"predecessor-version":[{"id":8855,"href":"https:\/\/scholbach.de\/es\/wp-json\/wp\/v2\/pages\/58\/revisions\/8855"}],"wp:attachment":[{"href":"https:\/\/scholbach.de\/es\/wp-json\/wp\/v2\/media?parent=58"}],"curies":[{"name":"wp","href":"https:\/\/api.w.org\/{rel}","templated":true}]}}