{"id":5668,"date":"2020-06-06T09:41:37","date_gmt":"2020-06-06T09:41:37","guid":{"rendered":"https:\/\/scholbach.de\/?page_id=5668"},"modified":"2020-06-06T16:37:35","modified_gmt":"2020-06-06T16:37:35","slug":"beyond-psychosomatics-your-symptoms-explained","status":"publish","type":"page","link":"https:\/\/scholbach.de\/es\/beyond-psychosomatics-your-symptoms-explained","title":{"rendered":"M\u00e1s all\u00e1 de la psicosom\u00e1tica &#8211; sus s\u00edntomas explicados"},"content":{"rendered":"<p class=\"qtranxs-available-languages-message qtranxs-available-languages-message-es\">Disculpa, pero esta entrada est\u00e1 disponible s\u00f3lo en <a href=\"https:\/\/scholbach.de\/en\/wp-json\/wp\/v2\/pages\/5668\" class=\"qtranxs-available-language-link qtranxs-available-language-link-en\" title=\"English\">English<\/a>.<\/p><p>Here I provide explanations for common symptoms in patients with vascular compression syndromes. Very often, the patients feel poorly understood by their doctors who cannot explain the often very diverse complaints of their patients. Not rarely a psychosomatic disorder is suspected despite no proof can be delivered for such an assumption. Not only the patient but his physician as well are in a unexplained or seemingly unexplainable situation which sometimes is interpreted as guilt. Medical professionals strive to help their patients. If they cannot provide an explanation and thus cannot deliver a cure, they tend sometimes to feel insufficient and even guilty. In such a situation a common reaction is to transfer the own feelings onto the counterpart. The patient then becomes a scapegoat for the helplessness of his doctor. Supernatural explanations are sought. The advantage of such a solution is the immediate relief for the physician from his responsibility. The patient in turn can be made responsible for his symptoms by saying \u00abeverything is only in your head\u00bb or \u00abit is just your psyche that is riding rollercoaster\u00bb or \u00abthere must be problems in your biography which now emerge from the depth of the subconsciousness and want to tell you something-seek help from a psychiatrist or psychologist \u00ab.<\/p>\n<p>Such a reaction, in fact, is a neglect of the patient&#8217;s true sensations but even more important it is disappointing and leaves him alone. He feels guilty and is actually made responsible for his sensations, feels rejected and most importantly sees no help. Since intrapsychic problems of the patient himself are regarded the cause of his complaints, the patient is the one who is primarily responsible for his misery and to work on his shortcomings.<\/p>\n<p>This is a fairly understandable but deeply unsatisfying process &#8211; often imprecisely called psychosomatics.<\/p>\n<p>The helplessness may result in hidden or overt accusations or even verbal aggression. Since the situation finds no explanation, refuge is sought in claims which can neither be substantiated nor contradicted. Mystic and wishful thinking sometimes replaces interprofessional cooperation, mutual trust and prevents a correct diagnosis.<\/p>\n<p>If, to the contrary, treatable organic diseases are the reason for his complaints, then there is hope and a chance for relief. That is why it is fundamental to spread the knowledge about rarely diagnosed but sometimes life-threatening disorders such as the lordogenetic vascular compression syndromes.<\/p>\n<p>Chronic pain, especially in the upper abdomen, <a href=\"https:\/\/scholbach.de\/pain-below-the-sternum\">below the sternum<\/a>, sometimes (mis)understood\u00a0 as gastritis, sequelae of stress, heart diseases,<\/p>\n<p>Flank pain &#8211; especially on the <a href=\"https:\/\/scholbach.de\/pain-on-the-left-side-of-the-body\">left side<\/a> sometimes (mis)understood\u00a0 as renal inflammation, stitching in the flank while running due to inproper breathing<\/p>\n<p>Pain, increasing after a meal<\/p>\n<p><a href=\"https:\/\/scholbach.de\/inability-to-eat-enough\">Inability to eat enough<\/a> sometimes (mis)understood\u00a0 as anorexia or bulimia, persistent child-mother conflict, hidden aggression, seeking dominance<\/p>\n<p>Problems eating solid food sometimes (mis)understood\u00a0 as anorexia or bulimia, being picky, allergy,<\/p>\n<p>Sensation of food stuck inside the intestinal tract, sometimes (mis)understood\u00a0 as anorexia or bulimia, deep intrapersonal conflict, hidden aggression<\/p>\n<p><a href=\"https:\/\/scholbach.de\/vomiting-belching-bilious-vomiting\">Vomiting, belching, bilious vomiting<\/a> sometimes (mis)understood\u00a0 as \u00abcan&#8217;t swallow a problem\u00bb, \u00abyour problem is too big to be digested\u00bb, \u00abyour situation pisses you off\u00bb<\/p>\n<p>Changing symptoms when changing body position or posture<\/p>\n<p>Irritable bowel symptoms: constipation alternating with diarrhea<\/p>\n<p><a href=\"https:\/\/scholbach.de\/weakness-of-gastric-and-intestinal-peristalsis\">Weakness of gastric and intestinal peristalsis<\/a> sometimes (mis)understood\u00a0 as tiredness, exhaustion due to psychic problems,<\/p>\n<p><a href=\"https:\/\/scholbach.de\/enlarged-stomach\">Enlarged stomach<\/a> sometimes (mis)understood\u00a0 as inborn, it&#8217;s just so, people differ<\/p>\n<p>&#8230;.may be continued&#8230;&#8230;&#8230;&#8230;&#8230;&#8230;&#8230;&#8230;&#8230;&#8230;&#8230;&#8230;&#8230;&#8230;&#8230;&#8230;&#8230;&#8230;<\/p>\n<p>&nbsp;<\/p>\n<p>&nbsp;<\/p>","protected":false},"excerpt":{"rendered":"<p>Disculpa, pero esta entrada est\u00e1 disponible s\u00f3lo en English.Here I provide explanations for common symptoms in patients with vascular compression syndromes. Very often, the patients feel poorly understood by their doctors who cannot explain the often very diverse complaints of their patients. Not rarely a psychosomatic disorder is suspected despite no proof can be delivered [&hellip;]<\/p>\n","protected":false},"author":5,"featured_media":0,"parent":0,"menu_order":0,"comment_status":"closed","ping_status":"closed","template":"","meta":{"om_disable_all_campaigns":false,"footnotes":""},"class_list":["post-5668","page","type-page","status-publish","hentry"],"_links":{"self":[{"href":"https:\/\/scholbach.de\/es\/wp-json\/wp\/v2\/pages\/5668","targetHints":{"allow":["GET"]}}],"collection":[{"href":"https:\/\/scholbach.de\/es\/wp-json\/wp\/v2\/pages"}],"about":[{"href":"https:\/\/scholbach.de\/es\/wp-json\/wp\/v2\/types\/page"}],"author":[{"embeddable":true,"href":"https:\/\/scholbach.de\/es\/wp-json\/wp\/v2\/users\/5"}],"replies":[{"embeddable":true,"href":"https:\/\/scholbach.de\/es\/wp-json\/wp\/v2\/comments?post=5668"}],"version-history":[{"count":7,"href":"https:\/\/scholbach.de\/es\/wp-json\/wp\/v2\/pages\/5668\/revisions"}],"predecessor-version":[{"id":5679,"href":"https:\/\/scholbach.de\/es\/wp-json\/wp\/v2\/pages\/5668\/revisions\/5679"}],"wp:attachment":[{"href":"https:\/\/scholbach.de\/es\/wp-json\/wp\/v2\/media?parent=5668"}],"curies":[{"name":"wp","href":"https:\/\/api.w.org\/{rel}","templated":true}]}}