{"id":5478,"date":"2020-04-17T15:01:38","date_gmt":"2020-04-17T15:01:38","guid":{"rendered":"https:\/\/scholbach.de\/?page_id=5478"},"modified":"2020-06-16T18:01:33","modified_gmt":"2020-06-16T18:01:33","slug":"behandlung-von-kompressionssyndromen","status":"publish","type":"page","link":"https:\/\/scholbach.de\/es\/behandlung-von-kompressionssyndromen","title":{"rendered":"Tratamiento de los s\u00edndromes de compresi\u00f3n vascular"},"content":{"rendered":"<p>Los s\u00edndromes de compresi\u00f3n vascular son causados por una fuerte lordosis lumbar.<br \/>\nPor lo tanto, los primeros pasos para reducir los s\u00edntomas despu\u00e9s de un diagn\u00f3stico minucioso est\u00e1n dirigidos a reducir la lordosis.<br \/>\nEsto puede lograrse mediante ciertas posturas corporales que tienen como objetivo reducir la inclinaci\u00f3n anterior de la pelvis. La inclinaci\u00f3n de la pelvis se desarrolla alrededor de la edad de 12 meses cuando los ni\u00f1os comienzan a caminar. Los ni\u00f1os m\u00e1s peque\u00f1os no inclinan la pelvis anteriormente, ya que se acuestan boca arriba o boca abajo con las caderas flexionadas o gatean o se arrastran. En estas posturas corporales las caderas permanecen flexionadas.<br \/>\nS\u00f3lo con el comienzo de una postura recta y una caminata b\u00edpeda comienzan a estirar demasiado las caderas para que la parte superior de los muslos y las rodillas est\u00e9n en una l\u00ednea con la espalda. Esto s\u00f3lo puede lograrse girando toda la pelvis anteriormente, lo que resulta en la llamada inclinaci\u00f3n anterior de la pelvis. El estiramiento de las articulaciones de la cadera sin la inclinaci\u00f3n de la pelvis es imposible ya que los ligamentos apretados dentro de la c\u00e1psula de las articulaciones de la cadera impiden un movimiento de los huesos femorales de m\u00e1s de 45\u00b0 craneales o caudales con respecto a la l\u00ednea de p\u00e9ndulo de la articulaci\u00f3n de la cadera. Esta l\u00ednea del p\u00e9ndulo est\u00e1 a 90\u00b0 en direcci\u00f3n a la columna vertebral. Por lo tanto, los seres humanos son los \u00fanicos animales con lordosis. Para m\u00e1s detalles ver mi explicaci\u00f3n en la secci\u00f3n <a href=\"https:\/\/scholbach.de\/en\/lordose-hohlkreuz\">lordosis<\/a>.<\/p>\n<p>El fundamento para el tratamiento de la compresi\u00f3n vascular es, por lo tanto, reducir la lordosis mediante la flexi\u00f3n de las caderas. Esto reduce inmediatamente el dolor y las molestias. Tales posturas corporales no pueden ser mantenidas por per\u00edodos m\u00e1s largos. Pero al menos para una situaci\u00f3n aguda esto proporciona cierto alivio.<br \/>\nPara lograr efectos m\u00e1s duraderos, se deben fortalecer los m\u00fasculos alrededor de la columna vertebral. Su tensi\u00f3n inherente reduce las curvaturas anteriores y posteriores de la columna vertebral y por lo tanto reduce la lordosis. Cualquier tipo de ejercicio f\u00edsico que fortalezca los m\u00fasculos del tronco y los gl\u00fateos es \u00fatil.<\/p>\n<p><a href=\"https:\/\/www.ejcrim.com\/index.php\/EJCRIM\/article\/view\/1605\/2056\">En este documento se explican algunos ejercicios que pueden ayudar en tal situaci\u00f3n.<\/a><\/p>\n<p>A menudo se recomiendan los <a href=\"https:\/\/scholbach.de\/risks-of-stents-in-venous-compression-syndromes\">stents<\/a>, el cierre de las venas congestionadas y la extracci\u00f3n de \u00f3rganos dolorosos. Esto puede ser un error fatal.<\/p>\n<p>Si la fisioterapia no es suficiente para reducir los s\u00edntomas a una cantidad soportable, entonces se debe contemplar el tratamiento m\u00e9dico y la cirug\u00eda.<\/p>\n<p>Todo tratamiento requiere un diagn\u00f3stico sonogr\u00e1fico Doppler en color funcional completo de todos los s\u00edndromes de compresi\u00f3n posiblemente implicados. Es diferente si hay venas, arterias o intestinos involucrados. Adem\u00e1s, es crucial, qu\u00e9 combinaci\u00f3n de compresiones est\u00e1 presente en un individuo. Los s\u00edndromes de compresi\u00f3n se influyen mutuamente y esto debe tenerse en cuenta para el tratamiento adecuado.<\/p>","protected":false},"excerpt":{"rendered":"<p>Los s\u00edndromes de compresi\u00f3n vascular son causados por una fuerte lordosis lumbar. Por lo tanto, los primeros pasos para reducir los s\u00edntomas despu\u00e9s de un diagn\u00f3stico minucioso est\u00e1n dirigidos a reducir la lordosis. Esto puede lograrse mediante ciertas posturas corporales que tienen como objetivo reducir la inclinaci\u00f3n anterior de la pelvis. La inclinaci\u00f3n de la [&hellip;]<\/p>\n","protected":false},"author":5,"featured_media":0,"parent":0,"menu_order":0,"comment_status":"closed","ping_status":"closed","template":"","meta":{"om_disable_all_campaigns":false,"footnotes":""},"class_list":["post-5478","page","type-page","status-publish","hentry"],"_links":{"self":[{"href":"https:\/\/scholbach.de\/es\/wp-json\/wp\/v2\/pages\/5478","targetHints":{"allow":["GET"]}}],"collection":[{"href":"https:\/\/scholbach.de\/es\/wp-json\/wp\/v2\/pages"}],"about":[{"href":"https:\/\/scholbach.de\/es\/wp-json\/wp\/v2\/types\/page"}],"author":[{"embeddable":true,"href":"https:\/\/scholbach.de\/es\/wp-json\/wp\/v2\/users\/5"}],"replies":[{"embeddable":true,"href":"https:\/\/scholbach.de\/es\/wp-json\/wp\/v2\/comments?post=5478"}],"version-history":[{"count":17,"href":"https:\/\/scholbach.de\/es\/wp-json\/wp\/v2\/pages\/5478\/revisions"}],"predecessor-version":[{"id":5817,"href":"https:\/\/scholbach.de\/es\/wp-json\/wp\/v2\/pages\/5478\/revisions\/5817"}],"wp:attachment":[{"href":"https:\/\/scholbach.de\/es\/wp-json\/wp\/v2\/media?parent=5478"}],"curies":[{"name":"wp","href":"https:\/\/api.w.org\/{rel}","templated":true}]}}