{"id":51,"date":"2015-12-26T17:38:03","date_gmt":"2015-12-26T17:38:03","guid":{"rendered":"http:\/\/wp12612379.server-he.de\/?page_id=51"},"modified":"2022-12-23T22:34:12","modified_gmt":"2022-12-23T22:34:12","slug":"deutsch-feedback","status":"publish","type":"page","link":"https:\/\/scholbach.de\/es\/praxis\/deutsch-feedback","title":{"rendered":"Contacto"},"content":{"rendered":"<p class=\"qtranxs-available-languages-message qtranxs-available-languages-message-es\">Disculpa, pero esta entrada est\u00e1 disponible s\u00f3lo en <a href=\"https:\/\/scholbach.de\/en\/wp-json\/wp\/v2\/pages\/51\" class=\"qtranxs-available-language-link qtranxs-available-language-link-en\" title=\"English\">English<\/a>, <a href=\"https:\/\/scholbach.de\/de\/wp-json\/wp\/v2\/pages\/51\" class=\"qtranxs-available-language-link qtranxs-available-language-link-de\" title=\"Deutsch\">Deutsch<\/a>, <a href=\"https:\/\/scholbach.de\/fr\/wp-json\/wp\/v2\/pages\/51\" class=\"qtranxs-available-language-link qtranxs-available-language-link-fr\" title=\"Fran\u00e7ais\">Fran\u00e7ais<\/a>, <a href=\"https:\/\/scholbach.de\/it\/wp-json\/wp\/v2\/pages\/51\" class=\"qtranxs-available-language-link qtranxs-available-language-link-it\" title=\"Italiano\">Italiano<\/a>, <a href=\"https:\/\/scholbach.de\/el\/wp-json\/wp\/v2\/pages\/51\" class=\"qtranxs-available-language-link qtranxs-available-language-link-el\" title=\"\u0395\u03bb\u03bb\u03b7\u03bd\u03b9\u03ba\u03ac\">\u0395\u03bb\u03bb\u03b7\u03bd\u03b9\u03ba\u03ac<\/a>, <a href=\"https:\/\/scholbach.de\/zh\/wp-json\/wp\/v2\/pages\/51\" class=\"qtranxs-available-language-link qtranxs-available-language-link-zh\" title=\"\u4e2d\u6587\">\u4e2d\u6587<\/a> y <a href=\"https:\/\/scholbach.de\/ru\/wp-json\/wp\/v2\/pages\/51\" class=\"qtranxs-available-language-link qtranxs-available-language-link-ru\" title=\"\u0420\u0443\u0441\u0441\u043a\u0438\u0439\">\u0420\u0443\u0441\u0441\u043a\u0438\u0439<\/a>.<\/p><p><strong>New address after 01.01.2023<\/strong><\/p>\n<p>Praxis Prof. Dr. Thomas Scholbach<br \/>\nKonradstr. 52<br \/>\n04315 Leipzig<\/p>\n<p><a href=\"https:\/\/scholbach.de\/wp-content\/uploads\/2022\/12\/Ansicht-Konradstr.-52.jpg\"><img loading=\"lazy\" decoding=\"async\" class=\"alignnone size-medium wp-image-7699\" src=\"https:\/\/scholbach.de\/wp-content\/uploads\/2022\/12\/Ansicht-Konradstr.-52-300x251.jpg\" alt=\"\" width=\"300\" height=\"251\" srcset=\"https:\/\/scholbach.de\/wp-content\/uploads\/2022\/12\/Ansicht-Konradstr.-52-300x251.jpg 300w, https:\/\/scholbach.de\/wp-content\/uploads\/2022\/12\/Ansicht-Konradstr.-52-1024x858.jpg 1024w, https:\/\/scholbach.de\/wp-content\/uploads\/2022\/12\/Ansicht-Konradstr.-52-768x644.jpg 768w, https:\/\/scholbach.de\/wp-content\/uploads\/2022\/12\/Ansicht-Konradstr.-52-640x536.jpg 640w, https:\/\/scholbach.de\/wp-content\/uploads\/2022\/12\/Ansicht-Konradstr.-52.jpg 1087w\" sizes=\"auto, (max-width: 300px) 100vw, 300px\" \/><\/a><\/p>\n<p><strong>Phone<\/strong><\/p>\n<p>+49 341\u00a0 2481 4039<\/p>\n<p><strong>E-Mail<\/strong><\/p>\n<p>send <a href=\"mailto: praxis.scholbach@posteo.de\">here<\/a><\/p>\n<p>&nbsp;<\/p>","protected":false},"excerpt":{"rendered":"<p>Disculpa, pero esta entrada est\u00e1 disponible s\u00f3lo en English, Deutsch, Fran\u00e7ais, Italiano, \u0395\u03bb\u03bb\u03b7\u03bd\u03b9\u03ba\u03ac, \u4e2d\u6587 y \u0420\u0443\u0441\u0441\u043a\u0438\u0439.New address after 01.01.2023 Praxis Prof. Dr. Thomas Scholbach Konradstr. 52 04315 Leipzig Phone +49 341\u00a0 2481 4039 E-Mail send here &nbsp;<\/p>\n","protected":false},"author":4,"featured_media":0,"parent":6,"menu_order":2,"comment_status":"closed","ping_status":"closed","template":"","meta":{"om_disable_all_campaigns":false,"footnotes":""},"class_list":["post-51","page","type-page","status-publish","hentry"],"_links":{"self":[{"href":"https:\/\/scholbach.de\/es\/wp-json\/wp\/v2\/pages\/51","targetHints":{"allow":["GET"]}}],"collection":[{"href":"https:\/\/scholbach.de\/es\/wp-json\/wp\/v2\/pages"}],"about":[{"href":"https:\/\/scholbach.de\/es\/wp-json\/wp\/v2\/types\/page"}],"author":[{"embeddable":true,"href":"https:\/\/scholbach.de\/es\/wp-json\/wp\/v2\/users\/4"}],"replies":[{"embeddable":true,"href":"https:\/\/scholbach.de\/es\/wp-json\/wp\/v2\/comments?post=51"}],"version-history":[{"count":136,"href":"https:\/\/scholbach.de\/es\/wp-json\/wp\/v2\/pages\/51\/revisions"}],"predecessor-version":[{"id":7702,"href":"https:\/\/scholbach.de\/es\/wp-json\/wp\/v2\/pages\/51\/revisions\/7702"}],"up":[{"embeddable":true,"href":"https:\/\/scholbach.de\/es\/wp-json\/wp\/v2\/pages\/6"}],"wp:attachment":[{"href":"https:\/\/scholbach.de\/es\/wp-json\/wp\/v2\/media?parent=51"}],"curies":[{"name":"wp","href":"https:\/\/api.w.org\/{rel}","templated":true}]}}