{"id":460,"date":"2016-06-15T15:34:45","date_gmt":"2016-06-15T15:34:45","guid":{"rendered":"http:\/\/wp12612379.server-he.de\/?page_id=460"},"modified":"2019-11-26T20:28:58","modified_gmt":"2019-11-26T20:28:58","slug":"english-abdominal-pain","status":"publish","type":"page","link":"https:\/\/scholbach.de\/es\/wissenschaft\/english-abdominal-pain","title":{"rendered":"Diagn\u00f3stico del dolor abdominal"},"content":{"rendered":"<p>El dolor abdominal cr\u00f3nico o recurrente reduce la calidad de vida de muchos pacientes y representa a menudo un problema diagn\u00f3stico. Los desencadenantes del dolor abdominal pueden encontrarse en la misma regi\u00f3n abdominal, aunque tambi\u00e9n lejos de \u00e9sta. Con el diagn\u00f3stico por ultrasonido se pueden obtener im\u00e1genes y realizar mediciones no solo de los mismos \u00f3rganos sino tambi\u00e9n de muchas de sus funciones. De esta forma, el dolor abdominal puede delimitarse r\u00e1pidamente y se puede recomendar la adopci\u00f3n de medidas sencillas, tales como un cambio de dieta en caso de mala digesti\u00f3n de la glucosa. El reflujo de los \u00e1cidos g\u00e1stricos, que son una causa frecuente de dolor abdominal en lactantes, puede ser observado directamente. Ello permite que se puedan recomendar tratamientos simples y no medicamentosos que liberen al ni\u00f1o del dolor abdominal y que permitan a los padres dormir sin interrupciones. Los trastornos en el transporte de los nutrientes, las inflamaciones intestinales, el aumento de los ganglios linf\u00e1ticos, la hinchaz\u00f3n del h\u00edgado y del bazo, los transtornos en la circulaci\u00f3n sangu\u00ednea y las compresiones vasculares producen a menudo dolores abdominales recurrentes y no es raro que escapen a un primer diagn\u00f3stico. Las p\u00e1ginas siguientes explican con m\u00e1s detalle c\u00f3mo una ecograf\u00eda doppler a color funcional moderna puede contribuir a la obtenci\u00f3n del diagn\u00f3stico del dolor abdominal y naturalmente tambi\u00e9n de otras muchas patolog\u00edas.<\/p>","protected":false},"excerpt":{"rendered":"<p>El dolor abdominal cr\u00f3nico o recurrente reduce la calidad de vida de muchos pacientes y representa a menudo un problema diagn\u00f3stico. Los desencadenantes del dolor abdominal pueden encontrarse en la misma regi\u00f3n abdominal, aunque tambi\u00e9n lejos de \u00e9sta. Con el diagn\u00f3stico por ultrasonido se pueden obtener im\u00e1genes y realizar mediciones no solo de los mismos [&hellip;]<\/p>\n","protected":false},"author":4,"featured_media":0,"parent":8,"menu_order":0,"comment_status":"open","ping_status":"open","template":"","meta":{"om_disable_all_campaigns":false,"footnotes":""},"class_list":["post-460","page","type-page","status-publish","hentry"],"_links":{"self":[{"href":"https:\/\/scholbach.de\/es\/wp-json\/wp\/v2\/pages\/460","targetHints":{"allow":["GET"]}}],"collection":[{"href":"https:\/\/scholbach.de\/es\/wp-json\/wp\/v2\/pages"}],"about":[{"href":"https:\/\/scholbach.de\/es\/wp-json\/wp\/v2\/types\/page"}],"author":[{"embeddable":true,"href":"https:\/\/scholbach.de\/es\/wp-json\/wp\/v2\/users\/4"}],"replies":[{"embeddable":true,"href":"https:\/\/scholbach.de\/es\/wp-json\/wp\/v2\/comments?post=460"}],"version-history":[{"count":15,"href":"https:\/\/scholbach.de\/es\/wp-json\/wp\/v2\/pages\/460\/revisions"}],"predecessor-version":[{"id":3675,"href":"https:\/\/scholbach.de\/es\/wp-json\/wp\/v2\/pages\/460\/revisions\/3675"}],"up":[{"embeddable":true,"href":"https:\/\/scholbach.de\/es\/wp-json\/wp\/v2\/pages\/8"}],"wp:attachment":[{"href":"https:\/\/scholbach.de\/es\/wp-json\/wp\/v2\/media?parent=460"}],"curies":[{"name":"wp","href":"https:\/\/api.w.org\/{rel}","templated":true}]}}