{"id":374,"date":"2016-06-14T15:11:19","date_gmt":"2016-06-14T15:11:19","guid":{"rendered":"http:\/\/wp12612379.server-he.de\/?page_id=374"},"modified":"2020-04-05T14:12:57","modified_gmt":"2020-04-05T14:12:57","slug":"truncus-coeliacus-kompression","status":"publish","type":"page","link":"https:\/\/scholbach.de\/es\/wissenschaft\/deutsch-ultraschalldiagnostik\/deutsch-gefaskompressionen\/truncus-coeliacus-kompression","title":{"rendered":"Compresi\u00f3n del tronco cel\u00edaco \/s\u00edndrome de Dunbar\/ s\u00edndrome de AMS\/ s\u00edndrome del ligamento arcuato"},"content":{"rendered":"<p>Este s\u00edndrome de compresi\u00f3n vascular solo es superado por el fen\u00f3meno del cascanueces en t\u00e9rminos de frecuencia. Hasta la fecha se lo he diagnosticado y tratado a m\u00e1s de 1.000 pacientes. Los s\u00edntomas m\u00e1s frecuentes de la compresi\u00f3n del tronco cel\u00edaco y del ganglio cel\u00edaco pr\u00f3ximo a \u00e9ste (del plexo solar) son el dolor abdominal, los dolores en el coraz\u00f3n (dicho m\u00e1s exactamente: dolores en la zona pr\u00f3xima al coraz\u00f3n), dolor tor\u00e1cico, dificultad respiratoria, n\u00e1useas, v\u00e9rtigo, vista nublada, tendencia al colapso, dolor abdominal y diarrea tras la ingesti\u00f3n de alimentos, as\u00ed como una inferior capacidad de rendimiento deportivo o al realizar esfuerzos.<\/p>\n<p>El cuadro cl\u00ednico, tambi\u00e9n denominado s\u00edndrome de Dunbar, s\u00edndrome del ligamento arcuato medio, s\u00edndrome del ligamento arcuato, s\u00edndrome de compresi\u00f3n del ganglio cel\u00edaco (quiz\u00e1s el t\u00e9rmino m\u00e1s exacto), s\u00edndrome de compresi\u00f3n de la arteria cel\u00edaca o celiac trunk compression syndrome no resulta f\u00e1cilmente diagnosticable con los m\u00e9todos convencionales y por ello permanece indetectable por mucho tiempo. Por la variedad de los s\u00edntomas y su car\u00e1cter a menudo vegetativo, los pacientes recurren a m\u00e9dicos de las m\u00e1s variadas disciplinas sin que se pueda hallar muchas veces el origen de sus s\u00edntomas. Finalmente se les suele administrar una terapia psicol\u00f3gica o psiqui\u00e1trica, lo cual con frecuencia no constituye una soluci\u00f3n satisfactoria. Con la ecograf\u00eda doppler a color el origen puede ser identificado con certeza y puede comenzarse un tratamiento de la ra\u00edz del problema, la laparoscopia, o sea, la descompresi\u00f3n quir\u00fargica del ganglio, la cual generalmente conduce a la inmediata y permanente supresi\u00f3n de las dolencias.<\/p>\n<p>En los pacientes aquejados por el s\u00edndrome de compresi\u00f3n del tronco cel\u00edaco los s\u00edntomas comienzan porque el diafragma oprime el plexo nervioso contra el tronco durante la respiraci\u00f3n y lo desplaza junto con el vaso.<\/p>\n<p>Los afectados han creado un <a href=\"http:\/\/dunbar-syndrom.org\/viewtopic.php?f=11&amp;t=13&amp;sid=fcf3c3b3f1be3a8cc527899b056ababa\"><u>sitio web informativo y un foro<\/u><\/a>.<\/p>\n<p>En la siguiente ilustraci\u00f3n (izquierda) se observa como al tomar aire (inspiraci\u00f3n) el tronco queda libre y se expande. La ilustraci\u00f3n derecha muestra, por el contrario, la compresi\u00f3n en forma de garfio del tronco, el estrechamiento y la aceleraci\u00f3n del flujo resultante con la expulsi\u00f3n del aire (espiraci\u00f3n).<\/p>\n<p><img decoding=\"async\" class=\"alignnone size-large wp-image-392\" src=\"http:\/\/wp12612379.server-he.de\/wp-content\/uploads\/2016\/06\/Truncus-Coeliacus-Kompression-1024x469.jpg\" alt=\"Truncus-Coeliacus-Kompression\" width=\"100%\" height=\"auto\" srcset=\"https:\/\/scholbach.de\/wp-content\/uploads\/2016\/06\/Truncus-Coeliacus-Kompression-1024x469.jpg 1024w, https:\/\/scholbach.de\/wp-content\/uploads\/2016\/06\/Truncus-Coeliacus-Kompression-300x137.jpg 300w, https:\/\/scholbach.de\/wp-content\/uploads\/2016\/06\/Truncus-Coeliacus-Kompression.jpg 1073w\" sizes=\"(max-width: 1024px) 100vw, 1024px\" \/><\/p>\n<p>Las velocidades del flujo incrementadas en las distintas fases de la respiraci\u00f3n se pueden reconocer en el siguiente v\u00eddeo:<\/p>\n<p>http:\/\/www.dailymotion.com\/video\/x3mx9ho<\/p>","protected":false},"excerpt":{"rendered":"<p>Este s\u00edndrome de compresi\u00f3n vascular solo es superado por el fen\u00f3meno del cascanueces en t\u00e9rminos de frecuencia. Hasta la fecha se lo he diagnosticado y tratado a m\u00e1s de 1.000 pacientes. Los s\u00edntomas m\u00e1s frecuentes de la compresi\u00f3n del tronco cel\u00edaco y del ganglio cel\u00edaco pr\u00f3ximo a \u00e9ste (del plexo solar) son el dolor abdominal, [&hellip;]<\/p>\n","protected":false},"author":4,"featured_media":0,"parent":66,"menu_order":5,"comment_status":"open","ping_status":"open","template":"","meta":{"om_disable_all_campaigns":false,"footnotes":""},"class_list":["post-374","page","type-page","status-publish","hentry"],"_links":{"self":[{"href":"https:\/\/scholbach.de\/es\/wp-json\/wp\/v2\/pages\/374","targetHints":{"allow":["GET"]}}],"collection":[{"href":"https:\/\/scholbach.de\/es\/wp-json\/wp\/v2\/pages"}],"about":[{"href":"https:\/\/scholbach.de\/es\/wp-json\/wp\/v2\/types\/page"}],"author":[{"embeddable":true,"href":"https:\/\/scholbach.de\/es\/wp-json\/wp\/v2\/users\/4"}],"replies":[{"embeddable":true,"href":"https:\/\/scholbach.de\/es\/wp-json\/wp\/v2\/comments?post=374"}],"version-history":[{"count":58,"href":"https:\/\/scholbach.de\/es\/wp-json\/wp\/v2\/pages\/374\/revisions"}],"predecessor-version":[{"id":4425,"href":"https:\/\/scholbach.de\/es\/wp-json\/wp\/v2\/pages\/374\/revisions\/4425"}],"up":[{"embeddable":true,"href":"https:\/\/scholbach.de\/es\/wp-json\/wp\/v2\/pages\/66"}],"wp:attachment":[{"href":"https:\/\/scholbach.de\/es\/wp-json\/wp\/v2\/media?parent=374"}],"curies":[{"name":"wp","href":"https:\/\/api.w.org\/{rel}","templated":true}]}}