{"id":364,"date":"2016-06-14T13:54:05","date_gmt":"2016-06-14T13:54:05","guid":{"rendered":"http:\/\/wp12612379.server-he.de\/?page_id=364"},"modified":"2024-01-20T21:40:11","modified_gmt":"2024-01-20T20:40:11","slug":"arteria-mesenterica-superior-syndrom","status":"publish","type":"page","link":"https:\/\/scholbach.de\/es\/wissenschaft\/deutsch-ultraschalldiagnostik\/deutsch-gefaskompressionen\/arteria-mesenterica-superior-syndrom","title":{"rendered":"S\u00edndrome de Wilkie\/ s\u00edndrome de la arteria mesent\u00e9rica superior"},"content":{"rendered":"<p><img decoding=\"async\" class=\"alignnone size-large wp-image-330\" src=\"http:\/\/wp12612379.server-he.de\/wp-content\/uploads\/2016\/06\/Anatomie-AMS-1024x576.jpg\" alt=\"Anatomie AMS\" width=\"100%\" height=\"auto\" srcset=\"https:\/\/scholbach.de\/wp-content\/uploads\/2016\/06\/Anatomie-AMS-1024x576.jpg 1024w, https:\/\/scholbach.de\/wp-content\/uploads\/2016\/06\/Anatomie-AMS-300x169.jpg 300w, https:\/\/scholbach.de\/wp-content\/uploads\/2016\/06\/Anatomie-AMS.jpg 1280w\" sizes=\"(max-width: 1024px) 100vw, 1024px\" \/>En el \u00e1ngulo entre la aorta y la arteria mesent\u00e9rica superior la vena renal izquierda se desplaza hacia la derecha (<a href=\"https:\/\/scholbach.de\/index.php\/wissenschaft\/deutsch-ultraschalldiagnostik\/deutsch-gefaskompressionen\/nussknacker\">v\u00e9ase el s\u00edndrome del cascanueces<\/a>) y el duodeno hacia la izquierda. En el caso de que este \u00e1ngulo sea demasiado estrecho, el duodeno puede ser comprimido de tal forma por ambas arterias que los nutrientes se queden estancados delante del pinzamiento inmediatamente despu\u00e9s de haber salido del est\u00f3mago y no puedan seguir siendo transportados sin provocar dolores, v\u00f3mitos o si no se adoptan determinadas posturas corporales.<\/p>\n<p>Los afectados perciben aproximadamente quince minutos despu\u00e9s de comenzar a ingerir alimentos un fuerte dolor en la parte superior del abdomen que les hacen tener que pasar a seguir una dieta blanda o ingerir peque\u00f1as raciones de alimentos. La parte superior derecha del abdomen se distiende bajo el arco de las costillas, se producen dolores en la parte superior del abdomen cada vez m\u00e1s frecuentes, eructos y a veces incluso v\u00f3mitos. A menudo se percibe un alivio en posici\u00f3n acostada sobre el lado izquierdo. En caso de comprensi\u00f3n intensa la repulsa hacia la comida por miedo a los dolores es tan grande que los pacientes pierden peso.<\/p>\n<p>En algunos casos la compresi\u00f3n se debe al estado debilitado de la musculatura del intestino, en otros es suficiente \u00fanicamente el estrechamiento del \u00e1ngulo de salida de la arteria mesent\u00e9rica de la aorta para que se desencadenen los s\u00edntomas.<\/p>\n<p>Los afectados pueden ponerse en contacto en el <a href=\"http:\/\/www.lebenskuenstlerin.at\/index.php\/de\/selbsthilfegruppe\"><u>grupo de autoayuda<\/u><\/a>.<\/p>\n<p>Nosotros realizamos el diagn\u00f3stico con la ayuda de una ecograf\u00eda doppler a color funcional haciendo hincapi\u00e9 en el patr\u00f3n individual de los dolores del paciente y observando detalladamente el transporte del alimento tanto en ayunas, como durante y despu\u00e9s de la ingesta de alimentos y en diferentes posturas corporales y contrast\u00e1ndolo con sus s\u00edntomas. De esta forma se puede realizar un diagn\u00f3stico mediante examen de forma no invasiva y sin necesidad de someter al paciente a radiaci\u00f3n.<\/p>\n<p>Existen s\u00edndromes de compresi\u00f3n vascular que suelen acompa\u00f1an al s\u00edndrome de Wilkie y son asimismo diagnosticados a trav\u00e9s de un examen completo y cuidadoso en la misma sesi\u00f3n. Esto es determinante, puesto que las dolencias de todos los s\u00edndromes de compresi\u00f3n vascular se superponen y no puede ser establecido un plan de terapia por fases hasta que no se realiza un examen cuantitativo de la perfusi\u00f3n de los vasos afectados.<\/p>\n<p>El siguiente v\u00eddeo muestra el estancamiento del duodeno de un paciente que no ha ingerido nada, es decir, que tiene el duodeno vac\u00edo:<\/p>\n<div style=\"width: 640px;\" class=\"wp-video\"><video class=\"wp-video-shortcode\" id=\"video-364-22\" width=\"640\" height=\"360\" preload=\"metadata\" controls=\"controls\"><source type=\"video\/mp4\" src=\"http:\/\/wp12612379.server-he.de\/wp-content\/uploads\/2016\/06\/Videodarstellung_des_Staus_im_Duodenum.mp4?_=22\" \/><a href=\"http:\/\/wp12612379.server-he.de\/wp-content\/uploads\/2016\/06\/Videodarstellung_des_Staus_im_Duodenum.mp4\">http:\/\/wp12612379.server-he.de\/wp-content\/uploads\/2016\/06\/Videodarstellung_des_Staus_im_Duodenum.mp4<\/a><\/video><\/div>\n<div style=\"width: 640px;\" class=\"wp-video\"><video class=\"wp-video-shortcode\" id=\"video-364-23\" width=\"640\" height=\"360\" preload=\"metadata\" controls=\"controls\"><source type=\"video\/mp4\" src=\"http:\/\/wp12612379.server-he.de\/wp-content\/uploads\/2016\/06\/ams_widerstandsperistaltik.mp4?_=23\" \/><a href=\"http:\/\/wp12612379.server-he.de\/wp-content\/uploads\/2016\/06\/ams_widerstandsperistaltik.mp4\">http:\/\/wp12612379.server-he.de\/wp-content\/uploads\/2016\/06\/ams_widerstandsperistaltik.mp4<\/a><\/video><\/div>\n<p>&nbsp;<\/p>\n<p>El siguiente v\u00eddeo de ultrasonido muestra c\u00f3mo se vac\u00eda el duodeno frente a la resistencia:<\/p>\n<p><div style=\"width: 640px;\" class=\"wp-video\"><video class=\"wp-video-shortcode\" id=\"video-364-24\" width=\"640\" height=\"360\" preload=\"metadata\" controls=\"controls\"><source type=\"video\/mp4\" src=\"http:\/\/wp12612379.server-he.de\/wp-content\/uploads\/2016\/06\/Unter_Schmerzlinerung_entleert_sich_das_Duodenum.mp4?_=24\" \/><a href=\"http:\/\/wp12612379.server-he.de\/wp-content\/uploads\/2016\/06\/Unter_Schmerzlinerung_entleert_sich_das_Duodenum.mp4\">http:\/\/wp12612379.server-he.de\/wp-content\/uploads\/2016\/06\/Unter_Schmerzlinerung_entleert_sich_das_Duodenum.mp4<\/a><\/video><\/div><\/p>","protected":false},"excerpt":{"rendered":"<p>En el \u00e1ngulo entre la aorta y la arteria mesent\u00e9rica superior la vena renal izquierda se desplaza hacia la derecha (v\u00e9ase el s\u00edndrome del cascanueces) y el duodeno hacia la izquierda. En el caso de que este \u00e1ngulo sea demasiado estrecho, el duodeno puede ser comprimido de tal forma por ambas arterias que los nutrientes [&hellip;]<\/p>\n","protected":false},"author":4,"featured_media":0,"parent":66,"menu_order":6,"comment_status":"open","ping_status":"closed","template":"","meta":{"om_disable_all_campaigns":false,"footnotes":""},"class_list":["post-364","page","type-page","status-publish","hentry"],"_links":{"self":[{"href":"https:\/\/scholbach.de\/es\/wp-json\/wp\/v2\/pages\/364","targetHints":{"allow":["GET"]}}],"collection":[{"href":"https:\/\/scholbach.de\/es\/wp-json\/wp\/v2\/pages"}],"about":[{"href":"https:\/\/scholbach.de\/es\/wp-json\/wp\/v2\/types\/page"}],"author":[{"embeddable":true,"href":"https:\/\/scholbach.de\/es\/wp-json\/wp\/v2\/users\/4"}],"replies":[{"embeddable":true,"href":"https:\/\/scholbach.de\/es\/wp-json\/wp\/v2\/comments?post=364"}],"version-history":[{"count":60,"href":"https:\/\/scholbach.de\/es\/wp-json\/wp\/v2\/pages\/364\/revisions"}],"predecessor-version":[{"id":8510,"href":"https:\/\/scholbach.de\/es\/wp-json\/wp\/v2\/pages\/364\/revisions\/8510"}],"up":[{"embeddable":true,"href":"https:\/\/scholbach.de\/es\/wp-json\/wp\/v2\/pages\/66"}],"wp:attachment":[{"href":"https:\/\/scholbach.de\/es\/wp-json\/wp\/v2\/media?parent=364"}],"curies":[{"name":"wp","href":"https:\/\/api.w.org\/{rel}","templated":true}]}}