{"id":3520,"date":"2019-10-06T08:36:56","date_gmt":"2019-10-06T08:36:56","guid":{"rendered":"https:\/\/scholbach.de\/?page_id=3520"},"modified":"2022-11-12T14:24:51","modified_gmt":"2022-11-12T14:24:51","slug":"funktioneller-farbdoppler-ultraschall-wie-ich-ihn-verstehe","status":"publish","type":"page","link":"https:\/\/scholbach.de\/es\/funktioneller-farbdoppler-ultraschall-wie-ich-ihn-verstehe","title":{"rendered":"Ultrasonido Doppler color funcional : lo que entiendo por esto"},"content":{"rendered":"<p>Ofrezco la mejor tecnolog\u00eda de ultrasonido posible para exactamente sus s\u00edntomas.<\/p>\n<p>Mi objetivo final es ayudarle a encontrar una manera de obtener el mejor tratamiento, no s\u00f3lo para que le hagan este o aquel procedimiento.<\/p>\n<p>Esto significa que me veo mucho m\u00e1s tiempo y sigo exactamente tus s\u00edntomas en lugar de hacer el trabajo y enviarte a casa declarando \u00abTodo est\u00e1 bien\u00bb a pesar de que sufras, no puedas comer, vomitar o tener cualquier otro tipo de sufrimiento.<\/p>\n<p>La buena medicina te libera del sufrimiento y no te deja en paz.<\/p>\n<p>Por supuesto, el conocimiento m\u00e9dico es limitado, pero los l\u00edmites no son ciertas especialidades que dividen a un ser humano en partes aisladas.<\/p>\n<p>En cambio, mi enfoque tiende un puente entre las fronteras de los \u00f3rganos y las especialidades.<\/p>\n<p>Miro todos los \u00f3rganos y todos sus s\u00edntomas, que tradicionalmente pertenecen a la gastroenterolog\u00eda, nefrolog\u00eda, urolog\u00eda, ginecolog\u00eda, neurolog\u00eda, pediatr\u00eda, cirug\u00eda, angiolog\u00eda, psiquiatr\u00eda, cardiolog\u00eda, ortopedia, medicina fetal o dermatolog\u00eda.<\/p>\n<p>El ultrasonido re\u00fane todas estas especialidades.<\/p>\n<p>El ultrasonido Doppler color funcional va mucho m\u00e1s all\u00e1 del ultrasonido convencional.<\/p>\n<p>El ultrasonido b\u00e1sicamente observa la morfolog\u00eda en im\u00e1genes en blanco y negro.<\/p>\n<p>La ecograf\u00eda Doppler en color examina los movimientos. Sangre que fluye, peristaltismo de los intestinos, contracci\u00f3n de los ur\u00e9teres, vaciamiento de la vejiga urinaria o biliar, chorros de l\u00edquido cefalorraqu\u00eddeo, oscilaci\u00f3n de las v\u00e1lvulas card\u00edacas, contracci\u00f3n de las aur\u00edculas y c\u00e1maras del coraz\u00f3n, apertura y cierre de las v\u00e1lvulas venosas, vasomoci\u00f3n de la vena umbilical (por cierto, observada y medida en fetos por primera vez en la historia de nuestro grupo de investigaci\u00f3n), movimientos del diafragma, deslizamiento de la pleura &#8211; todos estos fen\u00f3menos pueden describirse con precisi\u00f3n por medio de la ecograf\u00eda Doppler en color.<\/p>\n<p>Pero vamos m\u00e1s all\u00e1.<\/p>\n<p>Desarrollamos el primer m\u00e9todo sonogr\u00e1fico para cuantificar estos movimientos &#8211; la t\u00e9cnica PixelFlux.<\/p>\n<p>De esta manera podemos medir y comparar exactamente cu\u00e1nta sangre est\u00e1 corriendo en un \u00f3rgano, en un tejido e incluso en diferentes ramas del \u00e1rbol vascular de un \u00f3rgano.<\/p>\n<p>Mejor que con cualquier otra t\u00e9cnica, podemos evaluar con precisi\u00f3n el estado funcional de un \u00f3rgano y los trastornos que afectan su suministro de sangre.<\/p>\n<p>Adem\u00e1s, podemos medir la inflamaci\u00f3n en el lugar y medir el \u00e9xito o el fracaso de los tratamientos.<\/p>\n<p>Todo esto se hace durante un examen. Estoy certificado para todos estos procedimientos. De esta manera, con un solo examen se obtienen respuestas de muchas especialidades m\u00e9dicas.<\/p>\n<p>Pero no nos detenemos aqu\u00ed. Repetimos todo esto bajo condiciones externas cambiantes.<\/p>\n<p>Cuando sus s\u00edntomas est\u00e1n relacionados con la digesti\u00f3n, le examinar\u00e9 antes, durante y despu\u00e9s de una comida. Si dependen de la postura del cuerpo, te examinar\u00e9 en diferentes posiciones horizontales, sentado, de pie e incluso durante o despu\u00e9s de los ejercicios.<\/p>\n<p>Har\u00e9 ex\u00e1menes en diferentes posiciones respiratorias, con la vejiga llena y vac\u00eda, con diferentes posiciones de ciertas articulaciones&#8230;. y as\u00ed sucesivamente.<\/p>\n<p>Finalmente, usted obtendr\u00e1 un resultado que es una base confiable y s\u00f3lida para las decisiones de tratamiento.<\/p>\n<p>Le muestro cada detalle del examen en la pantalla mientras usted es examinado. Les explico todas mis conclusiones y les dar\u00e9 un bosquejo de escenarios anat\u00f3micos dif\u00edciles.<\/p>\n<p>Le comunico todos los resultados a usted y a todos los m\u00e9dicos que lo derivan en un informe detallado con todas las mediciones y todas las im\u00e1genes relevantes.<\/p>\n<p>Este es un ultrasonido funcional, tal y como yo lo entiendo, <a href=\"https:\/\/scholbach.de\/what-patients-say\">y los pacientes de todo el mundo lo aprecian<\/a>.<\/p>\n<p>*** Translated with www.DeepL.com\/Translator (free version) ***<\/p>","protected":false},"excerpt":{"rendered":"<p>Ofrezco la mejor tecnolog\u00eda de ultrasonido posible para exactamente sus s\u00edntomas. Mi objetivo final es ayudarle a encontrar una manera de obtener el mejor tratamiento, no s\u00f3lo para que le hagan este o aquel procedimiento. Esto significa que me veo mucho m\u00e1s tiempo y sigo exactamente tus s\u00edntomas en lugar de hacer el trabajo y [&hellip;]<\/p>\n","protected":false},"author":5,"featured_media":0,"parent":0,"menu_order":0,"comment_status":"closed","ping_status":"closed","template":"","meta":{"om_disable_all_campaigns":false,"footnotes":""},"class_list":["post-3520","page","type-page","status-publish","hentry"],"_links":{"self":[{"href":"https:\/\/scholbach.de\/es\/wp-json\/wp\/v2\/pages\/3520","targetHints":{"allow":["GET"]}}],"collection":[{"href":"https:\/\/scholbach.de\/es\/wp-json\/wp\/v2\/pages"}],"about":[{"href":"https:\/\/scholbach.de\/es\/wp-json\/wp\/v2\/types\/page"}],"author":[{"embeddable":true,"href":"https:\/\/scholbach.de\/es\/wp-json\/wp\/v2\/users\/5"}],"replies":[{"embeddable":true,"href":"https:\/\/scholbach.de\/es\/wp-json\/wp\/v2\/comments?post=3520"}],"version-history":[{"count":35,"href":"https:\/\/scholbach.de\/es\/wp-json\/wp\/v2\/pages\/3520\/revisions"}],"predecessor-version":[{"id":7664,"href":"https:\/\/scholbach.de\/es\/wp-json\/wp\/v2\/pages\/3520\/revisions\/7664"}],"wp:attachment":[{"href":"https:\/\/scholbach.de\/es\/wp-json\/wp\/v2\/media?parent=3520"}],"curies":[{"name":"wp","href":"https:\/\/api.w.org\/{rel}","templated":true}]}}