{"id":3477,"date":"2019-09-15T15:01:27","date_gmt":"2019-09-15T15:01:27","guid":{"rendered":"https:\/\/scholbach.de\/?page_id=3477"},"modified":"2021-07-18T20:23:43","modified_gmt":"2021-07-18T20:23:43","slug":"english-curtain-effect-of-venous-stents","status":"publish","type":"page","link":"https:\/\/scholbach.de\/es\/english-curtain-effect-of-venous-stents","title":{"rendered":"El efecto cortina de los stents venosos"},"content":{"rendered":"<p><div style=\"width: 1920px;\" class=\"wp-video\"><video class=\"wp-video-shortcode\" id=\"video-3477-7\" width=\"1920\" height=\"1080\" preload=\"metadata\" controls=\"controls\"><source type=\"video\/mp4\" src=\"https:\/\/scholbach.de\/wp-content\/uploads\/2019\/09\/curtain-effect.mp4?_=7\" \/><a href=\"https:\/\/scholbach.de\/wp-content\/uploads\/2019\/09\/curtain-effect.mp4\">https:\/\/scholbach.de\/wp-content\/uploads\/2019\/09\/curtain-effect.mp4<\/a><\/video><\/div><\/p>\n<p>Los stents venosos tienen muchos efectos perjudiciales sobre las venas con stents en los s\u00edndromes de compresi\u00f3n vascular abdominal.<\/p>\n<p>El efecto cortina es s\u00f3lo uno de ellos pero el m\u00e1s relevante. El video muestra el aumento del efecto cortina, que en s\u00ed mismo est\u00e1 causando una funci\u00f3n de stent disminuida o casi ausente, incluso en stents aparentemente abiertos.<\/p>\n<p>Los movimientos corporales o la respiraci\u00f3n causan una irritaci\u00f3n constante de la vena con endopr\u00f3tesis vascular por el pinchazo y a veces la penetraci\u00f3n de la malla del stent venoso. El stent corta como un cincel hueco en la pared de la vena, produciendo a menudo un dolor insoportable en el sitio de la penetraci\u00f3n.<\/p>\n<p>La tomograf\u00eda computarizada y la resonancia magn\u00e9tica no pueden detectar tales mecanismos, ya que son procedimientos de diagn\u00f3stico por im\u00e1genes est\u00e1ticos y no funcionales.<\/p>\n<p>S\u00f3lo una ecograf\u00eda meticulosa, din\u00e1mica y funcional con cuantificaci\u00f3n del flujo sangu\u00edneo puede detectar la causa misma del dolor en los pacientes que llevan estos stents.<\/p>","protected":false},"excerpt":{"rendered":"<p>Los stents venosos tienen muchos efectos perjudiciales sobre las venas con stents en los s\u00edndromes de compresi\u00f3n vascular abdominal. El efecto cortina es s\u00f3lo uno de ellos pero el m\u00e1s relevante. El video muestra el aumento del efecto cortina, que en s\u00ed mismo est\u00e1 causando una funci\u00f3n de stent disminuida o casi ausente, incluso en [&hellip;]<\/p>\n","protected":false},"author":5,"featured_media":0,"parent":0,"menu_order":0,"comment_status":"closed","ping_status":"closed","template":"","meta":{"om_disable_all_campaigns":false,"footnotes":""},"class_list":["post-3477","page","type-page","status-publish","hentry"],"_links":{"self":[{"href":"https:\/\/scholbach.de\/es\/wp-json\/wp\/v2\/pages\/3477","targetHints":{"allow":["GET"]}}],"collection":[{"href":"https:\/\/scholbach.de\/es\/wp-json\/wp\/v2\/pages"}],"about":[{"href":"https:\/\/scholbach.de\/es\/wp-json\/wp\/v2\/types\/page"}],"author":[{"embeddable":true,"href":"https:\/\/scholbach.de\/es\/wp-json\/wp\/v2\/users\/5"}],"replies":[{"embeddable":true,"href":"https:\/\/scholbach.de\/es\/wp-json\/wp\/v2\/comments?post=3477"}],"version-history":[{"count":20,"href":"https:\/\/scholbach.de\/es\/wp-json\/wp\/v2\/pages\/3477\/revisions"}],"predecessor-version":[{"id":6471,"href":"https:\/\/scholbach.de\/es\/wp-json\/wp\/v2\/pages\/3477\/revisions\/6471"}],"wp:attachment":[{"href":"https:\/\/scholbach.de\/es\/wp-json\/wp\/v2\/media?parent=3477"}],"curies":[{"name":"wp","href":"https:\/\/api.w.org\/{rel}","templated":true}]}}