{"id":3372,"date":"2019-08-24T05:50:45","date_gmt":"2019-08-24T05:50:45","guid":{"rendered":"https:\/\/scholbach.de\/?page_id=3372"},"modified":"2024-02-25T22:02:36","modified_gmt":"2024-02-25T21:02:36","slug":"risiken-venoeser-stents","status":"publish","type":"page","link":"https:\/\/scholbach.de\/es\/risiken-venoeser-stents","title":{"rendered":"Un stent puede ser un error"},"content":{"rendered":"<p><div id=\"attachment_4306\" style=\"width: 422px\" class=\"wp-caption aligncenter\"><a href=\"https:\/\/scholbach.de\/wp-content\/uploads\/2020\/03\/poking-stent.jpg\"><img loading=\"lazy\" decoding=\"async\" aria-describedby=\"caption-attachment-4306\" class=\"wp-image-4306 \" src=\"https:\/\/scholbach.de\/wp-content\/uploads\/2020\/03\/poking-stent-300x169.jpg\" alt=\"\" width=\"412\" height=\"232\" srcset=\"https:\/\/scholbach.de\/wp-content\/uploads\/2020\/03\/poking-stent-300x169.jpg 300w, https:\/\/scholbach.de\/wp-content\/uploads\/2020\/03\/poking-stent-1024x576.jpg 1024w, https:\/\/scholbach.de\/wp-content\/uploads\/2020\/03\/poking-stent-768x432.jpg 768w, https:\/\/scholbach.de\/wp-content\/uploads\/2020\/03\/poking-stent.jpg 1280w\" sizes=\"auto, (max-width: 412px) 100vw, 412px\" \/><\/a><p id=\"caption-attachment-4306\" class=\"wp-caption-text\">Los picos triangulares de la apertura del stent penetran en la pared de la vena renal izquierda y en la vena cava. Imagen por cortes\u00eda del Prof. W. Sandmann<\/p><\/div><\/p>\n<div id=\"attachment_4312\" style=\"width: 420px\" class=\"wp-caption aligncenter\"><a href=\"https:\/\/scholbach.de\/wp-content\/uploads\/2020\/03\/triangular-peaks-stent-opening-2.jpg\"><img loading=\"lazy\" decoding=\"async\" aria-describedby=\"caption-attachment-4312\" class=\"wp-image-4312 \" src=\"https:\/\/scholbach.de\/wp-content\/uploads\/2020\/03\/triangular-peaks-stent-opening-2-300x169.jpg\" alt=\"\" width=\"410\" height=\"231\" srcset=\"https:\/\/scholbach.de\/wp-content\/uploads\/2020\/03\/triangular-peaks-stent-opening-2-300x169.jpg 300w, https:\/\/scholbach.de\/wp-content\/uploads\/2020\/03\/triangular-peaks-stent-opening-2-1024x576.jpg 1024w, https:\/\/scholbach.de\/wp-content\/uploads\/2020\/03\/triangular-peaks-stent-opening-2-768x432.jpg 768w, https:\/\/scholbach.de\/wp-content\/uploads\/2020\/03\/triangular-peaks-stent-opening-2.jpg 1280w\" sizes=\"auto, (max-width: 410px) 100vw, 410px\" \/><\/a><p id=\"caption-attachment-4312\" class=\"wp-caption-text\">Vista lateral de los penetrantes picos triangulares del stent causando un dolor masivo. Claramente visible: el efecto cortina &#8211; la vena renal izquierda cuelga delante de la abertura izquierda del stent. Imagen por cortes\u00eda del Prof. W. Sandmann<\/p><\/div>\n<p>Los stents se recomiendan para muchos pacientes con s\u00edndromes de compresi\u00f3n vascular.<br \/>\nMi experiencia personal con estos stents se describe en el siguiente art\u00edculo.<br \/>\nHay numerosos riesgos para los pacientes con stents que no son bien conocidos por muchos m\u00e9dicos que colocaron los stents.<br \/>\nMi trabajo destaca algunos de estos problemas. El paciente debe ser consciente de los numerosos riesgos de la colocaci\u00f3n de stents.<br \/>\nEl principal inconveniente es que los stents han sido desarrollados para las arterias y funcionan mal en las venas curvas. Pero es el sello distintivo de los s\u00edndromes de compresi\u00f3n venosa que tienen las venas son comprimidas por la columna vertebral o por la aorta desde atr\u00e1s. Es por eso que los stents rara vez son \u00fatiles en tales condiciones.<\/p>\n<p><a href=\"https:\/\/scholbach.de\/wp-content\/uploads\/2020\/06\/2020-06-04-Stent-failure-in-abdominal-venous-compression-syndromes.pdf\" class=\"pdfemb-viewer\" style=\"\" data-width=\"max\" data-height=\"max\" data-mobile-width=\"500\"  data-scrollbar=\"none\" data-download=\"on\" data-tracking=\"on\" data-newwindow=\"on\" data-pagetextbox=\"off\" data-scrolltotop=\"off\" data-startzoom=\"100\" data-startfpzoom=\"100\" data-toolbar=\"both\" data-toolbar-fixed=\"off\">2020 06 04 Stent failure in abdominal venous compression syndromes<br\/><\/a><\/p>","protected":false},"excerpt":{"rendered":"<p>Los stents se recomiendan para muchos pacientes con s\u00edndromes de compresi\u00f3n vascular. Mi experiencia personal con estos stents se describe en el siguiente art\u00edculo. Hay numerosos riesgos para los pacientes con stents que no son bien conocidos por muchos m\u00e9dicos que colocaron los stents. Mi trabajo destaca algunos de estos problemas. El paciente debe ser [&hellip;]<\/p>\n","protected":false},"author":5,"featured_media":0,"parent":0,"menu_order":0,"comment_status":"closed","ping_status":"closed","template":"","meta":{"om_disable_all_campaigns":false,"footnotes":""},"class_list":["post-3372","page","type-page","status-publish","hentry"],"_links":{"self":[{"href":"https:\/\/scholbach.de\/es\/wp-json\/wp\/v2\/pages\/3372","targetHints":{"allow":["GET"]}}],"collection":[{"href":"https:\/\/scholbach.de\/es\/wp-json\/wp\/v2\/pages"}],"about":[{"href":"https:\/\/scholbach.de\/es\/wp-json\/wp\/v2\/types\/page"}],"author":[{"embeddable":true,"href":"https:\/\/scholbach.de\/es\/wp-json\/wp\/v2\/users\/5"}],"replies":[{"embeddable":true,"href":"https:\/\/scholbach.de\/es\/wp-json\/wp\/v2\/comments?post=3372"}],"version-history":[{"count":45,"href":"https:\/\/scholbach.de\/es\/wp-json\/wp\/v2\/pages\/3372\/revisions"}],"predecessor-version":[{"id":8550,"href":"https:\/\/scholbach.de\/es\/wp-json\/wp\/v2\/pages\/3372\/revisions\/8550"}],"wp:attachment":[{"href":"https:\/\/scholbach.de\/es\/wp-json\/wp\/v2\/media?parent=3372"}],"curies":[{"name":"wp","href":"https:\/\/api.w.org\/{rel}","templated":true}]}}