{"id":2853,"date":"2019-01-24T21:21:06","date_gmt":"2019-01-24T21:21:06","guid":{"rendered":"https:\/\/scholbach.de\/?page_id=2853"},"modified":"2024-12-01T13:57:11","modified_gmt":"2024-12-01T12:57:11","slug":"checkliste-gefaesskompressionssyndrome","status":"publish","type":"page","link":"https:\/\/scholbach.de\/es\/gefaesskompressionsphaenomene-darstellung-fuer-patientinnen-und-patienten\/checkliste-gefaesskompressionssyndrome","title":{"rendered":"Lista de control S\u00edndromes de compresi\u00f3n vascular"},"content":{"rendered":"<p>La ecograf\u00eda d\u00faplex en color funcional y cuantitativa debe utilizarse para detectar o descartar s\u00edndromes de compresi\u00f3n vascular en los siguientes s\u00edntomas, a menudo cr\u00f3nicos y pronunciados:<\/p>\n<p>&nbsp;<\/p>\n<p><a id=\"principio\" href=\"#cavidad abdominal\">cavidad abdominal<\/a>, <a href=\"#la pelvis\">pelvis<\/a>, <a href=\"#el t\u00f3rax\">t\u00f3rax<\/a>, <a href=\"#la cabeza\">cabeza<\/a>, <a href=\"#la espalda\">espalda<\/a>, <a href=\"#las piernas\">piernas<\/a> y <a href=\"#s\u00edntomas vegetativos\">s\u00edntomas vegetativos<\/a><\/p>\n<p>&nbsp;<\/p>\n<h4><a name=\" cavidad abdominal\"><\/a> cavidad abdominal<\/h4>\n<p>dolor cr\u00f3nico, especialmente en la parte superior del abdomen, debajo del estern\u00f3n<\/p>\n<p>Dolor de costado &#8211; especialmente en el lado izquierdo.<\/p>\n<p>Aumento del dolor despu\u00e9s de la comida<\/p>\n<p>incapacidad para comer lo suficiente<\/p>\n<p>Problemas para consumir alimentos s\u00f3lidos<\/p>\n<p>Sentir que la comida est\u00e1 atascada<\/p>\n<p>V\u00f3mitos, eructos, v\u00f3mitos biliares<\/p>\n<p>Cambio de los s\u00edntomas cuando cambia la posici\u00f3n del cuerpo o la postura<\/p>\n<p>Problemas de intestino irritable: Estre\u00f1imiento alternado con diarrea<\/p>\n<p>Debilidad del est\u00f3mago y del peristaltismo intestinal.<\/p>\n<p>est\u00f3mago en forma de gancho, a veces muy por debajo del ombligo<\/p>\n<p>n\u00e1useas persistentes, especialmente cuando son provocadas por la ingesta de alimentos<\/p>\n<p>Inapetencia (p\u00e9rdida de apetito \/ saturaci\u00f3n r\u00e1pida con ingesta insuficiente de alimentos)<\/p>\n<p>P\u00e9rdida de peso severa e indeseada.<\/p>\n<p>Hemorroides \/ sangrado intestinal (si no se explica despu\u00e9s de una colonoscopia)<\/p>\n<p>reflujo \u00e1cido g\u00e1strico severo (reflujo gastroesof\u00e1gico), si no hay mejor\u00eda despu\u00e9s de la gastroscopia y la terapia adecuada de las causas usuales<\/p>\n<p>Hinchaz\u00f3n masiva del abdomen despu\u00e9s de la comida.<\/p>\n<p><a href=\"#volver al principio\">volver al principio<\/a><\/p>\n<p>&nbsp;<\/p>\n<h4><a name=\"s\u00edntomas vegetativos\"><\/a> <strong>s\u00edntomas vegetativos<\/strong><\/h4>\n<p>mareo<\/p>\n<p>falsificar<\/p>\n<p>palpitaciones<\/p>\n<p>Episodios repentinos de diarrea.<\/p>\n<p>fluctuaciones de la presi\u00f3n arterial<\/p>\n<p>apagones<\/p>\n<p>Volverse negro ante los ojos<\/p>\n<p>Brotes de sudor, especialmente despu\u00e9s de la presi\u00f3n en la parte superior del abdomen.<\/p>\n<p>peristaltismo intestinal perturbado<\/p>\n<p>p\u00e9rdida de apetito<\/p>\n<p>n\u00e1usea, eructos<\/p>\n<p>p\u00e9rdida de peso<\/p>\n<p>Necesidad constante de orinar, s\u00f3lo durante el d\u00eda.<\/p>\n<p>cefaleas<\/p>\n<p>aturdimiento<\/p>\n<p><a href=\"#principio\">volver al principio<\/a><\/p>\n<p><a name=\"la pelvis\"><\/a><\/p>\n<h4><\/h4>\n<h4>la pelvis<\/h4>\n<p>dolores menstruales<\/p>\n<p>urgencia de orinar<\/p>\n<p>Ardor al orinar, frecuentemente recurrente, despu\u00e9s de la exclusi\u00f3n de una infecci\u00f3n del tracto urinario.<\/p>\n<p>Sangre en la orina (visible o s\u00f3lo detectable en el laboratorio)<\/p>\n<p>molestias<\/p>\n<p>durante el coito<\/p>\n<p>con una ligera presi\u00f3n en la parte inferior del abdomen<\/p>\n<p>generalizadora<\/p>\n<p>en el \u00e1rea de la presa<\/p>\n<p>en el movimiento intestinal<\/p>\n<p>micci\u00f3n<\/p>\n<p>dolor insoportable debajo del ombligo<\/p>\n<p>mejora del dolor al doblarse, al tensar las piernas, al levantarlas<\/p>\n<p>Aumento del dolor al estar de pie, al correr o bajo estr\u00e9s mental<\/p>\n<p>Dolor en la regi\u00f3n del ap\u00e9ndice despu\u00e9s de la exclusi\u00f3n de las causas comunes<\/p>\n<p>Dolor de endometriosis que no responde al tratamiento<\/p>\n<p><a href=\"#principio\">volver al principio<\/a><\/p>\n<p><a name=\"el t\u00f3rax\"><\/a><\/p>\n<h4><\/h4>\n<h4>el t\u00f3rax<\/h4>\n<p>dolor tor\u00e1cico: detr\u00e1s del estern\u00f3n, en la regi\u00f3n cardiaca<\/p>\n<p>Obstrucci\u00f3n respiratoria: no puede inhalar lo suficientemente profundo<\/p>\n<p>asma, que no responde al tratamiento para el asma<\/p>\n<p>Asma de causa incierta, en particular ataques respiratorios de emergencia graves, que se interpretan como ataques de asma.<\/p>\n<p>una aceleraci\u00f3n repentina del coraz\u00f3n durante un cambio de posici\u00f3n o despu\u00e9s de una comida<\/p>\n<p>s\u00edndrome de taquicardia postural<\/p>\n<p>inhalaci\u00f3n bloqueada<\/p>\n<p><a href=\"#principio\">volver al principio<\/a><\/p>\n<p><a name=\"la cabeza\"><\/a><\/p>\n<h4><\/h4>\n<h4>la cabeza<\/h4>\n<p>Observaci\u00f3n preliminar: en caso de s\u00edntomas graves y progresivos, siempre debe preceder al diagn\u00f3stico un diagn\u00f3stico exhaustivo por parte de neur\u00f3logos, otorrinolaring\u00f3logos, oftalm\u00f3logos y radi\u00f3logos.<\/p>\n<p>dolor de cabeza cr\u00f3nico en el dolor abdominal cr\u00f3nico<\/p>\n<p>Obstrucci\u00f3n de la respiraci\u00f3n nasal por la ma\u00f1ana, que desaparece poco despu\u00e9s de levantarse.<\/p>\n<p>Hemorragias nasales de causa desconocida<\/p>\n<p>jaqueca<\/p>\n<p>Dolores de cabeza en el cuello, dolor que se propaga desde el cuello a toda la cabeza.<\/p>\n<p>Mareos de causa desconocida<\/p>\n<p><a href=\"#principio\">volver al principio<\/a><\/p>\n<p><a name=\"la espalda\"><\/a><\/p>\n<h4><\/h4>\n<h4>la espalda<\/h4>\n<p>dolor de espalda, especialmente en el lado izquierdo<\/p>\n<p>escoliosis<\/p>\n<p>lordosis grave<\/p>\n<p>dolores puls\u00e1tiles<\/p>\n<p><a href=\"#principio\">volver al principio<\/a><\/p>\n<p><a name=\"las piernas\"><\/a><\/p>\n<h4><\/h4>\n<h4>las piernas<\/h4>\n<p>Debilidad y par\u00e1lisis de las piernas &#8211; los diagn\u00f3sticos neurol\u00f3gicos y radiol\u00f3gicos est\u00e1n, por supuesto, en primer plano.<\/p>\n<p>Hinchaz\u00f3n de las piernas o los pies, especialmente en la izquierda, y m\u00e1s tarde tambi\u00e9n en la derecha.<\/p>\n<p>venas varicosas, especialmente en la izquierda, m\u00e1s tarde a menudo tambi\u00e9n en la derecha<\/p>\n<p>importancia<\/p>\n<p>Hormigueo, entumecimiento &#8211; el diagn\u00f3stico neurol\u00f3gico es, por supuesto, el primer paso.<\/p>\n<p>trombosis<\/p>\n<p><a href=\"#principio\">volver al principio<\/a><\/p>\n<p>&nbsp;<\/p>\n<p>&nbsp;<\/p>","protected":false},"excerpt":{"rendered":"<p>La ecograf\u00eda d\u00faplex en color funcional y cuantitativa debe utilizarse para detectar o descartar s\u00edndromes de compresi\u00f3n vascular en los siguientes s\u00edntomas, a menudo cr\u00f3nicos y pronunciados: &nbsp; cavidad abdominal, pelvis, t\u00f3rax, cabeza, espalda, piernas y s\u00edntomas vegetativos &nbsp; cavidad abdominal dolor cr\u00f3nico, especialmente en la parte superior del abdomen, debajo del estern\u00f3n Dolor de [&hellip;]<\/p>\n","protected":false},"author":5,"featured_media":0,"parent":2962,"menu_order":1,"comment_status":"closed","ping_status":"closed","template":"","meta":{"om_disable_all_campaigns":false,"footnotes":""},"class_list":["post-2853","page","type-page","status-publish","hentry"],"_links":{"self":[{"href":"https:\/\/scholbach.de\/es\/wp-json\/wp\/v2\/pages\/2853","targetHints":{"allow":["GET"]}}],"collection":[{"href":"https:\/\/scholbach.de\/es\/wp-json\/wp\/v2\/pages"}],"about":[{"href":"https:\/\/scholbach.de\/es\/wp-json\/wp\/v2\/types\/page"}],"author":[{"embeddable":true,"href":"https:\/\/scholbach.de\/es\/wp-json\/wp\/v2\/users\/5"}],"replies":[{"embeddable":true,"href":"https:\/\/scholbach.de\/es\/wp-json\/wp\/v2\/comments?post=2853"}],"version-history":[{"count":77,"href":"https:\/\/scholbach.de\/es\/wp-json\/wp\/v2\/pages\/2853\/revisions"}],"predecessor-version":[{"id":8923,"href":"https:\/\/scholbach.de\/es\/wp-json\/wp\/v2\/pages\/2853\/revisions\/8923"}],"up":[{"embeddable":true,"href":"https:\/\/scholbach.de\/es\/wp-json\/wp\/v2\/pages\/2962"}],"wp:attachment":[{"href":"https:\/\/scholbach.de\/es\/wp-json\/wp\/v2\/media?parent=2853"}],"curies":[{"name":"wp","href":"https:\/\/api.w.org\/{rel}","templated":true}]}}