{"id":24,"date":"2015-12-26T14:31:49","date_gmt":"2015-12-26T14:31:49","guid":{"rendered":"http:\/\/wp12612379.server-he.de\/?page_id=24"},"modified":"2024-11-18T13:19:59","modified_gmt":"2024-11-18T12:19:59","slug":"expertise","status":"publish","type":"page","link":"https:\/\/scholbach.de\/es\/expertise","title":{"rendered":"Perfil"},"content":{"rendered":"<p>&nbsp;<\/p>\n<p><strong>Cualificaci\u00f3n acad\u00e9mica<\/strong><\/p>\n<ul>\n<li>M\u00e9dico especializado en Pediatr\u00eda<\/li>\n<li>Doctorado con la tesis <em>Prueba de mediadores de respuestas inmunitarias mediante c\u00e9lulas con ayuda de un test NBT optimizado analizado de forma espectrofotom\u00e9trica<\/em><\/li>\n<li>Habilitaci\u00f3n mediante la tesis <em>Exploraciones con ecograf\u00edas d\u00faplex de los ri\u00f1ones de ni\u00f1os sanos y de ni\u00f1os con s\u00edndrome hemol\u00edtico ur\u00e9mico<\/em><\/li>\n<li>Otorgamiento de la venia legendi por la Universidad de Leipzig<\/li>\n<li>Profesor en la Technische Universit\u00e4t de Dresde<\/li>\n<li>Director de estudios internacionales<\/li>\n<li><u>M\u00e1s de 100 publicaciones cient\u00edficas y contribuciones en libros a nivel internacional<\/u><\/li>\n<li>Introducci\u00f3n del <u>M\u00e9todo PixelFlux<\/u>; primeras mediciones a nivel mundial de la perfusi\u00f3n tisular por ultrasonido<\/li>\n<\/ul>\n<p>&nbsp;<\/p>\n<p>Certificados<\/p>\n<ul>\n<li>Hasta que deje DEGUM el 31.12.2023: Formador en la <u>Deutsche Gesellschaft f\u00fcr Ultraschallgesellschaft in der Medizin (DEGUM) Stufe III (\u201eCompetencia especializada de orientaci\u00f3n cient\u00edfica para cuestiones particulares\u201c)<\/u><\/li>\n<\/ul>\n<p>Conferencias<\/p>\n<p>Ponencias y presentaciones en<\/p>\n<ul>\n<li>Congresos mundiales sobre la ecograf\u00eda y la ecograf\u00eda en la Obstetricia<\/li>\n<li>Congresos europeos sobre el ri\u00f1\u00f3n<\/li>\n<li>Congresos alemanes, europeos e internacionales sobre la ecograf\u00eda<\/li>\n<li>Congresos de Pediatr\u00eda<\/li>\n<li>Invitaciones a ofrecer ponencias en el extranjero (China, Canad\u00e1, Suiza, B\u00e9lgica, Noruega, Taiw\u00e1n)<\/li>\n<\/ul>\n<p>Premios<\/p>\n<ul>\n<li><a href=\"http:\/\/www.degum.de\/nc\/aktuelles\/degum-ultraschall\/im-detail\/news\/mitglied-der-sektion-paediatrie-auf-dem-euroson-kongress-ausgezeichnet.html\"><u>Galardonado por la Sociedad Europea de Ultrasonidos<\/u><\/a> (EFSUMB)<\/li>\n<li>Galardonado varias veces por la Sociedad Alemana de Ultrasonidos (DEGUM)<\/li>\n<li>Premio Arthur-Schlossmann y premios de la sociedad S\u00e4chsisch-Th\u00fcringische Gesellschaft f\u00fcr Kinder- und Jugendmedizin und Kinderchirurgie e.V..<\/li>\n<\/ul>\n<p><\/p>","protected":false},"excerpt":{"rendered":"<p>&nbsp; Cualificaci\u00f3n acad\u00e9mica M\u00e9dico especializado en Pediatr\u00eda Doctorado con la tesis Prueba de mediadores de respuestas inmunitarias mediante c\u00e9lulas con ayuda de un test NBT optimizado analizado de forma espectrofotom\u00e9trica Habilitaci\u00f3n mediante la tesis Exploraciones con ecograf\u00edas d\u00faplex de los ri\u00f1ones de ni\u00f1os sanos y de ni\u00f1os con s\u00edndrome hemol\u00edtico ur\u00e9mico Otorgamiento de la venia [&hellip;]<\/p>\n","protected":false},"author":4,"featured_media":0,"parent":0,"menu_order":6,"comment_status":"closed","ping_status":"closed","template":"","meta":{"om_disable_all_campaigns":false,"footnotes":""},"class_list":["post-24","page","type-page","status-publish","hentry"],"_links":{"self":[{"href":"https:\/\/scholbach.de\/es\/wp-json\/wp\/v2\/pages\/24","targetHints":{"allow":["GET"]}}],"collection":[{"href":"https:\/\/scholbach.de\/es\/wp-json\/wp\/v2\/pages"}],"about":[{"href":"https:\/\/scholbach.de\/es\/wp-json\/wp\/v2\/types\/page"}],"author":[{"embeddable":true,"href":"https:\/\/scholbach.de\/es\/wp-json\/wp\/v2\/users\/4"}],"replies":[{"embeddable":true,"href":"https:\/\/scholbach.de\/es\/wp-json\/wp\/v2\/comments?post=24"}],"version-history":[{"count":52,"href":"https:\/\/scholbach.de\/es\/wp-json\/wp\/v2\/pages\/24\/revisions"}],"predecessor-version":[{"id":8920,"href":"https:\/\/scholbach.de\/es\/wp-json\/wp\/v2\/pages\/24\/revisions\/8920"}],"wp:attachment":[{"href":"https:\/\/scholbach.de\/es\/wp-json\/wp\/v2\/media?parent=24"}],"curies":[{"name":"wp","href":"https:\/\/api.w.org\/{rel}","templated":true}]}}