{"id":2360,"date":"2018-09-19T17:33:39","date_gmt":"2018-09-19T17:33:39","guid":{"rendered":"http:\/\/scholbach.de\/?page_id=2360"},"modified":"2020-12-04T20:27:26","modified_gmt":"2020-12-04T20:27:26","slug":"quantifizierung-der-gefaesskompressionssyndrome-mit-der-pixelflux-technik","status":"publish","type":"page","link":"https:\/\/scholbach.de\/es\/wissenschaft\/deutsch-ultraschalldiagnostik\/deutsch-gefaskompressionen\/nussknacker\/quantifizierung-der-gefaesskompressionssyndrome-mit-der-pixelflux-technik","title":{"rendered":"Evaluation of vascular compressions with the PixelFlux-method"},"content":{"rendered":"<p class=\"qtranxs-available-languages-message qtranxs-available-languages-message-es\">Disculpa, pero esta entrada est\u00e1 disponible s\u00f3lo en <a href=\"https:\/\/scholbach.de\/en\/wp-json\/wp\/v2\/pages\/2360\" class=\"qtranxs-available-language-link qtranxs-available-language-link-en\" title=\"English\">English<\/a>, <a href=\"https:\/\/scholbach.de\/de\/wp-json\/wp\/v2\/pages\/2360\" class=\"qtranxs-available-language-link qtranxs-available-language-link-de\" title=\"Deutsch\">Deutsch<\/a>, <a href=\"https:\/\/scholbach.de\/it\/wp-json\/wp\/v2\/pages\/2360\" class=\"qtranxs-available-language-link qtranxs-available-language-link-it\" title=\"Italiano\">Italiano<\/a>, <a href=\"https:\/\/scholbach.de\/pl\/wp-json\/wp\/v2\/pages\/2360\" class=\"qtranxs-available-language-link qtranxs-available-language-link-pl\" title=\"Polski\">Polski<\/a>, <a href=\"https:\/\/scholbach.de\/pt\/wp-json\/wp\/v2\/pages\/2360\" class=\"qtranxs-available-language-link qtranxs-available-language-link-pt\" title=\"Portugu\u00eas\">Portugu\u00eas<\/a>, <a href=\"https:\/\/scholbach.de\/in\/wp-json\/wp\/v2\/pages\/2360\" class=\"qtranxs-available-language-link qtranxs-available-language-link-in\" title=\"\u092d\u093e\u0930\u0924\">\u092d\u093e\u0930\u0924<\/a> y <a href=\"https:\/\/scholbach.de\/ja\/wp-json\/wp\/v2\/pages\/2360\" class=\"qtranxs-available-language-link qtranxs-available-language-link-ja\" title=\"\u65e5\u672c\u8a9e\">\u65e5\u672c\u8a9e<\/a>.<\/p><p>All venous compression syndromes interfere with each other via collateral veins.\u00a0 The overwhelming volume load comes from the left renal vein. The PixelFlux-measurement of renal perfusion is thus crucial for a successful treatment concept.<\/p>\n<p><a href=\"https:\/\/scholbach.de\/wp-content\/uploads\/2018\/09\/PixelFlux-Measurements-for-evaluation-of-left-renal-vein-compression-aka-Nutcracker-syndrome-EUROSON-September-2018.pptx\">PixelFlux Measurements for evaluation of left renal vein compression aka Nutcracker-syndrome EUROSON September 2018<\/a><\/p>","protected":false},"excerpt":{"rendered":"<p>Disculpa, pero esta entrada est\u00e1 disponible s\u00f3lo en English, Deutsch, Italiano, Polski, Portugu\u00eas, \u092d\u093e\u0930\u0924 y \u65e5\u672c\u8a9e.All venous compression syndromes interfere with each other via collateral veins.\u00a0 The overwhelming volume load comes from the left renal vein. The PixelFlux-measurement of renal perfusion is thus crucial for a successful treatment concept. PixelFlux Measurements for evaluation of left [&hellip;]<\/p>\n","protected":false},"author":5,"featured_media":0,"parent":225,"menu_order":2,"comment_status":"closed","ping_status":"closed","template":"","meta":{"om_disable_all_campaigns":false,"footnotes":""},"class_list":["post-2360","page","type-page","status-publish","hentry"],"_links":{"self":[{"href":"https:\/\/scholbach.de\/es\/wp-json\/wp\/v2\/pages\/2360","targetHints":{"allow":["GET"]}}],"collection":[{"href":"https:\/\/scholbach.de\/es\/wp-json\/wp\/v2\/pages"}],"about":[{"href":"https:\/\/scholbach.de\/es\/wp-json\/wp\/v2\/types\/page"}],"author":[{"embeddable":true,"href":"https:\/\/scholbach.de\/es\/wp-json\/wp\/v2\/users\/5"}],"replies":[{"embeddable":true,"href":"https:\/\/scholbach.de\/es\/wp-json\/wp\/v2\/comments?post=2360"}],"version-history":[{"count":10,"href":"https:\/\/scholbach.de\/es\/wp-json\/wp\/v2\/pages\/2360\/revisions"}],"predecessor-version":[{"id":6177,"href":"https:\/\/scholbach.de\/es\/wp-json\/wp\/v2\/pages\/2360\/revisions\/6177"}],"up":[{"embeddable":true,"href":"https:\/\/scholbach.de\/es\/wp-json\/wp\/v2\/pages\/225"}],"wp:attachment":[{"href":"https:\/\/scholbach.de\/es\/wp-json\/wp\/v2\/media?parent=2360"}],"curies":[{"name":"wp","href":"https:\/\/api.w.org\/{rel}","templated":true}]}}