{"id":2345,"date":"2018-09-19T13:29:14","date_gmt":"2018-09-19T13:29:14","guid":{"rendered":"http:\/\/scholbach.de\/?page_id=2345"},"modified":"2023-05-14T21:48:22","modified_gmt":"2023-05-14T19:48:22","slug":"alle-abdominalen-kompressionssyndrome-liegen-in-der-lordose-begruendet","status":"publish","type":"page","link":"https:\/\/scholbach.de\/es\/lordose-hohlkreuz\/alle-abdominalen-kompressionssyndrome-liegen-in-der-lordose-begruendet","title":{"rendered":"All compression syndromes are one: the spectrum of lordogenetic compressions"},"content":{"rendered":"<p class=\"qtranxs-available-languages-message qtranxs-available-languages-message-es\">Disculpa, pero esta entrada est\u00e1 disponible s\u00f3lo en <a href=\"https:\/\/scholbach.de\/en\/wp-json\/wp\/v2\/pages\/2345\" class=\"qtranxs-available-language-link qtranxs-available-language-link-en\" title=\"English\">English<\/a>, <a href=\"https:\/\/scholbach.de\/de\/wp-json\/wp\/v2\/pages\/2345\" class=\"qtranxs-available-language-link qtranxs-available-language-link-de\" title=\"Deutsch\">Deutsch<\/a>, <a href=\"https:\/\/scholbach.de\/it\/wp-json\/wp\/v2\/pages\/2345\" class=\"qtranxs-available-language-link qtranxs-available-language-link-it\" title=\"Italiano\">Italiano<\/a>, <a href=\"https:\/\/scholbach.de\/pl\/wp-json\/wp\/v2\/pages\/2345\" class=\"qtranxs-available-language-link qtranxs-available-language-link-pl\" title=\"Polski\">Polski<\/a>, <a href=\"https:\/\/scholbach.de\/pt\/wp-json\/wp\/v2\/pages\/2345\" class=\"qtranxs-available-language-link qtranxs-available-language-link-pt\" title=\"Portugu\u00eas\">Portugu\u00eas<\/a>, <a href=\"https:\/\/scholbach.de\/in\/wp-json\/wp\/v2\/pages\/2345\" class=\"qtranxs-available-language-link qtranxs-available-language-link-in\" title=\"\u092d\u093e\u0930\u0924\">\u092d\u093e\u0930\u0924<\/a> y <a href=\"https:\/\/scholbach.de\/ja\/wp-json\/wp\/v2\/pages\/2345\" class=\"qtranxs-available-language-link qtranxs-available-language-link-ja\" title=\"\u65e5\u672c\u8a9e\">\u65e5\u672c\u8a9e<\/a>.<\/p><p>This is my talk at the European ultrasound congress 2018 in Poznan\/Poland\u00a0 (06.-08-09.2018) describing the causal relationship of human upright stance and bipedal gait , causing lumbar lordosis which, if severe enough,\u00a0 causes all abdominal compression syndromes. They usually developo one after the other after the growth spurt at the beginning of puberty, mainly in girls \/women.\u00a0 Lordogenetic Midline Syndrome Euroson congress September 2018.<\/p>\n<p>&nbsp;<\/p>\n<p>&nbsp;<\/p>\n<p>In honor of my father<\/p>\n<p>&nbsp;<\/p>\n<p>ao. Doz. Dr. med. habil. Manfred Traugott Scholbach<\/p>\n<p>&nbsp;<\/p>\n<p>(01.07.1928 &#8211; 22.09.2020)<\/p>\n<p>&nbsp;<\/p>\n<p>orthopedic surgeon<\/p>\n<p>&nbsp;<\/p>\n<p>who detected by systematic functional anatomical research that a human hip joint cannot be stretched more than ca. 45 \u00b0 from a 90\u00b0 perpendicular position related to the orientation of the spine. He recognized that the apparently \u00abnormal\u00bb human bipedal stance thus requires a full extension of the hip joint plus an anterior tilt of the pelvis.<\/p>\n<p>&nbsp;<\/p>\n<p>This was my theoretical advantage, since my father explained me this many times during the family gatherings at dinner tables during my childhood, later allowing me to understand why the uplifted , protruding sacral bone and lumbar spine in humans,\u00a0 the only lordotic animal, compress many prespinal structures , the (vascular) compression syndromes.<\/p>\n<p><a href=\"https:\/\/scholbach.de\/wp-content\/uploads\/2019\/11\/Lordogenetic-MLS-Poznan-final-korr-2019-11-21.pdf\" class=\"pdfemb-viewer\" style=\"\" data-width=\"max\" data-height=\"max\" data-mobile-width=\"500\"  data-scrollbar=\"none\" data-download=\"on\" data-tracking=\"on\" data-newwindow=\"on\" data-pagetextbox=\"off\" data-scrolltotop=\"off\" data-startzoom=\"100\" data-startfpzoom=\"100\" data-toolbar=\"both\" data-toolbar-fixed=\"off\">Lordogenetic MLS Poznan final korr 2019 11 21<br\/><\/a><\/p>","protected":false},"excerpt":{"rendered":"<p>Disculpa, pero esta entrada est\u00e1 disponible s\u00f3lo en English, Deutsch, Italiano, Polski, Portugu\u00eas, \u092d\u093e\u0930\u0924 y \u65e5\u672c\u8a9e.This is my talk at the European ultrasound congress 2018 in Poznan\/Poland\u00a0 (06.-08-09.2018) describing the causal relationship of human upright stance and bipedal gait , causing lumbar lordosis which, if severe enough,\u00a0 causes all abdominal compression syndromes. They usually developo [&hellip;]<\/p>\n","protected":false},"author":5,"featured_media":0,"parent":1236,"menu_order":1,"comment_status":"closed","ping_status":"closed","template":"","meta":{"om_disable_all_campaigns":false,"footnotes":""},"class_list":["post-2345","page","type-page","status-publish","hentry"],"_links":{"self":[{"href":"https:\/\/scholbach.de\/es\/wp-json\/wp\/v2\/pages\/2345","targetHints":{"allow":["GET"]}}],"collection":[{"href":"https:\/\/scholbach.de\/es\/wp-json\/wp\/v2\/pages"}],"about":[{"href":"https:\/\/scholbach.de\/es\/wp-json\/wp\/v2\/types\/page"}],"author":[{"embeddable":true,"href":"https:\/\/scholbach.de\/es\/wp-json\/wp\/v2\/users\/5"}],"replies":[{"embeddable":true,"href":"https:\/\/scholbach.de\/es\/wp-json\/wp\/v2\/comments?post=2345"}],"version-history":[{"count":12,"href":"https:\/\/scholbach.de\/es\/wp-json\/wp\/v2\/pages\/2345\/revisions"}],"predecessor-version":[{"id":8039,"href":"https:\/\/scholbach.de\/es\/wp-json\/wp\/v2\/pages\/2345\/revisions\/8039"}],"up":[{"embeddable":true,"href":"https:\/\/scholbach.de\/es\/wp-json\/wp\/v2\/pages\/1236"}],"wp:attachment":[{"href":"https:\/\/scholbach.de\/es\/wp-json\/wp\/v2\/media?parent=2345"}],"curies":[{"name":"wp","href":"https:\/\/api.w.org\/{rel}","templated":true}]}}