{"id":225,"date":"2016-01-24T22:03:08","date_gmt":"2016-01-24T22:03:08","guid":{"rendered":"http:\/\/wp12612379.server-he.de\/?page_id=225"},"modified":"2021-09-11T10:29:39","modified_gmt":"2021-09-11T10:29:39","slug":"nussknacker","status":"publish","type":"page","link":"https:\/\/scholbach.de\/es\/wissenschaft\/deutsch-ultraschalldiagnostik\/deutsch-gefaskompressionen\/nussknacker","title":{"rendered":"El fen\u00f3meno del cascanueces \/ s\u00edndrome del cascanueces"},"content":{"rendered":"<p>El fen\u00f3meno del cascanueces<\/p>\n<p>El fen\u00f3meno del cascanueces es un fen\u00f3meno de compresi\u00f3n vascular muy frecuente. En los \u00faltimos 20 a\u00f1os he diagnosticado y tratado a cientos de pacientes con esta patolog\u00eda.<\/p>\n<p>Se origina \u2013hablando desde un punto de vista evolutivo \u2013por el paso erguido del ser humano y la curvatura de la columna lumbar que se deriva de este (\u201clordosis\u201d). Los s\u00edntomas m\u00e1s frecuentes son el dolor abdominal, el dolor en el costado (con frecuencia el costado derecho), una lordosis de convexidad izquierda en la regi\u00f3n lumbar, dolor en el bajo vientre (en mujeres y adolescentes la mayor parte de las veces sobre el ovario izquierdo), dolor de espalda, dolor de cabeza, hemorroides y dolor en la zona genital (dispareunia \u2013 coitos dolorosos, dolor en los test\u00edculos). El diagn\u00f3stico puede realizarse de forma inequ\u00edvoca con la ayuda de una ecograf\u00eda doppler a color.<\/p>\n<p>Se habla del s\u00edndrome del cascanueces cuando a dichos s\u00edntomas se suma tambi\u00e9n una hematuria, o sea, una secreci\u00f3n de sangre en la orina.<\/p>\n<p>La siguiente ilustraci\u00f3n muestra una representaci\u00f3n esquem\u00e1tica de una vena renal congestionada entre la aorta y la arteria mesent\u00e9rica superior: el c\u00edrculo azul m\u00e1s grande es la secci\u00f3n transversal de la aorta, el c\u00edrculo azul m\u00e1s peque\u00f1o representa la arteria mesent\u00e9rica. La vena renal est\u00e1 representada en rojo, proviene del lado derecho y es comprimida por ambas arterias, lo cual deriva en un estancamiento:<\/p>\n<p><img decoding=\"async\" class=\"alignnone size-large wp-image-331\" src=\"http:\/\/wp12612379.server-he.de\/wp-content\/uploads\/2016\/06\/Folie40-1024x576.jpg\" alt=\"Folie40\" width=\"100%\" height=\"auto\" srcset=\"https:\/\/scholbach.de\/wp-content\/uploads\/2016\/06\/Folie40-1024x576.jpg 1024w, https:\/\/scholbach.de\/wp-content\/uploads\/2016\/06\/Folie40-300x169.jpg 300w, https:\/\/scholbach.de\/wp-content\/uploads\/2016\/06\/Folie40.jpg 1280w\" sizes=\"(max-width: 1024px) 100vw, 1024px\" \/><\/p>\n<p>La siguiente imagen muestra la misma situaci\u00f3n en la imagen de ultrasonido:<\/p>\n<p><img decoding=\"async\" class=\"alignnone size-large wp-image-403\" src=\"http:\/\/wp12612379.server-he.de\/wp-content\/uploads\/2016\/01\/nussknacker_01.jpg\" alt=\"nussknacker_01\" width=\"100%\" height=\"auto\" srcset=\"https:\/\/scholbach.de\/wp-content\/uploads\/2016\/01\/nussknacker_01.jpg 467w, https:\/\/scholbach.de\/wp-content\/uploads\/2016\/01\/nussknacker_01-300x279.jpg 300w\" sizes=\"(max-width: 467px) 100vw, 467px\" \/><\/p>\n<p><strong>Circulaci\u00f3n colateral y dolencias derivadas<\/strong><\/p>\n<p>Dado que la congesti\u00f3n de la vena renal izquierda impide el flujo sangu\u00edneo normal, a menudo ocurre que \u00e9ste busca un recorrido alternativo. Por ello es frecuente que tenga lugar una congesti\u00f3n de los \u00f3rganos p\u00e9lvicos y como consecuencia alteraciones funcionales y dolores. S\u00edntomas frecuentes son las ganas de orinar sin que la vejiga est\u00e9 llena, molestias en la menstruaci\u00f3n, dolor al defecar en caso de tener hemorroides, dolor genital, congesti\u00f3n de las venas de la pierna y del perineo izquierdos, as\u00ed como tendencia a la trombosis en la pierna izquierda.<\/p>\n<p>Un recorrido alternativo frecuente discurre por la vena del ovario izquierdo. \u00c9sta se desv\u00eda tomando sangre proveniente de la vena renal izquierda congestionada y conduci\u00e9ndola mediante flujo reverso a trav\u00e9s del ovario izquierdo hacia las venas del lado izquierdo de la pelvis, o bien, dado que el flujo sangu\u00edneo tambi\u00e9n podr\u00eda estar obstaculizado aqu\u00ed, a trav\u00e9s del \u00fatero hacia el lado derecho de la vena cava inferior. En la imagen ecogr\u00e1fica la vena del ovario izquierdo aparece dilatada y a menudo en forma de zigzag, como resultado del aumento de la presi\u00f3n debido a la congesti\u00f3n de la vena renal. La consecuencia son dolores en el lado izquierdo del bajo vientre.<\/p>\n<p><img decoding=\"async\" class=\"alignnone size-large wp-image-402\" src=\"http:\/\/wp12612379.server-he.de\/wp-content\/uploads\/2016\/01\/nussknacker_02.jpg\" alt=\"nussknacker_02\" width=\"100%\" height=\"auto\" srcset=\"https:\/\/scholbach.de\/wp-content\/uploads\/2016\/01\/nussknacker_02.jpg 824w, https:\/\/scholbach.de\/wp-content\/uploads\/2016\/01\/nussknacker_02-300x214.jpg 300w\" sizes=\"(max-width: 824px) 100vw, 824px\" \/><\/p>\n<p>Otro fen\u00f3meno que surge como consecuencia de la desviaci\u00f3n de la sangre de la vena renal a trav\u00e9s de la vena del ovario izquierdo es la formaci\u00f3n de varices en el \u00fatero. La consecuencia son dolores en el bajo vientre y en la regi\u00f3n abdominal izquierda:<\/p>\n<p><img decoding=\"async\" class=\"alignnone size-full wp-image-401\" src=\"http:\/\/wp12612379.server-he.de\/wp-content\/uploads\/2016\/01\/nussknacker_03.jpg\" alt=\"nussknacker_03\" width=\"100%\" height=\"auto\" srcset=\"https:\/\/scholbach.de\/wp-content\/uploads\/2016\/01\/nussknacker_03.jpg 323w, https:\/\/scholbach.de\/wp-content\/uploads\/2016\/01\/nussknacker_03-300x211.jpg 300w\" sizes=\"(max-width: 323px) 100vw, 323px\" \/><\/p>\n<p>La siguiente animaci\u00f3n ilustra los obst\u00e1culos que encuentra el flujo sangu\u00edneo proveniente del ri\u00f1\u00f3n izquierdo en caso de s\u00edndrome del cascanueces.<\/p>\n<div style=\"width: 640px;\" class=\"wp-video\"><video class=\"wp-video-shortcode\" id=\"video-225-6\" width=\"640\" height=\"360\" preload=\"metadata\" controls=\"controls\"><source type=\"video\/mp4\" src=\"http:\/\/wp12612379.server-he.de\/wp-content\/uploads\/2016\/01\/Nussknackerph\u00e4nomen.mp4?_=6\" \/><a href=\"http:\/\/wp12612379.server-he.de\/wp-content\/uploads\/2016\/01\/Nussknackerph\u00e4nomen.mp4\">http:\/\/wp12612379.server-he.de\/wp-content\/uploads\/2016\/01\/Nussknackerph\u00e4nomen.mp4<\/a><\/video><\/div>\n<p><strong>Posibilidades terap\u00e9uticas<\/strong><\/p>\n<p>La terapia comienza con ejercicios para la reducci\u00f3n de la lordosis y puede ser complementada a trav\u00e9s de cirug\u00eda vascular o de medicamentaci\u00f3n. El efecto de todas las terapias puede ser medido con exactitud de forma ecogr\u00e1fica a trav\u00e9s del riego sangu\u00edneo del ri\u00f1\u00f3n izquierdo y de la vena renal izquierda para poder realizar despu\u00e9s recomendaciones terap\u00e9uticas fundadas.<\/p>\n<p>&nbsp;<\/p>","protected":false},"excerpt":{"rendered":"<p>El fen\u00f3meno del cascanueces El fen\u00f3meno del cascanueces es un fen\u00f3meno de compresi\u00f3n vascular muy frecuente. En los \u00faltimos 20 a\u00f1os he diagnosticado y tratado a cientos de pacientes con esta patolog\u00eda. Se origina \u2013hablando desde un punto de vista evolutivo \u2013por el paso erguido del ser humano y la curvatura de la columna lumbar [&hellip;]<\/p>\n","protected":false},"author":4,"featured_media":0,"parent":66,"menu_order":1,"comment_status":"closed","ping_status":"closed","template":"","meta":{"om_disable_all_campaigns":false,"footnotes":""},"class_list":["post-225","page","type-page","status-publish","hentry"],"_links":{"self":[{"href":"https:\/\/scholbach.de\/es\/wp-json\/wp\/v2\/pages\/225","targetHints":{"allow":["GET"]}}],"collection":[{"href":"https:\/\/scholbach.de\/es\/wp-json\/wp\/v2\/pages"}],"about":[{"href":"https:\/\/scholbach.de\/es\/wp-json\/wp\/v2\/types\/page"}],"author":[{"embeddable":true,"href":"https:\/\/scholbach.de\/es\/wp-json\/wp\/v2\/users\/4"}],"replies":[{"embeddable":true,"href":"https:\/\/scholbach.de\/es\/wp-json\/wp\/v2\/comments?post=225"}],"version-history":[{"count":76,"href":"https:\/\/scholbach.de\/es\/wp-json\/wp\/v2\/pages\/225\/revisions"}],"predecessor-version":[{"id":6544,"href":"https:\/\/scholbach.de\/es\/wp-json\/wp\/v2\/pages\/225\/revisions\/6544"}],"up":[{"embeddable":true,"href":"https:\/\/scholbach.de\/es\/wp-json\/wp\/v2\/pages\/66"}],"wp:attachment":[{"href":"https:\/\/scholbach.de\/es\/wp-json\/wp\/v2\/media?parent=225"}],"curies":[{"name":"wp","href":"https:\/\/api.w.org\/{rel}","templated":true}]}}