{"id":20,"date":"2015-12-26T14:31:19","date_gmt":"2015-12-26T14:31:19","guid":{"rendered":"http:\/\/wp12612379.server-he.de\/?page_id=20"},"modified":"2022-01-19T17:39:36","modified_gmt":"2022-01-19T17:39:36","slug":"publikationen","status":"publish","type":"page","link":"https:\/\/scholbach.de\/es\/expertise\/publikationen","title":{"rendered":"Publicaciones"},"content":{"rendered":"<p>Publicaciones<\/p>\n<ul>\n<li><a href=\"http:\/\/wp12612379.server-he.de\/wp-content\/uploads\/2015\/12\/20150708-Publikationsliste.pdf\"><u>Listado de publicaciones<\/u><\/a><\/li>\n<li><a href=\"https:\/\/scholbach.de\/wp-content\/uploads\/2017\/06\/2017-06-04-Gef\u00e4\u00dfkompressionsph\u00e4nomene.pdf\"><u>Fen\u00f3menos de compresi\u00f3n vascular \u2013 Gu\u00eda para pacientes<\/u><\/a><\/li>\n<li><a href=\"http:\/\/wp12612379.server-he.de\/wp-content\/uploads\/2017\/16\/Vascular-compression-syndromes.pdf\"><u>S\u00edndromes de compresi\u00f3n vascular \u2013 Explicaci\u00f3n en lengua inglesa de los s\u00edndromes de compresi\u00f3n vascular<\/u><\/a><\/li>\n<li><a href=\"http:\/\/wp12612379.server-he.de\/wp-content\/uploads\/2015\/12\/Scholbach-Truncuskompression.pdf\"><u>Compresi\u00f3n del tronco en ni\u00f1os <\/u><\/a><\/li>\n<li><a href=\"http:\/\/wp12612379.server-he.de\/wp-content\/uploads\/2015\/12\/Scholbach-From-nutcracker-phenomenon-to-midline-congestion-syndrome-and-treatment-with-aspirin.pdf\"><u>Introducci\u00f3n del s\u00edndrome de la l\u00ednea media como consecuencia del s\u00edndrome del cascanueces<\/u><\/a><\/li>\n<li><a href=\"http:\/\/wp12612379.server-he.de\/wp-content\/uploads\/2015\/12\/Scholbach-The-Celiac-ganglion-artery-compression-syndrome-CGCS.pdf\"><u>Tronco cel\u00edaco \/ S\u00edndrome de compresi\u00f3n del ganglios cel\u00edaco \u2013 Resumen en lengua inglesa<\/u><\/a><\/li>\n<li><a href=\"http:\/\/wp12612379.server-he.de\/wp-content\/uploads\/2015\/12\/Can-we-measure-renal-perfusion.pdf\"><u>Medici\u00f3n de la perfusi\u00f3n tisular de ri\u00f1ones \u2013 Resumen introductorio (ingl\u00e9s)<\/u><\/a><\/li>\n<li><a href=\"http:\/\/wp12612379.server-he.de\/wp-content\/uploads\/2015\/12\/Scholbach-et-al-2014-Diabetes-bei-Kindern-Nachweis-von-Gef\u00e4\u00dfver\u00e4nderungen.pdf\"><u>Primera prueba ecogr\u00e1fica mundial de las alteraciones de los vasos renales en ni\u00f1os con diabetes mellitus<\/u><\/a><\/li>\n<\/ul>\n<p>\u00bfQuiere m\u00e1s? En ese caso, haga uso de la <a href=\"http:\/\/www.ncbi.nlm.nih.gov\/pubmed\/advanced\"><u>base de datos pubmed<\/u><\/a>, tal como lo hacen los profesionales que trabajan en las universidades o en las cl\u00ednicas. Introduzca una palabra clave o un autor y lea todos los res\u00famenes de los trabajos cient\u00edficos de forma gratuita. All\u00ed encontrar\u00e1 adem\u00e1s art\u00edculos \u00edntegros a coste cero. En caso de que aun as\u00ed siga teniendo preguntas, puede escribirme un e-mail.<\/p>\n<p>La t\u00e9cnica desarrollada por nosotros y premiada con muchos galardones, la medici\u00f3n ecogr\u00e1fica de la circulaci\u00f3n sangu\u00ednea PixelFlux, ha inspirado a <a href=\"https:\/\/scholar.google.de\/scholar?q=PixelFlux++blood&amp;btnG=&amp;hl=de&amp;as_sdt=1%2C5&amp;as_vis=1\"><u>investigadores de todo el mundo<\/u><\/a> a realizar sus propias publicaciones.<\/p>\n<p><a href=\"https:\/\/scholbach.de\/expertise\/www.scholbach.de\/impressum\"><u>Aviso legal<\/u><\/a><\/p>","protected":false},"excerpt":{"rendered":"<p>Publicaciones Listado de publicaciones Fen\u00f3menos de compresi\u00f3n vascular \u2013 Gu\u00eda para pacientes S\u00edndromes de compresi\u00f3n vascular \u2013 Explicaci\u00f3n en lengua inglesa de los s\u00edndromes de compresi\u00f3n vascular Compresi\u00f3n del tronco en ni\u00f1os Introducci\u00f3n del s\u00edndrome de la l\u00ednea media como consecuencia del s\u00edndrome del cascanueces Tronco cel\u00edaco \/ S\u00edndrome de compresi\u00f3n del ganglios cel\u00edaco \u2013 [&hellip;]<\/p>\n","protected":false},"author":4,"featured_media":0,"parent":24,"menu_order":2,"comment_status":"closed","ping_status":"closed","template":"","meta":{"om_disable_all_campaigns":false,"footnotes":""},"class_list":["post-20","page","type-page","status-publish","hentry"],"_links":{"self":[{"href":"https:\/\/scholbach.de\/es\/wp-json\/wp\/v2\/pages\/20","targetHints":{"allow":["GET"]}}],"collection":[{"href":"https:\/\/scholbach.de\/es\/wp-json\/wp\/v2\/pages"}],"about":[{"href":"https:\/\/scholbach.de\/es\/wp-json\/wp\/v2\/types\/page"}],"author":[{"embeddable":true,"href":"https:\/\/scholbach.de\/es\/wp-json\/wp\/v2\/users\/4"}],"replies":[{"embeddable":true,"href":"https:\/\/scholbach.de\/es\/wp-json\/wp\/v2\/comments?post=20"}],"version-history":[{"count":70,"href":"https:\/\/scholbach.de\/es\/wp-json\/wp\/v2\/pages\/20\/revisions"}],"predecessor-version":[{"id":6989,"href":"https:\/\/scholbach.de\/es\/wp-json\/wp\/v2\/pages\/20\/revisions\/6989"}],"up":[{"embeddable":true,"href":"https:\/\/scholbach.de\/es\/wp-json\/wp\/v2\/pages\/24"}],"wp:attachment":[{"href":"https:\/\/scholbach.de\/es\/wp-json\/wp\/v2\/media?parent=20"}],"curies":[{"name":"wp","href":"https:\/\/api.w.org\/{rel}","templated":true}]}}