{"id":160,"date":"2016-01-23T16:25:40","date_gmt":"2016-01-23T16:25:40","guid":{"rendered":"http:\/\/wp12612379.server-he.de\/?page_id=160"},"modified":"2019-11-26T20:27:19","modified_gmt":"2019-11-26T20:27:19","slug":"deutsch-grundlagen-der-farbduplexsonografie","status":"publish","type":"page","link":"https:\/\/scholbach.de\/es\/wissenschaft\/deutsch-ultraschalldiagnostik\/deutsch-grundlagen-der-farbduplexsonografie","title":{"rendered":"Conceptos b\u00e1sicos de la ecograf\u00eda d\u00faplex a color"},"content":{"rendered":"<p><span id=\"result_box\" class=\"\" lang=\"es\" tabindex=\"-1\">Este sitio web actualmente solo est\u00e1 disponible en alem\u00e1n o ingl\u00e9s<\/span><\/p>","protected":false},"excerpt":{"rendered":"<p>Este sitio web actualmente solo est\u00e1 disponible en alem\u00e1n o ingl\u00e9s<\/p>\n","protected":false},"author":4,"featured_media":0,"parent":93,"menu_order":2,"comment_status":"closed","ping_status":"closed","template":"","meta":{"om_disable_all_campaigns":false,"footnotes":""},"class_list":["post-160","page","type-page","status-publish","hentry"],"_links":{"self":[{"href":"https:\/\/scholbach.de\/es\/wp-json\/wp\/v2\/pages\/160","targetHints":{"allow":["GET"]}}],"collection":[{"href":"https:\/\/scholbach.de\/es\/wp-json\/wp\/v2\/pages"}],"about":[{"href":"https:\/\/scholbach.de\/es\/wp-json\/wp\/v2\/types\/page"}],"author":[{"embeddable":true,"href":"https:\/\/scholbach.de\/es\/wp-json\/wp\/v2\/users\/4"}],"replies":[{"embeddable":true,"href":"https:\/\/scholbach.de\/es\/wp-json\/wp\/v2\/comments?post=160"}],"version-history":[{"count":27,"href":"https:\/\/scholbach.de\/es\/wp-json\/wp\/v2\/pages\/160\/revisions"}],"predecessor-version":[{"id":3673,"href":"https:\/\/scholbach.de\/es\/wp-json\/wp\/v2\/pages\/160\/revisions\/3673"}],"up":[{"embeddable":true,"href":"https:\/\/scholbach.de\/es\/wp-json\/wp\/v2\/pages\/93"}],"wp:attachment":[{"href":"https:\/\/scholbach.de\/es\/wp-json\/wp\/v2\/media?parent=160"}],"curies":[{"name":"wp","href":"https:\/\/api.w.org\/{rel}","templated":true}]}}