{"id":1554,"date":"2017-08-20T17:52:46","date_gmt":"2017-08-20T17:52:46","guid":{"rendered":"http:\/\/scholbach.de\/?page_id=1554"},"modified":"2024-12-20T09:38:08","modified_gmt":"2024-12-20T08:38:08","slug":"lordogenetisches-mittellinensyndrom","status":"publish","type":"page","link":"https:\/\/scholbach.de\/es\/wissenschaft\/deutsch-ultraschalldiagnostik\/deutsch-gefaskompressionen\/lordogenetisches-mittellinensyndrom","title":{"rendered":"S\u00edndrome lordog\u00e9nico de la l\u00ednea media"},"content":{"rendered":"<p>S\u00edndrome lordog\u00e9nico de la l\u00ednea media<\/p>\n<p>Las <a href=\"https:\/\/scholbach.de\/wissenschaft\/deutsch-ultraschalldiagnostik\/deutsch-gefaskompressionen\"><u>compresiones vasculares<\/u><\/a> descritas en las siguientes p\u00e1ginas, as\u00ed como la compresi\u00f3n de las venas femorales, de la vena cava inferior y de las arterias lumbares fueron bautizadas por m\u00ed por primera vez en el <em>European Ultrasound Congress EUROSON<\/em> <em>Ljubljana, 22 nd<\/em> <em>\u00a0\u2013 24 th\u00a0 September 2017<\/em> como s\u00edndrome lordog\u00e9nico de la l\u00ednea media para poner de relieve que los nueve cuadros cl\u00ednicos no son enfermedades distintas sino aspectos de un \u00fanico fen\u00f3nemo, al cual he denominado \u201cS\u00edndrome lordog\u00e9nico de la l\u00ednea media\u201d por la lordosis de la columna lumbar, que se considera la causa principal.<\/p>\n<p>A continuaci\u00f3n procedo a presentar mi concepci\u00f3n de esta nueva entidad.<\/p>\n<p><img loading=\"lazy\" decoding=\"async\" class=\"wp-image-1556 aligncenter\" src=\"https:\/\/scholbach.de\/wp-content\/uploads\/2017\/08\/Das-Lordogenetische-Mittelliniensyndrom.jpg\" alt=\"\" width=\"523\" height=\"747\" srcset=\"https:\/\/scholbach.de\/wp-content\/uploads\/2017\/08\/Das-Lordogenetische-Mittelliniensyndrom.jpg 2646w, https:\/\/scholbach.de\/wp-content\/uploads\/2017\/08\/Das-Lordogenetische-Mittelliniensyndrom-210x300.jpg 210w, https:\/\/scholbach.de\/wp-content\/uploads\/2017\/08\/Das-Lordogenetische-Mittelliniensyndrom-768x1097.jpg 768w, https:\/\/scholbach.de\/wp-content\/uploads\/2017\/08\/Das-Lordogenetische-Mittelliniensyndrom-717x1024.jpg 717w\" sizes=\"auto, (max-width: 523px) 100vw, 523px\" \/><\/p>\n<p>&nbsp;<\/p>\n<p>&nbsp;<\/p>\n<p><strong>Los s\u00edndromes de compresi\u00f3n vascular abdominal son considerados enfermedades raras<\/strong>. No obstante, la experiencia muestra que son un cuadro cl\u00ednico muy com\u00fan que no se detecta sobre todo porque no se tiene del todo claro qu\u00e9 mecanismos los originan y por la variedad de los s\u00edntomas no es f\u00e1cil reconocer qu\u00e9 tienen en com\u00fan.<\/p>\n<p>La primera caracter\u00edstica com\u00fan que salta a la vista en todos los s\u00edndromes de compresi\u00f3n vascular del abdomen es que suelen darse en mujeres y en ni\u00f1as adolescentes. M\u00e1s del 90 % de todos los casos aparece en este grupo de poblaci\u00f3n, aunque es raro que se presente antes de la pubertad.<\/p>\n<p>Por ello me gustar\u00eda presentar un concepto general de todas las clases de s\u00edndromes de compresi\u00f3n vascular de la regi\u00f3n abdominal. Las atribuyo a las caracter\u00edsticas espec\u00edficas de la columna vertebral humana. El bipedismo del ser humano conlleva una alineaci\u00f3n vertical de la columna vertebral, la cual constituye una caracter\u00edstica \u00fanica en todo el reino animal, incluso entre otros b\u00edpedos. Con el inicio del desplazamiento en postura erguida tras el primer a\u00f1o de vida, la columna vertebral pasa a estar sometida a la presi\u00f3n de la fuerza de la gravedad y adopta una figura en forma de doble ese. Ello provoca que se forme en la columna lumbar una curva hacia dentro, la llamada lordosis.<\/p>\n<p><strong>En las mujeres j\u00f3venes y en las adolescentes la lordosis es claramente m\u00e1s frecuente que en cualquier otro grupo de poblaci\u00f3n<\/strong>. Por su frecuente aparici\u00f3n en mujeres j\u00f3venes los s\u00edndromas de compresi\u00f3n vascular pueden ser considerados, con raz\u00f3n, una prolongaci\u00f3n de la especialidad de Ginecolog\u00eda. Sin embargo, es imprescindible ver m\u00e1s all\u00e1 de los l\u00edmites de la especialidad para poder reconocer el verdadero origen com\u00fan de los distintos s\u00edntomas y tratarlos de la forma conveniente.<\/p>\n<p>Mi tesis es por tanto:<\/p>\n<p><strong>La lordosis de la columna lumbar es el factor decisivo en el desarrollo de todos los s\u00edndromes de compresi\u00f3n vascular de la regi\u00f3n abdominal.<\/strong><\/p>\n<p>La curva hacia dentro de la arteria principal (aorta) que discurre sobre la columna vertebral provocada por la lordosis estrecha considerablemente el \u00e1ngulo entre la aorta y la arteria mesent\u00e9rica superior y causa con ello<\/p>\n<ol>\n<li><strong>El s\u00edndrome del cascanueces<\/strong><\/li>\n<li><strong>El s\u00edndrome de la arteria mesent\u00e9rica superior<\/strong> (tambi\u00e9n conocido como el s\u00edndrome de Wilkie o el s\u00edndrome AMS)<\/li>\n<\/ol>\n<p>Los dos puntos de anclaje del diafragma en la columna vertebral, los llamados pilares del diafragma, son atra\u00eddos a causa de la lordosis hacia la columna vertebral, lo cual produce los siguientes cuadros cl\u00ednicos:<\/p>\n<ol start=\"3\">\n<li><strong> El s\u00edndrome de compresi\u00f3n del tronco cel\u00edaco y el s\u00edndrome del ganglio cel\u00edaco<\/strong> (tambi\u00e9n llamado s\u00edndrome del ligamento arcuato o s\u00edndrome de Dunbar)<\/li>\n<li><strong> El s\u00edndrome de compresi\u00f3n de las arterias lumbares.<\/strong><\/li>\n<\/ol>\n<p>El estiramiento de la arteria il\u00edaca com\u00fan derecha sobre el hueso sacro, as\u00ed como el estiramiento de la vena cava inferior sobre el v\u00e9rtice de la columna lumbar con curva lord\u00f3tica causan los siguientes cuadros cl\u00ednicos:<\/p>\n<ol start=\"5\">\n<li><strong> S\u00edndrome de May-Thurner<\/strong> y<\/li>\n<li><strong> La compresi\u00f3n de la vena cava inferior<\/strong><\/li>\n<\/ol>\n<p>La sangre de la vena congestionada del ri\u00f1\u00f3n izquierdo se desv\u00eda por los llamados \u00f3rganos de la l\u00ednea media, la misma columna vertebral y los siguientes \u00f3rganos de la regi\u00f3n p\u00e9lvica: el \u00fatero, el ovario derecho, el recto, la vagina y la vejiga. El cuadro cl\u00ednico que provoca se llama<\/p>\n<ol start=\"7\">\n<li><strong> S\u00edndrome de congesti\u00f3n p\u00e9lvica<\/strong><\/li>\n<\/ol>\n<p>En el caso de que adem\u00e1s tenga lugar un estancamiento de la sangre en el interior de la columna vertebral, en el plexo venoso de la m\u00e9dula espinal, se le llama:<\/p>\n<ol start=\"8\">\n<li><strong> S\u00edndrome de la l\u00ednea media<\/strong><\/li>\n<\/ol>\n<p>Adem\u00e1s, seg\u00fan se observa sobre todo en mujeres delgadas, el sobreestiramiento de las articulaciones de la cadera en posici\u00f3n erguida y en posici\u00f3n de dec\u00fabito supino con las piernas estiradas provoca la<\/p>\n<ol start=\"9\">\n<li><strong> Compresi\u00f3n de las venas femorales<\/strong><\/li>\n<\/ol>\n<p>Entre el borde superior del hueso del pubis y el ligamento inguinal.<\/p>\n<p>&nbsp;<\/p>","protected":false},"excerpt":{"rendered":"<p>Disculpa, pero esta entrada est\u00e1 disponible s\u00f3lo en English.At the European Ultrasound Congress EUROSON in\u00a0 Ljubljana, 22 nd \u00a0\u2013 24 th\u00a0 September 2017 I inaugurated my novel concept of the\u00a0 lordogenetic midline congestion syndrome. This is to underscore the pathogenetic continuum of all nine abdominal vascular compression syndromes. In my own practice I observe more [&hellip;]<\/p>\n","protected":false},"author":5,"featured_media":0,"parent":66,"menu_order":1,"comment_status":"closed","ping_status":"closed","template":"","meta":{"om_disable_all_campaigns":false,"footnotes":""},"class_list":["post-1554","page","type-page","status-publish","hentry"],"_links":{"self":[{"href":"https:\/\/scholbach.de\/es\/wp-json\/wp\/v2\/pages\/1554","targetHints":{"allow":["GET"]}}],"collection":[{"href":"https:\/\/scholbach.de\/es\/wp-json\/wp\/v2\/pages"}],"about":[{"href":"https:\/\/scholbach.de\/es\/wp-json\/wp\/v2\/types\/page"}],"author":[{"embeddable":true,"href":"https:\/\/scholbach.de\/es\/wp-json\/wp\/v2\/users\/5"}],"replies":[{"embeddable":true,"href":"https:\/\/scholbach.de\/es\/wp-json\/wp\/v2\/comments?post=1554"}],"version-history":[{"count":42,"href":"https:\/\/scholbach.de\/es\/wp-json\/wp\/v2\/pages\/1554\/revisions"}],"predecessor-version":[{"id":9066,"href":"https:\/\/scholbach.de\/es\/wp-json\/wp\/v2\/pages\/1554\/revisions\/9066"}],"up":[{"embeddable":true,"href":"https:\/\/scholbach.de\/es\/wp-json\/wp\/v2\/pages\/66"}],"wp:attachment":[{"href":"https:\/\/scholbach.de\/es\/wp-json\/wp\/v2\/media?parent=1554"}],"curies":[{"name":"wp","href":"https:\/\/api.w.org\/{rel}","templated":true}]}}