{"id":1341,"date":"2017-05-09T19:33:20","date_gmt":"2017-05-09T19:33:20","guid":{"rendered":"http:\/\/scholbach.de\/?page_id=1341"},"modified":"2020-03-30T12:32:28","modified_gmt":"2020-03-30T12:32:28","slug":"vortraege-und-lehrtaetigkeit-in-aller-welt","status":"publish","type":"page","link":"https:\/\/scholbach.de\/es\/expertise\/vortraege-und-lehrtaetigkeit-in-aller-welt","title":{"rendered":"Ponencias y actividad docente en todo el mundo"},"content":{"rendered":"<p>Ponencias y actividad docente en todo el mundo<\/p>\n<p>He ofrecido ponencias y charlas y he realizado seminarios sobre ultrasonido en muchos pa\u00edses, como por ejemplo en Brasil, EE.UU., Canad\u00e1, Corea del Sur, China, Taiw\u00e1n, Italia, Grecia, B\u00e9lgica, Suiza, Noruega, Dinamarca, Espa\u00f1a, Austria, Rep\u00fablica Checa, Francia, Eslovenia, Gran Breta\u00f1a y Pa\u00edses Bajos. Las siguientes im\u00e1genes ilustran algunas de ellas.<\/p>\n<p><img loading=\"lazy\" decoding=\"async\" class=\"wp-image-1353 aligncenter\" src=\"https:\/\/scholbach.de\/wp-content\/uploads\/2017\/05\/China-3.jpg\" alt=\"\" width=\"656\" height=\"435\" srcset=\"https:\/\/scholbach.de\/wp-content\/uploads\/2017\/05\/China-3.jpg 693w, https:\/\/scholbach.de\/wp-content\/uploads\/2017\/05\/China-3-300x199.jpg 300w\" sizes=\"auto, (max-width: 656px) 100vw, 656px\" \/><\/p>\n<p><span id=\"result_box\" class=\"\" lang=\"es\" tabindex=\"-1\"><span class=\"\">Recepci\u00f3n por el director del Drum Tower Hospital Nanjing, China, Prof. Ding (sentado en el medio) el 23 de abril de 2000<\/span><\/span><\/p>\n<div id=\"attachment_1348\" style=\"width: 676px\" class=\"wp-caption aligncenter\"><img loading=\"lazy\" decoding=\"async\" aria-describedby=\"caption-attachment-1348\" class=\"wp-image-1348 \" src=\"https:\/\/scholbach.de\/wp-content\/uploads\/2017\/05\/Scholbach-01.06.2006-mit-Podium.jpg\" alt=\"\" width=\"666\" height=\"443\" srcset=\"https:\/\/scholbach.de\/wp-content\/uploads\/2017\/05\/Scholbach-01.06.2006-mit-Podium.jpg 2048w, https:\/\/scholbach.de\/wp-content\/uploads\/2017\/05\/Scholbach-01.06.2006-mit-Podium-300x199.jpg 300w, https:\/\/scholbach.de\/wp-content\/uploads\/2017\/05\/Scholbach-01.06.2006-mit-Podium-768x510.jpg 768w, https:\/\/scholbach.de\/wp-content\/uploads\/2017\/05\/Scholbach-01.06.2006-mit-Podium-1024x680.jpg 1024w\" sizes=\"auto, (max-width: 666px) 100vw, 666px\" \/><p id=\"caption-attachment-1348\" class=\"wp-caption-text\"><span id=\"result_box\" class=\"\" lang=\"es\" tabindex=\"-1\">Conferencia (conferencia de la nota clave) en el Congreso Mundial de Ultrasonido de WFUMB 2006 en Corea del Sur (Se\u00fal)<\/span><\/p><\/div>\n<div id=\"attachment_1350\" style=\"width: 681px\" class=\"wp-caption aligncenter\"><img loading=\"lazy\" decoding=\"async\" aria-describedby=\"caption-attachment-1350\" class=\"wp-image-1350\" src=\"https:\/\/scholbach.de\/wp-content\/uploads\/2017\/05\/DSC5602.jpg\" alt=\"\" width=\"671\" height=\"445\" srcset=\"https:\/\/scholbach.de\/wp-content\/uploads\/2017\/05\/DSC5602.jpg 2600w, https:\/\/scholbach.de\/wp-content\/uploads\/2017\/05\/DSC5602-300x199.jpg 300w, https:\/\/scholbach.de\/wp-content\/uploads\/2017\/05\/DSC5602-768x509.jpg 768w, https:\/\/scholbach.de\/wp-content\/uploads\/2017\/05\/DSC5602-1024x679.jpg 1024w\" sizes=\"auto, (max-width: 671px) 100vw, 671px\" \/><p id=\"caption-attachment-1350\" class=\"wp-caption-text\"><span id=\"result_box\" class=\"\" lang=\"es\" tabindex=\"-1\">Recepci\u00f3n de ponentes extranjeros por parte del Presidente de la Sociedad de Ultrasonidos de Taiw\u00e1n 2008<\/span><\/p><\/div>\n<div id=\"attachment_1343\" style=\"width: 667px\" class=\"wp-caption aligncenter\"><img loading=\"lazy\" decoding=\"async\" aria-describedby=\"caption-attachment-1343\" class=\"wp-image-1343 \" src=\"https:\/\/scholbach.de\/wp-content\/uploads\/2017\/05\/DSC03358.jpg\" alt=\"\" width=\"657\" height=\"493\" srcset=\"https:\/\/scholbach.de\/wp-content\/uploads\/2017\/05\/DSC03358.jpg 3072w, https:\/\/scholbach.de\/wp-content\/uploads\/2017\/05\/DSC03358-300x225.jpg 300w, https:\/\/scholbach.de\/wp-content\/uploads\/2017\/05\/DSC03358-768x576.jpg 768w, https:\/\/scholbach.de\/wp-content\/uploads\/2017\/05\/DSC03358-1024x768.jpg 1024w\" sizes=\"auto, (max-width: 657px) 100vw, 657px\" \/><p id=\"caption-attachment-1343\" class=\"wp-caption-text\"><span id=\"result_box\" class=\"\" lang=\"es\" tabindex=\"-1\">Nuestros anfitriones en Taiw\u00e1n para el congreso de ultrasonido taiwan\u00e9s 2008 &#8211; en el medio Daniel Lichtenstein del hospital Ambroise Par\u00e9, Par\u00eds, el inventor de la moderna ecograf\u00eda pulmonar<\/span><\/p><\/div>\n<p><img loading=\"lazy\" decoding=\"async\" class=\"wp-image-1346 \" src=\"https:\/\/scholbach.de\/wp-content\/uploads\/2017\/05\/IMG_2968.jpg\" alt=\"\" width=\"662\" height=\"441\" srcset=\"https:\/\/scholbach.de\/wp-content\/uploads\/2017\/05\/IMG_2968.jpg 4752w, https:\/\/scholbach.de\/wp-content\/uploads\/2017\/05\/IMG_2968-300x200.jpg 300w, https:\/\/scholbach.de\/wp-content\/uploads\/2017\/05\/IMG_2968-768x512.jpg 768w, https:\/\/scholbach.de\/wp-content\/uploads\/2017\/05\/IMG_2968-1024x683.jpg 1024w\" sizes=\"auto, (max-width: 662px) 100vw, 662px\" \/><\/p>\n<p><span id=\"result_box\" class=\"\" lang=\"es\" tabindex=\"-1\">Presentaci\u00f3n de la invitaci\u00f3n 2012 en el Hospital Popular de Dongguan, China<\/span><\/p>\n<p><img loading=\"lazy\" decoding=\"async\" class=\"wp-image-1345 \" src=\"https:\/\/scholbach.de\/wp-content\/uploads\/2017\/05\/IMG_2951.jpg\" alt=\"\" width=\"659\" height=\"439\" srcset=\"https:\/\/scholbach.de\/wp-content\/uploads\/2017\/05\/IMG_2951.jpg 4752w, https:\/\/scholbach.de\/wp-content\/uploads\/2017\/05\/IMG_2951-300x200.jpg 300w, https:\/\/scholbach.de\/wp-content\/uploads\/2017\/05\/IMG_2951-768x512.jpg 768w, https:\/\/scholbach.de\/wp-content\/uploads\/2017\/05\/IMG_2951-1024x683.jpg 1024w\" sizes=\"auto, (max-width: 659px) 100vw, 659px\" \/><\/p>\n<p><span id=\"result_box\" class=\"\" lang=\"es\" tabindex=\"-1\"><span class=\"\">Honrando en el Hospital Popular de Dongguan \u00abEl amigo del extranjero nos trae al extra\u00f1o\u00bb<\/span><\/span><\/p>\n<div id=\"attachment_1344\" style=\"width: 666px\" class=\"wp-caption aligncenter\"><img loading=\"lazy\" decoding=\"async\" aria-describedby=\"caption-attachment-1344\" class=\"wp-image-1344 \" src=\"https:\/\/scholbach.de\/wp-content\/uploads\/2017\/05\/IMG_2915.jpg\" alt=\"\" width=\"656\" height=\"437\" srcset=\"https:\/\/scholbach.de\/wp-content\/uploads\/2017\/05\/IMG_2915.jpg 4752w, https:\/\/scholbach.de\/wp-content\/uploads\/2017\/05\/IMG_2915-300x200.jpg 300w, https:\/\/scholbach.de\/wp-content\/uploads\/2017\/05\/IMG_2915-768x512.jpg 768w, https:\/\/scholbach.de\/wp-content\/uploads\/2017\/05\/IMG_2915-1024x683.jpg 1024w\" sizes=\"auto, (max-width: 656px) 100vw, 656px\" \/><p id=\"caption-attachment-1344\" class=\"wp-caption-text\"><span id=\"result_box\" class=\"\" lang=\"es\" tabindex=\"-1\">En el auditorio del Hospital Popular de Dongguan, China<\/span><\/p><\/div>\n<div id=\"attachment_1347\" style=\"width: 667px\" class=\"wp-caption aligncenter\"><img loading=\"lazy\" decoding=\"async\" aria-describedby=\"caption-attachment-1347\" class=\"wp-image-1347 \" src=\"https:\/\/scholbach.de\/wp-content\/uploads\/2017\/05\/IMG_3075.jpg\" alt=\"\" width=\"657\" height=\"438\" srcset=\"https:\/\/scholbach.de\/wp-content\/uploads\/2017\/05\/IMG_3075.jpg 4752w, https:\/\/scholbach.de\/wp-content\/uploads\/2017\/05\/IMG_3075-300x200.jpg 300w, https:\/\/scholbach.de\/wp-content\/uploads\/2017\/05\/IMG_3075-768x512.jpg 768w, https:\/\/scholbach.de\/wp-content\/uploads\/2017\/05\/IMG_3075-1024x683.jpg 1024w\" sizes=\"auto, (max-width: 657px) 100vw, 657px\" \/><p id=\"caption-attachment-1347\" class=\"wp-caption-text\"><span id=\"result_box\" class=\"\" lang=\"es\" tabindex=\"-1\">Entrenamiento con ultrasonido en el Hospital Popular de Dongguan, China, 2012<\/span><\/p><\/div>\n<div id=\"attachment_1355\" style=\"width: 668px\" class=\"wp-caption aligncenter\"><img loading=\"lazy\" decoding=\"async\" aria-describedby=\"caption-attachment-1355\" class=\"wp-image-1355 \" src=\"https:\/\/scholbach.de\/wp-content\/uploads\/2017\/05\/Ultrascahllausbildung.jpg\" alt=\"\" width=\"658\" height=\"575\" srcset=\"https:\/\/scholbach.de\/wp-content\/uploads\/2017\/05\/Ultrascahllausbildung.jpg 1029w, https:\/\/scholbach.de\/wp-content\/uploads\/2017\/05\/Ultrascahllausbildung-300x262.jpg 300w, https:\/\/scholbach.de\/wp-content\/uploads\/2017\/05\/Ultrascahllausbildung-768x671.jpg 768w, https:\/\/scholbach.de\/wp-content\/uploads\/2017\/05\/Ultrascahllausbildung-1024x895.jpg 1024w\" sizes=\"auto, (max-width: 658px) 100vw, 658px\" \/><p id=\"caption-attachment-1355\" class=\"wp-caption-text\"><span id=\"result_box\" class=\"\" lang=\"es\" tabindex=\"-1\">Educaci\u00f3n de estudiantes en ultrasonido en Alemania<\/span><\/p><\/div>\n<div id=\"attachment_1351\" style=\"width: 663px\" class=\"wp-caption aligncenter\"><img loading=\"lazy\" decoding=\"async\" aria-describedby=\"caption-attachment-1351\" class=\"wp-image-1351 \" src=\"https:\/\/scholbach.de\/wp-content\/uploads\/2017\/05\/Sono-Seminar-16.10.2013-002.jpg\" alt=\"\" width=\"653\" height=\"490\" srcset=\"https:\/\/scholbach.de\/wp-content\/uploads\/2017\/05\/Sono-Seminar-16.10.2013-002.jpg 4000w, https:\/\/scholbach.de\/wp-content\/uploads\/2017\/05\/Sono-Seminar-16.10.2013-002-300x225.jpg 300w, https:\/\/scholbach.de\/wp-content\/uploads\/2017\/05\/Sono-Seminar-16.10.2013-002-768x576.jpg 768w, https:\/\/scholbach.de\/wp-content\/uploads\/2017\/05\/Sono-Seminar-16.10.2013-002-1024x768.jpg 1024w\" sizes=\"auto, (max-width: 653px) 100vw, 653px\" \/><p id=\"caption-attachment-1351\" class=\"wp-caption-text\"><span id=\"result_box\" class=\"\" lang=\"es\" tabindex=\"-1\">Educaci\u00f3n de estudiantes en ultrasonido en Alemania<\/span><\/p><\/div>\n<p><div id=\"attachment_1704\" style=\"width: 655px\" class=\"wp-caption aligncenter\"><img loading=\"lazy\" decoding=\"async\" aria-describedby=\"caption-attachment-1704\" class=\"wp-image-1704\" src=\"https:\/\/scholbach.de\/wp-content\/uploads\/2017\/05\/IMG_20171009_125328.jpg\" alt=\"\" width=\"645\" height=\"484\" srcset=\"https:\/\/scholbach.de\/wp-content\/uploads\/2017\/05\/IMG_20171009_125328.jpg 4160w, https:\/\/scholbach.de\/wp-content\/uploads\/2017\/05\/IMG_20171009_125328-300x225.jpg 300w, https:\/\/scholbach.de\/wp-content\/uploads\/2017\/05\/IMG_20171009_125328-768x576.jpg 768w, https:\/\/scholbach.de\/wp-content\/uploads\/2017\/05\/IMG_20171009_125328-1024x768.jpg 1024w\" sizes=\"auto, (max-width: 645px) 100vw, 645px\" \/><p id=\"caption-attachment-1704\" class=\"wp-caption-text\"><span id=\"result_box\" class=\"\" lang=\"es\" tabindex=\"-1\"><span class=\"\">Despu\u00e9s de mis charlas en Brookes University Oxford (octubre de 2017) frente a Maxwell Villa con el profesor Wolfram M\u00fcller de la Universidad de Graz<\/span><\/span><\/p><\/div><\/p>","protected":false},"excerpt":{"rendered":"<p>Ponencias y actividad docente en todo el mundo He ofrecido ponencias y charlas y he realizado seminarios sobre ultrasonido en muchos pa\u00edses, como por ejemplo en Brasil, EE.UU., Canad\u00e1, Corea del Sur, China, Taiw\u00e1n, Italia, Grecia, B\u00e9lgica, Suiza, Noruega, Dinamarca, Espa\u00f1a, Austria, Rep\u00fablica Checa, Francia, Eslovenia, Gran Breta\u00f1a y Pa\u00edses Bajos. Las siguientes im\u00e1genes ilustran [&hellip;]<\/p>\n","protected":false},"author":5,"featured_media":0,"parent":24,"menu_order":30,"comment_status":"closed","ping_status":"closed","template":"","meta":{"om_disable_all_campaigns":false,"footnotes":""},"class_list":["post-1341","page","type-page","status-publish","hentry"],"_links":{"self":[{"href":"https:\/\/scholbach.de\/es\/wp-json\/wp\/v2\/pages\/1341","targetHints":{"allow":["GET"]}}],"collection":[{"href":"https:\/\/scholbach.de\/es\/wp-json\/wp\/v2\/pages"}],"about":[{"href":"https:\/\/scholbach.de\/es\/wp-json\/wp\/v2\/types\/page"}],"author":[{"embeddable":true,"href":"https:\/\/scholbach.de\/es\/wp-json\/wp\/v2\/users\/5"}],"replies":[{"embeddable":true,"href":"https:\/\/scholbach.de\/es\/wp-json\/wp\/v2\/comments?post=1341"}],"version-history":[{"count":34,"href":"https:\/\/scholbach.de\/es\/wp-json\/wp\/v2\/pages\/1341\/revisions"}],"predecessor-version":[{"id":4372,"href":"https:\/\/scholbach.de\/es\/wp-json\/wp\/v2\/pages\/1341\/revisions\/4372"}],"up":[{"embeddable":true,"href":"https:\/\/scholbach.de\/es\/wp-json\/wp\/v2\/pages\/24"}],"wp:attachment":[{"href":"https:\/\/scholbach.de\/es\/wp-json\/wp\/v2\/media?parent=1341"}],"curies":[{"name":"wp","href":"https:\/\/api.w.org\/{rel}","templated":true}]}}