{"id":62,"date":"2015-12-26T18:30:34","date_gmt":"2015-12-26T18:30:34","guid":{"rendered":"http:\/\/wp12612379.server-he.de\/?page_id=62"},"modified":"2020-04-05T14:15:44","modified_gmt":"2020-04-05T14:15:44","slug":"deutsch-chronische-krankheiten-diabetes-rheuma-malignome","status":"publish","type":"page","link":"https:\/\/scholbach.de\/el\/wissenschaft\/deutsch-ultraschalldiagnostik\/deutsch-durchblutungsmessung\/deutsch-chronische-krankheiten-diabetes-rheuma-malignome","title":{"rendered":"\u03a7\u03c1\u03cc\u03bd\u03b9\u03b5\u03c2 \u0391\u03c3\u03b8\u03ad\u03bd\u03b5\u03b9\u03b5\u03c2"},"content":{"rendered":"<p>\u039a\u03ac\u03c0\u03bf\u03b9\u03b5\u03c2\u00a0 \u03c7\u03c1\u03cc\u03bd\u03b9\u03b5\u03c2 \u03b1\u03c3\u03b8\u03ad\u03bd\u03b5\u03b9\u03b5\u03c2 \u03bc\u03b5 \u03c4\u03b7\u03bd \u03c0\u03ac\u03c1\u03bf\u03b4\u03bf \u03c4\u03bf\u03c5 \u03c7\u03c1\u03cc\u03bd\u03bf\u03c5 \u03c0\u03c1\u03bf\u03ba\u03b1\u03bb\u03bf\u03cd\u03bd \u03b6\u03b7\u03bc\u03b9\u03ad\u03c2 \u03c3\u03c4\u03b1 \u03cc\u03c1\u03b3\u03b1\u03bd\u03b1. \u03a3\u03b5 \u03b1\u03c5\u03c4\u03ae \u03c4\u03b7\u03bd \u03c0\u03b5\u03c1\u03af\u03c0\u03c4\u03c9\u03c3\u03b7 \u03c0\u03b1\u03c1\u03bf\u03c5\u03c3\u03b9\u03ac\u03b6\u03b5\u03c4\u03b1\u03b9 \u03c4\u03b1\u03ba\u03c4\u03b9\u03ba\u03ac \u03bc\u03b5\u03b9\u03c9\u03bc\u03ad\u03bd\u03b7 \u03c1\u03bf\u03ae \u03b1\u03af\u03bc\u03b1\u03c4\u03bf\u03c2. \u039c\u03b5 \u03c4\u03b7\u03bd \u03bc\u03ad\u03c4\u03c1\u03b7\u03c3\u03b7 \u03c4\u03b7\u03c2 \u03c1\u03bf\u03ae\u03c2 \u03b1\u03af\u03bc\u03b1\u03c4\u03bf\u03c2 \u03b5\u03af\u03bd\u03b1\u03b9 \u03b4\u03c5\u03bd\u03b1\u03c4\u03cc \u03bd\u03b1 \u03b3\u03af\u03bd\u03b5\u03c4\u03b1\u03b9 \u03ba\u03ac\u03b8\u03b5 \u03c6\u03bf\u03c1\u03ac \u03b1\u03ba\u03c1\u03b9\u03b2\u03ae\u03c2 \u03b4\u03b9\u03ac\u03b3\u03bd\u03c9\u03c3\u03b7 \u03c4\u03bf\u03c5 \u03c3\u03c4\u03b1\u03b4\u03af\u03bf\u03c5 \u03c4\u03b7\u03c2 \u03b1\u03c3\u03b8\u03ad\u03bd\u03b5\u03b9\u03b1\u03c2. \u03a4\u03b1 \u03b1\u03ba\u03cc\u03bb\u03bf\u03c5\u03b8\u03b1 \u03c0\u03b1\u03c1\u03b1\u03b4\u03b5\u03af\u03b3\u03bc\u03b1\u03c4\u03b1 \u03b4\u03b5\u03af\u03c7\u03bd\u03bf\u03c5\u03bd \u03c4\u03b9\u03c2 \u03b4\u03c5\u03bd\u03b1\u03c4\u03cc\u03c4\u03b7\u03c4\u03b5\u03c2 \u03c3\u03c7\u03b5\u03c4\u03b9\u03ba\u03ac \u03bc\u03b5 \u03c4\u03b7 \u03bc\u03ad\u03c4\u03c1\u03b7\u03c3\u03b7 \u03c4\u03b7\u03c2 \u03c1\u03bf\u03ae\u03c2 \u03b1\u03af\u03bc\u03b1\u03c4\u03bf\u03c2 \u03c3\u03b5 \u03b1\u03c5\u03c4\u03cc \u03c4\u03bf\u03bd \u03c4\u03bf\u03bc\u03ad\u03b1.<\/p>\n<p>&nbsp;<\/p>\n<p><strong>\u03a7\u03c1\u03bf\u03bd\u03b9\u03ad\u03c2 \u03a0\u03b1\u03b8\u03ae\u03c3\u03b5\u03b9\u03c2 \u03c4\u03c9\u03bd \u039d\u03b5\u03c6\u03c1\u03ce\u03bd <\/strong><\/p>\n<p>\u0397 \u03b1\u03ba\u03cc\u03bb\u03bf\u03c5\u03b8\u03b7 \u03b5\u03b9\u03ba\u03cc\u03bd\u03b1 \u03b1\u03c1\u03b9\u03c3\u03c4\u03b5\u03c1\u03ac \u03b4\u03b5\u03af\u03c7\u03bd\u03b5\u03b9 \u03ad\u03bd\u03b1 \u03bd\u03b5\u03c6\u03c1\u03cc \u03bc\u03b5 \u03c7\u03c1\u03cc\u03bd\u03b9\u03b1 \u03b4\u03c5\u03c3\u03bb\u03b5\u03b9\u03c4\u03bf\u03c5\u03c1\u03b3\u03af\u03b1. \u0391\u03c5\u03c4\u03ae \u03b5\u03ba\u03b4\u03b7\u03bb\u03ce\u03bd\u03b5\u03c4\u03b1\u03b9 \u03bc\u03b5 \u03bc\u03b5\u03b9\u03c9\u03bc\u03ad\u03bd\u03b7 \u03c1\u03bf\u03ae \u03b1\u03af\u03bc\u03b1\u03c4\u03bf\u03c2, \u03c0\u03bf\u03c5 \u03c0\u03b1\u03c1\u03bf\u03c5\u03c3\u03b9\u03ac\u03b6\u03b5\u03c4\u03b1\u03b9 \u03c3\u03c4\u03bf \u03ad\u03b3\u03c7\u03c1\u03c9\u03bc\u03bf \u03c5\u03c0\u03b5\u03c1\u03b7\u03c7\u03bf\u03b3\u03c1\u03ac\u03c6\u03b7\u03bc\u03b1 (Duplex) \u03bc\u03b5 \u03bc\u03b5\u03b9\u03c9\u03bc\u03ad\u03bd\u03b7 \u03b1\u03c0\u03b5\u03b9\u03ba\u03cc\u03bd\u03b9\u03c3\u03b7 \u03c7\u03c1\u03c9\u03bc\u03ac\u03c4\u03c9\u03bd. \u0393\u03b9\u03b1 \u03c4\u03bf \u03c3\u03ba\u03bf\u03c0\u03cc \u03c4\u03b7\u03c2 \u03c3\u03cd\u03b3\u03ba\u03c1\u03b9\u03c3\u03b7\u03c2 \u03b1\u03c0\u03b5\u03b9\u03ba\u03bf\u03bd\u03af\u03b6\u03b5\u03c4\u03b1\u03b9 \u03b4\u03b5\u03be\u03b9\u03ac \u03ad\u03bd\u03b1\u03c2 \u03c6\u03c5\u03c3\u03b9\u03bf\u03bb\u03bf\u03b3\u03b9\u03ba\u03cc\u03c2 \u03bd\u03b5\u03c6\u03c1\u03cc\u03c2 \u03bc\u03b5 \u03ad\u03bd\u03c4\u03bf\u03bd\u03b1 \u03c7\u03c1\u03ce\u03bc\u03b1\u03c4\u03b1. \u0392\u03ac\u03c3\u03b5\u03b9 \u03c3\u03c5\u03b3\u03ba\u03c1\u03b9\u03c4\u03b9\u03ba\u03ce\u03bd \u03c3\u03c4\u03bf\u03b9\u03c7\u03b5\u03af\u03c9\u03bd \u03bc\u03b5 \u03c6\u03c5\u03c3\u03b9\u03bf\u03bb\u03bf\u03b3\u03b9\u03ba\u03ac \u03ac\u03c4\u03bf\u03bc\u03b1 \u03bc\u03c0\u03bf\u03c1\u03b5\u03af \u03bd\u03b1 \u03c6\u03b1\u03bd\u03b5\u03af \u03b7 \u03ad\u03ba\u03c4\u03b1\u03c3\u03b7 \u03c4\u03b7\u03c2 \u03b6\u03b7\u03bc\u03b9\u03ac\u03c2 \u03bc\u03b5 \u03c4\u03b7 \u03b2\u03bf\u03ae\u03b8\u03b5\u03b9\u03b1 \u03c4\u03b7\u03c2 \u03bc\u03ad\u03c4\u03c1\u03b7\u03c3\u03b7\u03c2 \u03c4\u03b7\u03c2 \u03c1\u03bf\u03ae\u03c2 \u03b1\u03af\u03bc\u03b1\u03c4\u03bf\u03c2 \u03c3\u03c4\u03bf \u03bd\u03b5\u03c6\u03c1\u03cc \u03c0\u03bf\u03c5 \u03b1\u03c0\u03bf\u03c4\u03b5\u03bb\u03b5\u03af \u03c3\u03b7\u03bc\u03b1\u03bd\u03c4\u03b9\u03ba\u03cc \u03c3\u03c4\u03bf\u03b9\u03c7\u03b5\u03af\u03bf\/\u03b4\u03b5\u03b4\u03bf\u03bc\u03ad\u03bd\u03bf \u03b3\u03b9\u03b1 \u03c4\u03b7 \u03b8\u03b5\u03c1\u03b1\u03c0\u03b5\u03af\u03b1.<\/p>\n<p><img decoding=\"async\" class=\"alignnone size-large wp-image-335\" src=\"http:\/\/wp12612379.server-he.de\/wp-content\/uploads\/2015\/12\/Nierenentzuendung-1024x383.jpg\" alt=\"\" width=\"100%\" height=\"auto\" srcset=\"https:\/\/scholbach.de\/wp-content\/uploads\/2015\/12\/Nierenentzuendung-1024x383.jpg 1024w, https:\/\/scholbach.de\/wp-content\/uploads\/2015\/12\/Nierenentzuendung-300x112.jpg 300w, https:\/\/scholbach.de\/wp-content\/uploads\/2015\/12\/Nierenentzuendung.jpg 1075w\" sizes=\"(max-width: 1024px) 100vw, 1024px\" \/><\/p>\n<p>&nbsp;<\/p>\n<p>\u0397 \u03bc\u03ad\u03c4\u03c1\u03b7\u03c3\u03b7 \u03c4\u03b7\u03c2 \u03c1\u03bf\u03ae\u03c2 \u03b1\u03af\u03bc\u03b1\u03c4\u03bf\u03c2 \u03b4\u03b5\u03af\u03c7\u03bd\u03b5\u03b9 \u03c4\u03b7\u03bd \u03ad\u03ba\u03c4\u03b1\u03c3\u03b7 \u03c4\u03b7\u03c2 \u03b4\u03c5\u03c3\u03bb\u03b5\u03b9\u03c4\u03bf\u03c5\u03c1\u03b3\u03af\u03b1\u03c2 \u03c4\u03bf\u03c5 \u03bd\u03b5\u03c6\u03c1\u03bf\u03cd \u03c3\u03c4\u03b7\u03bd \u03b1\u03c1\u03b9\u03c3\u03c4\u03b5\u03c1\u03ae \u03b5\u03b9\u03ba\u03cc\u03bd\u03b1 \u03c0\u03ac\u03bd\u03c9.<\/p>\n<p><img decoding=\"async\" class=\"alignnone size-large wp-image-433\" src=\"http:\/\/wp12612379.server-he.de\/wp-content\/uploads\/2015\/12\/NI-Diagramm-1024x576.jpg\" alt=\"NI Diagramm\" width=\"100%\" height=\"auto\" srcset=\"https:\/\/scholbach.de\/wp-content\/uploads\/2015\/12\/NI-Diagramm-1024x576.jpg 1024w, https:\/\/scholbach.de\/wp-content\/uploads\/2015\/12\/NI-Diagramm-300x169.jpg 300w, https:\/\/scholbach.de\/wp-content\/uploads\/2015\/12\/NI-Diagramm.jpg 1280w\" sizes=\"(max-width: 1024px) 100vw, 1024px\" \/><\/p>\n<p style=\"text-align: center;\">\u039c\u03ad\u03c4\u03c1\u03b7\u03c3\u03b7 \u03c4\u03b7\u03c2 \u03b1\u03c0\u03cc\u03b4\u03bf\u03c3\u03b7\u03c2 \u03c4\u03bf\u03c5 \u03bd\u03b5\u03c6\u03c1\u03bf\u03cd \u03bc\u03b5 \u03c4\u03b7 \u03b2\u03bf\u03ae\u03b8\u03b5\u03b9\u03b1\u00a0 \u03c4\u03b7\u03c2 \u03bc\u03b5\u03b8\u03cc\u03b4\u03bf\u03c5 \u00abPixelFlux\u00bb<\/p>\n<p style=\"text-align: center;\">\u0388\u03bd\u03c4\u03b1\u03c3\u03b7 \u03c4\u03b7\u03c2 \u03c1\u03bf\u03ae\u03c2 \u03b1\u03af\u03bc\u03b1\u03c4\u03bf\u03c2 (cm\/s) \u0394\u03c5\u03c3\u03bb\u03b5\u03b9\u03c4\u03bf\u03c5\u03c1\u03b3\u03b9\u03ba\u03cc\u03c2 \u03bd\u03b5\u03c6\u03c1\u03cc\u03c2 (\u03bc\u03c0\u03bb\u03b5)\u00a0 \u03a6\u03c5\u03c3\u03b9\u03bf\u03bb\u03bf\u03b3\u03b9\u03ba\u03cc\u03c2 \u03bd\u03b5\u03c6\u03c1\u03cc\u03c2 (\u03c0\u03bf\u03c1\u03c4\u03bf\u03ba\u03b1\u03bb\u03af)<\/p>\n<p><strong>\u00a0<\/strong><\/p>\n<p><strong>\u0394\u03b9\u03b1\u03b3\u03bd\u03c9\u03c3\u03c4\u03b9\u03ba\u03ae \u03c3\u03c4\u03bf \u0398\u03c5\u03c1\u03b5\u03bf\u03b5\u03b9\u03b4\u03ae \u0391\u03b4\u03ad\u03bd\u03b1<\/strong><\/p>\n<p>\u0391\u03c1\u03b9\u03c3\u03c4\u03b5\u03c1\u03ac \u03c3\u03c4\u03b7\u03bd \u03b5\u03b9\u03ba\u03cc\u03bd\u03b1 \u03b1\u03c0\u03b5\u03b9\u03ba\u03bf\u03bd\u03af\u03b6\u03b5\u03c4\u03b1\u03b9 \u03ad\u03bd\u03b1\u03c2 \u03cc\u03b3\u03ba\u03bf\u03c2 \u03bc\u03b5 \u03c4\u03b7 \u03bc\u03ad\u03b8\u03bf\u03b4\u03bf \u03c4\u03c9\u03bd \u00ab\u03b1\u03c0\u03bb\u03ce\u03bd\u00bb \u03c5\u03c0\u03b5\u03c1\u03ae\u03c7\u03c9\u03bd, \u03b5\u03bd\u03ce \u03b4\u03b5\u03be\u03b9\u03ac \u03c6\u03b1\u03af\u03bd\u03b5\u03c4\u03b1\u03b9 \u03ad\u03bd\u03b1\u03c2 \u03c6\u03c5\u03c3\u03b9\u03bf\u03bb\u03bf\u03b3\u03b9\u03ba\u03cc\u03c2 \u03b8\u03c5\u03c1\u03b5\u03bf\u03b5\u03b9\u03b4\u03ae\u03c2 \u03b1\u03b4\u03ad\u03bd\u03b1\u03c2. \u039a\u03ac\u03c4\u03c9 \u03c0\u03b1\u03c1\u03bf\u03c5\u03c3\u03b9\u03ac\u03b6\u03b5\u03c4\u03b1\u03b9 \u03c4\u03bf \u03af\u03b4\u03b9\u03bf \u03c6\u03b1\u03b9\u03bd\u03cc\u03bc\u03b5\u03bd\u03bf \u03bc\u03b5 \u03c4\u03b7 \u03bc\u03ad\u03b8\u03bf\u03b4\u03bf \u03c4\u03bf\u03c5 \u03ad\u03b3\u03c7\u03c1\u03c9\u03bc\u03bf\u03c5 \u03c5\u03c0\u03b5\u03c1\u03b7\u03c7\u03bf\u03b3\u03c1\u03b1\u03c6\u03ae\u03bc\u03b1\u03c4\u03bf\u03c2 (Duplex). \u03a3\u03c4\u03b7\u03bd \u03c0\u03b5\u03c1\u03af\u03c0\u03c4\u03c9\u03c3\u03b7 \u03b1\u03c5\u03c4\u03ae \u03bf \u03cc\u03b3\u03ba\u03bf\u03c2 \u03b4\u03b5\u03af\u03c7\u03bd\u03b5\u03b9 \u03bc\u03b9\u03b1 \u03ba\u03b1\u03c4\u03b5\u03c3\u03c4\u03c1\u03b1\u03bc\u03bc\u03ad\u03bd\u03b7 \u03b4\u03bf\u03bc\u03ae \u03c4\u03c9\u03bd \u03b1\u03b3\u03b3\u03b5\u03af\u03c9\u03bd \u03ba\u03b1\u03b9 \u03b1\u03c3\u03c5\u03bd\u03ae\u03b8\u03b9\u03c3\u03c4\u03b7 \u03c1\u03bf\u03ae \u03b1\u03af\u03bc\u03b1\u03c4\u03bf\u03c2. \u0394\u03b5\u03be\u03b9\u03ac \u03c6\u03b1\u03af\u03bd\u03b5\u03c4\u03b1\u03b9 \u03bc\u03b9\u03b1 \u03c6\u03c5\u03c3\u03b9\u03bf\u03bb\u03bf\u03b3\u03b9\u03ba\u03ae \u03c1\u03bf\u03ae \u03b1\u03af\u03bc\u03b1\u03c4\u03bf\u03c2.<\/p>\n<p><img decoding=\"async\" class=\"alignnone size-full wp-image-306\" src=\"http:\/\/wp12612379.server-he.de\/wp-content\/uploads\/2016\/06\/thyr-diagn.jpg\" alt=\"Schilddr\u00fcsendiagnostik\" width=\"100%\" height=\"auto\" srcset=\"https:\/\/scholbach.de\/wp-content\/uploads\/2016\/06\/thyr-diagn.jpg 882w, https:\/\/scholbach.de\/wp-content\/uploads\/2016\/06\/thyr-diagn-300x188.jpg 300w\" sizes=\"(max-width: 882px) 100vw, 882px\" \/><\/p>\n<p>&nbsp;<\/p>\n<p><strong>\u039a\u03b1\u03c1\u03ba\u03af\u03bd\u03bf\u03c2 \u03c4\u03bf\u03c5 \u0398\u03c5\u03c1\u03b5\u03bf\u03b5\u03b9\u03b4\u03ae \u0391\u03b4\u03ad\u03bd\u03b1<\/strong><\/p>\n<p><strong>\u00a0<\/strong>\u03a4\u03bf \u03ba\u03b1\u03c1\u03ba\u03af\u03bd\u03c9\u03bc\u03b1 \u03c4\u03bf\u03c5 \u03b8\u03c5\u03c1\u03b5\u03bf\u03b5\u03b9\u03b4\u03bf\u03cd\u03c2 \u03b1\u03b4\u03ad\u03bd\u03b1 \u03b4\u03b5\u03af\u03c7\u03bd\u03b5\u03b9 \u03c4\u03b7\u03bd 20\u03c0\u03bb\u03ae \u03ad\u03bd\u03c4\u03b1\u03c3\u03b7 \u03b4\u03b9\u03ac\u03c7\u03c5\u03c3\u03b7\u03c2 \u03c3\u03b5 \u03c3\u03cd\u03b3\u03ba\u03c1\u03b9\u03c3\u03b7 \u03bc\u03b5 \u03c4\u03bf \u03c6\u03c5\u03c3\u03b9\u03bf\u03bb\u03bf\u03b3\u03b9\u03ba\u03cc \u03b8\u03c5\u03c1\u03b5\u03bf\u03b5\u03b9\u03b4\u03ae \u03b1\u03b4\u03ad\u03bd\u03b1.<\/p>\n<p><strong>\u0397 \u03a1\u03bf\u03ae \u0391\u03af\u03bc\u03b1\u03c4\u03bf\u03c2 \u03c3\u03b5 \u038c\u03b3\u03ba\u03bf\u03c5\u03c2<\/strong><\/p>\n<p>\u039c\u03b5 \u03c4\u03b7 \u03b2\u03bf\u03ae\u03b8\u03b5\u03b9\u03b1 \u03c4\u03b7\u03c2\u00a0 \u03bc\u03ad\u03c4\u03c1\u03b7\u03c3\u03b7\u03c2 \u03c4\u03b7\u03c2\u00a0 \u03b4\u03b9\u03ac\u03c7\u03c5\u03c3\u03b7\u03c2\/\u03c1\u03bf\u03ae\u03c2\u00a0 \u03b1\u03af\u03bc\u03b1\u03c4\u03bf\u03c2 \u03c4\u03c9\u03bd \u03bf\u03c1\u03b3\u03ac\u03bd\u03c9\u03bd, \u03bc\u03c0\u03bf\u03c1\u03b5\u03af \u03bd\u03b1 \u03b3\u03af\u03bd\u03b5\u03c4\u03b1\u03b9 \u03ba\u03b1\u03b9 \u03b5\u03ba\u03c4\u03af\u03bc\u03b7\u03c3\u03b7 \u03c4\u03b7\u03c2 \u03b5\u03c0\u03af\u03b4\u03c1\u03b1\u03c3\u03b7\u03c2 \u03bc\u03b9\u03b1\u03c2 \u03c7\u03b7\u03bc\u03b5\u03b9\u03bf\u03b8\u03b5\u03c1\u03b1\u03c0\u03b5\u03af\u03b1\u03c2 \u03c3\u03c4\u03bf\u03c5\u03c2 \u03c0\u03b5\u03c1\u03b9\u03b2\u03ac\u03bb\u03bb\u03bf\u03bd\u03c4\u03b5\u03c2 \u03b9\u03c3\u03c4\u03bf\u03cd\u03c2. \u0397\u00a0 \u03b1\u03ba\u03cc\u03bb\u03bf\u03c5\u03b8\u03b7 \u03b3\u03c1\u03b1\u03c6\u03b9\u03ba\u03ae \u03c0\u03b1\u03c1\u03ac\u03c3\u03c4\u03b1\u03c3\u03b7 \u03b4\u03b5\u03af\u03c7\u03bd\u03b5\u03b9, \u03c0\u03ce\u03c2 \u03bc\u03b9\u03b1 \u03c7\u03b7\u03bc\u03b5\u03b9\u03bf\u03b8\u03b5\u03c1\u03b1\u03c0\u03b5\u03af\u03b1 \u03b5\u03c0\u03b9\u03b4\u03c1\u03ac \u03c3\u03c4\u03b7 \u03c1\u03bf\u03ae \u03b1\u03af\u03bc\u03b1\u03c4\u03bf\u03c2 \u03b5\u03bd\u03cc\u03c2 \u03cc\u03b3\u03ba\u03bf\u03c5 \u03c3\u03c4\u03bf \u03c3\u03c5\u03ba\u03ce\u03c4\u03b9. \u0397 \u03c1\u03bf\u03ae \u03b1\u03af\u03bc\u03b1\u03c4\u03bf\u03c2 \u03c3\u03c4\u03bf\u03c5\u03c2 \u03c0\u03b1\u03b8\u03bf\u03bb\u03bf\u03b3\u03b9\u03ba\u03bf\u03cd\u03c2 \u03b9\u03c3\u03c4\u03bf\u03cd\u03c2 \u03c5\u03c0\u03bf\u03c7\u03c9\u03c1\u03b5\u03af \u03b5\u03bd\u03c4\u03b5\u03bb\u03ce\u03c2, \u03b5\u03bd\u03ce \u03b7 \u03c1\u03bf\u03ae \u03b1\u03af\u03bc\u03b1\u03c4\u03bf\u03c2 \u03c3\u03c4\u03bf\u03c5\u03c2 \u03c6\u03c5\u03c3\u03b9\u03bf\u03bb\u03bf\u03b3\u03b9\u03ba\u03bf\u03cd\u03c2 \u03b9\u03c3\u03c4\u03bf\u03cd\u03c2 \u03c4\u03bf\u03c5 \u03c3\u03c5\u03ba\u03c9\u03c4\u03b9\u03bf\u03cd \u03b5\u03c0\u03b7\u03c1\u03b5\u03ac\u03b6\u03b5\u03c4\u03b1\u03b9 \u03bc\u03cc\u03bd\u03bf \u03c3\u03b5 \u03bc\u03b9\u03ba\u03c1\u03cc \u03b2\u03b1\u03b8\u03bc\u03cc.<\/p>\n<p><img decoding=\"async\" class=\"alignnone size-large wp-image-437\" src=\"http:\/\/wp12612379.server-he.de\/wp-content\/uploads\/2015\/12\/Folie23-1024x576.jpg\" alt=\"Durchblutungsmessung eines Lebertumors unter Chemotherapie\" width=\"100%\" height=\"auto\" srcset=\"https:\/\/scholbach.de\/wp-content\/uploads\/2015\/12\/Folie23-1024x576.jpg 1024w, https:\/\/scholbach.de\/wp-content\/uploads\/2015\/12\/Folie23-300x169.jpg 300w, https:\/\/scholbach.de\/wp-content\/uploads\/2015\/12\/Folie23.jpg 1280w\" sizes=\"(max-width: 1024px) 100vw, 1024px\" \/><\/p>\n<p style=\"text-align: center;\"><strong>\u03a1\u03bf\u03ae \u03b1\u03af\u03bc\u03b1\u03c4\u03bf\u03c2 \u03c3\u03b5 \u03cc\u03b3\u03ba\u03bf\u03c5\u03c2<\/strong><\/p>\n<p style=\"text-align: center;\">\u03a0\u03bb\u03ae\u03c1\u03b7\u03c2 \u03b4\u03b9\u03b1\u03ba\u03bf\u03c0\u03ae \u03c4\u03b7\u03c2 \u03c1\u03bf\u03ae\u03c2 \u03b1\u03af\u03bc\u03b1\u03c4\u03bf\u03c2 \u03c3\u03c4\u03bf\u03bd \u03cc\u03b3\u03ba\u03bf (\u039c\u03b5\u03c4\u03ac\u03c3\u03c4\u03b1\u03c3\u03b7 \u03c3\u03c4\u03bf \u03c3\u03c5\u03ba\u03cc\u03c4\u03b9) \u03bc\u03b5\u03c4\u03ac \u03b1\u03c0\u03cc \u03c7\u03b7\u03bc\u03b5\u03b9\u03bf\u03b8\u03b5\u03c1\u03b1\u03c0\u03b5\u03af\u03b1 \u03ba\u03b1\u03b9 \u03c4\u03b1\u03c5\u03c4\u03cc\u03c7\u03c1\u03bf\u03bd\u03b7 \u03b5\u03bb\u03ac\u03c7\u03b9\u03c3\u03c4\u03b7 \u03b5\u03c0\u03af\u03b4\u03c1\u03b1\u03c3\u03b7 \u03c3\u03c4\u03bf \u03c6\u03c5\u03c3\u03b9\u03bf\u03bb\u03bf\u03b3\u03b9\u03ba\u03cc \u03b9\u03c3\u03c4\u03cc \u03c4\u03bf\u03c5 \u03c3\u03c5\u03ba\u03bf\u03c4\u03b9\u03bf\u03cd<\/p>\n<p style=\"text-align: center;\">\u039a\u03b1\u03bc\u03bc\u03b9\u03ac \u03c1\u03bf\u03ae \u03bc\u03b5\u03c4\u03ac \u03b1\u03c0\u03cc \u03c7\u03b7\u03bc\u03b5\u03b9\u03bf\u03b8\u03b5\u03c1\u03b1\u03c0\u03b5\u03af\u03b1 (\u03c0\u03bf\u03c1\u03c4\u03bf\u03ba\u03b1\u03bb\u03af \u03c4\u03cc\u03be\u03bf)<\/p>\n<p style=\"text-align: center;\">\u039c\u03b5\u03c4\u03ac\u03c3\u03c4\u03b1\u03c3\u03b7 \u03c3\u03c4\u03bf \u03c3\u03c5\u03ba\u03cc\u03c4\u03b9 \u00a0(\u03b1\u03c1\u03b9\u03c3\u03c4\u03b5\u03c1\u03ae \u03b5\u03b9\u03ba\u03cc\u03bd\u03b1)<\/p>\n<p style=\"text-align: center;\">\u03a0\u03b5\u03c1\u03b9\u03b2\u03ac\u03bb\u03bb\u03c9\u03bd \u03c6\u03c5\u03c3\u03b9\u03bf\u03bb\u03bf\u03b3\u03b9\u03ba\u03cc\u03c2 \u03b9\u03c3\u03c4\u03cc\u03c2 \u03c3\u03c5\u03ba\u03bf\u03c4\u03b9\u03bf\u03cd (\u03b4\u03b5\u03be\u03b9\u03ac \u03b5\u03b9\u03ba\u03cc\u03bd\u03b1)<\/p>\n<p style=\"text-align: center;\">\u0388\u03bd\u03c4\u03b1\u03c3\u03b7 \u03c4\u03b7\u03c2 \u03c1\u03bf\u03ae\u03c2 \u03b1\u03af\u03bc\u03b1\u03c4\u03bf\u03c2 (cm\/s) \u03c0\u03c1\u03af\u03bd \u03c4\u03b7 \u03c7\u03b7\u03bc\u03b5\u03b9\u03bf\u03b8\u03b5\u03c1\u03b1\u03c0\u03b5\u03af\u03b1 (\u03bc\u03c0\u03bb\u03b5)<\/p>\n<p style=\"text-align: center;\">\u0388\u03bd\u03c4\u03b1\u03c3\u03b7 \u03c4\u03b7\u03c2 \u03c1\u03bf\u03ae\u03c2 \u03b1\u03af\u03bc\u03b1\u03c4\u03bf\u03c2 (cm\/s) \u03bc\u03b5\u03c4\u03ac \u03c4\u03b7 \u03c7\u03b7\u03bc\u03b5\u03b9\u03bf\u03b8\u03b5\u03c1\u03b1\u03c0\u03b5\u03af\u03b1 (\u03c0\u03bf\u03c1\u03c4\u03bf\u03ba\u03b1\u03bb\u03af)<\/p>\n<p><strong>\u00a0<\/strong><\/p>\n<p><strong>\u0394\u03b9\u03b1\u03b2\u03ae\u03c4\u03b7\u03c2 (Diabetes mellitus)<\/strong><\/p>\n<p>\u039f\u03b9 \u03b1\u03c3\u03b8\u03b5\u03bd\u03b5\u03af\u03c2 \u03bc\u03b5 \u03b4\u03b9\u03b1\u03b2\u03ae\u03c4\u03b7 \u03ba\u03b9\u03bd\u03b4\u03c5\u03bd\u03b5\u03cd\u03bf\u03c5\u03bd \u03bd\u03b1 \u03c0\u03b1\u03c1\u03bf\u03c5\u03c3\u03b9\u03ac\u03c3\u03bf\u03c5\u03bd \u03c3\u03c4\u03b1\u03b4\u03b9\u03b1\u03ba\u03ae \u03b4\u03c5\u03c3\u03bb\u03b5\u03b9\u03c4\u03bf\u03c5\u03c1\u03b3\u03af\u03b1 \u03c4\u03c9\u03bd \u03bd\u03b5\u03c6\u03c1\u03ce\u03bd. \u0393\u03b9\u2019 \u03b1\u03c5\u03c4\u03cc \u03b5\u03af\u03bd\u03b1\u03b9 \u03c3\u03b7\u03bc\u03b1\u03bd\u03c4\u03b9\u03ba\u03cc \u03bd\u03b1 \u03b5\u03be\u03b5\u03c4\u03ac\u03b6\u03bf\u03bd\u03c4\u03b1\u03b9 \u03c4\u03b1 \u03b1\u03b3\u03b3\u03b5\u03af\u03b1 \u03c4\u03c9\u03bd \u03bd\u03b5\u03c6\u03c1\u03ce\u03bd \u03c4\u03bf\u03c5\u03c2 \u03c3\u03b5 \u03c4\u03b1\u03ba\u03c4\u03b9\u03ba\u03ac \u03c7\u03c1\u03bf\u03bd\u03b9\u03ba\u03ac \u03b4\u03b9\u03b1\u03c3\u03c4\u03ae\u03bc\u03b1\u03c4\u03b1 \u03b3\u03b9\u03b1 \u03bd\u03b1 \u03b3\u03af\u03bd\u03b5\u03c4\u03b1\u03b9 \u03ad\u03b3\u03ba\u03b1\u03b9\u03c1\u03b7 \u03b4\u03b9\u03ac\u03b3\u03bd\u03c9\u03c3\u03b7 \u03b5\u03bd\u03b4\u03b5\u03c7\u03cc\u03bc\u03b5\u03bd\u03b7\u03c2 \u03b6\u03b7\u03bc\u03b9\u03ac\u03c2 \u03c4\u03bf\u03c5 \u03bd\u03b5\u03c6\u03c1\u03bf\u03cd. \u0391\u03c5\u03c4\u03cc \u03b4\u03b9\u03b1\u03c0\u03b9\u03c3\u03c4\u03ce\u03bd\u03b5\u03c4\u03b1\u03b9 \u03c3\u03c4\u03b1 \u03c0\u03bb\u03b1\u03af\u03c3\u03b9\u03b1 \u03c4\u03b7\u03c2 \u03b4\u03b9\u03ac\u03b3\u03bd\u03c9\u03c3\u03b7\u03c2 \u03bc\u03b5 \u03c5\u03c0\u03b5\u03c1\u03ae\u03c7\u03bf\u03c5\u03c2 \u03c4\u03c9\u03bd \u03bd\u03b5\u03c6\u03c1\u03ce\u03bd \u03bc\u03b5 \u03c4\u03b7 \u03bc\u03ad\u03c4\u03c1\u03b7\u03c3\u03b7\u03c2 \u03c4\u03b7\u03c2 \u03c1\u03bf\u03ae\u03c2 \u03b1\u03af\u03bc\u03b1\u03c4\u03bf\u03c2. \u03a3\u03c4\u03b7\u03bd \u03c0\u03b5\u03c1\u03af\u03c0\u03c4\u03c9\u03c3\u03b7 \u03c0\u03bf\u03c5 \u03b4\u03b5\u03bd \u03b8\u03b1 \u03b3\u03af\u03bd\u03b5\u03b9 \u03c7\u03c1\u03ae\u03c3\u03b7 \u03c4\u03b7\u03c2 \u03bc\u03ad\u03c4\u03c1\u03b7\u03c3\u03b7\u03c2 \u03c4\u03b7\u03c2 \u03c1\u03bf\u03ae\u03c2 \u03b1\u03af\u03bc\u03b1\u03c4\u03bf\u03c2 \u03c4\u03c9\u03bd \u03bd\u03b5\u03c6\u03c1\u03ce\u03bd, \u03b7 \u03ba\u03b1\u03c4\u03ac\u03c3\u03c4\u03b1\u03c3\u03b7 \u03c4\u03c9\u03bd \u03bd\u03b5\u03c6\u03c1\u03ce\u03bd \u03bc\u03c0\u03bf\u03c1\u03b5\u03af \u03bd\u03b1 \u03ba\u03c1\u03b9\u03b8\u03b5\u03af \u03ba\u03c5\u03c1\u03af\u03c9\u03c2 \u03b1\u03c0\u03cc \u03c4\u03bf\u03bd \u03c4\u03c1\u03cc\u03c0\u03bf \u03b4\u03b9\u03ae\u03b8\u03b7\u03c3\u03b7\u03c2 \u03c4\u03c9\u03bd \u03bd\u03b5\u03c6\u03c1\u03ce\u03bd. \u039c\u03b9\u03b1 \u03ad\u03bd\u03b4\u03b5\u03b9\u03be\u03b7 \u03b5\u03af\u03bd\u03b1\u03b9 \u03b7 \u03b1\u03c0\u03ad\u03ba\u03ba\u03c1\u03b9\u03c3\u03b7 \u03c4\u03b7\u03c2 \u03c0\u03c1\u03c9\u03c4\u03b5\u0390\u03bd\u03b7\u03c2 \u00ab\u03bb\u03b5\u03c5\u03ba\u03c9\u03bc\u03b1\u03c4\u03af\u03bd\u03b7\u00bb, \u03c0\u03bf\u03c5 \u03b4\u03b9\u03b1\u03c0\u03b9\u03c3\u03c4\u03ce\u03bd\u03b5\u03c4\u03b1\u03b9 \u03bc\u03b5 \u03c4\u03b7\u03bd \u03b5\u03be\u03ad\u03c4\u03b1\u03c3\u03b7 \u03bf\u03cd\u03c1\u03c9\u03bd. \u038c\u03c4\u03b1\u03bd \u03c4\u03bf \u03c3\u03ce\u03bc\u03b1 \u03b5\u03ba\u03ba\u03c1\u03af\u03bd\u03b5\u03b9 \u03b1\u03c5\u03be\u03b7\u03bc\u03ad\u03bd\u03b5\u03c2 \u03c0\u03bf\u03c3\u03cc\u03c4\u03b7\u03c4\u03b5\u03c2 \u03bb\u03b5\u03c5\u03ba\u03c9\u03bc\u03b1\u03c4\u03af\u03bd\u03b7\u03c2 \u03c3\u03c4\u03b1 \u03bf\u03cd\u03c1\u03b1, \u03c4\u03cc\u03c4\u03b5 \u03c0\u03c1\u03cc\u03ba\u03b5\u03b9\u03c4\u03b1\u03b9 \u03b3\u03b9\u03b1 \u03bc\u03b9\u03ba\u03c1\u03bf\u03bb\u03b5\u03c5\u03ba\u03c9\u03bc\u03b1\u03c4\u03af\u03bd\u03b7 \u03bf\u03cd\u03c1\u03c9\u03bd. \u039c\u03b5 \u03c4\u03b7 \u03bc\u03ad\u03c4\u03c1\u03b7\u03c3\u03b7 \u03c4\u03b7\u03c2 \u03c1\u03bf\u03ae\u03c2 \u03b1\u03af\u03bc\u03b1\u03c4\u03bf\u03c2 \u03c4\u03c9\u03bd \u03bd\u03b5\u03c6\u03c1\u03ce\u03bd, \u03bc\u03c0\u03bf\u03c1\u03b5\u03af \u03bd\u03b1 \u03b2\u03b5\u03bb\u03c4\u03b9\u03c3\u03c4\u03bf\u03c0\u03bf\u03b9\u03b7\u03b8\u03b5\u03af \u03b7 \u03b8\u03b5\u03c1\u03b1\u03c0\u03b5\u03af\u03b1 \u03c0\u03c1\u03bf\u03c4\u03bf\u03cd \u03c0\u03c1\u03bf\u03ba\u03bb\u03b7\u03b8\u03b5\u03af \u03b6\u03b7\u03bc\u03b9\u03ac \u03c4\u03c9\u03bd \u03bd\u03b5\u03c6\u03c1\u03ce\u03bd \u03ba\u03b1\u03b9 \u03c0\u03c1\u03bf\u03c4\u03bf\u03cd \u03c0\u03b1\u03c1\u03bf\u03c5\u03c3\u03b9\u03b1\u03c3\u03b8\u03b5\u03af \u03b7 \u03bc\u03b9\u03ba\u03c1\u03bf\u03bb\u03b5\u03c5\u03ba\u03c9\u03bc\u03b1\u03c4\u03af\u03bd\u03b7 \u03bf\u03cd\u03c1\u03c9\u03bd.<\/p>\n<p><img decoding=\"async\" class=\"alignnone size-large wp-image-439\" src=\"http:\/\/wp12612379.server-he.de\/wp-content\/uploads\/2015\/12\/Diabetes-mellitus-Gef\u00e4\u00dfsch\u00e4digung-der-Niere-1024x576.jpg\" alt=\"Diabetes mellitus Gef\u00e4\u00dfsch\u00e4digung der Niere\" width=\"100%\" height=\"auto\" srcset=\"https:\/\/scholbach.de\/wp-content\/uploads\/2015\/12\/Diabetes-mellitus-Gef\u00e4\u00dfsch\u00e4digung-der-Niere-1024x576.jpg 1024w, https:\/\/scholbach.de\/wp-content\/uploads\/2015\/12\/Diabetes-mellitus-Gef\u00e4\u00dfsch\u00e4digung-der-Niere-300x169.jpg 300w, https:\/\/scholbach.de\/wp-content\/uploads\/2015\/12\/Diabetes-mellitus-Gef\u00e4\u00dfsch\u00e4digung-der-Niere.jpg 1280w\" sizes=\"(max-width: 1024px) 100vw, 1024px\" \/><\/p>\n<p><strong>\u03a1\u03b5\u03c5\u03bc\u03b1\u03c4\u03b9\u03c3\u03bc\u03bf\u03af<\/strong><\/p>\n<p>\u0391\u03c3\u03b8\u03b5\u03bd\u03b5\u03af\u03c2 \u03bc\u03b5 \u03c1\u03b5\u03c5\u03bc\u03b1\u03c4\u03b9\u03c3\u03bc\u03bf\u03cd\u03c2 \u03c0\u03ac\u03c3\u03c7\u03bf\u03c5\u03bd \u03b1\u03c0\u03cc \u03c4\u03b1\u03ba\u03c4\u03b9\u03ba\u03bf\u03cd\u03c2 \u03c0\u03cc\u03bd\u03bf\u03c5\u03c2 \u03c3\u03c4\u03b9\u03c2 \u03ba\u03bb\u03b5\u03b9\u03b4\u03ce\u03c3\u03b5\u03b9\u03c2\/\u03b1\u03c1\u03b8\u03c1\u03ce\u03c3\u03b5\u03b9\u03c2. \u0393\u03b9\u03b1 \u03bd\u03b1 \u03b4\u03b9\u03b1\u03c0\u03b9\u03c3\u03c4\u03c9\u03b8\u03b5\u03af\u00a0 \u03c0\u03cc\u03c3\u03bf \u03ad\u03bd\u03c4\u03bf\u03bd\u03b7 \u03b5\u03af\u03bd\u03b1\u03b9 \u03b7 \u03c6\u03bb\u03b5\u03b3\u03bc\u03bf\u03bd\u03ae \u03ba\u03b1\u03b9 \u03ba\u03b1\u03c4\u03ac \u03c0\u03cc\u03c3\u03bf \u03b1\u03bd\u03c4\u03b1\u03c0\u03bf\u03ba\u03c1\u03af\u03bd\u03b5\u03c4\u03b1\u03b9 \u03c3\u03c4\u03b7 \u03b8\u03b5\u03c1\u03b1\u03c0\u03b5\u03c5\u03c4\u03b9\u03ba\u03ae \u03b1\u03b3\u03c9\u03b3\u03ae \u03c7\u03c1\u03b7\u03c3\u03b9\u03bc\u03bf\u03c0\u03bf\u03b9\u03b5\u03af\u03c4\u03b1\u03b9 \u03b7 \u03bc\u03ad\u03c4\u03c1\u03b7\u03c3\u03b7 \u03c4\u03b7\u03c2 \u03c6\u03bb\u03b5\u03b3\u03bc\u03bf\u03bd\u03ae\u03c2 \u03bc\u03b5 \u03c5\u03c0\u03b5\u03c1\u03ae\u03c7\u03bf\u03c5\u03c2. \u039c\u03b5 \u03b1\u03c5\u03c4\u03cc\u03bd \u03c4\u03bf\u03bd \u03c4\u03c1\u03cc\u03c0\u03bf \u03bc\u03c0\u03bf\u03c1\u03b5\u03af \u03b7 \u03b8\u03b5\u03c1\u03b1\u03c0\u03b5\u03af\u03b1 \u03bd\u03b1 \u03ba\u03b1\u03c4\u03b1\u03c3\u03c4\u03b5\u03af \u03c0\u03b9\u03bf \u03b1\u03c0\u03bf\u03c4\u03b5\u03bb\u03b5\u03c3\u03bc\u03b1\u03c4\u03b9\u03ba\u03ae.<\/p>\n<p>\u03a0\u03b1\u03c1\u03b1\u03ba\u03b1\u03bb\u03ce \u03bd\u03b1 \u03bb\u03b1\u03bc\u03b2\u03ac\u03bd\u03b5\u03c4\u03b5 \u03c5\u03c0\u03cc\u03c8\u03b7 \u03c4\u03b9\u03c2 \u03c5\u03c0\u03bf\u03b4\u03b5\u03af\u03be\u03b5\u03b9\u03c2 \u03ba\u03b1\u03b9 \u03b9\u03b1\u03c4\u03c1\u03b9\u03ba\u03ad\u03c2 \u03b5\u03c0\u03b5\u03be\u03b7\u03b3\u03ae\u03c3\u03b5\u03b9\u03c2 \u03c3\u03c4\u03b7\u03bd \u03b9\u03c3\u03c4\u03bf\u03c3\u03b5\u03bb\u03af\u03b4\u03b1 \u03b1\u03c5\u03c4\u03ae.<\/p>\n<p>&nbsp;<\/p>","protected":false},"excerpt":{"rendered":"<p>\u039a\u03ac\u03c0\u03bf\u03b9\u03b5\u03c2\u00a0 \u03c7\u03c1\u03cc\u03bd\u03b9\u03b5\u03c2 \u03b1\u03c3\u03b8\u03ad\u03bd\u03b5\u03b9\u03b5\u03c2 \u03bc\u03b5 \u03c4\u03b7\u03bd \u03c0\u03ac\u03c1\u03bf\u03b4\u03bf \u03c4\u03bf\u03c5 \u03c7\u03c1\u03cc\u03bd\u03bf\u03c5 \u03c0\u03c1\u03bf\u03ba\u03b1\u03bb\u03bf\u03cd\u03bd \u03b6\u03b7\u03bc\u03b9\u03ad\u03c2 \u03c3\u03c4\u03b1 \u03cc\u03c1\u03b3\u03b1\u03bd\u03b1. \u03a3\u03b5 \u03b1\u03c5\u03c4\u03ae \u03c4\u03b7\u03bd \u03c0\u03b5\u03c1\u03af\u03c0\u03c4\u03c9\u03c3\u03b7 \u03c0\u03b1\u03c1\u03bf\u03c5\u03c3\u03b9\u03ac\u03b6\u03b5\u03c4\u03b1\u03b9 \u03c4\u03b1\u03ba\u03c4\u03b9\u03ba\u03ac \u03bc\u03b5\u03b9\u03c9\u03bc\u03ad\u03bd\u03b7 \u03c1\u03bf\u03ae \u03b1\u03af\u03bc\u03b1\u03c4\u03bf\u03c2. \u039c\u03b5 \u03c4\u03b7\u03bd \u03bc\u03ad\u03c4\u03c1\u03b7\u03c3\u03b7 \u03c4\u03b7\u03c2 \u03c1\u03bf\u03ae\u03c2 \u03b1\u03af\u03bc\u03b1\u03c4\u03bf\u03c2 \u03b5\u03af\u03bd\u03b1\u03b9 \u03b4\u03c5\u03bd\u03b1\u03c4\u03cc \u03bd\u03b1 \u03b3\u03af\u03bd\u03b5\u03c4\u03b1\u03b9 \u03ba\u03ac\u03b8\u03b5 \u03c6\u03bf\u03c1\u03ac \u03b1\u03ba\u03c1\u03b9\u03b2\u03ae\u03c2 \u03b4\u03b9\u03ac\u03b3\u03bd\u03c9\u03c3\u03b7 \u03c4\u03bf\u03c5 \u03c3\u03c4\u03b1\u03b4\u03af\u03bf\u03c5 \u03c4\u03b7\u03c2 \u03b1\u03c3\u03b8\u03ad\u03bd\u03b5\u03b9\u03b1\u03c2. \u03a4\u03b1 \u03b1\u03ba\u03cc\u03bb\u03bf\u03c5\u03b8\u03b1 \u03c0\u03b1\u03c1\u03b1\u03b4\u03b5\u03af\u03b3\u03bc\u03b1\u03c4\u03b1 \u03b4\u03b5\u03af\u03c7\u03bd\u03bf\u03c5\u03bd \u03c4\u03b9\u03c2 \u03b4\u03c5\u03bd\u03b1\u03c4\u03cc\u03c4\u03b7\u03c4\u03b5\u03c2 \u03c3\u03c7\u03b5\u03c4\u03b9\u03ba\u03ac \u03bc\u03b5 \u03c4\u03b7 \u03bc\u03ad\u03c4\u03c1\u03b7\u03c3\u03b7 \u03c4\u03b7\u03c2 \u03c1\u03bf\u03ae\u03c2 \u03b1\u03af\u03bc\u03b1\u03c4\u03bf\u03c2 \u03c3\u03b5 \u03b1\u03c5\u03c4\u03cc \u03c4\u03bf\u03bd [&hellip;]<\/p>\n","protected":false},"author":4,"featured_media":0,"parent":74,"menu_order":1,"comment_status":"closed","ping_status":"closed","template":"","meta":{"om_disable_all_campaigns":false,"footnotes":""},"class_list":["post-62","page","type-page","status-publish","hentry"],"_links":{"self":[{"href":"https:\/\/scholbach.de\/el\/wp-json\/wp\/v2\/pages\/62","targetHints":{"allow":["GET"]}}],"collection":[{"href":"https:\/\/scholbach.de\/el\/wp-json\/wp\/v2\/pages"}],"about":[{"href":"https:\/\/scholbach.de\/el\/wp-json\/wp\/v2\/types\/page"}],"author":[{"embeddable":true,"href":"https:\/\/scholbach.de\/el\/wp-json\/wp\/v2\/users\/4"}],"replies":[{"embeddable":true,"href":"https:\/\/scholbach.de\/el\/wp-json\/wp\/v2\/comments?post=62"}],"version-history":[{"count":25,"href":"https:\/\/scholbach.de\/el\/wp-json\/wp\/v2\/pages\/62\/revisions"}],"predecessor-version":[{"id":4431,"href":"https:\/\/scholbach.de\/el\/wp-json\/wp\/v2\/pages\/62\/revisions\/4431"}],"up":[{"embeddable":true,"href":"https:\/\/scholbach.de\/el\/wp-json\/wp\/v2\/pages\/74"}],"wp:attachment":[{"href":"https:\/\/scholbach.de\/el\/wp-json\/wp\/v2\/media?parent=62"}],"curies":[{"name":"wp","href":"https:\/\/api.w.org\/{rel}","templated":true}]}}