{"id":9707,"date":"2025-09-27T22:56:39","date_gmt":"2025-09-27T20:56:39","guid":{"rendered":"https:\/\/scholbach.de\/?page_id=9707"},"modified":"2025-09-28T10:31:13","modified_gmt":"2025-09-28T08:31:13","slug":"patient-with-severe-post-prandial-hyperventilation-and-circulatory-issues-due-to-compression-of-the-vena-cava-by-the-diaphragm-and-the-down-sliding-liver","status":"publish","type":"page","link":"https:\/\/scholbach.de\/de\/patient-with-severe-post-prandial-hyperventilation-and-circulatory-issues-due-to-compression-of-the-vena-cava-by-the-diaphragm-and-the-down-sliding-liver","title":{"rendered":"Patientin mit Luftnot und Kreislaufproblemen nach dem Essen aufgrund der Kompression der Hohlvene"},"content":{"rendered":"<p>Bei der Patientin handelt es sich um eine 35-j\u00e4hrige Frau, die seit langem unter postprandialen Problemen leidet. Neben anderen Symptomen war sie nicht in der Lage, ausreichende Mengen an Nahrung zu sich zu nehmen. Insbesondere vermied sie feste Nahrung, die sie weniger gut vertrug als Fl\u00fcssigkeit. Eines der Hauptsymptome war Kurzatmigkeit nach dem Essen, die sie als bedrohlich empfand, vor allem, wenn sie nach dem Essen aufrecht stand und Kreislaufprobleme wie Schwindel und Benommenheit auftraten.<\/p>\n<p>\u00dcber 10 Jahre lang konnte die herk\u00f6mmliche gastroenterologische und kardiologische Diagnostik die Ursache des Problems nicht feststellen.<\/p>\n<p>Ein funktioneller Farbdoppler-Ultraschall zeigte jedoch, dass die Probleme durch eine Kompression der unteren Hohlvene verursacht wurden. Die verst\u00e4rkte Lendenlordose des Patienten, die durch eine Bindegewebserkrankung (hypermobiles Ehlers-Danlos-Syndrom) verursacht wurde, dr\u00fcckte die untere Hohlvene nach vorn.<\/p>\n<p><a href=\"https:\/\/scholbach.de\/wp-content\/uploads\/2025\/09\/Folie1-1-e1759007037880.jpg\"><img loading=\"lazy\" decoding=\"async\" class=\"aligncenter size-medium wp-image-9714\" src=\"https:\/\/scholbach.de\/wp-content\/uploads\/2025\/09\/Folie1-1-e1759007037880-300x204.jpg\" alt=\"\" width=\"300\" height=\"204\" srcset=\"https:\/\/scholbach.de\/wp-content\/uploads\/2025\/09\/Folie1-1-e1759007037880-300x204.jpg 300w, https:\/\/scholbach.de\/wp-content\/uploads\/2025\/09\/Folie1-1-e1759007037880-1024x696.jpg 1024w, https:\/\/scholbach.de\/wp-content\/uploads\/2025\/09\/Folie1-1-e1759007037880-768x522.jpg 768w, https:\/\/scholbach.de\/wp-content\/uploads\/2025\/09\/Folie1-1-e1759007037880.jpg 1030w\" sizes=\"auto, (max-width: 300px) 100vw, 300px\" \/><\/a><\/p>\n<p>Die oberen Lendenwirbel wirkten somit wie eine Rampe, gegen die der sich ausdehnende Zw\u00f6lffingerdarm auf die Hohlvene dr\u00fcckte. Verschlimmert wurde die Situation dadurch, dass der Zw\u00f6lffingerdarm nicht richtig funktionierte, so dass sich die Nahrung im absteigenden Teil des Zw\u00f6lffingerdarms direkt vor der unteren Hohlvene festsetzte.<\/p>\n<div style=\"width: 1886px;\" class=\"wp-video\"><video class=\"wp-video-shortcode\" id=\"video-9707-4\" width=\"1886\" height=\"1000\" preload=\"metadata\" controls=\"controls\"><source type=\"video\/webm\" src=\"https:\/\/scholbach.de\/wp-content\/uploads\/2025\/09\/PP-VCI-compr-1.webm?_=4\" \/><a href=\"https:\/\/scholbach.de\/wp-content\/uploads\/2025\/09\/PP-VCI-compr-1.webm\">https:\/\/scholbach.de\/wp-content\/uploads\/2025\/09\/PP-VCI-compr-1.webm<\/a><\/video><\/div>\n<p>&nbsp;<\/p>\n<div style=\"width: 1866px;\" class=\"wp-video\"><video class=\"wp-video-shortcode\" id=\"video-9707-5\" width=\"1866\" height=\"946\" preload=\"metadata\" controls=\"controls\"><source type=\"video\/webm\" src=\"https:\/\/scholbach.de\/wp-content\/uploads\/2025\/09\/PPVCI3.webm?_=5\" \/><a href=\"https:\/\/scholbach.de\/wp-content\/uploads\/2025\/09\/PPVCI3.webm\">https:\/\/scholbach.de\/wp-content\/uploads\/2025\/09\/PPVCI3.webm<\/a><\/video><\/div>\n<p>&nbsp;<\/p>\n<div style=\"width: 1892px;\" class=\"wp-video\"><video class=\"wp-video-shortcode\" id=\"video-9707-6\" width=\"1892\" height=\"964\" preload=\"metadata\" controls=\"controls\"><source type=\"video\/webm\" src=\"https:\/\/scholbach.de\/wp-content\/uploads\/2025\/09\/PP-VCI-Compr-47.webm?_=6\" \/><a href=\"https:\/\/scholbach.de\/wp-content\/uploads\/2025\/09\/PP-VCI-Compr-47.webm\">https:\/\/scholbach.de\/wp-content\/uploads\/2025\/09\/PP-VCI-Compr-47.webm<\/a><\/video><\/div>\n<p>Wenn die Patientin aufstand, zog die Schwerkraft die Leber nach unten.<\/p>\n<p><a href=\"https:\/\/scholbach.de\/wp-content\/uploads\/2025\/09\/Folie2-1-e1759007093230.jpg\"><img loading=\"lazy\" decoding=\"async\" class=\"aligncenter size-medium wp-image-9715\" src=\"https:\/\/scholbach.de\/wp-content\/uploads\/2025\/09\/Folie2-1-e1759007093230-300x136.jpg\" alt=\"\" width=\"300\" height=\"136\" srcset=\"https:\/\/scholbach.de\/wp-content\/uploads\/2025\/09\/Folie2-1-e1759007093230-300x136.jpg 300w, https:\/\/scholbach.de\/wp-content\/uploads\/2025\/09\/Folie2-1-e1759007093230-1024x466.jpg 1024w, https:\/\/scholbach.de\/wp-content\/uploads\/2025\/09\/Folie2-1-e1759007093230-768x349.jpg 768w, https:\/\/scholbach.de\/wp-content\/uploads\/2025\/09\/Folie2-1-e1759007093230.jpg 1280w\" sizes=\"auto, (max-width: 300px) 100vw, 300px\" \/><\/a><a href=\"https:\/\/scholbach.de\/wp-content\/uploads\/2025\/09\/Folie3-2-e1759007114418.jpg\"><img loading=\"lazy\" decoding=\"async\" class=\"aligncenter size-medium wp-image-9716\" src=\"https:\/\/scholbach.de\/wp-content\/uploads\/2025\/09\/Folie3-2-e1759007114418-300x147.jpg\" alt=\"\" width=\"300\" height=\"147\" srcset=\"https:\/\/scholbach.de\/wp-content\/uploads\/2025\/09\/Folie3-2-e1759007114418-300x147.jpg 300w, https:\/\/scholbach.de\/wp-content\/uploads\/2025\/09\/Folie3-2-e1759007114418-1024x502.jpg 1024w, https:\/\/scholbach.de\/wp-content\/uploads\/2025\/09\/Folie3-2-e1759007114418-768x376.jpg 768w, https:\/\/scholbach.de\/wp-content\/uploads\/2025\/09\/Folie3-2-e1759007114418.jpg 1280w\" sizes=\"auto, (max-width: 300px) 100vw, 300px\" \/><\/a><\/p>\n<p>Aufgrund des schlaffen Bindegewebes war die Leber weniger gut fixiert und entwickelte daher eine orthostatische Hepatoptose. Die Leber glitt im Stehen wie ein Schlitten auf einer Rampe den kranialen Abhang der lordotischen Kr\u00fcmmung der Lendenwirbels\u00e4ule hinab auf die quer verlaufende rechte Nierenarterie.<\/p>\n<p>Unmittelbar nach der Nahrungsaufnahme pumpte der Magen die Nahrung in den Zw\u00f6lffingerdarm, der sich daraufhin erweiterte und die Hohlvene komprimierte. Fl\u00fcssige Nahrung wurde besser toleriert, da feste Nahrung noch leichter steckenblieb, denn das Duodenum kontrahierte sich nicht regelrecht.<\/p>\n<p>Dadurch wurde der ven\u00f6se R\u00fcckfluss aus der unteren K\u00f6rperh\u00e4lfte pl\u00f6tzlich unterbrochen oder massiv beeintr\u00e4chtigt. Dies f\u00fchrte zu einem pl\u00f6tzlichen Abfall des zirkulierenden Blutvolumens. Aufgrund der verminderten Lungendurchblutung als Folge der Verringerung des zentralen Durchflussvolumens entwickelte sich das Hecheln, um die Sauerstoffversorgung des verbleibenden geringen Blutflussvolumens zu verbessern. Gleichzeitig verursachte der verringerte Blutfluss zum Gehirn in Kombination mit der Hypokapnie als Folge der Hyperventilation zur Bek\u00e4mpfung der drohenden Beeintr\u00e4chtigung der Sauerstoffversorgung des Hirns Schwindel und ein Gef\u00fchl der Beinahe-Ohnmacht.<\/p>\n<p>&nbsp;<\/p>\n<p><a href=\"https:\/\/scholbach.de\/wp-content\/uploads\/2025\/09\/Folie4-2-e1759007174402.jpg\"><img loading=\"lazy\" decoding=\"async\" class=\"aligncenter size-medium wp-image-9717\" src=\"https:\/\/scholbach.de\/wp-content\/uploads\/2025\/09\/Folie4-2-e1759007174402-300x156.jpg\" alt=\"\" width=\"300\" height=\"156\" srcset=\"https:\/\/scholbach.de\/wp-content\/uploads\/2025\/09\/Folie4-2-e1759007174402-300x156.jpg 300w, https:\/\/scholbach.de\/wp-content\/uploads\/2025\/09\/Folie4-2-e1759007174402-1024x532.jpg 1024w, https:\/\/scholbach.de\/wp-content\/uploads\/2025\/09\/Folie4-2-e1759007174402-768x399.jpg 768w, https:\/\/scholbach.de\/wp-content\/uploads\/2025\/09\/Folie4-2-e1759007174402.jpg 1270w\" sizes=\"auto, (max-width: 300px) 100vw, 300px\" \/><\/a><a href=\"https:\/\/scholbach.de\/wp-content\/uploads\/2025\/09\/Folie5-1-e1759007199998.jpg\"><img loading=\"lazy\" decoding=\"async\" class=\"aligncenter size-medium wp-image-9718\" src=\"https:\/\/scholbach.de\/wp-content\/uploads\/2025\/09\/Folie5-1-e1759007199998-300x167.jpg\" alt=\"\" width=\"300\" height=\"167\" srcset=\"https:\/\/scholbach.de\/wp-content\/uploads\/2025\/09\/Folie5-1-e1759007199998-300x167.jpg 300w, https:\/\/scholbach.de\/wp-content\/uploads\/2025\/09\/Folie5-1-e1759007199998-1024x569.jpg 1024w, https:\/\/scholbach.de\/wp-content\/uploads\/2025\/09\/Folie5-1-e1759007199998-768x427.jpg 768w, https:\/\/scholbach.de\/wp-content\/uploads\/2025\/09\/Folie5-1-e1759007199998.jpg 1263w\" sizes=\"auto, (max-width: 300px) 100vw, 300px\" \/><\/a><a href=\"https:\/\/scholbach.de\/wp-content\/uploads\/2025\/09\/TTT-e1759007237991.jpg\"><img loading=\"lazy\" decoding=\"async\" class=\"aligncenter size-medium wp-image-9719\" src=\"https:\/\/scholbach.de\/wp-content\/uploads\/2025\/09\/TTT-e1759007237991-300x165.jpg\" alt=\"\" width=\"300\" height=\"165\" srcset=\"https:\/\/scholbach.de\/wp-content\/uploads\/2025\/09\/TTT-e1759007237991-300x165.jpg 300w, https:\/\/scholbach.de\/wp-content\/uploads\/2025\/09\/TTT-e1759007237991-1024x562.jpg 1024w, https:\/\/scholbach.de\/wp-content\/uploads\/2025\/09\/TTT-e1759007237991-768x421.jpg 768w, https:\/\/scholbach.de\/wp-content\/uploads\/2025\/09\/TTT-e1759007237991.jpg 1148w\" sizes=\"auto, (max-width: 300px) 100vw, 300px\" \/><\/a><\/p>\n<p>Mit funktionellem Ultraschall kann die gesamte pathophysiologische Kette nachverfolgt werden, von der zugrunde liegenden Lordose bis zur postprandialen Duodenalerweiterung und der anschlie\u00dfenden Kompression der Hohlvene, insbesondere beim Stehen nach dem Essen.<\/p>\n<p>Die logischen Behandlungen sind die Reduzierung der Lordose durch Training der R\u00fcckenmuskulatur und bei unzureichendem Effekt schlie\u00dflich die Dekompression der Vena cava durch Umh\u00fcllung mit einer PTFE-H\u00fclse.<\/p>\n<p>&nbsp;<\/p>\n<p>&nbsp;<\/p>\n<p>&nbsp;<\/p>\n<p>&nbsp;<\/p>","protected":false},"excerpt":{"rendered":"<p>Bei der Patientin handelt es sich um eine 35-j\u00e4hrige Frau, die seit langem unter postprandialen Problemen leidet. Neben anderen Symptomen war sie nicht in der Lage, ausreichende Mengen an Nahrung zu sich zu nehmen. Insbesondere vermied sie feste Nahrung, die sie weniger gut vertrug als Fl\u00fcssigkeit. Eines der Hauptsymptome war Kurzatmigkeit nach dem Essen, die [&hellip;]<\/p>\n","protected":false},"author":5,"featured_media":0,"parent":0,"menu_order":0,"comment_status":"closed","ping_status":"closed","template":"","meta":{"om_disable_all_campaigns":false,"footnotes":""},"class_list":["post-9707","page","type-page","status-publish","hentry"],"_links":{"self":[{"href":"https:\/\/scholbach.de\/de\/wp-json\/wp\/v2\/pages\/9707","targetHints":{"allow":["GET"]}}],"collection":[{"href":"https:\/\/scholbach.de\/de\/wp-json\/wp\/v2\/pages"}],"about":[{"href":"https:\/\/scholbach.de\/de\/wp-json\/wp\/v2\/types\/page"}],"author":[{"embeddable":true,"href":"https:\/\/scholbach.de\/de\/wp-json\/wp\/v2\/users\/5"}],"replies":[{"embeddable":true,"href":"https:\/\/scholbach.de\/de\/wp-json\/wp\/v2\/comments?post=9707"}],"version-history":[{"count":7,"href":"https:\/\/scholbach.de\/de\/wp-json\/wp\/v2\/pages\/9707\/revisions"}],"predecessor-version":[{"id":9745,"href":"https:\/\/scholbach.de\/de\/wp-json\/wp\/v2\/pages\/9707\/revisions\/9745"}],"wp:attachment":[{"href":"https:\/\/scholbach.de\/de\/wp-json\/wp\/v2\/media?parent=9707"}],"curies":[{"name":"wp","href":"https:\/\/api.w.org\/{rel}","templated":true}]}}