{"id":951,"date":"2016-12-28T11:13:44","date_gmt":"2016-12-28T11:13:44","guid":{"rendered":"http:\/\/scholbach.de\/?page_id=951"},"modified":"2020-04-05T14:12:42","modified_gmt":"2020-04-05T14:12:42","slug":"may-thurner-konstellation","status":"publish","type":"page","link":"https:\/\/scholbach.de\/de\/wissenschaft\/deutsch-ultraschalldiagnostik\/deutsch-gefaskompressionen\/may-thurner-konstellation","title":{"rendered":"May-Thurner-Konstellation \/May-Thurner-Syndrom\/Cockett&#8217;s syndrome\/Vena iliaca-Kompressionssyndrom"},"content":{"rendered":"<p><u>H\u00e4ufige Symptome:<\/u><u> <\/u><\/p>\n<ol>\n<li>Unterleibsschmerzen (oft linksseitig)<\/li>\n<li>die in den linken Oberschenkel ausstrahlen k\u00f6nnen<\/li>\n<li>linksseitige Flankenschmerzen<\/li>\n<li>Schwellung des linken Beines<\/li>\n<li>Neigung zu Thrombosen und Krampfadern im linken Bein<\/li>\n<\/ol>\n<p>Beim <a href=\"http:\/\/www.whonamedit.com\/synd.cfm\/3472.html\">May-Thurner-Syndrom <\/a>kann das Blut der linken Beckenseite nicht ausreichend gut \u00fcber die linke Beckenvene in die untere Hohlvene abflie\u00dfen. Die gemeinsame linke Beckenvene (Vena iliaca communis sinistra) wird zwischen Promontorium und rechter gemeinsamer Beckenarterie (Arteria iliaca communis dextra) mehr oder weniger stark abgeklemmt.<\/p>\n<p><img loading=\"lazy\" decoding=\"async\" class=\"size-full wp-image-974 aligncenter\" src=\"https:\/\/scholbach.de\/wp-content\/uploads\/2016\/12\/MTS-de.png\" alt=\"\" width=\"734\" height=\"318\" srcset=\"https:\/\/scholbach.de\/wp-content\/uploads\/2016\/12\/MTS-de.png 734w, https:\/\/scholbach.de\/wp-content\/uploads\/2016\/12\/MTS-de-300x130.png 300w\" sizes=\"auto, (max-width: 734px) 100vw, 734px\" \/><\/p>\n<p>Bei vielen Patienten entwickelt sich zur Umgehung des Hindernisses ein ausgepr\u00e4gter Umgehungskreislauf, der eine Flussumkehr in der linken inneren Beckenvene hervorruft, das Blut in die Tiefe des Beckens zu kr\u00e4ftigen Venengeflechten um die Organe im kleinen Becken (Geb\u00e4rmutter, Eierst\u00f6cke, Mastdarm, Harnblase) \u00a0f\u00fchrt. Von dort kann es \u00fcber die rechte innere Beckenvene zur rechten gemeinsamen gro\u00dfen Beckenvene und damit in die Vena cava inferior, die untere Hohlvene, gelangen. Diese Umgehungskreisl\u00e4ufe verursachen bei vielen Betroffenen erhebliche Beschwerden, da die chronische ven\u00f6se Stauung der betroffenen Organe von diesen oft nicht gut toleriert wird. In der Hauptsache handelt es sich bei diesen Organen um solche, die in der K\u00f6rpermitte, der K\u00f6rperhauptachse gelegen sind, da diese Organe das Blut auf ihrer linken Seite aufnehmen k\u00f6nnen und nach dem es \u00fcber die Organe selbst, dem hohen Druck auf der linken Seite ausweichend nach rechts abgeflossen ist, kann es dann \u00fcber rechtsseitige Venen der sogenannten Mittellinienorgane in das Abflussgebiet der unteren Hohlvene gelangen. Die immer wiederkehrende Situation ist also die, dass Organe in der K\u00f6rpermitte, die sogenannten Mittellinienorgane Blut links aufnehmen, dieses Blut wird \u00fcber das meist gering entwickelte Gef\u00e4\u00dfbett dieser Organe gedr\u00fcckt und flie\u00dft dann rechts zum Herzen ab.<\/p>\n<p>Der chronisch gesteigerte ven\u00f6se Druck in den Mittellinienorganen f\u00fchrt dort zur Aufdehnung der Organvenen, zu deren Schl\u00e4ngelung, d. h. zu sogenannten Krampfadern oder Varizen und zu einer entz\u00fcndlichen Reaktion in der Venenwand dieser Gef\u00e4\u00dfe. Diese Situation wird als <a href=\"https:\/\/scholbach.de\/wissenschaft\/deutsch-ultraschalldiagnostik\/deutsch-gefaskompressionen\/mittelliniensyndrom-mittellinien-stauungs-syndrom\">Mittelliniensyndrom <\/a>bezeichnet.<\/p>\n<p>&nbsp;<\/p>\n<p>Bitte beachten Sie unsere <a href=\"https:\/\/scholbach.de\/hinweise-zu-medizinischen-erlaeuterungen\">Hinweise zu den medizinischen Erl\u00e4uterungen<\/a> auf dieser Website.<\/p>","protected":false},"excerpt":{"rendered":"<p>H\u00e4ufige Symptome: Unterleibsschmerzen (oft linksseitig) die in den linken Oberschenkel ausstrahlen k\u00f6nnen linksseitige Flankenschmerzen Schwellung des linken Beines Neigung zu Thrombosen und Krampfadern im linken Bein Beim May-Thurner-Syndrom kann das Blut der linken Beckenseite nicht ausreichend gut \u00fcber die linke Beckenvene in die untere Hohlvene abflie\u00dfen. Die gemeinsame linke Beckenvene (Vena iliaca communis sinistra) wird [&hellip;]<\/p>\n","protected":false},"author":5,"featured_media":0,"parent":66,"menu_order":4,"comment_status":"closed","ping_status":"closed","template":"","meta":{"om_disable_all_campaigns":false,"footnotes":""},"class_list":["post-951","page","type-page","status-publish","hentry"],"_links":{"self":[{"href":"https:\/\/scholbach.de\/de\/wp-json\/wp\/v2\/pages\/951","targetHints":{"allow":["GET"]}}],"collection":[{"href":"https:\/\/scholbach.de\/de\/wp-json\/wp\/v2\/pages"}],"about":[{"href":"https:\/\/scholbach.de\/de\/wp-json\/wp\/v2\/types\/page"}],"author":[{"embeddable":true,"href":"https:\/\/scholbach.de\/de\/wp-json\/wp\/v2\/users\/5"}],"replies":[{"embeddable":true,"href":"https:\/\/scholbach.de\/de\/wp-json\/wp\/v2\/comments?post=951"}],"version-history":[{"count":44,"href":"https:\/\/scholbach.de\/de\/wp-json\/wp\/v2\/pages\/951\/revisions"}],"predecessor-version":[{"id":4424,"href":"https:\/\/scholbach.de\/de\/wp-json\/wp\/v2\/pages\/951\/revisions\/4424"}],"up":[{"embeddable":true,"href":"https:\/\/scholbach.de\/de\/wp-json\/wp\/v2\/pages\/66"}],"wp:attachment":[{"href":"https:\/\/scholbach.de\/de\/wp-json\/wp\/v2\/media?parent=951"}],"curies":[{"name":"wp","href":"https:\/\/api.w.org\/{rel}","templated":true}]}}