{"id":947,"date":"2016-12-28T11:13:32","date_gmt":"2016-12-28T11:13:32","guid":{"rendered":"http:\/\/scholbach.de\/?page_id=947"},"modified":"2025-04-15T20:52:26","modified_gmt":"2025-04-15T18:52:26","slug":"pelvines-kongestionssyndrom-stauung-der-beckenorgane","status":"publish","type":"page","link":"https:\/\/scholbach.de\/de\/wissenschaft\/deutsch-ultraschalldiagnostik\/deutsch-gefaskompressionen\/pelvines-kongestionssyndrom-stauung-der-beckenorgane","title":{"rendered":"Pelvines Kongestionssyndrom  \/ Beckenvenensyndrom \/ Blutstau im Becken"},"content":{"rendered":"<p>Das Pelvine Kongestionssyndrom beruht auf einer ven\u00f6sen Stauung im Bereich des Beckens, haupts\u00e4chlich im so genannten kleinen Becken. Es gibt zwei M\u00f6glichkeiten, wie dies geschehen kann.<\/p>\n<ul>\n<li>Im einfachsten Fall sind die Venen, die das Blut aus dem Becken in die untere Hohlvene ableiten, zu eng, komprimiert oder blockiert.<\/li>\n<li>Dar\u00fcber hinaus kann Blut aus der linken Nierenvene in kleine Beckenorgane umgeleitet werden (siehe &#8222;<a href=\"https:\/\/scholbach.de\/wissenschaft\/deutsch-ultraschalldiagnostik\/deutsch-gefaskompressionen\/nussknacker\">Nussknacker-Syndrom<\/a>&#8222;) und dann zur \u00dcberlastung der Beckenvenen beitragen.<\/li>\n<\/ul>\n<p>Oftmals treffen beide M\u00f6glichkeiten aufeinander und f\u00fchren zu besonders starken Symptomen.<\/p>\n<p>&nbsp;<\/p>\n<p><strong><u>H\u00e4ufige Symptome: <\/u><\/strong><\/p>\n<ol>\n<li>Bauchschmerzen (oft linksseitig)<br \/>\nstarke Schmerzen im Bereich des Beckens (zwischen Symphyse und Nabel)<\/li>\n<li>verst\u00e4rkte Menstruationskr\u00e4mpfe<br \/>\nstarke oder st\u00e4rkere Menstruationsblutung<\/li>\n<li>Schmerzen beim Geschlechtsverkehr (Dyspareunie)<\/li>\n<li><a href=\"https:\/\/scholbach.de\/pudendal-neuralgia-in-vascular-compression-syndromes\">Schmerzen im \u00e4usseren Genitalbereich<\/a> &#8211; manchmal nicht untrcheidbar von einer Einklemmung des Pudendusnervs (Pudendusneuralgie)<\/li>\n<li>st\u00e4ndige unangenehme sexuelle Erregung<\/li>\n<li>ven\u00f6se Stauung im Genitalbereich (insbesondere bei Frauen, die mehrere Geburten hatten)<br \/>\nSchwellung der Vulva &#8211; permanente Spannung im Bereich der Vulva<\/li>\n<li>Schmerzen beim Stuhlgang<br \/>\nHarndrang und schmerzhaftes Wasserlassen<br \/>\nblutiger Urin (meist als unsichtbare Spuren, Nachweis nur unter dem Mikroskop oder mit einem Urinteststreifen &#8211; Mikroh\u00e4maturie)<\/li>\n<li>H\u00e4morrhoiden &#8211; Blutungen beim Stuhlgang<\/li>\n<li>tiefer Analschmerz<\/li>\n<li>Krampfadern in der Leiste und an den \u00e4usseren Genitalien<br \/>\nSpannungsgef\u00fchl und\/oder Schw\u00e4che des linken, sp\u00e4ter auch des rechten Beines<\/li>\n<li>geschwollene Beine<\/li>\n<li>Thrombosen &#8211; oft vorwiegend im linken Bein<\/li>\n<li>erektile Dysfunktion &#8211; manchmal Priapismus (unangenehme, langanhaltende Erektion des Penis)<\/li>\n<li>Varikozele (F\u00fcllung des Skrotalsacks mit wurmartigen ven\u00f6sen Gef\u00e4\u00dfen &#8211; manchmal schmerzhaft, oft unangenehm, manchmal die Spermiogenese behindernd)<\/li>\n<\/ol>\n<p>&nbsp;<\/p>\n<p>Da der Abfluss aus den linksseitigen Venen aufgrund der Lendenlordose und des vorspringenden Kreuzbeins in der Regel besonders schwierig ist, treten besonders h\u00e4ufig Schmerzen im linken Unterbauch oder im linken Hoden auf. Das Blut fliesst von der linken Nierenvene durch die aufsteigende Lendenvene (Vena lumbalis acendens), und\/oder die linke Eierstocksvene (Vena ovarica sinistra) ins Becken und versucht von dort \u00fcber die linke Beckenvene in die untere Hohlvene zu gelangen. Die linke Beckenvene muss dazu die Wirbels\u00e4ule \u00fcberqueren, da die untere Hohlvene rechts der Wirbels\u00e4ule verl\u00e4uft.<\/p>\n<p>&nbsp;<\/p>\n<p>&nbsp;<\/p>\n<div id=\"attachment_1018\" style=\"width: 608px\" class=\"wp-caption aligncenter\"><img loading=\"lazy\" decoding=\"async\" aria-describedby=\"caption-attachment-1018\" class=\"wp-image-1018 \" src=\"https:\/\/scholbach.de\/wp-content\/uploads\/2016\/12\/V-ov-son-varik.jpg\" width=\"598\" height=\"324\" srcset=\"https:\/\/scholbach.de\/wp-content\/uploads\/2016\/12\/V-ov-son-varik.jpg 1019w, https:\/\/scholbach.de\/wp-content\/uploads\/2016\/12\/V-ov-son-varik-300x163.jpg 300w, https:\/\/scholbach.de\/wp-content\/uploads\/2016\/12\/V-ov-son-varik-768x416.jpg 768w\" sizes=\"auto, (max-width: 598px) 100vw, 598px\" \/><p id=\"caption-attachment-1018\" class=\"wp-caption-text\">Die chronisch \u00fcberdehnten Venen schl\u00e4ngeln sich als sog. Varizen (\u201eKrampfadern\u201c) und verursachen Schmerzen , die in der Venenwand selbst entstehen und in den gestauten Organen. Meist klagen die Frauen \u00fcber Schmerzen im Bereich des linken Unterbauches (Gegend des linken Eierstockes) und M\u00e4nner im linken Hoden.<\/p><\/div>\n<div id=\"attachment_1019\" style=\"width: 659px\" class=\"wp-caption aligncenter\"><img loading=\"lazy\" decoding=\"async\" aria-describedby=\"caption-attachment-1019\" class=\"wp-image-1019 \" src=\"https:\/\/scholbach.de\/wp-content\/uploads\/2016\/12\/MRI-PCS.jpg\" width=\"649\" height=\"662\" srcset=\"https:\/\/scholbach.de\/wp-content\/uploads\/2016\/12\/MRI-PCS.jpg 693w, https:\/\/scholbach.de\/wp-content\/uploads\/2016\/12\/MRI-PCS-294x300.jpg 294w\" sizes=\"auto, (max-width: 649px) 100vw, 649px\" \/><p id=\"caption-attachment-1019\" class=\"wp-caption-text\">Skizze typischer Umgehungskreisl\u00e4ufe, wenn das Blut aus der linken Niere am Durchtritt durch den arteriellen Nu\u00dfknacker gehindert wird und \u00fcber Kollateralen ins Becken abflie\u00dft. (Darstellung in der MR-Angiografie)<\/p><\/div>\n<div id=\"attachment_961\" style=\"width: 662px\" class=\"wp-caption aligncenter\"><img loading=\"lazy\" decoding=\"async\" aria-describedby=\"caption-attachment-961\" class=\"wp-image-961 \" src=\"https:\/\/scholbach.de\/wp-content\/uploads\/2016\/12\/MRA-CD-PCS.jpg\" width=\"652\" height=\"328\" srcset=\"https:\/\/scholbach.de\/wp-content\/uploads\/2016\/12\/MRA-CD-PCS.jpg 1132w, https:\/\/scholbach.de\/wp-content\/uploads\/2016\/12\/MRA-CD-PCS-300x151.jpg 300w, https:\/\/scholbach.de\/wp-content\/uploads\/2016\/12\/MRA-CD-PCS-768x386.jpg 768w, https:\/\/scholbach.de\/wp-content\/uploads\/2016\/12\/MRA-CD-PCS-1024x515.jpg 1024w\" sizes=\"auto, (max-width: 652px) 100vw, 652px\" \/><p id=\"caption-attachment-961\" class=\"wp-caption-text\">Oberbauchquerschnitt \u2013 Sicht von unten<br \/>In der MR-Angiografie und im Ultraschall kann die Stauung der linken Nierenvene mit deren Erweiterung dargestellt werden un der Weg des Blutes \u00fcber einen Tronc r\u00e9no-rachidien zu den Venen der Wirbels\u00e4ule<\/p><\/div>\n<div id=\"attachment_963\" style=\"width: 708px\" class=\"wp-caption aligncenter\"><img loading=\"lazy\" decoding=\"async\" aria-describedby=\"caption-attachment-963\" class=\"wp-image-963 size-full\" src=\"https:\/\/scholbach.de\/wp-content\/uploads\/2016\/12\/MRA-PCS-2.jpg\" width=\"698\" height=\"899\" srcset=\"https:\/\/scholbach.de\/wp-content\/uploads\/2016\/12\/MRA-PCS-2.jpg 698w, https:\/\/scholbach.de\/wp-content\/uploads\/2016\/12\/MRA-PCS-2-233x300.jpg 233w\" sizes=\"auto, (max-width: 698px) 100vw, 698px\" \/><p id=\"caption-attachment-963\" class=\"wp-caption-text\">Darstellung der linksseitigen Kollateralvenen entlang der Wirbels\u00e4ule in der MR-Angiografie<\/p><\/div>\n<p>Bei einer Abflussbehinderung aus dem Becken oder der Volumen\u00fcberladung der Beckenvenen sind Schmerzen im linken Unterbauch die Folge. Um dennoch einen ausreichenden Blustrom zu gew\u00e4hrleisten werden kleinere Venen in der Tiefe des Beckens als sog. Umgehungskreisl\u00e4ufe genutzt. Dies f\u00fchrt zu Schmerzen im Bereich der Beckenorgane (Blase, Uterus, Scheide, Eierstock, Mastdarm, Prostata) aber auch im Hoden oder den Beinen. Eine h\u00e4ufige Ursache dieser Stauung ist die <a href=\"https:\/\/scholbach.de\/wissenschaft\/deutsch-ultraschalldiagnostik\/deutsch-gefaskompressionen\/may-thurner-konstellation\">May-Thurner-Konstellation<\/a>.<\/p>\n<p>&nbsp;<\/p>\n<p>Bitte beachten Sie unsere Hinweise zu <a href=\"https:\/\/scholbach.de\/hinweise-zu-medizinischen-erlaeuterungen\">medizinischen Erl\u00e4uterungen<\/a> auf dieser Website.<\/p>\n<p>&nbsp;<\/p>\n<p>&nbsp;<\/p>","protected":false},"excerpt":{"rendered":"<p>Das Pelvine Kongestionssyndrom beruht auf einer ven\u00f6sen Stauung im Bereich des Beckens, haupts\u00e4chlich im so genannten kleinen Becken. Es gibt zwei M\u00f6glichkeiten, wie dies geschehen kann. Im einfachsten Fall sind die Venen, die das Blut aus dem Becken in die untere Hohlvene ableiten, zu eng, komprimiert oder blockiert. Dar\u00fcber hinaus kann Blut aus der linken [&hellip;]<\/p>\n","protected":false},"author":5,"featured_media":0,"parent":66,"menu_order":3,"comment_status":"closed","ping_status":"closed","template":"","meta":{"om_disable_all_campaigns":false,"footnotes":""},"class_list":["post-947","page","type-page","status-publish","hentry"],"_links":{"self":[{"href":"https:\/\/scholbach.de\/de\/wp-json\/wp\/v2\/pages\/947","targetHints":{"allow":["GET"]}}],"collection":[{"href":"https:\/\/scholbach.de\/de\/wp-json\/wp\/v2\/pages"}],"about":[{"href":"https:\/\/scholbach.de\/de\/wp-json\/wp\/v2\/types\/page"}],"author":[{"embeddable":true,"href":"https:\/\/scholbach.de\/de\/wp-json\/wp\/v2\/users\/5"}],"replies":[{"embeddable":true,"href":"https:\/\/scholbach.de\/de\/wp-json\/wp\/v2\/comments?post=947"}],"version-history":[{"count":56,"href":"https:\/\/scholbach.de\/de\/wp-json\/wp\/v2\/pages\/947\/revisions"}],"predecessor-version":[{"id":9429,"href":"https:\/\/scholbach.de\/de\/wp-json\/wp\/v2\/pages\/947\/revisions\/9429"}],"up":[{"embeddable":true,"href":"https:\/\/scholbach.de\/de\/wp-json\/wp\/v2\/pages\/66"}],"wp:attachment":[{"href":"https:\/\/scholbach.de\/de\/wp-json\/wp\/v2\/media?parent=947"}],"curies":[{"name":"wp","href":"https:\/\/api.w.org\/{rel}","templated":true}]}}