{"id":9378,"date":"2025-03-11T20:30:55","date_gmt":"2025-03-11T19:30:55","guid":{"rendered":"https:\/\/scholbach.de\/?page_id=9378"},"modified":"2025-03-11T20:37:58","modified_gmt":"2025-03-11T19:37:58","slug":"separate-diaphragmatic-compression-of-the-hepatic-veins-and-the-inferior-vena-cava-causes-severe-right-sided-abdominal-pain-and-interferes-with-the-absorption-of-intestinal-blood-by-the-liver","status":"publish","type":"page","link":"https:\/\/scholbach.de\/de\/separate-diaphragmatic-compression-of-the-hepatic-veins-and-the-inferior-vena-cava-causes-severe-right-sided-abdominal-pain-and-interferes-with-the-absorption-of-intestinal-blood-by-the-liver","title":{"rendered":"Die separate Kompression der Lebervenen und der unteren Hohlvene durch das Zwerchfell verursacht starke rechtsseitige Bauchschmerzen und beeintr\u00e4chtigt die Aufnahme von Darmblut durch die Leber"},"content":{"rendered":"<p>Die getrennte Zwerchfellkompression der Lebervenen und der unteren Hohlvene verursacht starke rechtsseitige Bauchschmerzen und beeintr\u00e4chtigt die Aufnahme von Darmblut durch die Leber.<\/p>\n<p>Diese 18-j\u00e4hrige Patientin mit hypermobilem Ehlers-Danlos-Syndrom klagte \u00fcber zunehmende Schmerzen im Oberbauch, die jetzt haupts\u00e4chlich im rechten oberen Quadranten lokalisiert waren und sich nach einer Mahlzeit verschlimmerten, begleitet von schwerem Erbrechen, das die orale Nahrungsaufnahme verhinderte, schwerer \u00dcbelkeit und einem erheblichen Gewichtsverlust von 24 kg in den letzten 7 Monaten.<br \/>\nSie litt an einer Vielzahl von Gef\u00e4\u00dfkompressionen, die alle mit dem reduzierten intraabdominalen Raum in Zusammenhang standen, der durch einen flachen Brustkorb und eine \u00fcberm\u00e4\u00dfige Lendenlordose verursacht wurde. Die Kombination aus May-Thurner-Syndrom und schwerer Kompression der linken Nierenvene f\u00fchrte zu einem pelvinen Stauungssyndrom. \u00dcbelkeit und Oberbauchschmerzen lie\u00dfen sich durch das Ligamentum-arcuatum-mediale-Syndrom und eine schwache Peristaltik des erweiterten Duodenum descendens erkl\u00e4ren. Die anhaltenden rechtsseitigen Bauchschmerzen hatten jedoch eine ungew\u00f6hnliche Erkl\u00e4rung: eine Zwerchfellkompression der Lebervenen und der Hohlvene, die getrennt \u00fcber das Zwerchfell verliefen. W\u00e4hrend die Kompression der Lebervenen w\u00e4hrend der Einatmung am st\u00e4rksten war und sich w\u00e4hrend der Ausatmung fast normalisierte, verringerte sich das Flussvolumen der Pfortader w\u00e4hrend der Einatmung im Vergleich zur Ausatmung um 25 %.<\/p>\n<p><a href=\"https:\/\/vimeo.com\/manage\/videos\/1064779308\/352e292b69\">Die beeindruckenden sonografischen Befunde werden in diesem Video erl\u00e4utert.<\/a><\/p>","protected":false},"excerpt":{"rendered":"<p>Die getrennte Zwerchfellkompression der Lebervenen und der unteren Hohlvene verursacht starke rechtsseitige Bauchschmerzen und beeintr\u00e4chtigt die Aufnahme von Darmblut durch die Leber. Diese 18-j\u00e4hrige Patientin mit hypermobilem Ehlers-Danlos-Syndrom klagte \u00fcber zunehmende Schmerzen im Oberbauch, die jetzt haupts\u00e4chlich im rechten oberen Quadranten lokalisiert waren und sich nach einer Mahlzeit verschlimmerten, begleitet von schwerem Erbrechen, das die [&hellip;]<\/p>\n","protected":false},"author":5,"featured_media":0,"parent":0,"menu_order":0,"comment_status":"closed","ping_status":"closed","template":"","meta":{"om_disable_all_campaigns":false,"footnotes":""},"class_list":["post-9378","page","type-page","status-publish","hentry"],"_links":{"self":[{"href":"https:\/\/scholbach.de\/de\/wp-json\/wp\/v2\/pages\/9378","targetHints":{"allow":["GET"]}}],"collection":[{"href":"https:\/\/scholbach.de\/de\/wp-json\/wp\/v2\/pages"}],"about":[{"href":"https:\/\/scholbach.de\/de\/wp-json\/wp\/v2\/types\/page"}],"author":[{"embeddable":true,"href":"https:\/\/scholbach.de\/de\/wp-json\/wp\/v2\/users\/5"}],"replies":[{"embeddable":true,"href":"https:\/\/scholbach.de\/de\/wp-json\/wp\/v2\/comments?post=9378"}],"version-history":[{"count":5,"href":"https:\/\/scholbach.de\/de\/wp-json\/wp\/v2\/pages\/9378\/revisions"}],"predecessor-version":[{"id":9386,"href":"https:\/\/scholbach.de\/de\/wp-json\/wp\/v2\/pages\/9378\/revisions\/9386"}],"wp:attachment":[{"href":"https:\/\/scholbach.de\/de\/wp-json\/wp\/v2\/media?parent=9378"}],"curies":[{"name":"wp","href":"https:\/\/api.w.org\/{rel}","templated":true}]}}