{"id":931,"date":"2016-12-26T15:36:51","date_gmt":"2016-12-26T15:36:51","guid":{"rendered":"http:\/\/scholbach.de\/?page_id=931"},"modified":"2020-04-05T14:11:57","modified_gmt":"2020-04-05T14:11:57","slug":"mittelliniensyndrom-mittellinien-stauungs-syndrom","status":"publish","type":"page","link":"https:\/\/scholbach.de\/de\/wissenschaft\/deutsch-ultraschalldiagnostik\/deutsch-gefaskompressionen\/mittelliniensyndrom-mittellinien-stauungs-syndrom","title":{"rendered":"Mittelliniensyndrom (Stauung der Mittellinienorgane)"},"content":{"rendered":"<p>Das Mittelliniensyndrom bezeichnet ein Krankheitsbild, was durch die Stauung des Blutes der linken K\u00f6rperh\u00e4lfte an der Wirbels\u00e4ule entsteht. Durch den aufrechten Gang des Menschen w\u00f6lbt sich die Lendenwirbels\u00e4ule nach vorn, in Richtung der Bauchdecke, vor. Blut der linken K\u00f6rperh\u00e4lfte, z.B. aus der linken H\u00e4lfte des Beckens, dem linken Bein oder aus der linken Niere muss, um zum Herzen zur\u00fcckzuflie\u00dfen, sich in die untere Hohlvene ergie\u00dfen. Die untere Hohlvene liegt an der rechten Seite der Wirbels\u00e4ule. \u00a0Venen der linken K\u00f6rperh\u00e4lfte m\u00fcssen also die Wirbels\u00e4ule \u00fcberqueren um den R\u00fcckfluss zum Herzen zu bewerkstelligen. Durch die Lordose, die Vorw\u00e4rtskr\u00fcmmung (Hohlkreuz) der Wirbels\u00e4ule im Lendenbereich, entsteht insbesondere bei Frauen ein Stau des Blutes, da die Wirbels\u00e4ule die sie von links nach rechts \u00fcberquerenden Blutgef\u00e4\u00dfe komprimiert. Dies f\u00fchrt zu einer erheblichen Blutstauung in den Venen der linken Niere, des linken Beckens und des linken Beines.<\/p>\n<p>H\u00e4ufige Symptome:<br \/>\nBauchschmerzen (oft oberhalb des Nabels)<br \/>\nSchmerzen in der Wirbels\u00e4ule<br \/>\nUnterleibsschmerzen (im Bereich der Harnblase und der Geb\u00e4rmutter)<br \/>\nSchmerzen im linken Hoden (mit Varicocele)\/ in den linken Schamlippen mit Krampfadern der Vulva<br \/>\nSchmerzen an der Oberschenkelinnenseite links<br \/>\nKopfschmerzen (oft im Nacken)<br \/>\nBehinderte morgendliche Nasenatmung<br \/>\nH\u00e4morrhoiden \u2013 Blutungen beim Stuhlgang<br \/>\nHarndrang und schmerzhaftes Wasserlassen<\/p>\n<p>&nbsp;<\/p>\n<div style=\"width: 491px\" class=\"wp-caption aligncenter\"><img loading=\"lazy\" decoding=\"async\" class=\"wp-image-932 \" src=\"https:\/\/scholbach.de\/wp-content\/uploads\/2016\/12\/HB-stau.jpg\" width=\"481\" height=\"372\" srcset=\"https:\/\/scholbach.de\/wp-content\/uploads\/2016\/12\/HB-stau.jpg 425w, https:\/\/scholbach.de\/wp-content\/uploads\/2016\/12\/HB-stau-300x232.jpg 300w\" sizes=\"auto, (max-width: 481px) 100vw, 481px\" \/><p class=\"wp-caption-text\">Massive ven\u00f6se Stauung der Harnblasenwand: Gelb-gr\u00fcn: Gef\u00e4\u00dferweiterung in der Harnblasenwand<\/p><\/div>\n<div id=\"attachment_933\" style=\"width: 494px\" class=\"wp-caption aligncenter\"><img loading=\"lazy\" decoding=\"async\" aria-describedby=\"caption-attachment-933\" class=\"wp-image-933 size-full\" src=\"https:\/\/scholbach.de\/wp-content\/uploads\/2016\/12\/REctum-MLS.jpg\" width=\"484\" height=\"407\" srcset=\"https:\/\/scholbach.de\/wp-content\/uploads\/2016\/12\/REctum-MLS.jpg 484w, https:\/\/scholbach.de\/wp-content\/uploads\/2016\/12\/REctum-MLS-300x252.jpg 300w\" sizes=\"auto, (max-width: 484px) 100vw, 484px\" \/><p id=\"caption-attachment-933\" class=\"wp-caption-text\">Starke ven\u00f6se Stauung des Mastdarms: Blau-rot-gr\u00fcn: Gef\u00e4\u00dferweiterung in der Darmwand<\/p><\/div>\n<p>Das bedeutet, dass das ohnehin schon geringe Kaliber durch die Schwellung der Wand weiter drastisch reduziert wird und der Blutabstrom \u00fcber die Kollateralorgane zus\u00e4tzlich eingeschr\u00e4nkt wird.\u00a0 Eine Situation die zu weiteren Drucksteigerungen im Stromgebiet der linken Nierenvene und ihrer Kollateralen f\u00fchrt. Schlie\u00dflich entsteht ein Gleichgewicht zwischen erh\u00f6htem ven\u00f6sem Druck und Abflussm\u00f6glichkeiten, welche zu einem reduzierten Abfluss des unter hohem Druck stehenden Nierenvenenblutes \u00fcber die entz\u00fcndeten Gef\u00e4\u00dfwege der Kollateralorgane in der Lage ist. Das bedeutet jedoch auch, dass die Patienten h\u00e4ufig \u00fcber chronische und von k\u00f6rperlicher oder seelischer Belastung abh\u00e4ngigen Schmerzen in diesen Organen klagen. Der Zusammenhang zur k\u00f6rperlichen und seelischen Belastung besteht darin, dass in beiden F\u00e4llen eine erh\u00f6hte Herzfrequenz und eine st\u00e4rkere Auswurfleistung des Herzens dazu f\u00fchrt, dass mehr Blut in die linke Niere gepumpt wird, welches dann, da es nicht regelrecht abflie\u00dfen kann, zu einem zunehmenden Druck in den Kollateralkreisl\u00e4ufen und damit zu st\u00e4rkeren Schmerzen f\u00fchrt.<\/p>\n<p><img loading=\"lazy\" decoding=\"async\" class=\"wp-image-937 aligncenter\" src=\"https:\/\/scholbach.de\/wp-content\/uploads\/2016\/12\/Midlicne-congestion.jpg\" alt=\"\" width=\"579\" height=\"434\" srcset=\"https:\/\/scholbach.de\/wp-content\/uploads\/2016\/12\/Midlicne-congestion.jpg 1435w, https:\/\/scholbach.de\/wp-content\/uploads\/2016\/12\/Midlicne-congestion-300x225.jpg 300w, https:\/\/scholbach.de\/wp-content\/uploads\/2016\/12\/Midlicne-congestion-768x576.jpg 768w, https:\/\/scholbach.de\/wp-content\/uploads\/2016\/12\/Midlicne-congestion-1024x769.jpg 1024w\" sizes=\"auto, (max-width: 579px) 100vw, 579px\" \/><\/p>\n<p>Die genannten Mittellinienorgane sind im einzelnen die Wirbels\u00e4ule, im weiteren Sinne auch der Sch\u00e4del und das Gehirn mit den dazugeh\u00f6rigen von kn\u00f6chernen Strukturen umschlossenen Organen, der Mastdarm, die Scheide, der Penis, der linke Eierstock, der linke Hoden, die Harnblase, die Harnr\u00f6hre, die Geb\u00e4rmutter und die Prostata.\u00a0 All diese Organe k\u00f6nnen schmerzhaft erkranken und in ihrer Funktion gest\u00f6rt sein. Daraus erkl\u00e4rt sich, dass sehr vielgestaltige Bild der Beschwerden, welches von den Patienten beschrieben wird. Andererseits ist dies auch die h\u00e4ufige Quelle von Missverst\u00e4ndnissen, wenn die Zusammenh\u00e4nge, die zu den Beschwerden f\u00fchren, nicht verstanden werden.<\/p>\n<p>Da Beschwerden von Kopf bis Fu\u00df auftreten k\u00f6nnen, liegt die Vermutung einer nicht-organischen Genese der Beschwerden und damit eines psychosomatischen Krankheitsbildes nahe. Um eine urs\u00e4chliche Behandlung und Beseitigung der Beschwerden zu erreichen, ist jedoch der Nachweis der beschriebenen Ver\u00e4nderungen, z. B. durch Ultraschall-Farbdoppleruntersuchungen mit Druckmessungen erforderlich, um dann eine gezielte, vor\u00fcbergehende, aber dauerhaft wirksame medikament\u00f6se Therapie einleiten zu k\u00f6nnen.<\/p>\n<p>Wir verf\u00fcgen \u00fcber Erfahrungen mit weit mehr als 1000 Patienten mit Nu\u00dfknackerph\u00e4nomen und Nu\u00dfknackersyndrom und \u00fcber spezielle Untersuchung- und Behandlungsverfahren, mit denen praktisch alle Patienten beschwerdefrei oder zumindest symptomarm werden. Da das Krankheitsbild allgemein wenig bekannt ist, hoffen wir, mit dieser allgemeinverst\u00e4ndlichen Darstellung Patienten direkt anzusprechen, um ihnen die M\u00f6glichkeit zu geben, ihrem Arzt des Vertrauens gegen\u00fcber das Thema anzusprechen. Gern helfen auch wir Ihnen diagnostisch und therapeutisch weiter \u2013 Kindern und erwachsenen Patienten. Diese leiden oft jahrelang an einem bis dahin unerkannten Nu\u00dfknackerph\u00e4nomen \/-syndrom, ohne dass sie bisher ihre Beschwerden richtig deuten konnten.<\/p>\n<p>&nbsp;<\/p>\n<p>Bitte beachten Sie unsere <a href=\"https:\/\/scholbach.de\/hinweise-zu-medizinischen-erlaeuterungen\">Hinweise zu den medizinischen Erl\u00e4uterungen<\/a> auf dieser Website.<\/p>","protected":false},"excerpt":{"rendered":"<p>Das Mittelliniensyndrom bezeichnet ein Krankheitsbild, was durch die Stauung des Blutes der linken K\u00f6rperh\u00e4lfte an der Wirbels\u00e4ule entsteht. Durch den aufrechten Gang des Menschen w\u00f6lbt sich die Lendenwirbels\u00e4ule nach vorn, in Richtung der Bauchdecke, vor. Blut der linken K\u00f6rperh\u00e4lfte, z.B. aus der linken H\u00e4lfte des Beckens, dem linken Bein oder aus der linken Niere muss, [&hellip;]<\/p>\n","protected":false},"author":5,"featured_media":0,"parent":66,"menu_order":2,"comment_status":"closed","ping_status":"closed","template":"","meta":{"om_disable_all_campaigns":false,"footnotes":""},"class_list":["post-931","page","type-page","status-publish","hentry"],"_links":{"self":[{"href":"https:\/\/scholbach.de\/de\/wp-json\/wp\/v2\/pages\/931","targetHints":{"allow":["GET"]}}],"collection":[{"href":"https:\/\/scholbach.de\/de\/wp-json\/wp\/v2\/pages"}],"about":[{"href":"https:\/\/scholbach.de\/de\/wp-json\/wp\/v2\/types\/page"}],"author":[{"embeddable":true,"href":"https:\/\/scholbach.de\/de\/wp-json\/wp\/v2\/users\/5"}],"replies":[{"embeddable":true,"href":"https:\/\/scholbach.de\/de\/wp-json\/wp\/v2\/comments?post=931"}],"version-history":[{"count":34,"href":"https:\/\/scholbach.de\/de\/wp-json\/wp\/v2\/pages\/931\/revisions"}],"predecessor-version":[{"id":4421,"href":"https:\/\/scholbach.de\/de\/wp-json\/wp\/v2\/pages\/931\/revisions\/4421"}],"up":[{"embeddable":true,"href":"https:\/\/scholbach.de\/de\/wp-json\/wp\/v2\/pages\/66"}],"wp:attachment":[{"href":"https:\/\/scholbach.de\/de\/wp-json\/wp\/v2\/media?parent=931"}],"curies":[{"name":"wp","href":"https:\/\/api.w.org\/{rel}","templated":true}]}}