{"id":93,"date":"2015-12-27T00:50:09","date_gmt":"2015-12-27T00:50:09","guid":{"rendered":"http:\/\/wp12612379.server-he.de\/?page_id=93"},"modified":"2023-05-22T18:38:56","modified_gmt":"2023-05-22T16:38:56","slug":"deutsch-ultraschalldiagnostik","status":"publish","type":"page","link":"https:\/\/scholbach.de\/de\/wissenschaft\/deutsch-ultraschalldiagnostik","title":{"rendered":"Ultraschalldiagnostik"},"content":{"rendered":"<p>Ultraschallger\u00e4te erzeugen Bilder von Organen, Geweben und Gef\u00e4\u00dfen. Aber wie kommen diese Bilder eigentlich zustande?<\/p>\n<p>Der Schallkopf des Ultraschallger\u00e4ts sendet Schallsignale aus. Die Tonh\u00f6he (Frequenz) dieses Schalls ist so hoch, dass dieser f\u00fcr das menschliche Ohr nicht h\u00f6rbar ist (daher nennt man ihn Ultra-Schall). Der ausgesendete Schall wird von den verschiedenen Geweben im K\u00f6rper in unterschiedlicher Weise reflektiert. Der Schallkopf des Ultraschallger\u00e4ts sendet nicht nur Signale aus, sondern \u201elauscht\u201c auch auf die reflektierten Signale. Aus den Ver\u00e4nderungen des Signals wird letztlich das Ultraschallbild errechnet. Aus diesem Prinzip \u2013 aus Schallinformationen ein Bild zu errechnen \u2013 leitet sich der Name der Methode Sonografie ab, was in etwa \u201eSchallverbildlichung\u201c bedeutet. Das gleiche Prinzip wie der medizinischen Sonografie mit Ultraschallger\u00e4ten \u2013 das Auswerten des reflektierten Schallsignals \u2013 liegt auch Echoloten zugrunde, und auch Flederm\u00e4use orientieren sich im Raum mithilfe von Ultraschall.<\/p>\n<h1>Bauchschmerzdiagnostik als ein Beispiel f\u00fcr die St\u00e4rken der Ultraschalluntersuchung<\/h1>\n<p>In der kinder- und jugend\u00e4rztlichen Praxis spielen insbesondere chronische oder immer wiederkehrende Bauchschmerzen eine gro\u00dfe Rolle. Sie beeintr\u00e4chtigen die Lebensqualit\u00e4t vieler Patientinnen und Patienten, ihre genauen Ursachen sind aber oftmals schwer zu ermitteln. Ursachen im Bauchraum, aber auch fern davon, k\u00f6nnen Bauchschmerzen ausl\u00f6sen. Mit der Ultraschalldiagnostik k\u00f6nnen nicht nur die Organe selbst, sondern auch zahlreiche ihrer Funktionen sicht- und messbar gemacht werden. Bauchschmerzen lassen sich so schnell eingrenzen und einfache Ma\u00dfnahmen, wie z.B. eine Ern\u00e4hrungsumstellung bei Zuckerfehlverdauung, k\u00f6nnen gezielt empfohlen werden. Das R\u00fcckflie\u00dfen von Magens\u00e4ure in die Speiser\u00f6hre, eine h\u00e4ufige Ursache von Bauchschmerzen, kann direkt sichtbar gemacht werden. St\u00f6rungen des Nahrungstransportes, Entz\u00fcndungen des Darms, Vergr\u00f6\u00dferung von Lymphknoten, Schwellungen von Leber und Milz, Durchblutungsst\u00f6rungen und Gef\u00e4\u00dfkompressionen f\u00fchren oft zu wiederkehrenden Bauchschmerzen und entgehen nicht selten der Erstbeurteilung.<\/p>\n<p>Bitte beachten Sie unsere <a href=\"https:\/\/scholbach.de\/hinweise-zu-medizinischen-erlaeuterungen\">Hinweise zu den medizinischen Erl\u00e4uterungen<\/a> auf dieser Website.<\/p>","protected":false},"excerpt":{"rendered":"<p>Ultraschallger\u00e4te erzeugen Bilder von Organen, Geweben und Gef\u00e4\u00dfen. Aber wie kommen diese Bilder eigentlich zustande? Der Schallkopf des Ultraschallger\u00e4ts sendet Schallsignale aus. Die Tonh\u00f6he (Frequenz) dieses Schalls ist so hoch, dass dieser f\u00fcr das menschliche Ohr nicht h\u00f6rbar ist (daher nennt man ihn Ultra-Schall). Der ausgesendete Schall wird von den verschiedenen Geweben im K\u00f6rper in [&hellip;]<\/p>\n","protected":false},"author":4,"featured_media":0,"parent":8,"menu_order":1,"comment_status":"closed","ping_status":"closed","template":"","meta":{"om_disable_all_campaigns":false,"footnotes":""},"class_list":["post-93","page","type-page","status-publish","hentry"],"_links":{"self":[{"href":"https:\/\/scholbach.de\/de\/wp-json\/wp\/v2\/pages\/93","targetHints":{"allow":["GET"]}}],"collection":[{"href":"https:\/\/scholbach.de\/de\/wp-json\/wp\/v2\/pages"}],"about":[{"href":"https:\/\/scholbach.de\/de\/wp-json\/wp\/v2\/types\/page"}],"author":[{"embeddable":true,"href":"https:\/\/scholbach.de\/de\/wp-json\/wp\/v2\/users\/4"}],"replies":[{"embeddable":true,"href":"https:\/\/scholbach.de\/de\/wp-json\/wp\/v2\/comments?post=93"}],"version-history":[{"count":15,"href":"https:\/\/scholbach.de\/de\/wp-json\/wp\/v2\/pages\/93\/revisions"}],"predecessor-version":[{"id":8058,"href":"https:\/\/scholbach.de\/de\/wp-json\/wp\/v2\/pages\/93\/revisions\/8058"}],"up":[{"embeddable":true,"href":"https:\/\/scholbach.de\/de\/wp-json\/wp\/v2\/pages\/8"}],"wp:attachment":[{"href":"https:\/\/scholbach.de\/de\/wp-json\/wp\/v2\/media?parent=93"}],"curies":[{"name":"wp","href":"https:\/\/api.w.org\/{rel}","templated":true}]}}