{"id":9282,"date":"2025-02-23T16:09:03","date_gmt":"2025-02-23T15:09:03","guid":{"rendered":"https:\/\/scholbach.de\/?page_id=9282"},"modified":"2025-02-23T16:11:58","modified_gmt":"2025-02-23T15:11:58","slug":"my-first-steps-to-quantitative-3d-ultrasound","status":"publish","type":"page","link":"https:\/\/scholbach.de\/de\/my-first-steps-to-quantitative-3d-ultrasound","title":{"rendered":"Meine ersten Schritte zum quantitativen 3D-Ultraschall"},"content":{"rendered":"<p>Es war wohl 1998, als ich die Gelegenheit hatte, mit einem Tomtec-Ger\u00e4t zur quantitativen dreidimensionalen Erfassung zu arbeiten. Das ist das w\u00fcrfelf\u00f6rmige Ger\u00e4t auf der ersten Seite meines Vortrags, direkt neben den Ultraschallwandlern an unserem damals hochmodernen Acuson-Ultraschallger\u00e4t &#8211; dem Sequoia 512 &#8211; in Kombination mit dem PC ganz links im Bild.<\/p>\n<a href=\"https:\/\/scholbach.de\/wp-content\/uploads\/2025\/02\/DEGUM-3d-sono-Aufnahmevortrag-Halle-DEGUM-4.-April-2000.pdf\" class=\"pdfemb-viewer\" style=\"\" data-width=\"max\" data-height=\"max\" data-mobile-width=\"500\"  data-scrollbar=\"none\" data-download=\"on\" data-tracking=\"on\" data-newwindow=\"on\" data-pagetextbox=\"off\" data-scrolltotop=\"off\" data-startzoom=\"100\" data-startfpzoom=\"100\" data-toolbar=\"both\" data-toolbar-fixed=\"off\">DEGUM 3d sono Aufnahmevortrag Halle DEGUM 4. April 2000<br\/><\/a>\n<p>&nbsp;<\/p>","protected":false},"excerpt":{"rendered":"<p>Es war wohl 1998, als ich die Gelegenheit hatte, mit einem Tomtec-Ger\u00e4t zur quantitativen dreidimensionalen Erfassung zu arbeiten. Das ist das w\u00fcrfelf\u00f6rmige Ger\u00e4t auf der ersten Seite meines Vortrags, direkt neben den Ultraschallwandlern an unserem damals hochmodernen Acuson-Ultraschallger\u00e4t &#8211; dem Sequoia 512 &#8211; in Kombination mit dem PC ganz links im Bild. &nbsp;<\/p>\n","protected":false},"author":5,"featured_media":0,"parent":0,"menu_order":0,"comment_status":"closed","ping_status":"closed","template":"","meta":{"om_disable_all_campaigns":false,"footnotes":""},"class_list":["post-9282","page","type-page","status-publish","hentry"],"_links":{"self":[{"href":"https:\/\/scholbach.de\/de\/wp-json\/wp\/v2\/pages\/9282","targetHints":{"allow":["GET"]}}],"collection":[{"href":"https:\/\/scholbach.de\/de\/wp-json\/wp\/v2\/pages"}],"about":[{"href":"https:\/\/scholbach.de\/de\/wp-json\/wp\/v2\/types\/page"}],"author":[{"embeddable":true,"href":"https:\/\/scholbach.de\/de\/wp-json\/wp\/v2\/users\/5"}],"replies":[{"embeddable":true,"href":"https:\/\/scholbach.de\/de\/wp-json\/wp\/v2\/comments?post=9282"}],"version-history":[{"count":3,"href":"https:\/\/scholbach.de\/de\/wp-json\/wp\/v2\/pages\/9282\/revisions"}],"predecessor-version":[{"id":9288,"href":"https:\/\/scholbach.de\/de\/wp-json\/wp\/v2\/pages\/9282\/revisions\/9288"}],"wp:attachment":[{"href":"https:\/\/scholbach.de\/de\/wp-json\/wp\/v2\/media?parent=9282"}],"curies":[{"name":"wp","href":"https:\/\/api.w.org\/{rel}","templated":true}]}}