{"id":9266,"date":"2025-02-23T14:36:57","date_gmt":"2025-02-23T13:36:57","guid":{"rendered":"https:\/\/scholbach.de\/?page_id=9266"},"modified":"2025-02-23T16:22:58","modified_gmt":"2025-02-23T15:22:58","slug":"how-to-do-a-tree-dimensional-fetal-volume-flow-measurement","status":"publish","type":"page","link":"https:\/\/scholbach.de\/de\/how-to-do-a-tree-dimensional-fetal-volume-flow-measurement","title":{"rendered":"Wie f\u00fchrt man eine dreidimensionale fetale Blutflussvolumenmessung durch?"},"content":{"rendered":"<p>Mein Vortrag am People&#8217;s Hospital in Dongguan (VR China) 2012<\/p>\n<a href=\"https:\/\/scholbach.de\/wp-content\/uploads\/2025\/02\/3D-Volume-perfusion-measurement-Dongguan-June-2012.pdf\" class=\"pdfemb-viewer\" style=\"\" data-width=\"max\" data-height=\"max\" data-mobile-width=\"500\"  data-scrollbar=\"none\" data-download=\"on\" data-tracking=\"on\" data-newwindow=\"on\" data-pagetextbox=\"off\" data-scrolltotop=\"off\" data-startzoom=\"100\" data-startfpzoom=\"100\" data-toolbar=\"both\" data-toolbar-fixed=\"off\">3D Volume perfusion measurement Dongguan June 2012<br\/><\/a>\n<p>&nbsp;<\/p>\n<p>Pr\u00e4sentation auf der Jahrestagung der Internationalen Gesellschaft f\u00fcr Ultraschall in der Geburtshilfe und Gyn\u00e4kologie (ISUOG) 2012 in Los Angeles<\/p>\n<a href=\"https:\/\/scholbach.de\/wp-content\/uploads\/2025\/02\/ISUOG-2012-Three-dimensional-3D-pixelwise-fetal-volume-flow-measurements-de.pdf\" class=\"pdfemb-viewer\" style=\"\" data-width=\"max\" data-height=\"max\" data-mobile-width=\"500\"  data-scrollbar=\"none\" data-download=\"on\" data-tracking=\"on\" data-newwindow=\"on\" data-pagetextbox=\"off\" data-scrolltotop=\"off\" data-startzoom=\"100\" data-startfpzoom=\"100\" data-toolbar=\"both\" data-toolbar-fixed=\"off\">ISUOG 2012 Three-dimensional (3D) pixelwise fetal volume flow measurements de<br\/><\/a>\n<p>&nbsp;<\/p>","protected":false},"excerpt":{"rendered":"<p>Mein Vortrag am People&#8217;s Hospital in Dongguan (VR China) 2012 &nbsp; Pr\u00e4sentation auf der Jahrestagung der Internationalen Gesellschaft f\u00fcr Ultraschall in der Geburtshilfe und Gyn\u00e4kologie (ISUOG) 2012 in Los Angeles &nbsp;<\/p>\n","protected":false},"author":5,"featured_media":0,"parent":0,"menu_order":0,"comment_status":"closed","ping_status":"closed","template":"","meta":{"om_disable_all_campaigns":false,"footnotes":""},"class_list":["post-9266","page","type-page","status-publish","hentry"],"_links":{"self":[{"href":"https:\/\/scholbach.de\/de\/wp-json\/wp\/v2\/pages\/9266","targetHints":{"allow":["GET"]}}],"collection":[{"href":"https:\/\/scholbach.de\/de\/wp-json\/wp\/v2\/pages"}],"about":[{"href":"https:\/\/scholbach.de\/de\/wp-json\/wp\/v2\/types\/page"}],"author":[{"embeddable":true,"href":"https:\/\/scholbach.de\/de\/wp-json\/wp\/v2\/users\/5"}],"replies":[{"embeddable":true,"href":"https:\/\/scholbach.de\/de\/wp-json\/wp\/v2\/comments?post=9266"}],"version-history":[{"count":7,"href":"https:\/\/scholbach.de\/de\/wp-json\/wp\/v2\/pages\/9266\/revisions"}],"predecessor-version":[{"id":9296,"href":"https:\/\/scholbach.de\/de\/wp-json\/wp\/v2\/pages\/9266\/revisions\/9296"}],"wp:attachment":[{"href":"https:\/\/scholbach.de\/de\/wp-json\/wp\/v2\/media?parent=9266"}],"curies":[{"name":"wp","href":"https:\/\/api.w.org\/{rel}","templated":true}]}}