{"id":9096,"date":"2025-01-22T22:28:42","date_gmt":"2025-01-22T21:28:42","guid":{"rendered":"https:\/\/scholbach.de\/?page_id=9096"},"modified":"2025-03-11T17:36:28","modified_gmt":"2025-03-11T16:36:28","slug":"self-compressing-tronc-renoracidien-causing-extreme-pain-after-a-meal","status":"publish","type":"page","link":"https:\/\/scholbach.de\/de\/self-compressing-tronc-renoracidien-causing-extreme-pain-after-a-meal","title":{"rendered":"Intermittierende Auto-Kompression des Tronc-r\u00e9norachidi\u00e8n verursacht extreme Schmerzen nach einer Mahlzeit"},"content":{"rendered":"<p>Abdominelle und pelvine Gef\u00e4\u00dfkompressionssyndrome sind eine h\u00e4ufige Ursache von Schmerzen, die von Bauch und Becken in den Brustkorb, R\u00fccken und die Beine ausstrahlen.<br \/>\nVon besonderer Bedeutung f\u00fcr die Betroffenen sind Umgehungskreisl\u00e4ufe, die trotz Abklemmung wichtiger Venen deren Blut auf Umwegen zum Herzen transportieren.<br \/>\nEin wenig bekannter, aber sehr wichtiger Umgehungskreislauf der linken Nierenvene ist der Tronc r\u00e9no-rachidi\u00e8n, der sich bei diesen Patienten entwickelt und normalerweise nicht zu finden ist. Er verbindet die linke Nierenvene mit den Venen der Wirbels\u00e4ule und des Spinalkanals.<br \/>\nIm vorliegenden Fall war ein stark ausgepr\u00e4gter Tronc r\u00e9no-rachidi\u00e8n der einzige funktionierende Umgehungskreislauf der linken Nierenvene, da die Eierstockvene aufgrund einer Abflussbehinderung der Beckenvenen (May-Thurner-Syndrom) nicht an der Umleitung des Nierenvenenblutes von der Niere ins Becken teilnehmen konnte.<br \/>\nDie betroffene Patientin entwickelte regelm\u00e4\u00dfig nach dem Essen unertr\u00e4gliche Schmerzen im epigastrischen Winkel, etwas links der Mittellinie an der Basis des epigastrischen Dreiecks, in der linken Flanke und links unterhalb der Rippen.<br \/>\nUrsache war in diesem Fall die r\u00e4umliche Enge im Oberbauch, die zun\u00e4chst zu einer Kompression der linken Nierenvene gef\u00fchrt hatte. Solche Situationen entstehen immer dann, wenn die Aorta bei ausgepr\u00e4gter Lordose der Lendenwirbels\u00e4ule angehoben wird, wodurch der linken Nierenvene der Platz von verschiedenen Strukturen streitig gemacht werden kann. In seltenen F\u00e4llen durch die Arteria mesenterica superior, h\u00e4ufig durch die rechte Nierenarterie, in diesem Fall jedoch durch den Magen. Nach einer Mahlzeit und der damit verbundenen Magenf\u00fcllung bei gleichzeitiger Kompression des Magenausgangs zwischen Aorta und Bauchwand kommt es zu einer besonders starken Vorw\u00f6lbung der gro\u00dfen Magenkurvatur. Diese dr\u00fcckt die ohnehin schon stark angespannte und gestaute linke Nierenvene weiter zusammen. Gerade dann ist aber ein gut funktionierender Umgehungskreislauf wichtig. Bei dieser Patientin hatte sich zwar ein kr\u00e4ftiger Umgehungskreislauf in Form eines Tronc r\u00e9no-rachidi\u00e8n entwickelt, dieser wurde aber vom Magen wie eine Ziehharmonika zusammengefaltet, sobald die Patientin a\u00df. Der Tronc r\u00e9no-rachidi\u00e8n hatte eine Windung entwickelt, die sich besonders leicht zusammendr\u00fccken lie\u00df. Das folgende Video demonstrierte die besonderen Verh\u00e4ltnisse, um darauf aufmerksam zu machen, dass das Vorhandensein von Kollateralkreisl\u00e4ufen allein nicht in jedem Fall und unter allen Umst\u00e4nden eine ausreichende Funktion der Niere und der renalen Zirkulation gew\u00e4hrleisten kann.<br \/>\nNur eine funktionelle Ultraschalluntersuchung mit genauer Betrachtung der Gef\u00e4\u00dfverh\u00e4ltnisse vor, w\u00e4hrend und nach der Nahrungsaufnahme sowie bei Lagever\u00e4nderungen kann in solch komplizierten F\u00e4llen weiterhelfen.<\/p>\n<div style=\"width: 1016px;\" class=\"wp-video\"><video class=\"wp-video-shortcode\" id=\"video-9096-2\" width=\"1016\" height=\"550\" preload=\"metadata\" controls=\"controls\"><source type=\"video\/mp4\" src=\"https:\/\/scholbach.de\/wp-content\/uploads\/2025\/01\/TRR-self-compression.mp4?_=2\" \/><a href=\"https:\/\/scholbach.de\/wp-content\/uploads\/2025\/01\/TRR-self-compression.mp4\">https:\/\/scholbach.de\/wp-content\/uploads\/2025\/01\/TRR-self-compression.mp4<\/a><\/video><\/div>\n<p>&nbsp;<\/p>\n<p>Die Wirkung der Gef\u00e4\u00dfkompression wird durch die physiologische Zunahme der Nierendurchblutung nach einer Mahlzeit noch verst\u00e4rkt.<br \/>\nDer zus\u00e4tzliche Nierenfluss erh\u00f6ht den Druck in der linken Nierenvene. Anstatt den Blutfluss zu erh\u00f6hen, wird dadurch jedoch nur der Druck innerhalb des Nierengef\u00e4\u00dfsystems erh\u00f6ht &#8211; was die Schmerzen verursacht -, das Gesamtflussvolumen wird jedoch im Gegensatz zur rechten Seite verringert, wie in der nachstehenden Abbildung dargestellt. Einem zweifachen Anstieg des Durchflussvolumens der rechten Niere steht ein R\u00fcckgang des Durchflusses um 10 % in der linken Niere gegen\u00fcber, obwohl der Druck steigt.<\/p>\n<p><a href=\"https:\/\/scholbach.de\/wp-content\/uploads\/2025\/01\/TRR-selfcompression.pptm-Automatisch-wiederhergestellt.jpg\"><img loading=\"lazy\" decoding=\"async\" class=\"aligncenter size-medium wp-image-9105\" src=\"https:\/\/scholbach.de\/wp-content\/uploads\/2025\/01\/TRR-selfcompression.pptm-Automatisch-wiederhergestellt-300x169.jpg\" alt=\"\" width=\"300\" height=\"169\" srcset=\"https:\/\/scholbach.de\/wp-content\/uploads\/2025\/01\/TRR-selfcompression.pptm-Automatisch-wiederhergestellt-300x169.jpg 300w, https:\/\/scholbach.de\/wp-content\/uploads\/2025\/01\/TRR-selfcompression.pptm-Automatisch-wiederhergestellt-1024x576.jpg 1024w, https:\/\/scholbach.de\/wp-content\/uploads\/2025\/01\/TRR-selfcompression.pptm-Automatisch-wiederhergestellt-768x432.jpg 768w, https:\/\/scholbach.de\/wp-content\/uploads\/2025\/01\/TRR-selfcompression.pptm-Automatisch-wiederhergestellt.jpg 1280w\" sizes=\"auto, (max-width: 300px) 100vw, 300px\" \/><\/a><\/p>\n<p>Die Funktionsreserve der Nieren wird mobilisiert, um nach einer Mahlzeit Abfallprodukte (vornehmlich Harnstoff und Ammoniak) auszuscheiden. Dies spiegelt sich in der erh\u00f6hten Durchblutung des peripheren Parenchyms der Niere wider. Dieser Bereich wird von kleineren Gef\u00e4\u00dfen dominiert, die weniger durchblutet sind als die zentraleren Gef\u00e4\u00dfe. Nach einer Mahlzeit nimmt die Durchblutung der peripheren Gef\u00e4\u00dfe zu, um die Reservekapazit\u00e4t der Nieren zu mobilisieren und die postprandiale Entgiftung zu verbessern.<br \/>\nDas folgende Diagramm veranschaulicht die stark eingeschr\u00e4nkte F\u00e4higkeit der ven\u00f6s gestauten linken Niere, die periphere Durchblutung als Reaktion auf die Nahrungsaufnahme zu erh\u00f6hen. Die Reservekapazit\u00e4t der linken Niere ist ersch\u00f6pft und kann auf den zus\u00e4tzlichen Bedarf nicht mehr reagieren. Dies ist auf den zunehmenden R\u00fcckstau aus der unter Druck stehenden, komprimierten linken Nierenvene zur\u00fcckzuf\u00fchren. Da die Stauung durch die Abknickung des Hauptkollaterals, des tronc r\u00e9no-rachidi\u00e8n, massiv verst\u00e4rkt wird, steigt der Gegendruck gegen den ven\u00f6sen Abfluss nach einer Mahlzeit weiter an, da dieses zickzackf\u00f6rmige Gef\u00e4\u00df bei diesem Patienten zusammengedr\u00fcckt wird. Dadurch wird eine Zunahme der peripheren Perfusion verhindert, im Gegensatz zur nicht betroffenen rechten Niere.<\/p>\n<p>&nbsp;<\/p>\n<p><a href=\"https:\/\/scholbach.de\/wp-content\/uploads\/2025\/01\/RReserve.jpg\"><img loading=\"lazy\" decoding=\"async\" class=\"aligncenter size-medium wp-image-9107\" src=\"https:\/\/scholbach.de\/wp-content\/uploads\/2025\/01\/RReserve-300x169.jpg\" alt=\"\" width=\"300\" height=\"169\" srcset=\"https:\/\/scholbach.de\/wp-content\/uploads\/2025\/01\/RReserve-300x169.jpg 300w, https:\/\/scholbach.de\/wp-content\/uploads\/2025\/01\/RReserve-1024x576.jpg 1024w, https:\/\/scholbach.de\/wp-content\/uploads\/2025\/01\/RReserve-768x432.jpg 768w, https:\/\/scholbach.de\/wp-content\/uploads\/2025\/01\/RReserve.jpg 1280w\" sizes=\"auto, (max-width: 300px) 100vw, 300px\" \/><\/a><\/p>\n<p>Literatur:<\/p>\n<ol>\n<li>Chan AY, Cheng ML, Keil LC, Myers BD. Functional response of healthy and diseased glomeruli to a large, protein-rich meal. J Clin Invest. 1988 Jan;81(1):245-54. doi: 10.1172\/JCI113302. PMID: 3275694; PMCID: PMC442500.<\/li>\n<li>Bankir L, Roussel R, Bouby N. Protein- and diabetes-induced glomerular hyperfiltration: role of glucagon, vasopressin, and urea. Am J Physiol Renal Physiol. 2015 Jul 1;309(1):F2-23. doi: 10.1152\/ajprenal.00614.2014. Epub 2015 Apr 29. PMID: 25925260.<\/li>\n<\/ol>\n<p>&nbsp;<\/p>","protected":false},"excerpt":{"rendered":"<p>Abdominelle und pelvine Gef\u00e4\u00dfkompressionssyndrome sind eine h\u00e4ufige Ursache von Schmerzen, die von Bauch und Becken in den Brustkorb, R\u00fccken und die Beine ausstrahlen. Von besonderer Bedeutung f\u00fcr die Betroffenen sind Umgehungskreisl\u00e4ufe, die trotz Abklemmung wichtiger Venen deren Blut auf Umwegen zum Herzen transportieren. Ein wenig bekannter, aber sehr wichtiger Umgehungskreislauf der linken Nierenvene ist der [&hellip;]<\/p>\n","protected":false},"author":5,"featured_media":0,"parent":0,"menu_order":0,"comment_status":"closed","ping_status":"closed","template":"","meta":{"om_disable_all_campaigns":false,"footnotes":""},"class_list":["post-9096","page","type-page","status-publish","hentry"],"_links":{"self":[{"href":"https:\/\/scholbach.de\/de\/wp-json\/wp\/v2\/pages\/9096","targetHints":{"allow":["GET"]}}],"collection":[{"href":"https:\/\/scholbach.de\/de\/wp-json\/wp\/v2\/pages"}],"about":[{"href":"https:\/\/scholbach.de\/de\/wp-json\/wp\/v2\/types\/page"}],"author":[{"embeddable":true,"href":"https:\/\/scholbach.de\/de\/wp-json\/wp\/v2\/users\/5"}],"replies":[{"embeddable":true,"href":"https:\/\/scholbach.de\/de\/wp-json\/wp\/v2\/comments?post=9096"}],"version-history":[{"count":6,"href":"https:\/\/scholbach.de\/de\/wp-json\/wp\/v2\/pages\/9096\/revisions"}],"predecessor-version":[{"id":9374,"href":"https:\/\/scholbach.de\/de\/wp-json\/wp\/v2\/pages\/9096\/revisions\/9374"}],"wp:attachment":[{"href":"https:\/\/scholbach.de\/de\/wp-json\/wp\/v2\/media?parent=9096"}],"curies":[{"name":"wp","href":"https:\/\/api.w.org\/{rel}","templated":true}]}}