{"id":8858,"date":"2024-11-16T16:05:06","date_gmt":"2024-11-16T15:05:06","guid":{"rendered":"https:\/\/scholbach.de\/?page_id=8858"},"modified":"2024-11-16T17:52:13","modified_gmt":"2024-11-16T16:52:13","slug":"successful-treatment-of-left-sided-varicocoele-by-spinal-postural-adjustment-the-value-of-pixelflux-guided-physical-training","status":"publish","type":"page","link":"https:\/\/scholbach.de\/de\/successful-treatment-of-left-sided-varicocoele-by-spinal-postural-adjustment-the-value-of-pixelflux-guided-physical-training","title":{"rendered":"Erfolgreiche Behandlung der linksseitigen Varikozele durch Anpassung der Wirbels\u00e4ulenhaltung- Der Wert des PixelFlux-gef\u00fchrten k\u00f6rperlichen Trainings"},"content":{"rendered":"<p>In dieser Fallstudie pr\u00e4sentieren wir die erfolgreiche Behandlung eines 30-j\u00e4hrigen m\u00e4nnlichen Patienten mit einer mehrj\u00e4hrigen linksseitigen Varikozele durch eine Wirbels\u00e4ulenanpassung mit zus\u00e4tzlichem PixelFlux-gef\u00fchrtem K\u00f6rpertraining.<\/p>\n<p>Die Behandlung war erfolgreich.<br \/>\nSie folgte dem Prinzip der Mittellinienstauung. Dieses besagt, dass eine erh\u00f6hte Lendenlordose die Ursache f\u00fcr die Mittellinien- und linksseitige Organstauung ist. Das Ziel war klar definiert: Der ven\u00f6se Druck im linken Hoden musste gesenkt werden, indem der ven\u00f6se Abfluss aus der linken Nierenvene erh\u00f6ht wurde. Die linke Hodenvene steht in Verbindung mit der linken Nierenvene. Ein Druckanstieg in der linken Nierenvene f\u00fchrt zwangsl\u00e4ufig zu einer Stagnation oder einem R\u00fcckfluss des Blutes in Richtung des linken Hodens.<\/p>\n<p>Die Kompression der linken Nierenvene ist eine Folge der zunehmenden Lordose der Wirbels\u00e4ule. Deshalb muss die Behandlung der Hodenstauung darauf abzielen, die Lendenlordose durch k\u00f6rperliche Bewegung und eine gesunde K\u00f6rperhaltung im Alltag zu verringern.<\/p>\n<p>Nach mehrmonatigem Training war die Varikozele auf seiner linken Seite deutlich verkleinert.<\/p>\n<p>Wir haben die PixelFlux-Methode eingesetzt, um die Auswirkungen verschiedener K\u00f6rperhaltungen auf die Durchblutung der linken Niere zu messen. Das Ziel war klar definiert: Es ging darum, spezifische K\u00f6rperhaltungen zu identifizieren, die den Hodenstau am effektivsten reduzieren. PixelFlux ist das effektivste Verfahren zur Messung der parenchymat\u00f6sen Durchblutung der Niere. Sie ist in der Lage, selbst geringf\u00fcgige Ver\u00e4nderungen zu erkennen, die auf h\u00e4modynamische Effekte zur\u00fcckzuf\u00fchren sind, die durch Ver\u00e4nderungen der K\u00f6rperhaltung und der Ausrichtung der Wirbels\u00e4ule verursacht werden. Die Ergebnisse unterstreichen eindeutig die entscheidende Bedeutung der Rumpfausrichtung im Raum und den Grad der Lordose der Lendenwirbels\u00e4ule.<\/p>\n<p>&nbsp;<\/p>\n<p><a href=\"https:\/\/scholbach.de\/wp-content\/uploads\/2024\/11\/Perfusion-ratio-compared-to-the-left-kidney-.jpg\"><img loading=\"lazy\" decoding=\"async\" class=\"aligncenter size-medium wp-image-8867\" src=\"https:\/\/scholbach.de\/wp-content\/uploads\/2024\/11\/Perfusion-ratio-compared-to-the-left-kidney--300x169.jpg\" alt=\"\" width=\"300\" height=\"169\" srcset=\"https:\/\/scholbach.de\/wp-content\/uploads\/2024\/11\/Perfusion-ratio-compared-to-the-left-kidney--300x169.jpg 300w, https:\/\/scholbach.de\/wp-content\/uploads\/2024\/11\/Perfusion-ratio-compared-to-the-left-kidney--1024x576.jpg 1024w, https:\/\/scholbach.de\/wp-content\/uploads\/2024\/11\/Perfusion-ratio-compared-to-the-left-kidney--768x432.jpg 768w, https:\/\/scholbach.de\/wp-content\/uploads\/2024\/11\/Perfusion-ratio-compared-to-the-left-kidney-.jpg 1280w\" sizes=\"auto, (max-width: 300px) 100vw, 300px\" \/><\/a><\/p>\n<p>Es ist erwiesen, dass alle Rumpfhaltungen ung\u00fcnstiger sind als eine horizontale R\u00fcckenlage. Die Schwerkraft wirkt entlang der Rumpfachse, ganz gleich, ob die Person steht oder sitzt. Die Schwerkraft sorgt daf\u00fcr, dass das Blut in Richtung der tiefsten Stellen des K\u00f6rpers flie\u00dft. In Bezug auf die Extremit\u00e4ten sind dies die F\u00fc\u00dfe. Im Hinblick auf den Rumpf sind dies die \u00e4u\u00dferen Genitalien.<\/p>\n<p>Die Stauung des Hodens, der am tiefsten gelegenen Struktur des m\u00e4nnlichen Rumpfes, ist im Stehen oder Sitzen daher unvermeidlich.<\/p>\n<p>Beim horizontalen Liegen mit gestreckten H\u00fcften kommt es zu einer Lordose. Durch Beugung der H\u00fcften wird diese weiter reduziert.<\/p>\n<p>Wir haben PixelFlux-Messungen der Nierendurchblutung in der linken Niere im Vergleich zur rechten Niere durchgef\u00fchrt. Dabei haben wir diesen Grad der Lordose der Lendenwirbels\u00e4ule als Ausgangspunkt verwendet, um das Ausma\u00df der Behinderung des ven\u00f6sen R\u00fcckflusses aus dem Hoden zu bestimmen. Daher haben wir die Perfusion des Nierenparenchyms gemessen, die zweifelsfrei durch den Eingangsdruck aus der Nierenarterie und den ven\u00f6sen Gegendruck aus der linken Nierenvene beeinflusst wird.<\/p>\n<p>Ein Anstieg des ven\u00f6sen Drucks f\u00fchrt unweigerlich zu einer Verringerung des arteriellen Zuflusses und damit zu einer Verringerung der Parenchymperfusion der Niere.<\/p>\n<p>Eine Verringerung der Perfusion des linken Nierenparenchyms ist daher ein eindeutiger Indikator f\u00fcr einen steigenden Gegendruck in der linken Nierenvene, der sich in der Folge auf die linke Hodenvene und den linken Hoden selbst auswirkt.<\/p>\n<p>Die Daten zeigen eindeutig, dass sich die Durchblutung der linken Niere verschlechtert, wenn sich die Probanden in einer waagerechten Position befinden. Dabei stellen 100 % die Basislinie dar. Im Vergleich dazu zeigt sich in einer aufrechten Sitzposition mit gekreuzten Beinen eine Verschlechterung um 19 %, in einer stehenden Position mit reduzierter Lordose um 29 % und in einer gebeugten Stehposition mit Bei einer reduzierten Lordose und einer Vorw\u00e4rtsbeuge unter der Annahme, dass die zunehmende Kyphose der Brustwirbels\u00e4ule eine abflachende Kraft auf die Lendenwirbels\u00e4ule aus\u00fcbt, betr\u00e4gt die Kraft 50 %. Das Stehen mit verst\u00e4rkter Lordose hingegen stellt die intuitiv gew\u00e4hlte K\u00f6rperhaltung dar, wenn keine Aufmerksamkeit auf die Neuausrichtung der Wirbels\u00e4ule gerichtet wird. In diesem Fall betr\u00e4gt die Kraft 44 %.<\/p>\n<p>Die Beugung der H\u00fcftgelenke hat einen deutlichen Einfluss auf den Grad der Lendenlordose \u2013 und zwar \u00fcber zwei verschiedene Mechanismen.<\/p>\n<p>Erstens wird durch die H\u00fcftbeugung der Psoas-Muskel gedehnt, was einen Zug nach ventral auf die kraniale Verankerung der Lendenwirbel aus\u00fcbt. Dies f\u00fchrt unweigerlich zu einer Zunahme der Lendenlordose.<\/p>\n<p>Zweitens f\u00fchrt die Streckung der H\u00fcftgelenke \u00fcber 45\u00b0 hinaus zu einer antero-ventralen Neigung (in R\u00fcckenlage) oder einer antero-dorsalen Neigung (in stehender oder sitzender Position). Dies ist auf die hemmende Wirkung des iliofemoralen Bandes zur\u00fcckzuf\u00fchren. Dadurch wird das Kreuzbein geneigt. Die Lendenwirbels\u00e4ule muss sich dann st\u00e4rker nach dorsal beugen, um diese Neigung auszugleichen und eine vertikale Position mit dem Kopf \u00fcber der Schwerkraftlinie aufrechtzuerhalten.<\/p>\n<p>Die Beugung der H\u00fcftgelenke als Funktion des Psoas-Muskels hat einen besonderen Einfluss auf den Grad der Lendenlordose \u2013 und zwar durch zwei verschiedene Mechanismen.<\/p>\n<p>Der erste Mechanismus ist einfach: Bei der Streckung des H\u00fcftgelenks wird der Psoasmuskel gedehnt und \u00fcbt eine ventrale Zugkraft auf die kraniale Verankerung an den Seitenforts\u00e4tzen der Lendenwirbel aus. Dies f\u00fchrt unweigerlich zu einer verst\u00e4rkten Lendenlordose.<\/p>\n<p>Eine Streckung der H\u00fcftgelenke \u00fcber 45\u00b0 hinaus f\u00fchrt in R\u00fcckenlage zu einer anterioren Kippung und in stehender oder sitzender Position zu einer ventralen Kippung. Dies liegt an der hemmenden Wirkung des iliofemoralen Ligaments.<\/p>\n<p>Deshalb ist das Sitzen mit gebeugten H\u00fcften und gekreuzten Beinen die beste vertikale Haltung f\u00fcr M\u00e4nner mit Varikozelen.<\/p>\n<p>Die beste Stehhaltung ist das aufrechte Stehen. Durch willentliches Anspannen der R\u00fcckenmuskulatur kann die Lendenlordose reduziert werden.<\/p>\n<p>Das Zur\u00fccklehnen der Brustwirbels\u00e4ule hat keinen weiteren positiven Effekt. Somit ist bewiesen, dass eine vorstellbare abflachende Wirkung der verst\u00e4rkten Kyphose der Brustwirbels\u00e4ule auf die Lendenwirbels\u00e4ule nicht wirksam ist.<\/p>\n<p>Die entspannte &#8222;normale&#8220; Alltags-Stehhaltung mit entspannter R\u00fcckenmuskulatur und damit erh\u00f6hter Lordose reduziert die Nierendurchblutung der linken Niere im Vergleich zur besten Stehhaltung um 46 %! Es ist von entscheidender Bedeutung, sich seiner K\u00f6rperhaltung in allt\u00e4glichen Situationen bewusst zu sein.<br \/>\nDie Auswirkung der Lendenlordose auf die Nierendurchblutung ist signifikant und f\u00fchrt zur Ver\u00e4nderung der Hodenstauung um 85%.<\/p>\n<p>PixelFlux-Messungen erm\u00f6glichen somit die Erstellung von ma\u00dfgeschneiderten Trainingsprogrammen mit dem klaren Ziel, die Hodenstauung zu verringern, wovon positive Effekte auf Schmerzen, Fertilit\u00e4t und Vitalit\u00e4t ausgehen.<\/p>","protected":false},"excerpt":{"rendered":"<p>In dieser Fallstudie pr\u00e4sentieren wir die erfolgreiche Behandlung eines 30-j\u00e4hrigen m\u00e4nnlichen Patienten mit einer mehrj\u00e4hrigen linksseitigen Varikozele durch eine Wirbels\u00e4ulenanpassung mit zus\u00e4tzlichem PixelFlux-gef\u00fchrtem K\u00f6rpertraining. Die Behandlung war erfolgreich. Sie folgte dem Prinzip der Mittellinienstauung. Dieses besagt, dass eine erh\u00f6hte Lendenlordose die Ursache f\u00fcr die Mittellinien- und linksseitige Organstauung ist. Das Ziel war klar definiert: Der [&hellip;]<\/p>\n","protected":false},"author":5,"featured_media":0,"parent":0,"menu_order":0,"comment_status":"closed","ping_status":"closed","template":"","meta":{"om_disable_all_campaigns":false,"footnotes":""},"class_list":["post-8858","page","type-page","status-publish","hentry"],"_links":{"self":[{"href":"https:\/\/scholbach.de\/de\/wp-json\/wp\/v2\/pages\/8858","targetHints":{"allow":["GET"]}}],"collection":[{"href":"https:\/\/scholbach.de\/de\/wp-json\/wp\/v2\/pages"}],"about":[{"href":"https:\/\/scholbach.de\/de\/wp-json\/wp\/v2\/types\/page"}],"author":[{"embeddable":true,"href":"https:\/\/scholbach.de\/de\/wp-json\/wp\/v2\/users\/5"}],"replies":[{"embeddable":true,"href":"https:\/\/scholbach.de\/de\/wp-json\/wp\/v2\/comments?post=8858"}],"version-history":[{"count":10,"href":"https:\/\/scholbach.de\/de\/wp-json\/wp\/v2\/pages\/8858\/revisions"}],"predecessor-version":[{"id":8874,"href":"https:\/\/scholbach.de\/de\/wp-json\/wp\/v2\/pages\/8858\/revisions\/8874"}],"wp:attachment":[{"href":"https:\/\/scholbach.de\/de\/wp-json\/wp\/v2\/media?parent=8858"}],"curies":[{"name":"wp","href":"https:\/\/api.w.org\/{rel}","templated":true}]}}