{"id":8470,"date":"2024-01-17T20:29:10","date_gmt":"2024-01-17T19:29:10","guid":{"rendered":"https:\/\/scholbach.de\/?page_id=8470"},"modified":"2024-01-17T20:29:10","modified_gmt":"2024-01-17T19:29:10","slug":"restless-legs-a-little-known-symptom-of-abdominal-vascular-compression-syndromes","status":"publish","type":"page","link":"https:\/\/scholbach.de\/de\/restless-legs-a-little-known-symptom-of-abdominal-vascular-compression-syndromes","title":{"rendered":"Unruhige Beine (restless legs)  &#8211; Folge ven\u00f6ser Kompressionssyndrome"},"content":{"rendered":"<p><\/p>\n<h2><a href=\"https:\/\/journals.sagepub.com\/doi\/abs\/10.1177\/0268355520940921\">Unruhige Beine (restless legs) &#8211; ein wenig bekanntes Symptom bei abdominalen vaskul\u00e4ren KompressionssyndromenRestless legs-a little known symptom of abdominal vascular compression syndromes<\/a><\/h2>\n<p>&nbsp;<\/p>\n<p>Die Kompression der Beckenvenen, der linken Nierenvene und der Hohlvene sowie die Kompression der Oberschenkelvenen k\u00f6nnen zu einer ven\u00f6sen Stauung in den Beinen f\u00fchren.<\/p>\n<p>Ist die linke Vena iliaca communis als einziges Gef\u00e4\u00df betroffen (May-Thurner-Syndrom), k\u00f6nnen die Symptome auf das linke Bein beschr\u00e4nkt sein. Dauert das May-Thurner-Syndrom l\u00e4nger an, kann der ven\u00f6se Abfluss aus der rechten Beckenachse vermindert sein, da der Zufluss von zus\u00e4tzlichem ven\u00f6sen Blut \u00fcber die Mittellinienorgane in das Gebiet der rechten Vena iliaca interna Vorrang vor dem Abfluss der rechten Vena iliaca externa, der Fortsetzung der Vena femoralis, der Hauptvene des Beins, beanspruchen kann. Dies ist der Beginn der Stauung der Vena femoralis und damit des gesamten Beins. In einer solchen Situation kann das rechte Bein ebenso stark betroffen sein wie das linke Bein.<\/p>\n<p>Die Symptome verschlimmern sich, wenn auch die linke Nierenvene komprimiert wird, da der Hauptabfluss (Kollaterale9 f\u00fcr diese Vene die linke Eierstock- oder Samenleitervene ist, die gro\u00dfe Mengen Blut aus der linken Niere in den Beckenkreislauf leitet. Dadurch kann eine zus\u00e4tzliche Voluemenbelastung f\u00fcr die Beckenvenen entstehen, insbesondere wenn ein May-Thurner-Syndrom vorliegt, was sehr h\u00e4ufig der Fall ist.<\/p>\n<p>Wenn die untere Hohlvene komprimiert ist, wird der Abfluss aus beiden Beckenh\u00e4lften behindert, was beide Beine betrifft.<\/p>\n<p>Die Stauung wird meist als Spannung und sp\u00e4ter als Schmerz empfunden, der in der inneren (medialen) Region des Oberschenkels beginnt und sp\u00e4ter das gesamte Bein, insbesondere die Wade, betrifft. Nicht selten schwellen die Beine an, vor allem am Ende des Tages nach stundenlangem Stehen.<\/p>\n<p>Viele Patienten entwickeln dann einen Mechanismus, um den R\u00fcckfluss des Blutes \u00fcber die Kompressionsstellen zu f\u00f6rdern. Sie fangen an, herumzulaufen, um die Muskelpumpe zu aktivieren, die das Blut \u00fcber die Kompressionsstellen dr\u00fcckt. Dies kann als Nervosit\u00e4t oder Aufmerksamkeitsdefizit-\/Hyperaktivit\u00e4tsst\u00f6rung interpretiert werden.<\/p>\n<p>Im Bett liegend beginnen die Patienten, die Beine zu bewegen, indem sie ihre H\u00fcften und Knie beugen und strecken und die Zehen auf und ab bewegen, um die Muskelpumpe zu aktivieren, ohne zu gehen. Dies wird oft als unruhiges Beine &#8211; restless led Syndrom &#8211;\u00a0 wahrgenommen. H\u00e4ufig werden solche Patienten an einen Neurologen \u00fcberwiesen, da <a href=\"https:\/\/www.ncbi.nlm.nih.gov\/pmc\/articles\/PMC6280211\/\">dies h\u00e4ufig als neurologische St\u00f6rung angesehen wird<\/a>.<\/p>\n<p>In vielen F\u00e4llen handelt es sich jedoch um das klinische Symptom abdominaler vaskul\u00e4rer Kompressionssyndrome.<\/p>\n<p>Wenn Sie unter dem Restless-Leg-Syndrom leiden und keine neurologische Ursache festgestellt werden konnte, lassen Sie einen quantitativen funktionellen Farbdoppler-Ultraschall Ihrer Beine, Becken- und Bauchgef\u00e4\u00dfe durchf\u00fchren, um zu pr\u00fcfen, ob eine Kompression der linken Nierenvene, der Vena cava, der Beckenvenen und der Oberschenkelvenen vorliegt.<\/p>\n<p>Die kausale Behandlung dieser Kompressionen ist durch spezifisches Training, Medikamente oder eine Operation m\u00f6glich.<\/p>\n<p>&nbsp;<\/p>","protected":false},"excerpt":{"rendered":"<p>Unruhige Beine (restless legs) &#8211; ein wenig bekanntes Symptom bei abdominalen vaskul\u00e4ren KompressionssyndromenRestless legs-a little known symptom of abdominal vascular compression syndromes &nbsp; Die Kompression der Beckenvenen, der linken Nierenvene und der Hohlvene sowie die Kompression der Oberschenkelvenen k\u00f6nnen zu einer ven\u00f6sen Stauung in den Beinen f\u00fchren. Ist die linke Vena iliaca communis als einziges [&hellip;]<\/p>\n","protected":false},"author":5,"featured_media":0,"parent":0,"menu_order":0,"comment_status":"closed","ping_status":"closed","template":"","meta":{"om_disable_all_campaigns":false,"footnotes":""},"class_list":["post-8470","page","type-page","status-publish","hentry"],"_links":{"self":[{"href":"https:\/\/scholbach.de\/de\/wp-json\/wp\/v2\/pages\/8470","targetHints":{"allow":["GET"]}}],"collection":[{"href":"https:\/\/scholbach.de\/de\/wp-json\/wp\/v2\/pages"}],"about":[{"href":"https:\/\/scholbach.de\/de\/wp-json\/wp\/v2\/types\/page"}],"author":[{"embeddable":true,"href":"https:\/\/scholbach.de\/de\/wp-json\/wp\/v2\/users\/5"}],"replies":[{"embeddable":true,"href":"https:\/\/scholbach.de\/de\/wp-json\/wp\/v2\/comments?post=8470"}],"version-history":[{"count":1,"href":"https:\/\/scholbach.de\/de\/wp-json\/wp\/v2\/pages\/8470\/revisions"}],"predecessor-version":[{"id":8472,"href":"https:\/\/scholbach.de\/de\/wp-json\/wp\/v2\/pages\/8470\/revisions\/8472"}],"wp:attachment":[{"href":"https:\/\/scholbach.de\/de\/wp-json\/wp\/v2\/media?parent=8470"}],"curies":[{"name":"wp","href":"https:\/\/api.w.org\/{rel}","templated":true}]}}