{"id":8374,"date":"2023-12-05T08:05:37","date_gmt":"2023-12-05T07:05:37","guid":{"rendered":"https:\/\/scholbach.de\/?page_id=8374"},"modified":"2024-12-01T18:54:15","modified_gmt":"2024-12-01T17:54:15","slug":"diaphragmatic-compression-of-the-liver-veins-with-hepatic-and-intestinalis-congestion","status":"publish","type":"page","link":"https:\/\/scholbach.de\/de\/diaphragmatic-compression-of-the-liver-veins-with-hepatic-and-intestinalis-congestion","title":{"rendered":"Zwerchfellkompression der Lebervenen mit hepatischer und intestinaler Stauung"},"content":{"rendered":"<p>30.11.2023<\/p>\n<p>Zunehmende Schmerzen im rechten Hypochondrium und Atembeschwerden aufgrund einer mobilen Zwerchfellkompression der Hohlvene und der Lebervenen mit Stauung der Leber und sogar des D\u00fcnndarms<\/p>\n<p>Eine 57-j\u00e4hrige Patientin stellte sich mit unertr\u00e4glichen Schmerzen im rechten Oberbauch unterhalb des Brustkorbs vor, die tags\u00fcber konstant 8\/10 betrugen und nur nachts durch Amitriptylin auf ein schlaff\u00e4higes Niveau unterdr\u00fcckt werden konnten. Die Anamnese ergab einen Pleuraerguss vor einigen Jahren und Pneumonie-Reste in den Thorax-CTs. Auff\u00e4llig waren Striae distensae an beiden Br\u00fcsten sowie eine Hohlwarze an der linken Brust. Die Auskultation der Lunge und die abdominelle Palpation ergaben keine Auff\u00e4lligkeiten. Der st\u00e4ndige Oberbauchschmerz, der vom seitlichen Hypochondrium in Richtung Mittellinie und dann hinunter zum Nabel ausstrahlte, konnte nicht durch Pal\u00f6pation verst\u00e4rkt werden.<\/p>\n<p>Die Ultraschalluntersuchung ergab eine lokalisierte Flussbeschleunigung an der M\u00fcndung der Lebervenen in die Vena cava genau auf H\u00f6he des Zwerchfells. Tief im Inneren der Leber betrug die Flussgeschwindigkeit in der mittleren Lebervene maximal 25 cm\/s. In mittlerer Position des Zwerchfells stieg sie am Zusammenfluss der Lebervenen auf 98 cm\/s an . Sowohl bei tiefer Inspiration als auch bei tiefer Exspiration nahm die Str\u00f6mungsgeschwindigkeit an dieser Stelle zu. Bei der Exspiration wurden maximal 204 cm\/s erreicht, w\u00e4hrend die maximale Flussgeschwindigkeit bei der tiefen Inspiration 125 cm\/s betrug. Das Portalflussvolumen \u00e4nderte sich w\u00e4hrend der Atmung dramatisch. In mittlerer Position des Zwerchfells wurde das Flussvolumen in der Pfortader mit 2249 mL\/min berechnet, das bei tiefer Exspiration auf nur 823 mL\/min abfiel, w\u00e4hrend bei Inspiration 1919 mL\/min gemessen werden konnten. Die Leber war mit einer H\u00f6he von 12,5 cm in der rechten Medioklavikularlinie nicht vergr\u00f6\u00dfert.<\/p>\n<p>Erstmals wurde eine 4D-Volumenstrommessung der Vena mesenterica superior durchgef\u00fchrt, die in mittlerer Zwerchfellposition ein Flussvolumen von 138 ml\/min ergab, w\u00e4hrend es in tiefer Exspiration auf 82 ml\/min abfiel. Meines Wissens ist dies die erste Beschreibung einer zwerchfellbedingten Kompression der Vena cava und der Lebervenen, die einen messbaren Effekt auf den ven\u00f6sen Abfluss des Darms hatte. Der Patient war verstopft, litt unter einer verminderten Peristaltik und verlor 8 kg K\u00f6rpergewicht<\/p>\n<p>Dies ist meines Wissens der erstmalige sonografische Nachweis einer funktionellen Lebervenenkompression mit Stauungsbeschwerden an Leber und Darm und der erste Einsatz der farbduplexsonografischen 4D-Volu menflussmessung einer Vene \u00fcberhaupt.<\/p>\n<div id=\"attachment_8383\" style=\"width: 310px\" class=\"wp-caption aligncenter\"><a href=\"https:\/\/scholbach.de\/wp-content\/uploads\/2023\/12\/VCi-compression.jpg\"><img loading=\"lazy\" decoding=\"async\" aria-describedby=\"caption-attachment-8383\" class=\"wp-image-8383 size-medium\" src=\"https:\/\/scholbach.de\/wp-content\/uploads\/2023\/12\/VCi-compression-e1701844967222-300x173.jpg\" alt=\"\" width=\"300\" height=\"173\" srcset=\"https:\/\/scholbach.de\/wp-content\/uploads\/2023\/12\/VCi-compression-e1701844967222-300x173.jpg 300w, https:\/\/scholbach.de\/wp-content\/uploads\/2023\/12\/VCi-compression-e1701844967222-1024x591.jpg 1024w, https:\/\/scholbach.de\/wp-content\/uploads\/2023\/12\/VCi-compression-e1701844967222-768x443.jpg 768w, https:\/\/scholbach.de\/wp-content\/uploads\/2023\/12\/VCi-compression-e1701844967222.jpg 1249w\" sizes=\"auto, (max-width: 300px) 100vw, 300px\" \/><\/a><p id=\"caption-attachment-8383\" class=\"wp-caption-text\">3D-Bild der Kompression der Vena cava inferior beim Durchqueren des Zwerchfells<\/p><\/div>\n<p>&nbsp;<\/p>\n<div id=\"attachment_8385\" style=\"width: 117px\" class=\"wp-caption aligncenter\"><a href=\"https:\/\/scholbach.de\/wp-content\/uploads\/2023\/12\/changing-shape-vci.jpg\"><img loading=\"lazy\" decoding=\"async\" aria-describedby=\"caption-attachment-8385\" class=\"wp-image-8385 size-medium\" src=\"https:\/\/scholbach.de\/wp-content\/uploads\/2023\/12\/changing-shape-vci-e1701845608979-107x300.jpg\" alt=\"\" width=\"107\" height=\"300\" srcset=\"https:\/\/scholbach.de\/wp-content\/uploads\/2023\/12\/changing-shape-vci-e1701845608979-107x300.jpg 107w, https:\/\/scholbach.de\/wp-content\/uploads\/2023\/12\/changing-shape-vci-e1701845608979-367x1024.jpg 367w, https:\/\/scholbach.de\/wp-content\/uploads\/2023\/12\/changing-shape-vci-e1701845608979.jpg 456w\" sizes=\"auto, (max-width: 107px) 100vw, 107px\" \/><\/a><p id=\"caption-attachment-8385\" class=\"wp-caption-text\">Ver\u00e4nderung der Form des VCI beim Durchqueren des Zwerchfells<\/p><\/div>\n<div id=\"attachment_8389\" style=\"width: 310px\" class=\"wp-caption aligncenter\"><a href=\"https:\/\/scholbach.de\/wp-content\/uploads\/2023\/12\/hep-veins-resp.jpg\"><img loading=\"lazy\" decoding=\"async\" aria-describedby=\"caption-attachment-8389\" class=\"wp-image-8389 size-medium\" src=\"https:\/\/scholbach.de\/wp-content\/uploads\/2023\/12\/hep-veins-resp-e1702063989715-300x151.jpg\" alt=\"\" width=\"300\" height=\"151\" srcset=\"https:\/\/scholbach.de\/wp-content\/uploads\/2023\/12\/hep-veins-resp-e1702063989715-300x151.jpg 300w, https:\/\/scholbach.de\/wp-content\/uploads\/2023\/12\/hep-veins-resp-e1702063989715-1024x515.jpg 1024w, https:\/\/scholbach.de\/wp-content\/uploads\/2023\/12\/hep-veins-resp-e1702063989715-768x386.jpg 768w, https:\/\/scholbach.de\/wp-content\/uploads\/2023\/12\/hep-veins-resp-e1702063989715.jpg 1132w\" sizes=\"auto, (max-width: 300px) 100vw, 300px\" \/><\/a><p id=\"caption-attachment-8389\" class=\"wp-caption-text\">Kompression der Vena cava inferior an der M\u00fcndung der Lebervenen beim Durchtritt durch das Zwerchfell, geringer Fluss in der Leber (oben links), Flussbeschleunigung an der M\u00fcndung in Zwerchfell-Mittelstellung (oben rechts), weitere Flussbeschleunigung in der Einatmung und noch mehr in der Ausatmung (untere Linie)<\/p><\/div>\n<p>Video des 4D-Datensatzes der Vena mesenterica superior &#8211; horizontaler Schnitt in der rechten unteren Ecke<\/p>\n<p>&nbsp;<\/p>","protected":false},"excerpt":{"rendered":"<p>30.11.2023 Zunehmende Schmerzen im rechten Hypochondrium und Atembeschwerden aufgrund einer mobilen Zwerchfellkompression der Hohlvene und der Lebervenen mit Stauung der Leber und sogar des D\u00fcnndarms Eine 57-j\u00e4hrige Patientin stellte sich mit unertr\u00e4glichen Schmerzen im rechten Oberbauch unterhalb des Brustkorbs vor, die tags\u00fcber konstant 8\/10 betrugen und nur nachts durch Amitriptylin auf ein schlaff\u00e4higes Niveau unterdr\u00fcckt [&hellip;]<\/p>\n","protected":false},"author":5,"featured_media":0,"parent":0,"menu_order":0,"comment_status":"closed","ping_status":"closed","template":"","meta":{"om_disable_all_campaigns":false,"footnotes":""},"class_list":["post-8374","page","type-page","status-publish","hentry"],"_links":{"self":[{"href":"https:\/\/scholbach.de\/de\/wp-json\/wp\/v2\/pages\/8374","targetHints":{"allow":["GET"]}}],"collection":[{"href":"https:\/\/scholbach.de\/de\/wp-json\/wp\/v2\/pages"}],"about":[{"href":"https:\/\/scholbach.de\/de\/wp-json\/wp\/v2\/types\/page"}],"author":[{"embeddable":true,"href":"https:\/\/scholbach.de\/de\/wp-json\/wp\/v2\/users\/5"}],"replies":[{"embeddable":true,"href":"https:\/\/scholbach.de\/de\/wp-json\/wp\/v2\/comments?post=8374"}],"version-history":[{"count":8,"href":"https:\/\/scholbach.de\/de\/wp-json\/wp\/v2\/pages\/8374\/revisions"}],"predecessor-version":[{"id":8940,"href":"https:\/\/scholbach.de\/de\/wp-json\/wp\/v2\/pages\/8374\/revisions\/8940"}],"wp:attachment":[{"href":"https:\/\/scholbach.de\/de\/wp-json\/wp\/v2\/media?parent=8374"}],"curies":[{"name":"wp","href":"https:\/\/api.w.org\/{rel}","templated":true}]}}