{"id":8158,"date":"2023-07-07T14:56:01","date_gmt":"2023-07-07T12:56:01","guid":{"rendered":"https:\/\/scholbach.de\/?page_id=8158"},"modified":"2023-07-07T14:56:01","modified_gmt":"2023-07-07T12:56:01","slug":"genital-and-sexual-symptoms-of-vascular-compression-syndromes-patient-with-ulcer-of-labia-minora","status":"publish","type":"page","link":"https:\/\/scholbach.de\/de\/genital-and-sexual-symptoms-of-vascular-compression-syndromes-patient-with-ulcer-of-labia-minora","title":{"rendered":"Genitale und sexuelle Symptome bei Gef\u00e4\u00dfkompressionssyndromen \u2013 Patientin mit Geschw\u00fcr der kleinen Schamlippen"},"content":{"rendered":"<p><\/p>\n<p>Genitale und sexuelle Symptome bei Gef\u00e4\u00dfkompressionssyndromen \u2013 Patientin mit Geschw\u00fcr der kleinen Schamlippen<\/p>\n<p>&nbsp;<\/p>\n<p>Bei ven\u00f6sen Gef\u00e4\u00dfkompressionssyndromen kommt es zur Stauung des ven\u00f6sen Blutes in der unteren K\u00f6rperh\u00e4lfte.<\/p>\n<p>Die Einengung der linken Beckenvene am May Thurner Punkt, der Kreuzung mit der rechten Beckenarterie, die zumeist leicht unterhalb des Nabels und rechts davon zu finden ist, behindert einen ungest\u00f6rten R\u00fcckstrom von Blut aus den Beinen und den Beckenorganen sowie aus der Ges\u00e4\u00dfmuskulatur zum Herzen zur\u00fcck. Die Venen im Becken und Beinen und entlang des Nervus ischiadicus erweitern sich und ein Spannungsgef\u00fchl im Becken und den Beinen und sp\u00e4ter zunehmend starke Schmerzen hier und entlang des Nervus ischiadicus f\u00fchren zu einer starken Beeintr\u00e4chtigung.<\/p>\n<p>Nicht selten entwickelt sich auch eine unangenehme, ungewollte und unprovozierte sexuelle Erregung und Missempfindungen wie Brennen, Ameisenlaufen, Schwirren und \u00e4hnliche Symptome.<\/p>\n<p>Die Genitalorgane sind von einer derartigen Blutstauung in besonderem Ma\u00dfe betroffen, da sie am tiefsten Punkt des Rumpfes liegen. Bei aufrechter K\u00f6rperhaltung, beim Sitzen oder beim Stehen, staut sich das Blut, der Schwerkraft folgend, daher besonders im Bereich der inneren und \u00e4u\u00dferen Genitalorgane.<\/p>\n<p>Diese Symptome verst\u00e4rken sich besonders dann, wenn noch weitere Gef\u00e4\u00dfkompressionssyndrome vorliegen, was regelhaft vorkommt.<\/p>\n<p>Die Kompression der linken Nierenvene f\u00fchrt zu einer Verst\u00e4rkung der ven\u00f6sen Stauung im Becken, da die linke Eierstocksvene beziehungsweise die linke Hodenvene Blut aus der gestauten Nierenvene ins Becken ableitet.<\/p>\n<p>Nicht selten liegt auch eine Kompression der rechten Beckenvene auf der Bandscheibe L4\/L5 vor sowie eine Kompression der unteren Hohlvene (Vena cava).<\/p>\n<p>Die Kompression der unteren Hohlvene entsteht bei ausgepr\u00e4gter Lordose der Lendenwirbels\u00e4ule zumeist im oberen Bauchraum, nur wenige Zentimeter unterhalb des rechten Rippenbogens. Hier dr\u00fcckt bei dem zumeist flachen Thorax der Patienten die Leber von vorn und oben auf die untere Hohlvene, die auf dem kranialen Hang der lordotischen Wirbels\u00e4ulenkr\u00fcmmung auf einem festen Widerlager liegt und dem Druck der Leber daher nicht ausweichen kann, besonders im Stehen, wenn die Leber absinkt.<\/p>\n<p>Die Kombination dieser ven\u00f6sen Kompressionen ist die Regel und nicht die Ausnahme. Es ist daher erforderlich, alle m\u00f6glichen Gef\u00e4\u00dfkompressionssyndrome im Abdomen zu vermessen, um einerseits die richtigen diagnostischen Schlussfolgerungen zu ziehen, andererseits aber auch, um eine erfolgreiche Korrektur vornehmen zu k\u00f6nnen.<\/p>\n<p>Oftmals verst\u00e4rken sich die Symptome in den Genitalien im Sitzen oder Stehen.<\/p>\n<p>Neben dem allgemeinen Effekt der Gravitation, die bei aufrechter Rumpfhaltung das Blut an den tiefsten Punkt des Rumpfes beziehungsweise der Beine zieht, spielt die Ver\u00e4nderung der Nierendurchblutung bei aufrechter Rumpfhaltung eine gro\u00dfe Rolle f\u00fcr die Entwicklung dieser Symptome.<\/p>\n<p>Da die Nieren besonders reichlich mit Blut versorgt werden, eine Niere erh\u00e4lt zum Beispiel wesentlich mehr Blut als ein gesamtes Bein, beeinflusst die Blutaufnahme der Nieren die Durchblutung des Beckens in erheblichem Ma\u00dfe. Sobald und wenn sich bei aufrechter Rumpfhaltung sich die Nierendurchblutung verschlechtert, str\u00f6mt das Blut, vom Herzen kommend, an den \u00d6ffnungen der Nierenarterien vorbei und ergie\u00dft sich ins Becken. Wenn die oben genannten ven\u00f6sen Gef\u00e4\u00dfkompressionssyndrome vorliegen, kommt es dadurch sehr schnell zu einer enormen Blutf\u00fclle im Becken und in den Beinen, worunter insbesondere die Genitalien leiden, da sie bei aufrechter Rumpfhaltung am tiefsten Punkt des Rumpfes liegen und sich das Blut dort zuerst sammelt.<\/p>\n<p>Zu einer drastischen Abnahme der Nierendurchblutung kommt es nicht selten bei Patienten mit Bindegewebsschw\u00e4che, bei denen die Nieren im Sitzen oder Stehen nach unten gleiten und sich ihre Blutzufuhr durch Zug an den Nierengef\u00e4\u00dfen selbst drosseln.<\/p>\n<p>Dies kann mit gew\u00f6hnlichen bildgebenden Verfahren leider nicht dargestellt werden. Computertomografie und MRT k\u00f6nnen diese funktionellen Ver\u00e4nderungen nicht erfassen, da sie zum einen nur in liegender K\u00f6rperhaltung durchgef\u00fchrt werden, zum anderen nicht in der Lage sind im Routinebetrieb die Durchblutung der Niere zu bestimmen.<\/p>\n<p>Mit der PixelFlux-Technik gelingt innerhalb von wenigen Sekunden der Nachweis der Durchblutungsverminderung der Nieren. Auch deren Ausma\u00df kann genau gemessen werden. Au\u00dferdem kann w\u00e4hrend der funktionellen Untersuchung im Liegen und im Stehen die Durchblutung des gesamten Bauchraumes durch eine Quantifizierung des Flussvolumens in der Aorta bestimmt werden. Sogar das Schlagvolumen des Herzens kann unkompliziert bestimmt werden, indem die F\u00fcllung der linken Herzkammer sonografisch w\u00e4hrend der Untersuchung des Bauches gemessen wird.<\/p>\n<p>So kann genau bestimmt werden, welche Blutmenge sich bei K\u00f6rperlagewechsel von der Horizontalen in die Senkrechte zus\u00e4tzlich im Becken aufstaut. Damit k\u00f6nnen die lageabh\u00e4ngigen Schmerzen im Genitale aber auch in den Beinen genau mit objektiven Messwerten korreliert werden.<\/p>\n<p>&nbsp;<\/p>\n<p>&nbsp;<\/p>\n<p>Bei der folgenden Patientin bestanden bereits lange Zeit starke Schmerzen im \u00e4u\u00dferen Genitale und Geschlechtsverkehr war wegen der starken vaginalen Schmerzen nicht m\u00f6glich.<\/p>\n<p>Nach einer vaginalen gyn\u00e4kologischen Untersuchung mit Spekula (Untersuchungsspateln) entwickelte sich ein gro\u00dfes schmerzhaftes Geschw\u00fcr an der linken kleinen Schamlippe. In Unkenntnis der massiven ven\u00f6sen Stauung des Genitales der Patientin war es den behandelnden \u00c4rzten nicht m\u00f6glich, die Ursache dieses schmerzhaften Geschw\u00fcrs zu finden, da s\u00e4mtliche Standarduntersuchungen zum Nachweis sexuell \u00fcbertragbarer Erkrankungen negativ blieben.<\/p>\n<p>Es entwickelte sich eine erhebliche Schwellung der linken Schamlippe. Nach langsamem Abklingen des Geschw\u00fcrs entwickelten sich weitere Geschw\u00fcre an der hinteren Kommissur, der Stelle der hinteren Vereinigung der Schamlippen.<\/p>\n<p><a href=\"https:\/\/scholbach.de\/wp-content\/uploads\/2023\/07\/Labial-swelling-e1688712275118.jpg\"><img loading=\"lazy\" decoding=\"async\" class=\"aligncenter wp-image-8162 size-medium\" src=\"https:\/\/scholbach.de\/wp-content\/uploads\/2023\/07\/Labial-swelling-e1688712275118-154x300.jpg\" alt=\"\" width=\"154\" height=\"300\" srcset=\"https:\/\/scholbach.de\/wp-content\/uploads\/2023\/07\/Labial-swelling-e1688712275118-154x300.jpg 154w, https:\/\/scholbach.de\/wp-content\/uploads\/2023\/07\/Labial-swelling-e1688712275118.jpg 291w\" sizes=\"auto, (max-width: 154px) 100vw, 154px\" \/><\/a><\/p>\n<p>Mit der PixelFlux Untersuchung des \u00e4u\u00dferen Genitales konnte gezeigt werden, dass die erhebliche linksseitige ven\u00f6se Stauung der Schamlippen zu einem starken \u00d6dem des Gewebes gef\u00fchrt hatte.<\/p>\n<div id=\"attachment_8165\" style=\"width: 310px\" class=\"wp-caption aligncenter\"><a href=\"https:\/\/scholbach.de\/wp-content\/uploads\/2023\/07\/annot-lab-con-still-image.jpg\"><img loading=\"lazy\" decoding=\"async\" aria-describedby=\"caption-attachment-8165\" class=\"wp-image-8165 size-medium\" src=\"https:\/\/scholbach.de\/wp-content\/uploads\/2023\/07\/annot-lab-con-still-image-e1688711495734-300x206.jpg\" alt=\"\" width=\"300\" height=\"206\" srcset=\"https:\/\/scholbach.de\/wp-content\/uploads\/2023\/07\/annot-lab-con-still-image-e1688711495734-300x206.jpg 300w, https:\/\/scholbach.de\/wp-content\/uploads\/2023\/07\/annot-lab-con-still-image-e1688711495734-640x440.jpg 640w, https:\/\/scholbach.de\/wp-content\/uploads\/2023\/07\/annot-lab-con-still-image-e1688711495734.jpg 716w\" sizes=\"auto, (max-width: 300px) 100vw, 300px\" \/><\/a><p id=\"caption-attachment-8165\" class=\"wp-caption-text\">\u00d6dem der linken Schamlippe im Farbdoppler-Ultraschall<\/p><\/div>\n<p>Pixelfluxmessung der Stauung der Schamlippen<\/p>\n<p style=\"text-align: center;\">Die unter standardisierten Bedingungen gemessene maximale Gewebedurchblutung der Schamlippen (cm\/s * cm\u00b2 der durchbluteten Fl\u00e4che der ROI \/cm\u00b2 der ROI) betr\u00e4gt:<\/p>\n<table class=\" aligncenter\" width=\"515\">\n<tbody>\n<tr>\n<td width=\"284\">Kleine Schamlippen<\/td>\n<td width=\"231\"><\/td>\n<\/tr>\n<tr>\n<td width=\"284\"><strong><u>links<\/u><\/strong><\/td>\n<td width=\"231\"><strong><u>0,243<\/u><\/strong><\/td>\n<\/tr>\n<tr>\n<td width=\"284\">rechts<\/td>\n<td width=\"231\">0,167<\/td>\n<\/tr>\n<\/tbody>\n<\/table>\n<div style=\"width: 1920px;\" class=\"wp-video\"><!--[if lt IE 9]><script>document.createElement('video');<\/script><![endif]-->\n<video class=\"wp-video-shortcode\" id=\"video-8158-1\" width=\"1920\" height=\"1080\" loop autoplay preload=\"metadata\" controls=\"controls\"><source type=\"video\/mp4\" src=\"https:\/\/scholbach.de\/wp-content\/uploads\/2023\/07\/annot-vide-lab-cong.mp4?_=1\" \/><a href=\"https:\/\/scholbach.de\/wp-content\/uploads\/2023\/07\/annot-vide-lab-cong.mp4\">https:\/\/scholbach.de\/wp-content\/uploads\/2023\/07\/annot-vide-lab-cong.mp4<\/a><\/video><\/div>\n<p>Der deutliche Seitenunterschiede der Durchblutung der Schamlippen konnte detailliert dargestellt und bestimmt werden. Damit wurde klar, dass die besondere linksseitige ven\u00f6se Stauung, die typisch f\u00fcr das May-Thurner-Syndrom ist, die Ursache der besonderen Empfindlichkeit des geschwollenen und schlecht durchbluteten Gewebes darstellte. Eine ven\u00f6se Stauung f\u00fchrt regelm\u00e4\u00dfig zu einer Minderversorgung des Gewebes mit Sauerstoff dar\u00fcber hinaus die Reparatur des Gewebes, was zu einer langdauernden Entz\u00fcndung f\u00fchrt. Diese Ver\u00e4nderungen machen das Gewebe besonders empfindlich f\u00fcr Druck durch die Untersuchungsspatel bei der vaginalen gyn\u00e4kologischen Untersuchung. Durch schon geringen Druck dann das Gewebe leicht zerst\u00f6rt werden kann, was zum Gewebsuntergang, zur Nekrose und damit zu einem gro\u00dfen Geschw\u00fcr gef\u00fchrt hatte.<\/p>\n<div id=\"attachment_8161\" style=\"width: 310px\" class=\"wp-caption aligncenter\"><a href=\"https:\/\/scholbach.de\/wp-content\/uploads\/2023\/07\/genital-ulcer.jpg\"><img loading=\"lazy\" decoding=\"async\" aria-describedby=\"caption-attachment-8161\" class=\"wp-image-8161 size-medium\" src=\"https:\/\/scholbach.de\/wp-content\/uploads\/2023\/07\/genital-ulcer-e1688711948200-300x293.jpg\" alt=\"\" width=\"300\" height=\"293\" srcset=\"https:\/\/scholbach.de\/wp-content\/uploads\/2023\/07\/genital-ulcer-e1688711948200-300x293.jpg 300w, https:\/\/scholbach.de\/wp-content\/uploads\/2023\/07\/genital-ulcer-e1688711948200.jpg 569w\" sizes=\"auto, (max-width: 300px) 100vw, 300px\" \/><\/a><p id=\"caption-attachment-8161\" class=\"wp-caption-text\">Geschw\u00fcr der linken kleinen Schamlippe im Verlauf der Zeit<\/p><\/div>\n<p>","protected":false},"excerpt":{"rendered":"<p>Genitale und sexuelle Symptome bei Gef\u00e4\u00dfkompressionssyndromen \u2013 Patientin mit Geschw\u00fcr der kleinen Schamlippen &nbsp; Bei ven\u00f6sen Gef\u00e4\u00dfkompressionssyndromen kommt es zur Stauung des ven\u00f6sen Blutes in der unteren K\u00f6rperh\u00e4lfte. Die Einengung der linken Beckenvene am May Thurner Punkt, der Kreuzung mit der rechten Beckenarterie, die zumeist leicht unterhalb des Nabels und rechts davon zu finden ist, [&hellip;]<\/p>\n","protected":false},"author":5,"featured_media":0,"parent":0,"menu_order":0,"comment_status":"closed","ping_status":"closed","template":"","meta":{"om_disable_all_campaigns":false,"footnotes":""},"class_list":["post-8158","page","type-page","status-publish","hentry"],"_links":{"self":[{"href":"https:\/\/scholbach.de\/de\/wp-json\/wp\/v2\/pages\/8158","targetHints":{"allow":["GET"]}}],"collection":[{"href":"https:\/\/scholbach.de\/de\/wp-json\/wp\/v2\/pages"}],"about":[{"href":"https:\/\/scholbach.de\/de\/wp-json\/wp\/v2\/types\/page"}],"author":[{"embeddable":true,"href":"https:\/\/scholbach.de\/de\/wp-json\/wp\/v2\/users\/5"}],"replies":[{"embeddable":true,"href":"https:\/\/scholbach.de\/de\/wp-json\/wp\/v2\/comments?post=8158"}],"version-history":[{"count":8,"href":"https:\/\/scholbach.de\/de\/wp-json\/wp\/v2\/pages\/8158\/revisions"}],"predecessor-version":[{"id":8177,"href":"https:\/\/scholbach.de\/de\/wp-json\/wp\/v2\/pages\/8158\/revisions\/8177"}],"wp:attachment":[{"href":"https:\/\/scholbach.de\/de\/wp-json\/wp\/v2\/media?parent=8158"}],"curies":[{"name":"wp","href":"https:\/\/api.w.org\/{rel}","templated":true}]}}