{"id":792,"date":"2016-12-03T14:04:19","date_gmt":"2016-12-03T14:04:19","guid":{"rendered":"http:\/\/scholbach.de\/?page_id=792"},"modified":"2020-04-05T14:06:40","modified_gmt":"2020-04-05T14:06:40","slug":"forschung","status":"publish","type":"page","link":"https:\/\/scholbach.de\/de\/forschung","title":{"rendered":"Forschung"},"content":{"rendered":"<p>Wir bieten Forschern unsere Unterst\u00fctzung und Zusammenarbeit bei der Durchblutungsmessung von Organen und Geweben an. Die von uns entwickelte PixelFlux-Methode ist auf dem Gebiet der sonografischen Perfusionsmessung weltweit f\u00fchrend.<\/p>\n<p><a href=\"https:\/\/scholar.google.de\/scholar?q=PixelFlux++blood&amp;btnG=&amp;hl=de&amp;as_sdt=1%2C5&amp;as_vis=1\">Eine st\u00e4ndig wachsende Gemeinschaft von Forschern<\/a> aus Europa, Asien, Australien und Nord-und S\u00fcdamerika erweitert mit unserer Methode die Grenzen ihres Fachgebietes wie z.B. der Nephrologie, Transplantationsmedizin, Gastroentrologie, Geburtshilfe, Reproduktionsmedizin, Neurologie, Diabetologie, Neonatologie, P\u00e4diatrie, Onkologie, Sportmedizin, Urologie, Gyn\u00e4kologie, HNO, und Veterin\u00e4rmedizin.<\/p>\n<p>Unsere Methode ist mehrfach preisgekr\u00f6nt und wird best\u00e4ndig weiterentwickelt. PixelFlux erlaubt nun sogar erstmals die dreidimensionale Perfusionsmessung selbst aus zweidimensionalen sonografischen Bildern.<\/p>\n<p>Unsere neuesten Ergebnisse der Tumorperfusionsmessung werden auf dem <a href=\"http:\/\/www.euroson2017.org\/en\/\">Europ\u00e4ischen Ultraschallkongress 2017 in Ljubljana<\/a> vorgestellt. Es ist uns gelungen, mit der Quantifizierung der Durchblutung in Lymphknotentumoren gutartige von b\u00f6sartigen Tumoren nur mit Hilfe des Ultraschalls bereits vor einer Operation zu unterscheiden.<\/p>\n<p>Au\u00dferdem haben wir erstmals nachgewiesen, dass die Perfusion der Geb\u00e4rmutter bei Schwangeren exakt gemessen werden kann, wenn man die von uns entwickelte PixelFlux-Technik einsetzt, die es nunmehr erlaubt, selbst in zweidimensionalen Ultraschallvideos dreidimensionale Flussmessungen vorzunehmen. In Ljubljana werden wir auch ein Konzept vorstellen, welches 9 verschiedene Gef\u00e4\u00dfkompressionssyndrome im Bauchraum unter dem Aspekt der Lordose der Lendenwirbels\u00e4ule als dem wesentlichen Faktor zur Entwicklung\u00a0 der Gef\u00e4\u00dfkompressionen zusammenfasst.<\/p>\n<p>Wenn Sie Interesse an einer Zusammenarbeit haben oder das Verfahren in Ihrem klinischen oder experimentellen Umfeld einsetzen m\u00f6chten so schreiben Sie eine Email an <a href=\"mailto:contact@chameleon-software.de\">Chameleon-Software<\/a>. Wir freuen uns auf Ihre Anforderungen, Ideen und\u00a0 Projekte.<\/p>\n<p>&nbsp;<\/p>","protected":false},"excerpt":{"rendered":"<p>Wir bieten Forschern unsere Unterst\u00fctzung und Zusammenarbeit bei der Durchblutungsmessung von Organen und Geweben an. Die von uns entwickelte PixelFlux-Methode ist auf dem Gebiet der sonografischen Perfusionsmessung weltweit f\u00fchrend. Eine st\u00e4ndig wachsende Gemeinschaft von Forschern aus Europa, Asien, Australien und Nord-und S\u00fcdamerika erweitert mit unserer Methode die Grenzen ihres Fachgebietes wie z.B. der Nephrologie, Transplantationsmedizin, [&hellip;]<\/p>\n","protected":false},"author":5,"featured_media":0,"parent":0,"menu_order":0,"comment_status":"closed","ping_status":"closed","template":"","meta":{"om_disable_all_campaigns":false,"footnotes":""},"class_list":["post-792","page","type-page","status-publish","hentry"],"_links":{"self":[{"href":"https:\/\/scholbach.de\/de\/wp-json\/wp\/v2\/pages\/792","targetHints":{"allow":["GET"]}}],"collection":[{"href":"https:\/\/scholbach.de\/de\/wp-json\/wp\/v2\/pages"}],"about":[{"href":"https:\/\/scholbach.de\/de\/wp-json\/wp\/v2\/types\/page"}],"author":[{"embeddable":true,"href":"https:\/\/scholbach.de\/de\/wp-json\/wp\/v2\/users\/5"}],"replies":[{"embeddable":true,"href":"https:\/\/scholbach.de\/de\/wp-json\/wp\/v2\/comments?post=792"}],"version-history":[{"count":32,"href":"https:\/\/scholbach.de\/de\/wp-json\/wp\/v2\/pages\/792\/revisions"}],"predecessor-version":[{"id":4407,"href":"https:\/\/scholbach.de\/de\/wp-json\/wp\/v2\/pages\/792\/revisions\/4407"}],"wp:attachment":[{"href":"https:\/\/scholbach.de\/de\/wp-json\/wp\/v2\/media?parent=792"}],"curies":[{"name":"wp","href":"https:\/\/api.w.org\/{rel}","templated":true}]}}