{"id":7503,"date":"2022-09-11T16:18:07","date_gmt":"2022-09-11T16:18:07","guid":{"rendered":"https:\/\/scholbach.de\/?page_id=7503"},"modified":"2022-09-11T18:28:41","modified_gmt":"2022-09-11T18:28:41","slug":"detection-of-a-new-compression-syndrome-bilateral-compression-of-the-internal-iliac-vein-between-the-psoas-muscle-and-the-internal-iliac-artery-in-a-patient-with-penile-pain","status":"publish","type":"page","link":"https:\/\/scholbach.de\/de\/detection-of-a-new-compression-syndrome-bilateral-compression-of-the-internal-iliac-vein-between-the-psoas-muscle-and-the-internal-iliac-artery-in-a-patient-with-penile-pain","title":{"rendered":"Entdeckung eines neuen Kompressionssyndroms: Beiseitige Kompression der Vena iliaca interna zwischen dem Psoas-Muskel und der Arteria iliaca interna bei einem Patienten mit chronischen Penisschmerzen"},"content":{"rendered":"<p>Chronische Penisschmerzen k\u00f6nnen mehrere Ursachen haben, wobei die h\u00e4ufigste eine Reizung des N. pudendus ist.<\/p>\n<p>Ich berichte hier zum ersten Mal \u00fcber den Befund einer beidseitigen Kompression der Vena iliaca interna zwischen dem Psoas-Muskel und der Arteria iliaca interna.<\/p>\n<p>Eine detaillierte Suche nach diesem Zustand in<\/p>\n<p>google scholar<\/p>\n<p>(https:\/\/scholar.google.de\/scholar?hl=de&amp;as_sdt=0%2C5&amp;q=%2B%22compression+von+der+inneren+Iliakalvene+%22&amp;btnG=)<\/p>\n<p>und pubmed<\/p>\n<p>(https:\/\/pubmed.ncbi.nlm.nih.gov\/?term=(compression%20of%20the%20internal%20iliac%20vein%5BTitle%2FAbstract%5D&amp;sort=)<\/p>\n<p>erbrachte keine Ergebnisse.<\/p>\n<p>Der Patient berichtete \u00fcber einen in den letzten 15 Jahren allm\u00e4hlich zunehmenden Schmerz, der an den unteren Polen beider Hoden und der Eichel des Penis beginnt und sich allm\u00e4hlich \u00fcber das gesamte \u00e4u\u00dfere Genitale ausbreitet. Der Schmerz war eher stauender Natur und wurde daher als dumpf beschrieben und hatte nur weniger ausgepr\u00e4gte neuropathische Qualit\u00e4ten, die als brennend und stechend beschrieben wurden.<\/p>\n<p>Die Schmerzen verst\u00e4rkten sich in aufrechter K\u00f6rperhaltung und lie\u00dfen sich durch Hinlegen lindern.<\/p>\n<p>Der Mechanismus, der den Schmerz in den \u00e4u\u00dferen Genitalien hervorruft, wird in der Stauung der Vena pudendalis interna mit einer schmerzhaften Dehnung der Genitalvenen und einer mechanischen Reizung des N. pudendus im Alcock-Kanal durch die verstopfte Vena pudendalis interna gesehen.<\/p>\n<p>&nbsp;<\/p>\n<p><a href=\"https:\/\/scholbach.de\/wp-content\/uploads\/2022\/09\/Folie1.jpg\"><img loading=\"lazy\" decoding=\"async\" class=\"aligncenter wp-image-7509 size-medium\" src=\"https:\/\/scholbach.de\/wp-content\/uploads\/2022\/09\/Folie1-300x169.jpg\" alt=\"\" width=\"300\" height=\"169\" srcset=\"https:\/\/scholbach.de\/wp-content\/uploads\/2022\/09\/Folie1-300x169.jpg 300w, https:\/\/scholbach.de\/wp-content\/uploads\/2022\/09\/Folie1-1024x576.jpg 1024w, https:\/\/scholbach.de\/wp-content\/uploads\/2022\/09\/Folie1-768x432.jpg 768w, https:\/\/scholbach.de\/wp-content\/uploads\/2022\/09\/Folie1-640x360.jpg 640w, https:\/\/scholbach.de\/wp-content\/uploads\/2022\/09\/Folie1.jpg 1280w\" sizes=\"auto, (max-width: 300px) 100vw, 300px\" \/><\/a><\/p>\n<p><a href=\"https:\/\/scholbach.de\/wp-content\/uploads\/2022\/09\/Folie3.jpg\"><img loading=\"lazy\" decoding=\"async\" class=\"aligncenter wp-image-7508 size-medium\" src=\"https:\/\/scholbach.de\/wp-content\/uploads\/2022\/09\/Folie3-e1662915688482-290x300.jpg\" alt=\"\" width=\"290\" height=\"300\" srcset=\"https:\/\/scholbach.de\/wp-content\/uploads\/2022\/09\/Folie3-e1662915688482-290x300.jpg 290w, https:\/\/scholbach.de\/wp-content\/uploads\/2022\/09\/Folie3-e1662915688482-640x663.jpg 640w, https:\/\/scholbach.de\/wp-content\/uploads\/2022\/09\/Folie3-e1662915688482.jpg 691w\" sizes=\"auto, (max-width: 290px) 100vw, 290px\" \/><\/a><\/p>\n<p><div id=\"attachment_7510\" style=\"width: 310px\" class=\"wp-caption aligncenter\"><a href=\"https:\/\/scholbach.de\/wp-content\/uploads\/2022\/09\/Images-bilateral-psoatic-vein-compression.jpg\"><img loading=\"lazy\" decoding=\"async\" aria-describedby=\"caption-attachment-7510\" class=\"wp-image-7510 size-medium\" src=\"https:\/\/scholbach.de\/wp-content\/uploads\/2022\/09\/Images-bilateral-psoatic-vein-compression-300x169.jpg\" alt=\"\" width=\"300\" height=\"169\" srcset=\"https:\/\/scholbach.de\/wp-content\/uploads\/2022\/09\/Images-bilateral-psoatic-vein-compression-300x169.jpg 300w, https:\/\/scholbach.de\/wp-content\/uploads\/2022\/09\/Images-bilateral-psoatic-vein-compression-1024x576.jpg 1024w, https:\/\/scholbach.de\/wp-content\/uploads\/2022\/09\/Images-bilateral-psoatic-vein-compression-768x432.jpg 768w, https:\/\/scholbach.de\/wp-content\/uploads\/2022\/09\/Images-bilateral-psoatic-vein-compression-640x360.jpg 640w, https:\/\/scholbach.de\/wp-content\/uploads\/2022\/09\/Images-bilateral-psoatic-vein-compression.jpg 1280w\" sizes=\"auto, (max-width: 300px) 100vw, 300px\" \/><\/a><p id=\"caption-attachment-7510\" class=\"wp-caption-text\">Similar pulsatile venous flow patterns are found in the left renal vein and the left common iliac vein at the May-Thurner-point<\/p><\/div><\/p>","protected":false},"excerpt":{"rendered":"<p>Chronische Penisschmerzen k\u00f6nnen mehrere Ursachen haben, wobei die h\u00e4ufigste eine Reizung des N. pudendus ist. Ich berichte hier zum ersten Mal \u00fcber den Befund einer beidseitigen Kompression der Vena iliaca interna zwischen dem Psoas-Muskel und der Arteria iliaca interna. Eine detaillierte Suche nach diesem Zustand in google scholar (https:\/\/scholar.google.de\/scholar?hl=de&amp;as_sdt=0%2C5&amp;q=%2B%22compression+von+der+inneren+Iliakalvene+%22&amp;btnG=) und pubmed (https:\/\/pubmed.ncbi.nlm.nih.gov\/?term=(compression%20of%20the%20internal%20iliac%20vein%5BTitle%2FAbstract%5D&amp;sort=) erbrachte keine Ergebnisse. [&hellip;]<\/p>\n","protected":false},"author":5,"featured_media":0,"parent":0,"menu_order":0,"comment_status":"closed","ping_status":"closed","template":"","meta":{"om_disable_all_campaigns":false,"footnotes":""},"class_list":["post-7503","page","type-page","status-publish","hentry"],"_links":{"self":[{"href":"https:\/\/scholbach.de\/de\/wp-json\/wp\/v2\/pages\/7503","targetHints":{"allow":["GET"]}}],"collection":[{"href":"https:\/\/scholbach.de\/de\/wp-json\/wp\/v2\/pages"}],"about":[{"href":"https:\/\/scholbach.de\/de\/wp-json\/wp\/v2\/types\/page"}],"author":[{"embeddable":true,"href":"https:\/\/scholbach.de\/de\/wp-json\/wp\/v2\/users\/5"}],"replies":[{"embeddable":true,"href":"https:\/\/scholbach.de\/de\/wp-json\/wp\/v2\/comments?post=7503"}],"version-history":[{"count":5,"href":"https:\/\/scholbach.de\/de\/wp-json\/wp\/v2\/pages\/7503\/revisions"}],"predecessor-version":[{"id":7520,"href":"https:\/\/scholbach.de\/de\/wp-json\/wp\/v2\/pages\/7503\/revisions\/7520"}],"wp:attachment":[{"href":"https:\/\/scholbach.de\/de\/wp-json\/wp\/v2\/media?parent=7503"}],"curies":[{"name":"wp","href":"https:\/\/api.w.org\/{rel}","templated":true}]}}