{"id":74,"date":"2015-12-26T18:33:09","date_gmt":"2015-12-26T18:33:09","guid":{"rendered":"http:\/\/wp12612379.server-he.de\/?page_id=74"},"modified":"2025-12-12T18:22:52","modified_gmt":"2025-12-12T17:22:52","slug":"deutsch-durchblutungsmessung","status":"publish","type":"page","link":"https:\/\/scholbach.de\/de\/wissenschaft\/deutsch-ultraschalldiagnostik\/deutsch-durchblutungsmessung","title":{"rendered":"Durchblutungsmessung : PixelFlux-Verfahren"},"content":{"rendered":"<p><\/p>\n<h1>Die Rolle der Durchblutung im menschlichen Organismus<\/h1>\n<p>Die Durchblutung ist eine wichtige Grundlage f\u00fcr die Lebensfunktionen des K\u00f6rpers. \u00dcber den Blutkreislauf werden Organe und Gewebe unter anderem mit Sauerstoff, Hormonen und Energie versorgt. Auch f\u00fcr die Immunreaktion des K\u00f6rpers spielt der Blutkreislauf eine wichtige Rolle, denn er transportiert Abwehrzellen beispielsweise an den Ort einer Entz\u00fcndung.<\/p>\n<p>Die Durchblutung eines Organs ist von vielen Faktoren abh\u00e4ngig. Im gesunden Zustand steigt die Durchblutung vor Allem dann, wenn das Organ mehr Energie ben\u00f6tigt. So steigt etwa die Durchblutung der Muskulatur an, wenn die Muskeln Arbeit verrichten, weil sie mit mehr Sauerstoff versorgt werden m\u00fcssen, ebenso schlagen sich beispielsweise intensive geistige T\u00e4tigkeiten in einer gesteigerten Durchblutung des Gehirns nieder.<\/p>\n<p>Aber auch krankhafte St\u00f6rungen der Lebensfunktionen gehen oft mit einer ver\u00e4nderten Durchblutung einher. Oft ist eine ver\u00e4nderte Durchblutung daher ein Indiz f\u00fcr bestimmte Fehlfunktionen des K\u00f6rpers: So weist eine gesteigerte Durchblutung oft auf eine Entz\u00fcndung hin: Der K\u00f6rper versucht, der Entz\u00fcndung zu begegnen, indem er Immunzellen an den Ort des entz\u00fcndlichen Geschehens transportiert, die die Ursache der Entz\u00fcndung (zum Beispiel Bakterien) bek\u00e4mpfen sollen. Eine verringerte Durchblutung hingegen tritt oft im Zuge chronischer Krankheiten auf. Chronische Entz\u00fcndungen der Niere etwa verursachen eine schleichende Ver\u00f6dung winzigster Nierengef\u00e4\u00dfe \u2013 was insgesamt zu einer schlechteren Durchblutung der Niere f\u00fchrt.<\/p>\n<h1>Das Pixelflux-Verfahren \u2013 Funktionsweise der Durchblutungsmessung<\/h1>\n<p>Wenn man die Durchblutung messen kann, kann man sehr pr\u00e4zise Aussagen \u00fcber den Zustand der Organe und den Verlauf vieler Krankheiten machen. Deswegen habe ich gemeinsam mit der Firma <em>Chameleon Software<\/em> ein Verfahren entwickelt, die Durchblutung auf der Grundlage von farbduplexsonografischen Ultraschallbildern zu messen. Die Software <a href=\"http:\/\/www.chameleon-software.de\/\" target=\"_blank\" rel=\"noopener noreferrer\">PixelFlux<\/a> wertet die Farbinformationen in Ultraschallvideos aus und errechnet daraus die durch das Gef\u00e4\u00df flie\u00dfende Blutmenge in einer bestimmten Zeit (Geschwindigkeit mal Fl\u00e4che = Volumen pro Zeit).<\/p>\n<h1>PixelFlux im Vergleich mit anderen diagnostischen Verfahren<\/h1>\n<p>Die r\u00e4umliche und zeitliche Aufl\u00f6sung von Ultraschallaufnahmen ist h\u00f6her als bei anderen bildgebenden Verfahren, wie Computertomografie (CT) oder Magnetresonanztomografie (MRT). Dadurch k\u00f6nnen unter Umst\u00e4nden mehr Details erkannt werden, was f\u00fcr die Diagnostik relevant sein kann. Allerdings sind dem Ultraschall dort Grenzen gesetzt, wo die Schallwellen auf Knochen oder Luft treffen.<\/p>\n<p>Die\u00a0PixelFlux-Untersuchung kann akute und chronische Entz\u00fcndungen messen, wo andere Methoden, die sich auf Blutuntersuchungen st\u00fctzen, oft noch keine Aussage erm\u00f6glichen oder wo unklar bleibt, wo der Herd der Erkrankung sitzt. <u>Nachgewiesen<\/u> ist dies, um nur eines von vielen Beispielen zu nennen, f\u00fcr chronische entz\u00fcndliche Darmerkrankungen wie <u>Morbus Crohn<\/u> und <u>Colitis\u00a0ulcerosa<\/u>.<\/p>\n<p>Die medizinischen Anwendungsbereiche der Durchblutungsmessung sind \u00e4u\u00dferst vielf\u00e4ltig. So l\u00e4sst sich die Durchblutung als sinnvolles Kriterium zur <u>Beurteilung von bestimmten Tumoren<\/u> nutzen. Auch der <u>Zustand von transplantierten Nieren<\/u> kann\u00a0 mithilfe der Durchblutungsmessung gut \u00fcberwacht werden \u2013 die Durchblutung der Niere \u00e4ndert sich bereits, bevor sich der schleichende Niedergang der Transplantatniere in Gewebsproben nachweisen l\u00e4sst. Wegen der zentralen Rolle der Durchblutung f\u00fcr den menschlichen Organismus sind sehr viele weitere Anwendungsgebiete vorstellbar.<\/p>\n<p>Ein weiterer Vorteil der Durchblutungsmessung mittels PixelFlux im Vergleich zu anderen diagnostischen Verfahren ist der gro\u00dfe Komfort der Untersuchung f\u00fcr die Patientinnen und Patienten. Die Ultraschalluntersuchung erfolgt ohne Bet\u00e4ubung oder gar Narkose, ohne Strahlenbelastung, ohne einen Eingriff, ohne eine Blutentnahme und auch ohne andere l\u00e4stige oder unangenehme Vorbereitungen.<\/p>\n<h1>Nutzen der Durchblutungsmessung mit PixelFlux<\/h1>\n<p>Mit der Durchblutungsmessung (Perfusionsmessung) mit PixelFlux lassen sich viele Krankheiten sehr pr\u00e4zise erkennen, beschreiben und im Verlauf beobachten. Damit l\u00e4sst sich die<em> Diagnose<\/em> bei jedem einzelnen Patienten und jeder einzelnen Patientin oft fr\u00fcher, sicherer und pr\u00e4ziser stellen, als dies sonst m\u00f6glich w\u00e4re. Damit wird die Leidenszeit verk\u00fcrzt, oft sind auch die Aussichten auf eine Heilung g\u00fcnstiger, wenn die Krankheit eher erkannt werden kann.<\/p>\n<p>Aber auch f\u00fcr die <em>Therapie<\/em> spielt die Durchblutungsmessung eine Rolle: Denn mit einer erfolgreichen Therapie normalisiert sich die Durchblutung. Auch dies kann so genau die mit keiner anderen verf\u00fcgbaren Methode sonst direkt im betroffenen Gewebe gemessen werden. So kann die Wirkung, aber auch die Nebenwirkung eines Medikamentes in bestimmten Situationen genau verfolgt werden. Jede Patientin und jeder Patient reagiert unterschiedlich auf eine Therapie. Mit dem\u00a0PixelFlux-Verfahren kann der Therapieeffekt individuell gemessen werden \u2013 anhand der gemessenen Durchblutungsver\u00e4nderung kann dann die Behandlung entsprechend gesteuert werden. Dies bedeutet unter anderem, dass die Medikamentendosis bei messbarem Erfolg reduziert werden kann,\u00a0um Nebenwirkungen durch unn\u00f6tig lange oder unn\u00f6tig hoch dosierte Medikamentengaben zu vermeiden.<\/p>\n<p>2021 12 14<\/p>\n<p>Neue Publikation unterstreicht den Nutzen von PixelFlux Messungen bei b\u00f6sartigen Erkrankungen der Bauchspeicheldr\u00fcse<\/p>\n<h3><a href=\"https:\/\/scholbach.de\/dynamic-doppler-ultrasound-assessment-of-tissue-perfusion-is-a-better-tool-than-a-single-vessel-doppler-examination-in-differentiating-malignant-and-in%ef%ac%82ammatory-pancreatic-lesions\">Dynamic Doppler Ultrasound Assessment of Tissue Perfusion Is a Better Tool than a Single Vessel Doppler Examination in Differentiating Malignant and In\ufb02ammatory Pancreatic Lesions<\/a><\/h3>\n<p>&nbsp;<\/p>\n<p>2023 03 22<\/p>\n<p>Die erste Arbeit, die PixelFlux und konventionelle Doppler-Durchflussmessungen der Pfortader vergleicht, zeigt vielversprechende Ergebnisse mit<\/p>\n<p><a href=\"https:\/\/scholbach.de\/wp-content\/uploads\/2023\/03\/portal-venous-flow-volume-changes-.jpg\"><img loading=\"lazy\" decoding=\"async\" class=\"aligncenter size-medium wp-image-7981\" src=\"https:\/\/scholbach.de\/wp-content\/uploads\/2023\/03\/portal-venous-flow-volume-changes--272x300.jpg\" alt=\"\" width=\"272\" height=\"300\" srcset=\"https:\/\/scholbach.de\/wp-content\/uploads\/2023\/03\/portal-venous-flow-volume-changes--272x300.jpg 272w, https:\/\/scholbach.de\/wp-content\/uploads\/2023\/03\/portal-venous-flow-volume-changes-.jpg 488w\" sizes=\"auto, (max-width: 272px) 100vw, 272px\" \/><\/a><\/p>\n<p style=\"text-align: center;\">offensichtlich h\u00f6herer Empfindlichkeit von PixelFlux (links) f\u00fcr postprandiale Volumenstrom\u00e4nderungen<\/p>\n<a href=\"https:\/\/scholbach.de\/wp-content\/uploads\/2023\/03\/Quantification-of-Portal-Vein-Vascularization-Using-an-Automated-PostProcessing-Video-Analysis-Tool.pdf\" class=\"pdfemb-viewer\" style=\"\" data-width=\"max\" data-height=\"max\" data-mobile-width=\"500\"  data-scrollbar=\"none\" data-download=\"on\" data-tracking=\"on\" data-newwindow=\"on\" data-pagetextbox=\"off\" data-scrolltotop=\"off\" data-startzoom=\"100\" data-startfpzoom=\"100\" data-toolbar=\"both\" data-toolbar-fixed=\"off\">Quantification of Portal Vein Vascularization Using an Automated PostProcessing Video Analysis Tool<br\/><\/a>\n<h2><span style=\"color: #ff0000;\"><a style=\"color: #ff0000;\" href=\"https:\/\/scholar.google.de\/scholar?as_ylo=2021&amp;q=pixelflux+blood&amp;hl=de&amp;as_sdt=0,5\">Liste wissenschaftlicher Arbeiten mit der PixelFlux-Methode<\/a><\/span><\/h2>\n<p>&nbsp;<\/p>\n<p>Bitte beachten Sie unsere <a href=\"https:\/\/scholbach.de\/hinweise-zu-medizinischen-erlaeuterungen\">Hinweise zu den medizinischen Erl\u00e4uterungen<\/a> auf dieser Website.<\/p>","protected":false},"excerpt":{"rendered":"<p>Die Rolle der Durchblutung im menschlichen Organismus Die Durchblutung ist eine wichtige Grundlage f\u00fcr die Lebensfunktionen des K\u00f6rpers. \u00dcber den Blutkreislauf werden Organe und Gewebe unter anderem mit Sauerstoff, Hormonen und Energie versorgt. Auch f\u00fcr die Immunreaktion des K\u00f6rpers spielt der Blutkreislauf eine wichtige Rolle, denn er transportiert Abwehrzellen beispielsweise an den Ort einer Entz\u00fcndung. [&hellip;]<\/p>\n","protected":false},"author":4,"featured_media":0,"parent":93,"menu_order":3,"comment_status":"closed","ping_status":"closed","template":"","meta":{"om_disable_all_campaigns":false,"footnotes":""},"class_list":["post-74","page","type-page","status-publish","hentry"],"_links":{"self":[{"href":"https:\/\/scholbach.de\/de\/wp-json\/wp\/v2\/pages\/74","targetHints":{"allow":["GET"]}}],"collection":[{"href":"https:\/\/scholbach.de\/de\/wp-json\/wp\/v2\/pages"}],"about":[{"href":"https:\/\/scholbach.de\/de\/wp-json\/wp\/v2\/types\/page"}],"author":[{"embeddable":true,"href":"https:\/\/scholbach.de\/de\/wp-json\/wp\/v2\/users\/4"}],"replies":[{"embeddable":true,"href":"https:\/\/scholbach.de\/de\/wp-json\/wp\/v2\/comments?post=74"}],"version-history":[{"count":39,"href":"https:\/\/scholbach.de\/de\/wp-json\/wp\/v2\/pages\/74\/revisions"}],"predecessor-version":[{"id":9908,"href":"https:\/\/scholbach.de\/de\/wp-json\/wp\/v2\/pages\/74\/revisions\/9908"}],"up":[{"embeddable":true,"href":"https:\/\/scholbach.de\/de\/wp-json\/wp\/v2\/pages\/93"}],"wp:attachment":[{"href":"https:\/\/scholbach.de\/de\/wp-json\/wp\/v2\/media?parent=74"}],"curies":[{"name":"wp","href":"https:\/\/api.w.org\/{rel}","templated":true}]}}