{"id":7380,"date":"2022-05-05T05:30:59","date_gmt":"2022-05-05T05:30:59","guid":{"rendered":"https:\/\/scholbach.de\/?page_id=7380"},"modified":"2022-05-23T19:15:20","modified_gmt":"2022-05-23T19:15:20","slug":"project-international-scholarship-for-quantitative-functional-color-doppler-ultrasound-training","status":"publish","type":"page","link":"https:\/\/scholbach.de\/de\/project-international-scholarship-for-quantitative-functional-color-doppler-ultrasound-training","title":{"rendered":"Projekt &#8222;Internationales Stipendium f\u00fcr die Ausbildung im quantitativen funktionellen Farbdoppler-Ultraschall&#8220;"},"content":{"rendered":"<p>Meine t\u00e4gliche Arbeit mit Patienten aus der ganzen Welt macht deutlich, dass ein dringender Bedarf an Schulungen im quantitativen funktionellen Farbdoppler-Ultraschall besteht.<\/p>\n<p>Die Ultraschalldiagnostik hat gro\u00dfe Fortschritte gemacht gemacht, vor allem im Bereich der Perfusionsmessung.<\/p>\n<p>Wir bieten dies allen Patienten rund um den Globus an. Aber noch viel mehr Patienten ben\u00f6tigen eine detailliertere, funktionelle sonographische Untersuchung, um sie in ihren Heimatl\u00e4ndern untersuchen zu k\u00f6nnen, insbesondere in den Entwicklungsl\u00e4ndern.<\/p>\n<p>Dies ist der erste Schritt, um eine solide Grundlage f\u00fcr die weitere Entwicklung von Behandlungsmodalit\u00e4ten zu schaffen.<\/p>\n<p>Wir suchen daher Unterst\u00fctzung f\u00fcr die Einrichtung einer Schulungseinrichtung, in der \u00c4rzte und nicht\u00e4rztliche Ultraschalldiagnostiker aus der ganzen Welt in den Techniken der quantitativen Perfusionsmessung einschlie\u00dflich der preisgekr\u00f6nten PixelFlux-Technik unterrichtet werden.<\/p>\n<p>Unser Aufruf geht an medizinische Fachgesellschaften, Sponsoren, Philanthropen und Patientenorganisationen, die Aktivit\u00e4ten zu b\u00fcndeln mit dem Ziel, eine wesentliche Verbesserung f\u00fcr alle Patienten zu erreichen, die unter unertr\u00e4glichen Schmerzen und Funktionseinschr\u00e4nkungen aufgrund von bisher nicht diagnostizierten vaskul\u00e4ren Kompressionssyndromen leiden.<\/p>\n<p>&nbsp;<\/p>\n<p>Wenn Sie dieses Projekt unterst\u00fctzen k\u00f6nnen und wollen &#8211; sagen Sie es weiter und<a href=\"mailto:praxis.scholbach@posteo.de\"> lassen Sie es mich wissen<\/a>.<\/p>","protected":false},"excerpt":{"rendered":"<p>Meine t\u00e4gliche Arbeit mit Patienten aus der ganzen Welt macht deutlich, dass ein dringender Bedarf an Schulungen im quantitativen funktionellen Farbdoppler-Ultraschall besteht. Die Ultraschalldiagnostik hat gro\u00dfe Fortschritte gemacht gemacht, vor allem im Bereich der Perfusionsmessung. Wir bieten dies allen Patienten rund um den Globus an. Aber noch viel mehr Patienten ben\u00f6tigen eine detailliertere, funktionelle sonographische [&hellip;]<\/p>\n","protected":false},"author":5,"featured_media":0,"parent":0,"menu_order":0,"comment_status":"closed","ping_status":"closed","template":"","meta":{"om_disable_all_campaigns":false,"footnotes":""},"class_list":["post-7380","page","type-page","status-publish","hentry"],"_links":{"self":[{"href":"https:\/\/scholbach.de\/de\/wp-json\/wp\/v2\/pages\/7380","targetHints":{"allow":["GET"]}}],"collection":[{"href":"https:\/\/scholbach.de\/de\/wp-json\/wp\/v2\/pages"}],"about":[{"href":"https:\/\/scholbach.de\/de\/wp-json\/wp\/v2\/types\/page"}],"author":[{"embeddable":true,"href":"https:\/\/scholbach.de\/de\/wp-json\/wp\/v2\/users\/5"}],"replies":[{"embeddable":true,"href":"https:\/\/scholbach.de\/de\/wp-json\/wp\/v2\/comments?post=7380"}],"version-history":[{"count":10,"href":"https:\/\/scholbach.de\/de\/wp-json\/wp\/v2\/pages\/7380\/revisions"}],"predecessor-version":[{"id":7444,"href":"https:\/\/scholbach.de\/de\/wp-json\/wp\/v2\/pages\/7380\/revisions\/7444"}],"wp:attachment":[{"href":"https:\/\/scholbach.de\/de\/wp-json\/wp\/v2\/media?parent=7380"}],"curies":[{"name":"wp","href":"https:\/\/api.w.org\/{rel}","templated":true}]}}