{"id":72,"date":"2015-12-26T18:32:46","date_gmt":"2015-12-26T18:32:46","guid":{"rendered":"http:\/\/wp12612379.server-he.de\/?page_id=72"},"modified":"2020-04-05T14:13:51","modified_gmt":"2020-04-05T14:13:51","slug":"deutsch-hamangiome","status":"publish","type":"page","link":"https:\/\/scholbach.de\/de\/wissenschaft\/deutsch-ultraschalldiagnostik\/deutsch-hamangiome","title":{"rendered":"H\u00e4mangiome"},"content":{"rendered":"<p>H\u00e4mangiome (\u201eBlutschw\u00e4mmchen\u201c) sind zumeist vor\u00fcbergehende, gutartige gef\u00e4\u00dfreiche Tumoren von S\u00e4uglingen und Kleinkindern. Sie sind die h\u00e4ufigsten Geschw\u00fclste im Kindesalter und entwickeln sich bei bis zu 3% aller Neugeborenen, oft im Kopf- und Halsbereich.<\/p>\n<p>Mit Hilfe der Farbduplexsonografie kann die Diagnose einfach gestellt werden und die Durchblutungsaktivit\u00e4t mit der PixelFlux-Technik gemessen werden.<\/p>\n<p><img decoding=\"async\" class=\"alignnone size-full wp-image-327\" src=\"http:\/\/wp12612379.server-he.de\/wp-content\/uploads\/2016\/06\/H\u00e4mangiome-ERscheinung-Farbdoppler.jpg\" alt=\"H\u00e4mangiome Erscheinung Farbdoppler\" width=\"100%\" height=\"auto\" srcset=\"https:\/\/scholbach.de\/wp-content\/uploads\/2016\/06\/H\u00e4mangiome-ERscheinung-Farbdoppler.jpg 831w, https:\/\/scholbach.de\/wp-content\/uploads\/2016\/06\/H\u00e4mangiome-ERscheinung-Farbdoppler-300x214.jpg 300w\" sizes=\"(max-width: 831px) 100vw, 831px\" \/><\/p>\n<div style=\"width: 640px;\" class=\"wp-video\"><!--[if lt IE 9]><script>document.createElement('video');<\/script><![endif]-->\n<video class=\"wp-video-shortcode\" id=\"video-72-1\" width=\"640\" height=\"360\" preload=\"metadata\" controls=\"controls\"><source type=\"video\/mp4\" src=\"http:\/\/wp12612379.server-he.de\/wp-content\/uploads\/2015\/12\/Haemangiome.mp4?_=1\" \/><a href=\"http:\/\/wp12612379.server-he.de\/wp-content\/uploads\/2015\/12\/Haemangiome.mp4\">http:\/\/wp12612379.server-he.de\/wp-content\/uploads\/2015\/12\/Haemangiome.mp4<\/a><\/video><\/div>\n<p>Die meisten H\u00e4mangiome bilden sich bis zum Schuleintritt spontan zur\u00fcck und bed\u00fcrfen keiner Behandlung. Sollte das H\u00e4mangiom jedoch sehr schnell wachsen, Auge, Ohr, Genitale oder die Atemwege beeintr\u00e4chtigen, kann eine Therapie erforderlich werden.<br \/>\nW\u00e4hrend fr\u00fcher die Behandlung eingreifender war (Corticoide, Laser, Operation), muss heute nur noch sehr selten auf diese Methoden zur\u00fcckgegriffen werden. In den letzten Jahren setzt sich die Behandlung mit Beta-Blockern immer mehr durch. Hier treten Nebenwirkungen sehr selten auf, die Behandlung wirkt oft schon innerhalb von Tagen und kann anhand der PixelFlux-Messungen individuell gesteuert werden. Auf diese Weise kann die Standardtherapie von 6 Monaten Dauer oft abgek\u00fcrzt werden.<\/p>\n<p>&nbsp;<\/p>\n<p>Bitte beachten Sie unsere <a href=\"https:\/\/scholbach.de\/hinweise-zu-medizinischen-erlaeuterungen\">Hinweise zu den medizinischen Erl\u00e4uterungen<\/a> auf dieser Website.<\/p>","protected":false},"excerpt":{"rendered":"<p>H\u00e4mangiome (\u201eBlutschw\u00e4mmchen\u201c) sind zumeist vor\u00fcbergehende, gutartige gef\u00e4\u00dfreiche Tumoren von S\u00e4uglingen und Kleinkindern. Sie sind die h\u00e4ufigsten Geschw\u00fclste im Kindesalter und entwickeln sich bei bis zu 3% aller Neugeborenen, oft im Kopf- und Halsbereich. Mit Hilfe der Farbduplexsonografie kann die Diagnose einfach gestellt werden und die Durchblutungsaktivit\u00e4t mit der PixelFlux-Technik gemessen werden. Die meisten H\u00e4mangiome bilden [&hellip;]<\/p>\n","protected":false},"author":4,"featured_media":0,"parent":93,"menu_order":7,"comment_status":"closed","ping_status":"closed","template":"","meta":{"om_disable_all_campaigns":false,"footnotes":""},"class_list":["post-72","page","type-page","status-publish","hentry"],"_links":{"self":[{"href":"https:\/\/scholbach.de\/de\/wp-json\/wp\/v2\/pages\/72","targetHints":{"allow":["GET"]}}],"collection":[{"href":"https:\/\/scholbach.de\/de\/wp-json\/wp\/v2\/pages"}],"about":[{"href":"https:\/\/scholbach.de\/de\/wp-json\/wp\/v2\/types\/page"}],"author":[{"embeddable":true,"href":"https:\/\/scholbach.de\/de\/wp-json\/wp\/v2\/users\/4"}],"replies":[{"embeddable":true,"href":"https:\/\/scholbach.de\/de\/wp-json\/wp\/v2\/comments?post=72"}],"version-history":[{"count":21,"href":"https:\/\/scholbach.de\/de\/wp-json\/wp\/v2\/pages\/72\/revisions"}],"predecessor-version":[{"id":4428,"href":"https:\/\/scholbach.de\/de\/wp-json\/wp\/v2\/pages\/72\/revisions\/4428"}],"up":[{"embeddable":true,"href":"https:\/\/scholbach.de\/de\/wp-json\/wp\/v2\/pages\/93"}],"wp:attachment":[{"href":"https:\/\/scholbach.de\/de\/wp-json\/wp\/v2\/media?parent=72"}],"curies":[{"name":"wp","href":"https:\/\/api.w.org\/{rel}","templated":true}]}}