{"id":70,"date":"2015-12-26T18:32:18","date_gmt":"2015-12-26T18:32:18","guid":{"rendered":"http:\/\/wp12612379.server-he.de\/?page_id=70"},"modified":"2020-04-05T14:16:06","modified_gmt":"2020-04-05T14:16:06","slug":"deutsch-durchblutungsmessung-des-fotus","status":"publish","type":"page","link":"https:\/\/scholbach.de\/de\/wissenschaft\/deutsch-ultraschalldiagnostik\/deutsch-durchblutungsmessung\/deutsch-durchblutungsmessung-des-fotus","title":{"rendered":"Durchblutungsmessung des F\u00f6tus"},"content":{"rendered":"<p>Die Blutversorgung des F\u00f6tus ist wichtig f\u00fcr die gesunde Entwicklung des ungeborenen Kindes. Eine dreidimensionale Blutflussmessung w\u00e4hrend des Ultraschalls einer schwangeren Frau kann genau messen, wie viel sauerstoffreiches Blut von der Plazenta zum F\u00f6tus flie\u00dft. Die Mangelversorgung eines Kindes kann z.B. entdeckt werden, bevor das Wachstum des Kindes beeintr\u00e4chtigt wird.<br \/>\nDie Grundlage f\u00fcr die neue 3D-Perfusionsmessung des F\u00f6tus ist ein 3D-Farbdoppler-Ultraschall der Nabelvene, wobei die PixelFlux-Technologie erstmals eine zuverl\u00e4ssige Messung der Blutmenge erm\u00f6glicht, die ein Kind von seiner Mutter erh\u00e4lt.<\/p>\n<p>Das Verfahren war so genau, dass zum ersten Mal in der Welt die Pulsationen der Nabelvenen in der Geb\u00e4rmutter erkannt und gemessen werden konnten (<a href=\"https:\/\/scholbach.de\/wp-content\/uploads\/2016\/10\/Presentation-at-the-European-Ultrasound-Congress-2015.pdf\">vorgestellt auf dem Kongress der Europ\u00e4ischen Ultraschallgesellschaft 2015<\/a>). Wir glauben, dass wir einen neuen Steuerungsmechanismus zur Feinabstimmung des Blutflusses zum F\u00f6tus hin entdeckt haben. F\u00fcr diese Entdeckung haben wir (Thomas Scholbach (P\u00e4diatrische Praxis Leipzig\/ Chameleon-Software), Claudia Heien (Uni Stavanger) und Torbjorn Eggebo (Uni Trondheim)) <a href=\"http:\/\/www.degum.de\/nc\/aktuelles\/degum-ultraschall\/im-detail\/news\/mitglied-der-sektion-paediatrie-auf-dem-euroson-kongress-ausgezeichnet.html\">den 1. Europ\u00e4ischer Ultraschallpreis<\/a> (1. E-Poster-Preis) 2015 in Athen erhalten.<\/p>\n<p>&nbsp;<\/p>","protected":false},"excerpt":{"rendered":"<p>Die Blutversorgung des F\u00f6tus ist wichtig f\u00fcr die gesunde Entwicklung des ungeborenen Kindes. Eine dreidimensionale Blutflussmessung w\u00e4hrend des Ultraschalls einer schwangeren Frau kann genau messen, wie viel sauerstoffreiches Blut von der Plazenta zum F\u00f6tus flie\u00dft. Die Mangelversorgung eines Kindes kann z.B. entdeckt werden, bevor das Wachstum des Kindes beeintr\u00e4chtigt wird. Die Grundlage f\u00fcr die neue [&hellip;]<\/p>\n","protected":false},"author":4,"featured_media":0,"parent":74,"menu_order":2,"comment_status":"closed","ping_status":"closed","template":"","meta":{"om_disable_all_campaigns":false,"footnotes":""},"class_list":["post-70","page","type-page","status-publish","hentry"],"_links":{"self":[{"href":"https:\/\/scholbach.de\/de\/wp-json\/wp\/v2\/pages\/70","targetHints":{"allow":["GET"]}}],"collection":[{"href":"https:\/\/scholbach.de\/de\/wp-json\/wp\/v2\/pages"}],"about":[{"href":"https:\/\/scholbach.de\/de\/wp-json\/wp\/v2\/types\/page"}],"author":[{"embeddable":true,"href":"https:\/\/scholbach.de\/de\/wp-json\/wp\/v2\/users\/4"}],"replies":[{"embeddable":true,"href":"https:\/\/scholbach.de\/de\/wp-json\/wp\/v2\/comments?post=70"}],"version-history":[{"count":23,"href":"https:\/\/scholbach.de\/de\/wp-json\/wp\/v2\/pages\/70\/revisions"}],"predecessor-version":[{"id":4432,"href":"https:\/\/scholbach.de\/de\/wp-json\/wp\/v2\/pages\/70\/revisions\/4432"}],"up":[{"embeddable":true,"href":"https:\/\/scholbach.de\/de\/wp-json\/wp\/v2\/pages\/74"}],"wp:attachment":[{"href":"https:\/\/scholbach.de\/de\/wp-json\/wp\/v2\/media?parent=70"}],"curies":[{"name":"wp","href":"https:\/\/api.w.org\/{rel}","templated":true}]}}