{"id":68,"date":"2015-12-26T18:31:32","date_gmt":"2015-12-26T18:31:32","guid":{"rendered":"http:\/\/wp12612379.server-he.de\/?page_id=68"},"modified":"2020-04-05T14:13:37","modified_gmt":"2020-04-05T14:13:37","slug":"deutsch-gefasfehlbildungen","status":"publish","type":"page","link":"https:\/\/scholbach.de\/de\/wissenschaft\/deutsch-ultraschalldiagnostik\/deutsch-gefasfehlbildungen","title":{"rendered":"Gef\u00e4\u00dffehlbildungen"},"content":{"rendered":"<p>Gef\u00e4\u00dffehlbildungen sind St\u00f6rungen des Aufbaus von Blut- oder Lymphgef\u00e4\u00dfen. Dabei k\u00f6nnen Arterien, Venen, Kapillaren oder Lymphgef\u00e4\u00dfe einzeln oder gleichzeitig in einem Organ oder einer K\u00f6rperregion betroffen sein.<\/p>\n<h1>Nierenarterienstenose<\/h1>\n<p>Zum Beispiel kann eine Arterie angeborenerma\u00dfen verengt sein und damit die Durchblutung des versorgten Organs beeintr\u00e4chtigt werden. Man spricht dann von Gef\u00e4\u00dfstenosen. Liegt z.B. eine\u00a0Stenose der Nierenarterie\u00a0vor, kann dies zu erh\u00f6htem Blutdruck f\u00fchren. Da die Stenose reduziert werden kann, indem Gef\u00e4\u00dfes erweitert wird, besteht bei der sonografischen Diagnose einer solchen Nierenarterienstenose die M\u00f6glichkeit, den hohen Blutdruck mit einem Eingriff zu senken, sodass oft keine Medikamente zur Blutdrucksenkung mehr eingenommen werden m\u00fcssen.<\/p>\n<p>Bei einer Nierenarterienstenose kommt es zu einer Minderdurchblutung der betroffenen Niere. Diese reagiert mit einer gesteigerten Bildung des Hormons Renin. Renin steigert den Blutdruck, um trotz der Gef\u00e4\u00dfverengung der betroffenen Niere noch ausreichend Blut zuzuf\u00fchren, damit diese ihre Entgiftungsfunktion erf\u00fcllen kann. Diese Blutdrucksteigerung ist f\u00fcr alle anderen Organe sch\u00e4dlich und f\u00fchrt zu Arteriosklerose, Herzmuskelbelastung und erh\u00f6hter Gefahr eines Schlaganfalles.<\/p>\n<p>Im folgenden Ultraschallbild ist eine Stenose der Nierenarterie dargestellt:<\/p>\n<p><img decoding=\"async\" class=\" size-full wp-image-256 aligncenter\" src=\"http:\/\/wp12612379.server-he.de\/wp-content\/uploads\/2015\/12\/Nierenarterienstenose.jpg\" alt=\"Nierenarterienstenose\" width=\"100%\" height=\"auto\" srcset=\"https:\/\/scholbach.de\/wp-content\/uploads\/2015\/12\/Nierenarterienstenose.jpg 483w, https:\/\/scholbach.de\/wp-content\/uploads\/2015\/12\/Nierenarterienstenose-300x232.jpg 300w\" sizes=\"(max-width: 483px) 100vw, 483px\" \/><\/p>\n<p>Mit der PixelFlux-Technik kann einfach und genau beurteilt werden, wieviel Blut noch in der Niere ankommt. Damit erg\u00e4nzt sie rein morphologische Verfahren wie die Kontrastmitteldarstellung der Nierenarterie in der Angiografie, der Computertomografie (CT) oder der Magnetresonanztomografie (MRT). Nach der Erweiterung der Nierenarterie (Ballondilatation oder Stent) kann der Effekt der Behandlung genau gemessen werden. So kann auch ohne Strahlenbelastung die andauernde Erholung der Niere beobachtet werden:<\/p>\n<h1>AV-Malformation<\/h1>\n<p>Kurzschlu\u00dfverbindungen zwischen Arterien und Venen, sogenannte AV-Malformationen, k\u00f6nnen ebenfalls zu Durchblutungsst\u00f6rungen f\u00fchren oder ein gesteigertes Wachstum des versorgten Organs herbeif\u00fchren. Hier k\u00f6nnen die Beschwerden mit einem Verschluss dieser Fehlbildung beseitigt werden.<\/p>\n<p>Die folgende Grafik zeigt, wie die Durchblutung der Halsgef\u00e4\u00dfe bei einem Patienten mit Tinnitus (Ohrger\u00e4uschen), auf beiden Seiten ganz unterschiedlich ist. W\u00e4hrend die Flussgeschwindigkeit rechts mit 48 cm\/s als normal einzustufen ist, ist sie links mit 310 cm\/s deutlich erh\u00f6ht:<\/p>\n<p><img decoding=\"async\" class=\"alignnone size-large wp-image-322\" src=\"http:\/\/wp12612379.server-he.de\/wp-content\/uploads\/2016\/06\/AV-Fistel-Hals-1024x545.jpg\" alt=\"AV Fistel Hals\" width=\"100%\" height=\"auto\" srcset=\"https:\/\/scholbach.de\/wp-content\/uploads\/2016\/06\/AV-Fistel-Hals-1024x545.jpg 1024w, https:\/\/scholbach.de\/wp-content\/uploads\/2016\/06\/AV-Fistel-Hals-300x160.jpg 300w, https:\/\/scholbach.de\/wp-content\/uploads\/2016\/06\/AV-Fistel-Hals.jpg 1871w\" sizes=\"(max-width: 1024px) 100vw, 1024px\" \/><\/p>\n<p>Die Ursache der Ohrger\u00e4usche war in diesem Fall eine AV-Fistel der Halsgef\u00e4\u00dfe. Nach Verschluss der AV-Fistel verschwand der Tinnitus und das Durchblutungsmuster normalisierte sich vollst\u00e4ndig<\/p>\n<p>&nbsp;<\/p>\n<p>Bitte beachten Sie unsere <a href=\"https:\/\/scholbach.de\/hinweise-zu-medizinischen-erlaeuterungen\">Hinweise zu den medizinischen Erl\u00e4uterungen<\/a> auf dieser Website.<\/p>","protected":false},"excerpt":{"rendered":"<p>Gef\u00e4\u00dffehlbildungen sind St\u00f6rungen des Aufbaus von Blut- oder Lymphgef\u00e4\u00dfen. Dabei k\u00f6nnen Arterien, Venen, Kapillaren oder Lymphgef\u00e4\u00dfe einzeln oder gleichzeitig in einem Organ oder einer K\u00f6rperregion betroffen sein. Nierenarterienstenose Zum Beispiel kann eine Arterie angeborenerma\u00dfen verengt sein und damit die Durchblutung des versorgten Organs beeintr\u00e4chtigt werden. Man spricht dann von Gef\u00e4\u00dfstenosen. Liegt z.B. eine\u00a0Stenose der Nierenarterie\u00a0vor, [&hellip;]<\/p>\n","protected":false},"author":4,"featured_media":0,"parent":93,"menu_order":5,"comment_status":"closed","ping_status":"closed","template":"","meta":{"om_disable_all_campaigns":false,"footnotes":""},"class_list":["post-68","page","type-page","status-publish","hentry"],"_links":{"self":[{"href":"https:\/\/scholbach.de\/de\/wp-json\/wp\/v2\/pages\/68","targetHints":{"allow":["GET"]}}],"collection":[{"href":"https:\/\/scholbach.de\/de\/wp-json\/wp\/v2\/pages"}],"about":[{"href":"https:\/\/scholbach.de\/de\/wp-json\/wp\/v2\/types\/page"}],"author":[{"embeddable":true,"href":"https:\/\/scholbach.de\/de\/wp-json\/wp\/v2\/users\/4"}],"replies":[{"embeddable":true,"href":"https:\/\/scholbach.de\/de\/wp-json\/wp\/v2\/comments?post=68"}],"version-history":[{"count":22,"href":"https:\/\/scholbach.de\/de\/wp-json\/wp\/v2\/pages\/68\/revisions"}],"predecessor-version":[{"id":4427,"href":"https:\/\/scholbach.de\/de\/wp-json\/wp\/v2\/pages\/68\/revisions\/4427"}],"up":[{"embeddable":true,"href":"https:\/\/scholbach.de\/de\/wp-json\/wp\/v2\/pages\/93"}],"wp:attachment":[{"href":"https:\/\/scholbach.de\/de\/wp-json\/wp\/v2\/media?parent=68"}],"curies":[{"name":"wp","href":"https:\/\/api.w.org\/{rel}","templated":true}]}}