{"id":6727,"date":"2021-10-22T16:42:21","date_gmt":"2021-10-22T16:42:21","guid":{"rendered":"https:\/\/scholbach.de\/?page_id=6727"},"modified":"2021-10-25T13:21:59","modified_gmt":"2021-10-25T13:21:59","slug":"one-stent-reducing-1-compression-creating-3-new-compressions","status":"publish","type":"page","link":"https:\/\/scholbach.de\/de\/one-stent-reducing-1-compression-creating-3-new-compressions","title":{"rendered":"Wie ein Stent 1 Kompression beseitigt und 3 neue schafft"},"content":{"rendered":"<p>Eine 24-j\u00e4hrige Frau erhielt einen Stent in ihre linke Nierenvene, um ihre sehr schmerzhafte Beckenstauung zu lindern.<\/p>\n<div id=\"attachment_6729\" style=\"width: 310px\" class=\"wp-caption aligncenter\"><a href=\"https:\/\/scholbach.de\/wp-content\/uploads\/2021\/10\/Folie1.jpg\"><img loading=\"lazy\" decoding=\"async\" aria-describedby=\"caption-attachment-6729\" class=\"wp-image-6729 size-medium\" src=\"https:\/\/scholbach.de\/wp-content\/uploads\/2021\/10\/Folie1-300x169.jpg\" alt=\"\" width=\"300\" height=\"169\" srcset=\"https:\/\/scholbach.de\/wp-content\/uploads\/2021\/10\/Folie1-300x169.jpg 300w, https:\/\/scholbach.de\/wp-content\/uploads\/2021\/10\/Folie1-1024x576.jpg 1024w, https:\/\/scholbach.de\/wp-content\/uploads\/2021\/10\/Folie1-768x432.jpg 768w, https:\/\/scholbach.de\/wp-content\/uploads\/2021\/10\/Folie1-600x338.jpg 600w, https:\/\/scholbach.de\/wp-content\/uploads\/2021\/10\/Folie1.jpg 1280w\" sizes=\"auto, (max-width: 300px) 100vw, 300px\" \/><\/a><p id=\"caption-attachment-6729\" class=\"wp-caption-text\">Kompression der linken Nierenvene vor dem Stenting<\/p><\/div>\n<p>Sie litt unter zunehmenden Schmerzen im Beckenbereich, konnte weder stehen noch l\u00e4nger als 5 Minuten gehen.<\/p>\n<p>Der Grund daf\u00fcr ist: keine Verbesserung der Transportkapazit\u00e4t der linken Nierenvene trotz eines Stents, der die Kompression der linken Nierenvene entlastete.<\/p>\n<p>Aber derselbe Stent erzeugte 3 neue Dehnungskompressionen.<\/p>\n<p>&nbsp;<\/p>\n<div id=\"attachment_6730\" style=\"width: 310px\" class=\"wp-caption aligncenter\"><a href=\"https:\/\/scholbach.de\/wp-content\/uploads\/2021\/10\/Folie2.jpg\"><img loading=\"lazy\" decoding=\"async\" aria-describedby=\"caption-attachment-6730\" class=\"wp-image-6730 size-medium\" src=\"https:\/\/scholbach.de\/wp-content\/uploads\/2021\/10\/Folie2-300x169.jpg\" alt=\"\" width=\"300\" height=\"169\" srcset=\"https:\/\/scholbach.de\/wp-content\/uploads\/2021\/10\/Folie2-300x169.jpg 300w, https:\/\/scholbach.de\/wp-content\/uploads\/2021\/10\/Folie2-1024x576.jpg 1024w, https:\/\/scholbach.de\/wp-content\/uploads\/2021\/10\/Folie2-768x432.jpg 768w, https:\/\/scholbach.de\/wp-content\/uploads\/2021\/10\/Folie2-600x338.jpg 600w, https:\/\/scholbach.de\/wp-content\/uploads\/2021\/10\/Folie2.jpg 1280w\" sizes=\"auto, (max-width: 300px) 100vw, 300px\" \/><\/a><p id=\"caption-attachment-6730\" class=\"wp-caption-text\">3 neue Kompressionen nach Behandlung einer prim\u00e4ren Kompression<\/p><\/div>\n<ol>\n<li>Die Vena cava wurde durch den Stent, der elastisch ist, nach ventral gedehnt, wodurch die Vena cava nach ventral gezogen wird. Dadurch entsteht ein Vorhangeffekt vor der rechten Stent\u00f6ffnung, wodurch der Stent an seinem Ausgang blockiert wird. In der Folge wurde keine ausreichende Stentfunktion erreicht. Dies kann durch die PixelFlux-Messung der Perfusion beider Nieren gezeigt werden<\/li>\n<\/ol>\n<p>&nbsp;<\/p>\n<div id=\"attachment_6733\" style=\"width: 310px\" class=\"wp-caption aligncenter\"><a href=\"https:\/\/scholbach.de\/wp-content\/uploads\/2021\/10\/Folie3.jpg\"><img loading=\"lazy\" decoding=\"async\" aria-describedby=\"caption-attachment-6733\" class=\"wp-image-6733 size-medium\" src=\"https:\/\/scholbach.de\/wp-content\/uploads\/2021\/10\/Folie3-300x169.jpg\" alt=\"\" width=\"300\" height=\"169\" srcset=\"https:\/\/scholbach.de\/wp-content\/uploads\/2021\/10\/Folie3-300x169.jpg 300w, https:\/\/scholbach.de\/wp-content\/uploads\/2021\/10\/Folie3-1024x576.jpg 1024w, https:\/\/scholbach.de\/wp-content\/uploads\/2021\/10\/Folie3-768x432.jpg 768w, https:\/\/scholbach.de\/wp-content\/uploads\/2021\/10\/Folie3-600x338.jpg 600w, https:\/\/scholbach.de\/wp-content\/uploads\/2021\/10\/Folie3.jpg 1280w\" sizes=\"auto, (max-width: 300px) 100vw, 300px\" \/><\/a><p id=\"caption-attachment-6733\" class=\"wp-caption-text\">Der Stent wirkt wie eine elastische Feder, die die Vena cava nach ventral zieht. Dadurch wird die Vene gedehnt und der Abfluss aus dem Stent verengt, was f\u00fcr das Versagen des Stents verantwortlich ist, obwohl dieser offen ist.<\/p><\/div>\n<div id=\"attachment_6731\" style=\"width: 310px\" class=\"wp-caption aligncenter\"><a href=\"https:\/\/scholbach.de\/wp-content\/uploads\/2021\/10\/VCI-stretched-diagr-4.jpg\"><img loading=\"lazy\" decoding=\"async\" aria-describedby=\"caption-attachment-6731\" class=\"wp-image-6731 size-medium\" src=\"https:\/\/scholbach.de\/wp-content\/uploads\/2021\/10\/VCI-stretched-diagr-4-300x169.jpg\" alt=\"\" width=\"300\" height=\"169\" srcset=\"https:\/\/scholbach.de\/wp-content\/uploads\/2021\/10\/VCI-stretched-diagr-4-300x169.jpg 300w, https:\/\/scholbach.de\/wp-content\/uploads\/2021\/10\/VCI-stretched-diagr-4-1024x576.jpg 1024w, https:\/\/scholbach.de\/wp-content\/uploads\/2021\/10\/VCI-stretched-diagr-4-768x432.jpg 768w, https:\/\/scholbach.de\/wp-content\/uploads\/2021\/10\/VCI-stretched-diagr-4-600x338.jpg 600w, https:\/\/scholbach.de\/wp-content\/uploads\/2021\/10\/VCI-stretched-diagr-4.jpg 1280w\" sizes=\"auto, (max-width: 300px) 100vw, 300px\" \/><\/a><p id=\"caption-attachment-6731\" class=\"wp-caption-text\">Die PixelFlux-Messungen zeigen deutlich, dass der Stent trotz \u00d6ffnung der prim\u00e4ren linken Nierenvenenkompression nicht richtig funktioniert. Der Blutfluss in der linken Niere betr\u00e4gt nur 23 % des rechten Blutflusses, was zu einer schweren Nierenbeckenstauung f\u00fchrt.<\/p><\/div>\n<p>2.Die rechte Nierenvene wird ebenfalls gedehnt und dadurch gestreckt und so komprimiert, was zu einer Abflussbehinderung der rechten Niere f\u00fchrt.<\/p>\n<div id=\"attachment_6732\" style=\"width: 310px\" class=\"wp-caption aligncenter\"><a href=\"https:\/\/scholbach.de\/wp-content\/uploads\/2021\/10\/Folie2-1.jpg\"><img loading=\"lazy\" decoding=\"async\" aria-describedby=\"caption-attachment-6732\" class=\"wp-image-6732 size-medium\" src=\"https:\/\/scholbach.de\/wp-content\/uploads\/2021\/10\/Folie2-1-300x169.jpg\" alt=\"\" width=\"300\" height=\"169\" srcset=\"https:\/\/scholbach.de\/wp-content\/uploads\/2021\/10\/Folie2-1-300x169.jpg 300w, https:\/\/scholbach.de\/wp-content\/uploads\/2021\/10\/Folie2-1-1024x576.jpg 1024w, https:\/\/scholbach.de\/wp-content\/uploads\/2021\/10\/Folie2-1-768x432.jpg 768w, https:\/\/scholbach.de\/wp-content\/uploads\/2021\/10\/Folie2-1-600x338.jpg 600w, https:\/\/scholbach.de\/wp-content\/uploads\/2021\/10\/Folie2-1.jpg 1280w\" sizes=\"auto, (max-width: 300px) 100vw, 300px\" \/><\/a><p id=\"caption-attachment-6732\" class=\"wp-caption-text\">\u00dcbersicht \u00fcber die nachteiligeWirkung des linken Nierenvenenstents<\/p><\/div>\n<p>3. Die Milzvene wird nun durch die ventrale Anhebung der Arteria mesenterica superior durch den Nierenvenenstent unter Druck gesetzt und eingeengt.<\/p>\n<p>&nbsp;<\/p>","protected":false},"excerpt":{"rendered":"<p>Eine 24-j\u00e4hrige Frau erhielt einen Stent in ihre linke Nierenvene, um ihre sehr schmerzhafte Beckenstauung zu lindern. Sie litt unter zunehmenden Schmerzen im Beckenbereich, konnte weder stehen noch l\u00e4nger als 5 Minuten gehen. Der Grund daf\u00fcr ist: keine Verbesserung der Transportkapazit\u00e4t der linken Nierenvene trotz eines Stents, der die Kompression der linken Nierenvene entlastete. Aber [&hellip;]<\/p>\n","protected":false},"author":5,"featured_media":0,"parent":0,"menu_order":0,"comment_status":"closed","ping_status":"closed","template":"","meta":{"om_disable_all_campaigns":false,"footnotes":""},"class_list":["post-6727","page","type-page","status-publish","hentry"],"_links":{"self":[{"href":"https:\/\/scholbach.de\/de\/wp-json\/wp\/v2\/pages\/6727","targetHints":{"allow":["GET"]}}],"collection":[{"href":"https:\/\/scholbach.de\/de\/wp-json\/wp\/v2\/pages"}],"about":[{"href":"https:\/\/scholbach.de\/de\/wp-json\/wp\/v2\/types\/page"}],"author":[{"embeddable":true,"href":"https:\/\/scholbach.de\/de\/wp-json\/wp\/v2\/users\/5"}],"replies":[{"embeddable":true,"href":"https:\/\/scholbach.de\/de\/wp-json\/wp\/v2\/comments?post=6727"}],"version-history":[{"count":12,"href":"https:\/\/scholbach.de\/de\/wp-json\/wp\/v2\/pages\/6727\/revisions"}],"predecessor-version":[{"id":6750,"href":"https:\/\/scholbach.de\/de\/wp-json\/wp\/v2\/pages\/6727\/revisions\/6750"}],"wp:attachment":[{"href":"https:\/\/scholbach.de\/de\/wp-json\/wp\/v2\/media?parent=6727"}],"curies":[{"name":"wp","href":"https:\/\/api.w.org\/{rel}","templated":true}]}}