{"id":66,"date":"2015-12-26T18:31:13","date_gmt":"2015-12-26T18:31:13","guid":{"rendered":"http:\/\/wp12612379.server-he.de\/?page_id=66"},"modified":"2022-01-26T12:29:01","modified_gmt":"2022-01-26T12:29:01","slug":"deutsch-gefaskompressionen","status":"publish","type":"page","link":"https:\/\/scholbach.de\/de\/wissenschaft\/deutsch-ultraschalldiagnostik\/deutsch-gefaskompressionen","title":{"rendered":"Gef\u00e4\u00dfkompressionssyndrome"},"content":{"rendered":"<p>Gef\u00e4\u00dfkompressionssyndrome sind einerseits oft selbst \u00c4rzten wenig bekannt, andererseits die Ursache zahlreicher, scheinbar nicht zusammengeh\u00f6riger Symptome in verschiedenen K\u00f6rperregionen. Nach der Standarddiagnostik wird daher oft eine psychische Ursache der somatischen Beschwerden unterstellt oder vermutet.<\/p>\n<p>Sollte dann noch nicht an die Gef\u00e4\u00dfkompressionssyndrome gedacht worden sein, kann das f\u00fcr den Patienten in Verzweiflung, Verlust der Selbstachtung und in manchen F\u00e4llen in lebensbedrohliche Auszehrung f\u00fchren.<\/p>\n<p>Betroffene finden hier eine <a href=\"https:\/\/scholbach.de\/checkliste-gefaesskompressionssyndrome\">Checkliste der Symptome von Gef\u00e4\u00dfkompressionssyndromen<\/a><\/p>\n<p>Nat\u00fcrlich sollte zun\u00e4chst eine konventionelle Diagnostik der Beschwerden durchgef\u00fchrt werden. Finden sich hier keine Erkl\u00e4rungen f\u00fcr die Beschwerden, sollten bei H\u00e4ufung der in der Checkliste aufgef\u00fchrten Symptome, Gef\u00e4\u00dfkompressionssyndrome gesucht werden.<\/p>\n<p>Hier ist die funktionelle Farbduplexsonografie mit PixelFlux-Technik allen anderen Verfahren \u00fcberlegen.<\/p>\n<p>Ihre Vorteile sind:<\/p>\n<p style=\"padding-left: 30px;\">vollst\u00e4ndiges Eingehen auf die spezifischen Belange des Patienten<\/p>\n<p style=\"padding-left: 30px;\">Untersuchungen genau unter den Umst\u00e4nden, in denen die Beschwerden auftreten<\/p>\n<p style=\"padding-left: 60px;\">in verschiedenen K\u00f6rperlagen und -haltungen<\/p>\n<p style=\"padding-left: 60px;\">in verschiedenen Atemphasen<\/p>\n<p style=\"padding-left: 60px;\">vor, w\u00e4hrend und nach dem Essen und Trinken<\/p>\n<p style=\"padding-left: 60px;\">nach ausl\u00f6senden Belastungen: l\u00e4ngeres Stehen, Laufen, Sitzen<\/p>\n<p style=\"padding-left: 30px;\">h\u00f6chste r\u00e4umliche Aufl\u00f6sung aller bildgebenen Verfahren<\/p>\n<p style=\"padding-left: 60px;\">damit differenzierteste Detaildarstellung<\/p>\n<p style=\"padding-left: 30px;\">h\u00f6chste zeitliche Aufl\u00f6sung aller bildgebenen Verfahren<\/p>\n<p style=\"padding-left: 60px;\">damit differenzierteste Darstellung\u00a0 von K\u00f6rperfunktionen wie Blutstr\u00f6mung, Darmbewegung, Herzbewegung, Nahrungstransport<\/p>\n<p style=\"padding-left: 30px;\">Messung der Blutflussmenge<\/p>\n<p style=\"padding-left: 30px;\">Sofortige Darstellung von Anomalien der Durchblutung mit High-End Ger\u00e4ten<\/p>\n<p style=\"padding-left: 30px;\">Befragung des Patienten w\u00e4hrend der Untersuchung zu den beobachteten Auff\u00e4lligkeiten &#8211; damit eindeutige Zuordnung der Befunde zu den Beschwerden<\/p>\n<p style=\"padding-left: 30px;\">Simultane k\u00f6rperliche Untersuchung des Patienten<\/p>\n<p style=\"padding-left: 30px;\">Anpassung des Untersuchungsablaufes an die aktuelle Situation mit Wiederholung bestimmter Untersuchungsabschnitte<\/p>\n<p style=\"padding-left: 30px;\">Abkl\u00e4rung aller Symptome in einem Untersuchungsgang<\/p>\n<p style=\"padding-left: 30px;\">Messung der Wechselwirkungen verschiedener Kompressionssyndrome<\/p>\n<p style=\"padding-left: 30px;\">Reproduzierbare Messungen dank standardisierter PixelFlux-Technik (ausgezeichnet mit dem Europ\u00e4ischen Ultraschallpreis)<\/p>\n<p style=\"padding-left: 30px;\">Genaue Aussagen zum Effekt medikament\u00f6ser und chirurgischer Therapien dank PixelFlux-Technik<\/p>\n<p style=\"padding-left: 30px;\">Eindeutige Befundung<\/p>\n<p style=\"padding-left: 30px;\">Klare Behandlungsempfehlungen<\/p>\n<p style=\"padding-left: 30px;\">nach nur einer Untersuchung (Dauer 1-2 Stunden)<\/p>\n<p>Eine wichtige Einschr\u00e4nkung ist die Behinderung der Untersuchung durch Luft in Darm und Lunge.<\/p>\n<p>Ein Beispiel ma\u00dfgeschneiderter Diagnostik und Therapie mithilfe der Durchblutungsmessung stellen die vielf\u00e4ltigen Symptome bei Gef\u00e4\u00dfkompressionen im Bauchraum (<a href=\"http:\/\/wp12612379.server-he.de\/wp-content\/uploads\/2015\/12\/20140731-Gef\u00e4\u00dfkompressionsph\u00e4nomene.pdf\">Download einer illustrierten \u00dcbersicht f\u00fcr Patienten<\/a>) dar.<\/p>\n<p>Oft haben Bauchschmerzen eine einfach zu kl\u00e4rende Ursache, besonders dann, wenn sie pl\u00f6tzlich auftreten oder klar erkennbare Zusammenh\u00e4nge zu anderen Symptomen (z.B. Durchfall, Erbrechen, Fieber) zeigen. Halten Bauchschmerzen jedoch l\u00e4ngere Zeit, \u00fcber Wochen oder Monate, an, sind oft umfangreiche Untersuchungen erforderlich, um ihre Ursache zu kl\u00e4ren. Manchmal bleibt selbst dann die Herkunft der Schmerzen r\u00e4tselhaft, sodass auch psychische Ursachen und Lebensbedingungen als Haupt- oder Mitausl\u00f6ser in Betracht gezogen werden.<\/p>\n<p>Wenig bekannt ist jedoch, dass manche Patienten an den Folgen einer Kompression von Gef\u00e4\u00dfen oder durch Gef\u00e4\u00dfe im Bauchraum leiden, den sog. Gef\u00e4\u00dfkompressionssyndromen. Dabei werden Blutgef\u00e4\u00dfe zwischen anderen Gef\u00e4\u00dfen oder Organen eingeklemmt. Der normale Blutfluss wird damit gehemmt, was im Einzelfall zu den unterschiedlichsten Beschwerdebildern f\u00fchren kann. Da diese Krankheitsbilder neben Schmerzen auch zahlreiche andere, scheinbar nicht zusammengeh\u00f6rende Symptome wie \u00dcbelkeit, Schwindel, Atembehinderungen (v.a. der Einatmung), Appetitlosigkeit und schnelles S\u00e4ttigungsgef\u00fchl, Schwarzwerden vor Augen; Kreislaufst\u00f6rungen und einzelne Durchfallsepisoden ausl\u00f6sen k\u00f6nnen, vergehen nicht selten Jahre, bis die Diagnose gestellt wird.<\/p>\n<p>Anl\u00e4\u00dflich des <i>the European Ultrasound <\/i><i>Congress <\/i><i>EUROSON<\/i> <i>Ljubljana, 22 <\/i><i>nd<\/i> <i>\u00a0\u2013 24 <\/i><i>th<\/i><i>\u00a0 September <\/i><i>2017<\/i>, stelle ich das auf der folgenden Seite erl\u00e4uterte<a href=\"https:\/\/scholbach.de\/lordogenetisches-mittellinensyndrom\"> neue Konzept einer ganzheitlichen Betrachtung der zahlreichen abdominellen Gef\u00e4\u00dfkompressionssyndrome<\/a> vor.<\/p>\n<p>Bitte beachten Sie unsere <a href=\"https:\/\/scholbach.de\/hinweise-zu-medizinischen-erlaeuterungen\">Hinweise zu den medizinischen Erl\u00e4uterungen<\/a> auf dieser Website.<\/p>","protected":false},"excerpt":{"rendered":"<p>Gef\u00e4\u00dfkompressionssyndrome sind einerseits oft selbst \u00c4rzten wenig bekannt, andererseits die Ursache zahlreicher, scheinbar nicht zusammengeh\u00f6riger Symptome in verschiedenen K\u00f6rperregionen. Nach der Standarddiagnostik wird daher oft eine psychische Ursache der somatischen Beschwerden unterstellt oder vermutet. Sollte dann noch nicht an die Gef\u00e4\u00dfkompressionssyndrome gedacht worden sein, kann das f\u00fcr den Patienten in Verzweiflung, Verlust der Selbstachtung und [&hellip;]<\/p>\n","protected":false},"author":4,"featured_media":0,"parent":93,"menu_order":4,"comment_status":"closed","ping_status":"closed","template":"","meta":{"om_disable_all_campaigns":false,"footnotes":""},"class_list":["post-66","page","type-page","status-publish","hentry"],"_links":{"self":[{"href":"https:\/\/scholbach.de\/de\/wp-json\/wp\/v2\/pages\/66","targetHints":{"allow":["GET"]}}],"collection":[{"href":"https:\/\/scholbach.de\/de\/wp-json\/wp\/v2\/pages"}],"about":[{"href":"https:\/\/scholbach.de\/de\/wp-json\/wp\/v2\/types\/page"}],"author":[{"embeddable":true,"href":"https:\/\/scholbach.de\/de\/wp-json\/wp\/v2\/users\/4"}],"replies":[{"embeddable":true,"href":"https:\/\/scholbach.de\/de\/wp-json\/wp\/v2\/comments?post=66"}],"version-history":[{"count":55,"href":"https:\/\/scholbach.de\/de\/wp-json\/wp\/v2\/pages\/66\/revisions"}],"predecessor-version":[{"id":7116,"href":"https:\/\/scholbach.de\/de\/wp-json\/wp\/v2\/pages\/66\/revisions\/7116"}],"up":[{"embeddable":true,"href":"https:\/\/scholbach.de\/de\/wp-json\/wp\/v2\/pages\/93"}],"wp:attachment":[{"href":"https:\/\/scholbach.de\/de\/wp-json\/wp\/v2\/media?parent=66"}],"curies":[{"name":"wp","href":"https:\/\/api.w.org\/{rel}","templated":true}]}}