{"id":6537,"date":"2021-09-11T10:20:53","date_gmt":"2021-09-11T10:20:53","guid":{"rendered":"https:\/\/scholbach.de\/?page_id=6537"},"modified":"2021-09-11T10:24:39","modified_gmt":"2021-09-11T10:24:39","slug":"bending-of-a-straight-vein-compels-its-narrowing","status":"publish","type":"page","link":"https:\/\/scholbach.de\/de\/bending-of-a-straight-vein-compels-its-narrowing","title":{"rendered":"Die Anhebung einer Vene erzwingt deren Kompression"},"content":{"rendered":"<p>Das obere Gef\u00e4\u00df ist aufgrund seiner embryonalen Entwicklung gekr\u00fcmmt, die eine Anpassung der Au\u00dfen- und Innenwand an die Kr\u00fcmmung unter Beibehaltung eines konstanten Gef\u00e4\u00dfdurchmessers erm\u00f6glichte; das untere Gef\u00e4\u00df entwickelte sich in der Embryonalzeit als gerades Gef\u00e4\u00df, wurde aber durch postembryonale mechanische Einfl\u00fcsse gekr\u00fcmmt, z. B. durch Anhebung der Vene durch die zunehmende Lendenlordose. Klinische Beispiele sind die lordogenetische Kompression der linken Nierenvene (&#8222;Nussknacker-Syndrom&#8220;) oder die May-Thurner-Konstellation.<\/p>\n<p>Das obere Bild zeigt, dass bei einem gekr\u00fcmmt verlaufenden Schlauch die Au\u00dfenwand (blauer Pfeil) l\u00e4nger sein muss als die Innenwand (gr\u00fcner Pfeil), um einen konstanten Durchmesser des Schlauches am Scheitelpunkt der Kr\u00fcmmung zu gew\u00e4hrleisten.<\/p>\n<p>Das Bild unten zeigt, was passiert, wenn das Gef\u00e4\u00df gekr\u00fcmmt verl\u00e4uft und wir annehmen, dass die \u00e4u\u00dfere und die innere Kr\u00fcmmung die gleiche L\u00e4nge haben, wie durch die gleiche L\u00e4nge der roten und blauen d\u00fcnnen Linien gezeigt wird. Dies f\u00fchrt unweigerlich zu einer Verringerung des Durchmessers des Gef\u00e4\u00dfes am Wendepunkt, einfach aufgrund der Biegung.<br \/>\nDie rote Linie hat die gleiche L\u00e4nge wie die blaue Linie, um zu zeigen, dass bei der Ver\u00e4nderung der Form eines geraden Gef\u00e4\u00dfes hin zu einem gekr\u00fcmmten Gef\u00e4\u00df der Durchmesser des Gef\u00e4\u00dfes abnehmen muss, weil die Biegung leichter zu einem Kollaps der Vene f\u00fchrt als zu deren asymmetrischer Wandverl\u00e4ngerung in der \u00e4u\u00dferen Kurvatur.<\/p>\n<p><div style=\"width: 990px;\" class=\"wp-video\"><!--[if lt IE 9]><script>document.createElement('video');<\/script><![endif]-->\n<video class=\"wp-video-shortcode\" id=\"video-6537-1\" width=\"990\" height=\"738\" preload=\"metadata\" controls=\"controls\"><source type=\"video\/webm\" src=\"https:\/\/scholbach.de\/wp-content\/uploads\/2021\/09\/Bending-and-curvature-20210911-121158.webm?_=1\" \/><a href=\"https:\/\/scholbach.de\/wp-content\/uploads\/2021\/09\/Bending-and-curvature-20210911-121158.webm\">https:\/\/scholbach.de\/wp-content\/uploads\/2021\/09\/Bending-and-curvature-20210911-121158.webm<\/a><\/video><\/div><\/p>","protected":false},"excerpt":{"rendered":"<p>Das obere Gef\u00e4\u00df ist aufgrund seiner embryonalen Entwicklung gekr\u00fcmmt, die eine Anpassung der Au\u00dfen- und Innenwand an die Kr\u00fcmmung unter Beibehaltung eines konstanten Gef\u00e4\u00dfdurchmessers erm\u00f6glichte; das untere Gef\u00e4\u00df entwickelte sich in der Embryonalzeit als gerades Gef\u00e4\u00df, wurde aber durch postembryonale mechanische Einfl\u00fcsse gekr\u00fcmmt, z. B. durch Anhebung der Vene durch die zunehmende Lendenlordose. Klinische Beispiele [&hellip;]<\/p>\n","protected":false},"author":5,"featured_media":0,"parent":0,"menu_order":0,"comment_status":"closed","ping_status":"closed","template":"","meta":{"om_disable_all_campaigns":false,"footnotes":""},"class_list":["post-6537","page","type-page","status-publish","hentry"],"_links":{"self":[{"href":"https:\/\/scholbach.de\/de\/wp-json\/wp\/v2\/pages\/6537","targetHints":{"allow":["GET"]}}],"collection":[{"href":"https:\/\/scholbach.de\/de\/wp-json\/wp\/v2\/pages"}],"about":[{"href":"https:\/\/scholbach.de\/de\/wp-json\/wp\/v2\/types\/page"}],"author":[{"embeddable":true,"href":"https:\/\/scholbach.de\/de\/wp-json\/wp\/v2\/users\/5"}],"replies":[{"embeddable":true,"href":"https:\/\/scholbach.de\/de\/wp-json\/wp\/v2\/comments?post=6537"}],"version-history":[{"count":2,"href":"https:\/\/scholbach.de\/de\/wp-json\/wp\/v2\/pages\/6537\/revisions"}],"predecessor-version":[{"id":6541,"href":"https:\/\/scholbach.de\/de\/wp-json\/wp\/v2\/pages\/6537\/revisions\/6541"}],"wp:attachment":[{"href":"https:\/\/scholbach.de\/de\/wp-json\/wp\/v2\/media?parent=6537"}],"curies":[{"name":"wp","href":"https:\/\/api.w.org\/{rel}","templated":true}]}}