{"id":650,"date":"2016-10-02T20:06:30","date_gmt":"2016-10-02T20:06:30","guid":{"rendered":"http:\/\/scholbach.de\/?page_id=650"},"modified":"2019-11-26T20:26:12","modified_gmt":"2019-11-26T20:26:12","slug":"english-wo-und-wie-ultraschall-roentgenuntersuchungen-ersetzen-kann","status":"publish","type":"page","link":"https:\/\/scholbach.de\/de\/wissenschaft\/deutsch-ultraschalldiagnostik\/english-wo-und-wie-ultraschall-roentgenuntersuchungen-ersetzen-kann","title":{"rendered":"Ultraschall statt R\u00f6ntgen"},"content":{"rendered":"<p>Ultraschalluntersuchungen ersetzen und erg\u00e4nzen strahlende Bildgebungsvefahren, selbst in Bereichen, die als Dom\u00e4ne der R\u00f6ntgendiagnostik gelten.<\/p>\n<p>Ein Beispiel ist der <strong>Lungen-Ultraschall<\/strong>.<\/p>\n<p>Oft kann, besonders bei Kindern, auf ein R\u00f6ntgenbild der Lunge verzichtet werden wenn es um folgende Fragen geht:<\/p>\n<ol>\n<li>Lungenentz\u00fcndung (Pneumonie)<\/li>\n<li>Atemnot: Asthma oder Lungen\u00f6dem?<\/li>\n<li>Herzschw\u00e4che (Linksherzschw\u00e4che)<\/li>\n<\/ol>\n<p>Unangefochten ist der Ultraschall bei der Diagnose folgender Lungenerkrankungen:<\/p>\n<ol>\n<li>Pleuritis (Rippenfellentz\u00fcndung)<\/li>\n<li>Pneumothorax (Lungenriss mit akuten Schmerzen und Luftnot)<\/li>\n<li>Pleuraerguss (Rippenfellwasser)<\/li>\n<\/ol>\n<p><strong>Entz\u00fcndungen der Gelenke<\/strong> sind schmerzfrei und schnell ambulant erkennbar. Selbst der Grad der Entz\u00fcndung kann exakt gemessen werden.<\/p>\n<p>Auch zahlreiche <strong>Knochenerkrankungen<\/strong> lassen sich einfach und sicher\u00a0 mit Ultraschall diagnostizieren.<\/p>\n<p><strong>Hautver\u00e4nderungen<\/strong> (Schwellungen, R\u00f6tungen, Schmerzen und v.a. Knoten unter der Haut lassen sich mit Ultraschall besser als mit anderen Verfahren abbilden.<\/p>\n<p>Bei <strong>Muskelschmerzen, Schw\u00e4che und Bewegungseinschr\u00e4nkungen<\/strong> ist Ultraschall erste Wahl, um Entz\u00fcndungen, Muskelrisse, Sehnenscheidenentz\u00fcndungen, Sch\u00e4den nach Kr\u00e4mpfen und genetische sowie neurogene Muskelerkrankungen abzukl\u00e4ren.<\/p>\n<p>Unangefochten, selbst vom MRT, ist die Detailgenauigkeit bei der <strong>Darstellung peripherer Nerven.<\/strong><\/p>\n<p>Bei <strong>Hodenschwellung und Hodenschmerzen<\/strong> ist die Ultraschalldiagnostik unverzichtbar weil un\u00fcbertroffen in der Genauigkeit der Darstellung. Die Fragestellungen sind hier: Hodentumore, Hodenentz\u00fcndungen, Nebenhodenentz\u00fcndung, Torsion des Hodens oder der Hodenanh\u00e4nge, Leistenbr\u00fcche, \u00d6dem, Wasserbruch, Hodenstauung (Varicocele).<\/p>\n<p>Bitte beachten Sie unsere <a href=\"https:\/\/scholbach.de\/hinweise-zu-medizinischen-erlaeuterungen\">Hinweise zu den medizinischen Erl\u00e4uterungen<\/a> auf dieser Website.<\/p>","protected":false},"excerpt":{"rendered":"<p>Ultraschalluntersuchungen ersetzen und erg\u00e4nzen strahlende Bildgebungsvefahren, selbst in Bereichen, die als Dom\u00e4ne der R\u00f6ntgendiagnostik gelten. Ein Beispiel ist der Lungen-Ultraschall. Oft kann, besonders bei Kindern, auf ein R\u00f6ntgenbild der Lunge verzichtet werden wenn es um folgende Fragen geht: Lungenentz\u00fcndung (Pneumonie) Atemnot: Asthma oder Lungen\u00f6dem? Herzschw\u00e4che (Linksherzschw\u00e4che) Unangefochten ist der Ultraschall bei der Diagnose folgender Lungenerkrankungen: [&hellip;]<\/p>\n","protected":false},"author":5,"featured_media":0,"parent":93,"menu_order":1,"comment_status":"closed","ping_status":"closed","template":"","meta":{"om_disable_all_campaigns":false,"footnotes":""},"class_list":["post-650","page","type-page","status-publish","hentry"],"_links":{"self":[{"href":"https:\/\/scholbach.de\/de\/wp-json\/wp\/v2\/pages\/650","targetHints":{"allow":["GET"]}}],"collection":[{"href":"https:\/\/scholbach.de\/de\/wp-json\/wp\/v2\/pages"}],"about":[{"href":"https:\/\/scholbach.de\/de\/wp-json\/wp\/v2\/types\/page"}],"author":[{"embeddable":true,"href":"https:\/\/scholbach.de\/de\/wp-json\/wp\/v2\/users\/5"}],"replies":[{"embeddable":true,"href":"https:\/\/scholbach.de\/de\/wp-json\/wp\/v2\/comments?post=650"}],"version-history":[{"count":17,"href":"https:\/\/scholbach.de\/de\/wp-json\/wp\/v2\/pages\/650\/revisions"}],"predecessor-version":[{"id":3672,"href":"https:\/\/scholbach.de\/de\/wp-json\/wp\/v2\/pages\/650\/revisions\/3672"}],"up":[{"embeddable":true,"href":"https:\/\/scholbach.de\/de\/wp-json\/wp\/v2\/pages\/93"}],"wp:attachment":[{"href":"https:\/\/scholbach.de\/de\/wp-json\/wp\/v2\/media?parent=650"}],"curies":[{"name":"wp","href":"https:\/\/api.w.org\/{rel}","templated":true}]}}