{"id":6195,"date":"2020-12-16T22:28:59","date_gmt":"2020-12-16T22:28:59","guid":{"rendered":"https:\/\/scholbach.de\/?page_id=6195"},"modified":"2021-07-18T19:53:33","modified_gmt":"2021-07-18T19:53:33","slug":"connective-tissue-disorders-predispose-to-multiple-compressions","status":"publish","type":"page","link":"https:\/\/scholbach.de\/de\/connective-tissue-disorders-predispose-to-multiple-compressions","title":{"rendered":"Bindegewebserkrankungen beg\u00fcnstigen kombinierte Kompressionssyndrome"},"content":{"rendered":"<p>Im eigenen Krankengut (Sandmann\/Scholbach) von 2005 bis 3.12.2020 beobachteten wir sehr h\u00e4ufig das Auftreten kombinierter Gef\u00e4\u00dfkompressionssyndrome. Unter den Patienten befand sich ein \u00fcberdurchschnittlich hoher Anteil von solchen mit klinischen Hinweisen auf Bindegewebserkrankungen. Eine Liste der charakteristischen Symptome von genetischen Bindegewebserkrankungen finden sie hier:<a href=\"https:\/\/de.wikipedia.org\/wiki\/Ehlers-Danlos-Syndrom\"> Ehlers-Danlos-Syndrom<\/a>, <a href=\"https:\/\/de.wikipedia.org\/wiki\/Marfan-Syndrom\">Marfan-Syndrom<\/a><\/p>\n<p><a href=\"https:\/\/scholbach.de\/wp-content\/uploads\/2020\/12\/multiple-GKS.jpg\"><img loading=\"lazy\" decoding=\"async\" class=\"size-medium wp-image-6208 aligncenter\" src=\"https:\/\/scholbach.de\/wp-content\/uploads\/2020\/12\/multiple-GKS-300x169.jpg\" alt=\"\" width=\"300\" height=\"169\" srcset=\"https:\/\/scholbach.de\/wp-content\/uploads\/2020\/12\/multiple-GKS-300x169.jpg 300w, https:\/\/scholbach.de\/wp-content\/uploads\/2020\/12\/multiple-GKS-1024x576.jpg 1024w, https:\/\/scholbach.de\/wp-content\/uploads\/2020\/12\/multiple-GKS-768x432.jpg 768w, https:\/\/scholbach.de\/wp-content\/uploads\/2020\/12\/multiple-GKS.jpg 1280w\" sizes=\"auto, (max-width: 300px) 100vw, 300px\" \/><\/a><\/p>\n<p>Legende:<\/p>\n<p><a href=\"https:\/\/scholbach.de\/wissenschaft\/deutsch-ultraschalldiagnostik\/deutsch-gefaskompressionen\/truncus-coeliacus-kompression\">MALS<\/a> &#8211; Ligamentum arcuatum Syndrom\/Plexus coeliacus &#8211; Kompressionssyndrom\/Dunbar Syndrom<\/p>\n<p><a href=\"https:\/\/scholbach.de\/wissenschaft\/deutsch-ultraschalldiagnostik\/deutsch-gefaskompressionen\/arteria-mesenterica-superior-syndrom\">SMAS<\/a> &#8211; Wilkie-Syndrom \/Arteria mesenterica superior Syndrom<\/p>\n<p><a href=\"https:\/\/scholbach.de\/wissenschaft\/deutsch-ultraschalldiagnostik\/deutsch-gefaskompressionen\/nussknacker\">NCS<\/a>-lordogenetische Nierenvenenkompression\/Nu\u00dfknackersyndrom<\/p>\n<p><a href=\"https:\/\/scholbach.de\/wissenschaft\/deutsch-ultraschalldiagnostik\/deutsch-gefaskompressionen\/may-thurner-konstellation\">MTS<\/a>-May Thurner Syndrom<\/p>","protected":false},"excerpt":{"rendered":"<p>Im eigenen Krankengut (Sandmann\/Scholbach) von 2005 bis 3.12.2020 beobachteten wir sehr h\u00e4ufig das Auftreten kombinierter Gef\u00e4\u00dfkompressionssyndrome. Unter den Patienten befand sich ein \u00fcberdurchschnittlich hoher Anteil von solchen mit klinischen Hinweisen auf Bindegewebserkrankungen. Eine Liste der charakteristischen Symptome von genetischen Bindegewebserkrankungen finden sie hier: Ehlers-Danlos-Syndrom, Marfan-Syndrom Legende: MALS &#8211; Ligamentum arcuatum Syndrom\/Plexus coeliacus &#8211; Kompressionssyndrom\/Dunbar Syndrom [&hellip;]<\/p>\n","protected":false},"author":5,"featured_media":0,"parent":0,"menu_order":0,"comment_status":"closed","ping_status":"closed","template":"","meta":{"om_disable_all_campaigns":false,"footnotes":""},"class_list":["post-6195","page","type-page","status-publish","hentry"],"_links":{"self":[{"href":"https:\/\/scholbach.de\/de\/wp-json\/wp\/v2\/pages\/6195","targetHints":{"allow":["GET"]}}],"collection":[{"href":"https:\/\/scholbach.de\/de\/wp-json\/wp\/v2\/pages"}],"about":[{"href":"https:\/\/scholbach.de\/de\/wp-json\/wp\/v2\/types\/page"}],"author":[{"embeddable":true,"href":"https:\/\/scholbach.de\/de\/wp-json\/wp\/v2\/users\/5"}],"replies":[{"embeddable":true,"href":"https:\/\/scholbach.de\/de\/wp-json\/wp\/v2\/comments?post=6195"}],"version-history":[{"count":5,"href":"https:\/\/scholbach.de\/de\/wp-json\/wp\/v2\/pages\/6195\/revisions"}],"predecessor-version":[{"id":6466,"href":"https:\/\/scholbach.de\/de\/wp-json\/wp\/v2\/pages\/6195\/revisions\/6466"}],"wp:attachment":[{"href":"https:\/\/scholbach.de\/de\/wp-json\/wp\/v2\/media?parent=6195"}],"curies":[{"name":"wp","href":"https:\/\/api.w.org\/{rel}","templated":true}]}}