{"id":6031,"date":"2020-11-04T17:41:11","date_gmt":"2020-11-04T17:41:11","guid":{"rendered":"https:\/\/scholbach.de\/?page_id=6031"},"modified":"2020-11-04T18:12:36","modified_gmt":"2020-11-04T18:12:36","slug":"patients-travelling-from-abroad","status":"publish","type":"page","link":"https:\/\/scholbach.de\/de\/patients-travelling-from-abroad","title":{"rendered":"Patienten, die aus dem Ausland anreisen"},"content":{"rendered":"<p>F\u00fcr Patienten, die aus dem Ausland zu meiner Praxis anreisen, k\u00f6nnen besondere Einschr\u00e4nkungen in Bezug auf die aktuelle Coronavirus-Situation gelten.<\/p>\n<p>Die Aktualisierung der aktuellen Regelungen finden Sie <a href=\"https:\/\/www.coronavirus.sachsen.de\/informationen-fuer-einreisende-nach-sachsen-7298.html#a-7634\">hier<\/a>.<\/p>\n<p>Zur Zeit (4. November 2020, 18 Uhr) werden Reisende zur medizinischen Behandlung aus dem Ausland in einigen Hotels in Leipzig bei ihrer Ankunft\u00a0 akzeptiert. Sie m\u00fcssen einen negativen und aktuellen Coronavirus-Test vorlegen, der unmittelbar vor ihrer Abreise aus dem Heimatland durchgef\u00fchrt wurde, und nach ihrer Ankunft einen zus\u00e4tzlichen Test bestehen. Dieser Test kann in unserer Praxis durchgef\u00fchrt werden. Als Alternative <a href=\"https:\/\/www.google.com\/url?sa=t&amp;rct=j&amp;q=&amp;esrc=s&amp;source=web&amp;cd=&amp;ved=2ahUKEwjE3dn9tensAhVMLBoKHV1UBTsQFjABegQIBxAC&amp;url=https%3A%2F%2Fwww.coronavirus.sachsen.de%2Fdownload%2FSMS-Einreisehinweise-Corona-2020-08-14.pdf&amp;usg=AOvVaw397DrVq2I4stZdPFThE0iu\">k\u00f6nnen sie sich am Flughafen kostenlos testen lassen<\/a> und anschlie\u00dfend 72 Stunden im Hotel in Quarant\u00e4ne bleiben.<\/p>\n<p>z.B. hat dieses Hotel in Leipzig im November weiter ge\u00f6ffnet:<\/p>\n<p>https:\/\/www.radissonhotels.com\/de-de\/hotels\/radisson-blu-leipzig#<\/p>\n<p>Telefonnummer :\u00a0 +49 341 21 460<\/p>\n<p>Adresse: Augustusplatz 5-6, Leipzig, 04109, Deutschland<\/p>\n<p>Ich habe gerade mit der dortigen Rezeptionistin gesprochen, das Hotel hat den ganzen November \u00fcber ge\u00f6ffnet. Bisher gibt es in Deutschland &#8211; soweit man das vorhersagen kann &#8211; nur im November einen Lockdown.<\/p>","protected":false},"excerpt":{"rendered":"<p>F\u00fcr Patienten, die aus dem Ausland zu meiner Praxis anreisen, k\u00f6nnen besondere Einschr\u00e4nkungen in Bezug auf die aktuelle Coronavirus-Situation gelten. Die Aktualisierung der aktuellen Regelungen finden Sie hier. Zur Zeit (4. November 2020, 18 Uhr) werden Reisende zur medizinischen Behandlung aus dem Ausland in einigen Hotels in Leipzig bei ihrer Ankunft\u00a0 akzeptiert. Sie m\u00fcssen einen [&hellip;]<\/p>\n","protected":false},"author":5,"featured_media":0,"parent":0,"menu_order":0,"comment_status":"closed","ping_status":"closed","template":"","meta":{"om_disable_all_campaigns":false,"footnotes":""},"class_list":["post-6031","page","type-page","status-publish","hentry"],"_links":{"self":[{"href":"https:\/\/scholbach.de\/de\/wp-json\/wp\/v2\/pages\/6031","targetHints":{"allow":["GET"]}}],"collection":[{"href":"https:\/\/scholbach.de\/de\/wp-json\/wp\/v2\/pages"}],"about":[{"href":"https:\/\/scholbach.de\/de\/wp-json\/wp\/v2\/types\/page"}],"author":[{"embeddable":true,"href":"https:\/\/scholbach.de\/de\/wp-json\/wp\/v2\/users\/5"}],"replies":[{"embeddable":true,"href":"https:\/\/scholbach.de\/de\/wp-json\/wp\/v2\/comments?post=6031"}],"version-history":[{"count":6,"href":"https:\/\/scholbach.de\/de\/wp-json\/wp\/v2\/pages\/6031\/revisions"}],"predecessor-version":[{"id":6043,"href":"https:\/\/scholbach.de\/de\/wp-json\/wp\/v2\/pages\/6031\/revisions\/6043"}],"wp:attachment":[{"href":"https:\/\/scholbach.de\/de\/wp-json\/wp\/v2\/media?parent=6031"}],"curies":[{"name":"wp","href":"https:\/\/api.w.org\/{rel}","templated":true}]}}