{"id":60,"date":"2015-12-26T18:30:03","date_gmt":"2015-12-26T18:30:03","guid":{"rendered":"http:\/\/wp12612379.server-he.de\/?page_id=60"},"modified":"2020-04-05T14:14:39","modified_gmt":"2020-04-05T14:14:39","slug":"deutsch-entzundungen-darm-niere","status":"publish","type":"page","link":"https:\/\/scholbach.de\/de\/wissenschaft\/deutsch-ultraschalldiagnostik\/deutsch-durchblutungsmessung\/deutsch-entzundungen-darm-niere","title":{"rendered":"Entz\u00fcndungen"},"content":{"rendered":"<p>Bei Entz\u00fcndungen steigt die Durchblutung des betroffenen Organs bzw. Gewebes. Der K\u00f6rper reagiert auf den Entz\u00fcndungsreiz, indem sich die Blutgef\u00e4\u00dfe weiten, damit mehr Blut und damit mehr Immunzellen an den Ort des entz\u00fcndlichen Geschehens gelangen.<\/p>\n<h1>Durchblutungsmessung beim Morbus Crohn<\/h1>\n<p>Chronisch entz\u00fcndliche Darmerkrankungen wie Morbus Crohn und Colitis ulcerosa verlaufen schubweise. In den aktiven Phasen der Krankheit, w\u00e4hrend eines\u00a0Entz\u00fcndungssschubs, ist die Durchblutung des Darms gesteigert. Die heftige Entz\u00fcndungsreaktion f\u00fchrt in der Regel zu Bauchschmerzen. Wenn eine Patientin oder ein Patient mit Morbus Crohn \u00fcber Bauchschmerzen klagt, kann die Ursache ein erneuter Entz\u00fcndungsschub sein. Aber nat\u00fcrlich k\u00f6nnen die Bauchschmerzen auch andere Ursachen haben. Deswegen ist es f\u00fcr die Therapie der Bauchschmerzen notwendig, die genaue Ursache zu ermitteln.<br \/>\nAuf die Frage, ob es sich um einen neuerlichen Schub handelt, oder ob die Bauchschmerzen auf eine andere Ursache zur\u00fcckzuf\u00fchren sind, liefert die Durchblutungsmessung des Darms eine Antwort. So kann entschieden werden, ob der Schub der chronischen Entz\u00fcndung behandelt werde sollte, oder ob nach einer anderen Ursache der Bauchschmerzen gesucht, und eine entsprechende andere Therapie gew\u00e4hlt werden muss.<\/p>\n<p>Die folgende Ultraschallaufnahme liefert ein Beispiel f\u00fcr einen Entz\u00fcndungsschub eines Morbus-Crohn-Patienten. Die (schon im einfachen Ultraschall erkennbare) f\u00fcr Morbus Crohn typische Wandverdickung des Darms kann keinen Hinweis auf die Frage nach einem aktuellen Schub liefern, da sie auch nach R\u00fcckgang der Entz\u00fcndung noch monatelang bestehen bleibt. Sie ist damit kein geeignetes Ma\u00df f\u00fcr die aktuelle Entz\u00fcndungsaktivit\u00e4t. Im farbduplexsonografischen Video f\u00e4llt jedoch die Steigerung der Durchblutung durch die vermehrte Farbgebung deutlich ins Auge. Mit der Gewebsdurchblutungsmessung mittels PixelFlux kann die Entz\u00fcndungsaktivit\u00e4t genau gemessen werden. Sie ist stark erh\u00f6ht. Der Patient leidet also unter einem aktuellen Entz\u00fcndungsschub.<\/p>\n<p>&nbsp;<\/p>\n<div style=\"width: 640px;\" class=\"wp-video\"><!--[if lt IE 9]><script>document.createElement('video');<\/script><![endif]-->\n<video class=\"wp-video-shortcode\" id=\"video-60-1\" width=\"640\" height=\"360\" preload=\"metadata\" controls=\"controls\"><source type=\"video\/mp4\" src=\"http:\/\/wp12612379.server-he.de\/wp-content\/uploads\/2015\/12\/Crohn-RJ-aktiv-CD.mp4?_=1\" \/><a href=\"http:\/\/wp12612379.server-he.de\/wp-content\/uploads\/2015\/12\/Crohn-RJ-aktiv-CD.mp4\">http:\/\/wp12612379.server-he.de\/wp-content\/uploads\/2015\/12\/Crohn-RJ-aktiv-CD.mp4<\/a><\/video><\/div>\n<p>Die folgende Aufnahme stammt von einem anderen Morbus-Crohn-Patienten, der ebenfalls \u00fcber Bauchschmerzen klagt. Hier ergibt die Messung, im Gegensatz zur vorigen Aufnahme, keine erh\u00f6hte Durchblutung. Die Entz\u00fcndungsaktivit\u00e4t ist also nicht gesteigert. Die Bauchschmerzen m\u00fcssen demzufolge eine andere Ursache haben, eine Behandlung des Morbus-Crohn w\u00fcrde wahrscheinlich keinen Effekt auf die Bauchschmerzen haben:<\/p>\n<div style=\"width: 640px;\" class=\"wp-video\"><video class=\"wp-video-shortcode\" id=\"video-60-2\" width=\"640\" height=\"360\" preload=\"metadata\" controls=\"controls\"><source type=\"video\/mp4\" src=\"http:\/\/wp12612379.server-he.de\/wp-content\/uploads\/2015\/12\/Crohn-ruhend-RJ-CD.mp4?_=2\" \/><a href=\"http:\/\/wp12612379.server-he.de\/wp-content\/uploads\/2015\/12\/Crohn-ruhend-RJ-CD.mp4\">http:\/\/wp12612379.server-he.de\/wp-content\/uploads\/2015\/12\/Crohn-ruhend-RJ-CD.mp4<\/a><\/video><\/div>\n<h1>Bauchschmerzdiagnostik: Appendicitis oder nicht?<\/h1>\n<p>Bei Kindern, die \u00fcber Bauchschmerzen klagen, steht h\u00e4ufig steht die Frage im Raum, ob eine Appendicitis (eine Entz\u00fcndung des Wurmfortsatzes des Blinddarms, im Volksmund oft verk\u00fcrzend als \u201eBlinddarmentz\u00fcndung\u201c bezeichnet) vorliegt. Mit der Farbduplexsonografie l\u00e4sst sich die Situation einfach und recht eindeutig beurteilen. Die Messung der entz\u00fcndungsbedingten Durchblutungssteigerung erleichtert dabei die Entscheidung, ob der Appendix (Wurmfortsatz) operativ entfernt werden muss, oder ob eine Therapie mit Medikamenten ausreichen wird, die Entz\u00fcndung zu beseitigen. In den F\u00e4llen, in denen die Durchblutungsmessung ergibt, dass eine Operation nicht n\u00f6tig ist, wird den Patientinnen und Patienten dank der Farbduplexsonografie und der PixelFlux-Messung eine Operation erspart.<\/p>\n<p><img loading=\"lazy\" decoding=\"async\" class=\" wp-image-254 aligncenter\" src=\"http:\/\/wp12612379.server-he.de\/wp-content\/uploads\/2016\/06\/Appendicitis.jpg\" alt=\"Appendicitis\" width=\"524\" height=\"305\" srcset=\"https:\/\/scholbach.de\/wp-content\/uploads\/2016\/06\/Appendicitis.jpg 397w, https:\/\/scholbach.de\/wp-content\/uploads\/2016\/06\/Appendicitis-300x175.jpg 300w\" sizes=\"auto, (max-width: 524px) 100vw, 524px\" \/><\/p>\n<h1>Nierenentz\u00fcndung<\/h1>\n<p>Werden bei Nierenerkrankungen Entz\u00fcndungssch\u00fcbe schnell und eindeutig erkannt, kann verhindert werden, dass sie chronisch werden. Durchblutungsmessungen erlauben hier pr\u00e4zise\u00a0Aussagen. Die folgende Abbildung zeigt eine gesunde Niere mit geringer Kolorierung und normalem Perfusionsdiagramm:<\/p>\n<p><img loading=\"lazy\" decoding=\"async\" class=\" wp-image-338 aligncenter\" src=\"http:\/\/wp12612379.server-he.de\/wp-content\/uploads\/2015\/12\/Nierentzuendung-gesund.jpg\" alt=\"Nierentzuendung-gesund\" width=\"562\" height=\"468\" srcset=\"https:\/\/scholbach.de\/wp-content\/uploads\/2015\/12\/Nierentzuendung-gesund.jpg 482w, https:\/\/scholbach.de\/wp-content\/uploads\/2015\/12\/Nierentzuendung-gesund-300x250.jpg 300w\" sizes=\"auto, (max-width: 562px) 100vw, 562px\" \/><\/p>\n<p>In der untenstehenden Abbildung zeigt sich dagegen im Vergleich eine massive Perfusionssteigerung &#8211; hier liegt eine Nierenentz\u00fcndung vor:<\/p>\n<p><img loading=\"lazy\" decoding=\"async\" class=\" wp-image-339 aligncenter\" src=\"http:\/\/wp12612379.server-he.de\/wp-content\/uploads\/2015\/12\/Nierentzuendung-krank.jpg\" alt=\"Nierentzuendung-krank\" width=\"545\" height=\"371\" srcset=\"https:\/\/scholbach.de\/wp-content\/uploads\/2015\/12\/Nierentzuendung-krank.jpg 591w, https:\/\/scholbach.de\/wp-content\/uploads\/2015\/12\/Nierentzuendung-krank-300x204.jpg 300w\" sizes=\"auto, (max-width: 545px) 100vw, 545px\" \/><\/p>\n<p>&nbsp;<\/p>\n<p>Bitte beachten Sie unsere <a href=\"https:\/\/scholbach.de\/hinweise-zu-medizinischen-erlaeuterungen\">Hinweise zu den medizinischen Erl\u00e4uterungen<\/a> auf dieser Website.<\/p>","protected":false},"excerpt":{"rendered":"<p>Bei Entz\u00fcndungen steigt die Durchblutung des betroffenen Organs bzw. Gewebes. Der K\u00f6rper reagiert auf den Entz\u00fcndungsreiz, indem sich die Blutgef\u00e4\u00dfe weiten, damit mehr Blut und damit mehr Immunzellen an den Ort des entz\u00fcndlichen Geschehens gelangen. Durchblutungsmessung beim Morbus Crohn Chronisch entz\u00fcndliche Darmerkrankungen wie Morbus Crohn und Colitis ulcerosa verlaufen schubweise. In den aktiven Phasen der [&hellip;]<\/p>\n","protected":false},"author":4,"featured_media":0,"parent":74,"menu_order":0,"comment_status":"closed","ping_status":"closed","template":"","meta":{"om_disable_all_campaigns":false,"footnotes":""},"class_list":["post-60","page","type-page","status-publish","hentry"],"_links":{"self":[{"href":"https:\/\/scholbach.de\/de\/wp-json\/wp\/v2\/pages\/60","targetHints":{"allow":["GET"]}}],"collection":[{"href":"https:\/\/scholbach.de\/de\/wp-json\/wp\/v2\/pages"}],"about":[{"href":"https:\/\/scholbach.de\/de\/wp-json\/wp\/v2\/types\/page"}],"author":[{"embeddable":true,"href":"https:\/\/scholbach.de\/de\/wp-json\/wp\/v2\/users\/4"}],"replies":[{"embeddable":true,"href":"https:\/\/scholbach.de\/de\/wp-json\/wp\/v2\/comments?post=60"}],"version-history":[{"count":44,"href":"https:\/\/scholbach.de\/de\/wp-json\/wp\/v2\/pages\/60\/revisions"}],"predecessor-version":[{"id":4429,"href":"https:\/\/scholbach.de\/de\/wp-json\/wp\/v2\/pages\/60\/revisions\/4429"}],"up":[{"embeddable":true,"href":"https:\/\/scholbach.de\/de\/wp-json\/wp\/v2\/pages\/74"}],"wp:attachment":[{"href":"https:\/\/scholbach.de\/de\/wp-json\/wp\/v2\/media?parent=60"}],"curies":[{"name":"wp","href":"https:\/\/api.w.org\/{rel}","templated":true}]}}