{"id":6,"date":"2015-12-26T11:58:04","date_gmt":"2015-12-26T11:58:04","guid":{"rendered":"http:\/\/wp12612379.server-he.de\/?page_id=6"},"modified":"2026-03-19T08:15:15","modified_gmt":"2026-03-19T07:15:15","slug":"praxis","status":"publish","type":"page","link":"https:\/\/scholbach.de\/de\/","title":{"rendered":"Praxis\/ online Terminvergabe"},"content":{"rendered":"<p><\/p>\n<blockquote>\n<h2 style=\"text-align: center;\">Liebe Patientinnen und Patienten<\/h2>\n<\/blockquote>\n<h2 style=\"text-align: center; padding-left: 40px;\">herzlich willkommen in meiner Praxis f\u00fcr <a href=\"https:\/\/scholbach.de\/#gsc.tab=0&amp;gsc.q=Gravitation%20\">Gravitations<\/a>&#8211; und <a href=\"https:\/\/scholbach.de\/#gsc.tab=0&amp;gsc.q=Functional%20\">Funktionsmedizin<\/a> sowie <a href=\"https:\/\/scholbach.de\/#gsc.tab=0&amp;gsc.q=Quantitative%20\">quantitative Diagnostik<\/a> von <a href=\"https:\/\/scholbach.de\/gefaesskompressionsphaenomene-darstellung-fuer-patientinnen-und-patienten\/checkliste-gefaesskompressionssyndrome\">Gef\u00e4\u00dfkompressionssyndromen<\/a>\u00a0 mittels Doppler-Ultraschall!<\/h2>\n<p>&nbsp;<\/p>\n<p style=\"text-align: center;\"><a href=\"https:\/\/scholbach.de\/wp-content\/uploads\/2025\/01\/Portrait-2024.jpg\"><img loading=\"lazy\" decoding=\"async\" class=\"aligncenter size-medium wp-image-9092\" src=\"https:\/\/scholbach.de\/wp-content\/uploads\/2025\/01\/Portrait-2024-238x300.jpg\" alt=\"\" width=\"238\" height=\"300\" srcset=\"https:\/\/scholbach.de\/wp-content\/uploads\/2025\/01\/Portrait-2024-238x300.jpg 238w, https:\/\/scholbach.de\/wp-content\/uploads\/2025\/01\/Portrait-2024-814x1024.jpg 814w, https:\/\/scholbach.de\/wp-content\/uploads\/2025\/01\/Portrait-2024-768x966.jpg 768w, https:\/\/scholbach.de\/wp-content\/uploads\/2025\/01\/Portrait-2024-1221x1536.jpg 1221w, https:\/\/scholbach.de\/wp-content\/uploads\/2025\/01\/Portrait-2024-1628x2048.jpg 1628w, https:\/\/scholbach.de\/wp-content\/uploads\/2025\/01\/Portrait-2024.jpg 1800w\" sizes=\"auto, (max-width: 238px) 100vw, 238px\" \/><\/a><\/p>\n<p style=\"text-align: center;\">Buchen Sie hier einen Termin &#8211; wenn Sie keinen passenden Termin finden, schreiben Sie bitte eine E-Mail mit Namen, Geburtsdatum, Adresse, Gewicht, und Gr\u00f6\u00dfe &#8211; ich werde mein Bestes tun, um Sie unterzubringen!<\/p>\n<p style=\"text-align: center;\">Die Kosten der Untersuchungen werden von gesetzlichen Krankenkassen leider nicht \u00fcbernommen.<\/p>\n<p style=\"text-align: center;\"><!--\nPlugin Name: Bookly - Responsive WordPress Appointment Booking and Scheduling Plugin\nPlugin URI: https:\/\/www.booking-wp-plugin.com\/?utm_source=bookly_admin&utm_medium=plugins_page&utm_campaign=plugins_page\nVersion: 27.4-->\n<style type=\"text\/css\">\n    :root {\n        --bookly-main-color: #008406 !important;\n        --bookly-color: #008406 !important;\n    }\n\n    <\/style><div class=\"bookly-css-root\">\n    <div id=\"bookly-form-container-69e5b9eac2535\" class=\"bookly-form\" data-form_id=\"\" aria-live=\"polite\">\n        <div style=\"text-align: center\"><img decoding=\"async\" src=\"https:\/\/scholbach.de\/wp-includes\/js\/tinymce\/skins\/lightgray\/img\/loader.gif\" alt=\"Wird geladen ...\"\/><\/div>\n    <\/div>\n<\/div>\n<script type=\"text\/javascript\">\n    (function (win, fn) {\n        var done = false, top = true,\n            doc = win.document,\n            root = doc.documentElement,\n            modern = doc.addEventListener,\n            add = modern ? 'addEventListener' : 'attachEvent',\n            rem = modern ? 'removeEventListener' : 'detachEvent',\n            pre = modern ? '' : 'on',\n            init = function (e) {\n                if (e.type == 'readystatechange') if (doc.readyState != 'complete') return;\n                (e.type == 'load' ? win : doc)[rem](pre + e.type, init, false);\n                if (!done) {\n                    done = true;\n                    fn.call(win, e.type || e);\n                }\n            },\n            poll = function () {\n                try {\n                    root.doScroll('left');\n                } catch (e) {\n                    setTimeout(poll, 50);\n                    return;\n                }\n                init('poll');\n            };\n        if (doc.readyState == 'complete') fn.call(win, 'lazy');\n        else {\n            if (!modern) if (root.doScroll) {\n                try {\n                    top = !win.frameElement;\n                } catch (e) {\n                }\n                if (top) poll();\n            }\n            doc[add](pre + 'DOMContentLoaded', init, false);\n            doc[add](pre + 'readystatechange', init, false);\n            win[add](pre + 'load', init, false);\n        }\n    })(window, function () {\n        window.bookly( {\"form_id\":\"69e5b9eac2535\",\"form_data\":{\"skip_service_step\":0,\"hide_service_part1\":0,\"hide_service_part2\":1,\"defaults\":{\"service_id\":9,\"staff_id\":0,\"location_id\":0,\"category_id\":4,\"units\":0,\"date_from\":0,\"time_from\":0,\"time_to\":0}},\"status\":{\"booking\":\"new\"},\"form_token\":null,\"skip_steps\":{\"service_part1\":0,\"service_part2\":1,\"extras\":1,\"time\":0,\"repeat\":1,\"cart\":1},\"errors\":{\"session_error\":\"Session-Fehler.\",\"form_id_error\":\"Formular-ID Fehler.\",\"cart_item_not_available\":\"Die von Ihnen gew\\u00fcnschte Zeit ist bereits belegt. Bitte w\\u00e4hlen Sie eine andere Zeit.\\nThe time you requested is already occupied. Please select another time.\\n\\u062a\\u0645 \\u0627\\u0633\\u062a\\u062e\\u062f\\u0627\\u0645 \\u0627\\u0644\\u0648\\u0642\\u062a \\u0627\\u0644\\u0630\\u064a \\u0637\\u0644\\u0628\\u062a\\u0647 \\u0628\\u0627\\u0644\\u0641\\u0639\\u0644. \\u064a\\u0631\\u062c\\u0649 \\u0627\\u062e\\u062a\\u064a\\u0627\\u0631 \\u0648\\u0642\\u062a \\u0622\\u062e\\u0631.\",\"pay_locally_not_available\":\"Vor Ort zahlen ist nicht verf\\u00fcgbar.\",\"invalid_gateway\":\"Ung\\u00fcltiger Zugang.\",\"payment_error\":\"Fehler.\",\"incorrect_username_password\":\"Der Benutzername oder das Passwort ist falsch.\"},\"form_attributes\":{\"hide_categories\":true,\"hide_services\":false,\"hide_staff_members\":true,\"show_number_of_persons\":false,\"hide_service_duration\":true,\"hide_locations\":true,\"hide_quantity\":true,\"hide_date\":true,\"hide_week_days\":true,\"hide_time_range\":true,\"const_category_id\":4},\"use_client_time_zone\":0,\"defaults\":{\"service_id\":9,\"staff_id\":0,\"location_id\":0,\"category_id\":4},\"datepicker_mode\":\"text-accent\",\"facebook\":{\"enabled\":0,\"appId\":\"\"}} );\n    });\n<\/script><\/p>\n<p style=\"text-align: center;\">Bitte f\u00fcllen Sie hier Ihre <a href=\"https:\/\/scholbach.de\/de\/description-of-your-symptoms#gsc.tab=0\">Symptomliste<\/a> aus<\/p>\n<p style=\"text-align: center;\">und <a href=\"https:\/\/scholbach.de\/upload-of-your-imaging-and-other-relevant-files\">laden Sie Ihre Befunde, gezippte Bilddateien (MRT, CT, was auch immer) und andere relevante Dateien auf meinen Server hier hoch.<\/a><br \/>\nBitte betiteln Sie den Ordner, den Sie anlegen werden, wie folgt: Ihr Familienname Vorname Geburtsdatum<\/p>\n<p style=\"text-align: center;\">Telefon: 0049 (0) 341 2481 4039<\/p>\n<p style=\"text-align: center;\"><span lang=\"AR-SA\">\u00a0 <\/span><span lang=\"AR-SA\"><a href=\"mailto:info.scholbach@posteo.de\">Email<\/a><\/span><\/p>\n<p style=\"text-align: center;\">\n<p style=\"padding-left: 40px; text-align: center;\"><strong>Ich bin froh, die <a href=\"https:\/\/scholbach.de\/a-breakthrough-in-functional-sonographic-diagnostic-4d-colour-doppler-sonographic-flow-volume-measurements\">weltweit erste sonographische 4D-Blutfluss-Volumenmesstechnik<\/a> entwickelt zu haben und nun damit bislang <a href=\"https:\/\/scholbach.de\/de\/#gsc.tab=0&amp;gsc.q=4d-\">unverstandene Erkrankungen<\/a> aufkl\u00e4ren zu k\u00f6nnen<\/strong><\/p>\n<p style=\"text-align: center;\">Unsere Arbeit<\/p>\n<p style=\"text-align: center;\"><a href=\"https:\/\/onlinelibrary.wiley.com\/doi\/full\/10.1002\/ajmg.c.31949\"><strong>Surgical treatment of abdominal compression syndromes: The significance of hypermobility-related disorders\u00a0\u00a0<\/strong> <\/a><\/p>\n<p style=\"text-align: center;\">geh\u00f6rt zu den<a href=\"https:\/\/m.info.wiley.com\/webApp\/topDownloaded?batchNumber=1&amp;journalCode=AJMC&amp;cid=DM2389&amp;bid=6899f7a6-5081-4023-87c0-1db4e26b5515&amp;utm_campaign=884568&amp;utm_source=adobeEmail&amp;utm_medium=Email&amp;utm_term=FY23_Q4_RM-PORT_AGT__Top_Downloaded_2023_R967WD8&amp;utm_content=EM1-B1-TopDownloaded23-R967WD8#\"> am meisten heruntergeladenen Publikationen im <\/a><\/p>\n<p style=\"text-align: center;\"><a href=\"https:\/\/m.info.wiley.com\/webApp\/topDownloaded?batchNumber=1&amp;journalCode=AJMC&amp;cid=DM2389&amp;bid=6899f7a6-5081-4023-87c0-1db4e26b5515&amp;utm_campaign=884568&amp;utm_source=adobeEmail&amp;utm_medium=Email&amp;utm_term=FY23_Q4_RM-PORT_AGT__Top_Downloaded_2023_R967WD8&amp;utm_content=EM1-B1-TopDownloaded23-R967WD8#\">American Journal of Medical Genetics<\/a><\/p>\n<p><a href=\"https:\/\/scholbach.de\/wp-content\/uploads\/2023\/03\/chrome_screenshot_1680189666567.png\"><img loading=\"lazy\" decoding=\"async\" class=\"aligncenter size-medium wp-image-7996\" src=\"https:\/\/scholbach.de\/wp-content\/uploads\/2023\/03\/chrome_screenshot_1680189666567-121x300.png\" alt=\"\" width=\"121\" height=\"300\" srcset=\"https:\/\/scholbach.de\/wp-content\/uploads\/2023\/03\/chrome_screenshot_1680189666567-121x300.png 121w, https:\/\/scholbach.de\/wp-content\/uploads\/2023\/03\/chrome_screenshot_1680189666567-413x1024.png 413w, https:\/\/scholbach.de\/wp-content\/uploads\/2023\/03\/chrome_screenshot_1680189666567-768x1904.png 768w, https:\/\/scholbach.de\/wp-content\/uploads\/2023\/03\/chrome_screenshot_1680189666567-620x1536.png 620w, https:\/\/scholbach.de\/wp-content\/uploads\/2023\/03\/chrome_screenshot_1680189666567-826x2048.png 826w, https:\/\/scholbach.de\/wp-content\/uploads\/2023\/03\/chrome_screenshot_1680189666567-640x1586.png 640w, https:\/\/scholbach.de\/wp-content\/uploads\/2023\/03\/chrome_screenshot_1680189666567.png 1080w\" sizes=\"auto, (max-width: 121px) 100vw, 121px\" \/><\/a><\/p>\n<p style=\"text-align: left;\"><a title=\"Schwere Ataxie bei einer jungen Frau mit ausgepr\u00e4gter ven\u00f6ser R\u00fcckenmarksstauung \u2013 vollst\u00e4ndige Heilung nach Dekompression der linken Nierenvene\" href=\"https:\/\/scholbach.de\/severe-neurologic-disorders-as-a-consequence-of-abdominal-compression-syndromes-complete-disappearance-after-decompression-of-the-left-renal-vein\"><strong>Schwere neurologische Erkrankung mit Kr\u00e4mpfen und Ataxie aufgrund einer ven\u00f6sen Stauung des R\u00fcckenmarks &#8211; erfolgreiche chirurgische Behandlung nach speziellen funktionellen Farbdoppler-Blutflussmessungen m\u00f6glich<\/strong><\/a><\/p>\n<p style=\"text-align: left;\"><strong><a href=\"https:\/\/scholbach.de\/researchers-from-the-mayo-clinic-confirm-concept-of-midline-congestion-syndrome\" target=\"_blank\" rel=\"noopener\">Hoffnung und gro\u00dfe Freude f\u00fcr Patienten aus aller Welt &#8211; Forscher der Mayo Clinic best\u00e4tigen mein Konzept des Midline Congestion Syndroms<\/a><\/strong><\/p>\n<p>&nbsp;<\/p>\n<p><a href=\"https:\/\/scholbach.de\/what-patients-say-continuition\">Danke <\/a>an 105 915 Besucher aus 162 L\u00e4ndern 11\/2019-11\/2020 &#8211; <strong>2024 waren es schon mehr als 900 000!<\/strong><\/p>","protected":false},"excerpt":{"rendered":"<p>Liebe Patientinnen und Patienten herzlich willkommen in meiner Praxis f\u00fcr Gravitations&#8211; und Funktionsmedizin sowie quantitative Diagnostik von Gef\u00e4\u00dfkompressionssyndromen\u00a0 mittels Doppler-Ultraschall! &nbsp; Buchen Sie hier einen Termin &#8211; wenn Sie keinen passenden Termin finden, schreiben Sie bitte eine E-Mail mit Namen, Geburtsdatum, Adresse, Gewicht, und Gr\u00f6\u00dfe &#8211; ich werde mein Bestes tun, um Sie unterzubringen! Die [&hellip;]<\/p>\n","protected":false},"author":4,"featured_media":0,"parent":0,"menu_order":0,"comment_status":"closed","ping_status":"closed","template":"","meta":{"om_disable_all_campaigns":false,"footnotes":""},"class_list":["post-6","page","type-page","status-publish","hentry"],"_links":{"self":[{"href":"https:\/\/scholbach.de\/de\/wp-json\/wp\/v2\/pages\/6","targetHints":{"allow":["GET"]}}],"collection":[{"href":"https:\/\/scholbach.de\/de\/wp-json\/wp\/v2\/pages"}],"about":[{"href":"https:\/\/scholbach.de\/de\/wp-json\/wp\/v2\/types\/page"}],"author":[{"embeddable":true,"href":"https:\/\/scholbach.de\/de\/wp-json\/wp\/v2\/users\/4"}],"replies":[{"embeddable":true,"href":"https:\/\/scholbach.de\/de\/wp-json\/wp\/v2\/comments?post=6"}],"version-history":[{"count":556,"href":"https:\/\/scholbach.de\/de\/wp-json\/wp\/v2\/pages\/6\/revisions"}],"predecessor-version":[{"id":8411,"href":"https:\/\/scholbach.de\/de\/wp-json\/wp\/v2\/pages\/6\/revisions\/8411"}],"wp:attachment":[{"href":"https:\/\/scholbach.de\/de\/wp-json\/wp\/v2\/media?parent=6"}],"curies":[{"name":"wp","href":"https:\/\/api.w.org\/{rel}","templated":true}]}}